{"id":7307,"date":"2019-12-02T17:46:35","date_gmt":"2019-12-02T16:46:42","guid":{"rendered":"https:\/\/arak.spicehorse.eu\/?post_type=product&#038;p=7307"},"modified":"2025-08-10T17:52:11","modified_gmt":"2025-08-10T15:52:11","slug":"kentucky-velvet-menzestrova-parkurova-podsedlova-decka","status":"publish","type":"product","link":"https:\/\/arak.spicehorse.eu\/sk\/produkt\/kentucky-velvet-menzestrova-parkurova-podsedlova-decka\/","title":{"rendered":"Kentucky Velvet men\u017eestrov\u00e1 park\u00farov\u00e1 podsedlov\u00e1 de\u010dka"},"content":{"rendered":"<p><span lang=\"SK\">Kentucky Horsewear Velvet men\u010destrov\u00e1 drez\u00farna alebo park\u00farov\u00e1 podsedlov\u00e1 de\u010dka je jemne polstrovan\u00e1 a\u00a0dokonale prilieha medzi sedlo a\u00a0chrb\u00e1t ko\u0148a, pri\u010dom chr\u00e1ni chrb\u00e1t ko\u0148a pre vy\u0161\u00fachan\u00edm.<\/span><\/p>\n<p><span lang=\"SK\">Podsedlov\u00e1 de\u010dka je vyroben\u00e1 z\u00a0klasickej men\u010destrovej l\u00e1tky, s\u00a0jedine\u010dn\u00fdm \u0161tepovan\u00edm v\u00a0tvare hviezdy, dvojit\u00e9 \u0161n\u00farky zabezpe\u010duj\u00fa skuto\u010dne modern\u00fd vzh\u013ead! Bez ru\u0161iv\u00fdch such\u00fdch zipsov, iba jedin\u00fd nylonov\u00fd\u00a0reme\u0148\u00a0na pripojenie k\u00a0popruhu. Jemn\u00e9 ko\u017een\u00e9 logo, pod\u013ea po\u017eiadaviek na\u0148 mo\u017eno \u013eahko umiestni\u0165 aj sponzorsk\u00e9 logo.<\/span><\/p>\n<p><span lang=\"SK\">Mo\u017eno pra\u0165 v\u00a0pr\u00e1\u010dke na 30\u00b0 (nevkladajte do su\u0161i\u010dky).<\/span><\/p>\n","protected":false},"excerpt":{"rendered":"<h3>Podsedlov\u00e1 de\u010dka je vyroben\u00e1 z\u00a0men\u017eestrov\u00e9ho materi\u00e1lu, s\u00a0jedine\u010dn\u00fdm \u0161tepovan\u00edm v\u00a0tvare hviezdy, <strong>zdoben\u00e1 je \u0161n\u00farkami pre skuto\u010dne modern\u00fd vzh\u013ead<\/strong>!<\/h3>\n<ul>\n<li>Dokonale polstrovan\u00e1, chr\u00e1ni pred vy\u0161\u00fachan\u00edm<\/li>\n<li>\u0160tepovanie v\u00a0tvare hviezdy<\/li>\n<li>Dvojit\u00e9 \u0161n\u00farky<\/li>\n<li>Bez sedlov\u00e9ho reme\u0148a, iba s\u00a0popruhov\u00fdm reme\u0148om<\/li>\n<li>Jemn\u00e9 ko\u017een\u00e9 logo<\/li>\n<li>Park\u00farov\u00e1 forma<\/li>\n<li>Mo\u017enos\u0165 umiestnenia sponzorsk\u00e9ho loga<\/li>\n<\/ul>\n","protected":false},"featured_media":56501,"template":"","meta":{"_acf_changed":false},"product_cat":[75,367],"product_tag":[184,324,219],"acf":[],"yoast_head":"<!-- This site is optimized with the Yoast SEO plugin v21.4 - https:\/\/yoast.com\/wordpress\/plugins\/seo\/ -->\n<title>Kentucky Velvet men\u017eestrov\u00e1 park\u00farov\u00e1 podsedlov\u00e1 de\u010dka - Spicehorse<\/title>\n<meta name=\"description\" content=\"spicehorse.eu | Kentucky Horsewear podsedlov\u00e1 de\u010dka je vyroben\u00e1 z\u00a0men\u017eestrov\u00e9ho materi\u00e1lu, s\u00a0jedine\u010dn\u00fdm \u0161tepovan\u00edm v\u00a0tvare hviezdy, zdoben\u00e1 je \u0161n\u00farkami pre skuto\u010dne modern\u00fd vzh\u013ead!\" \/>\n<meta name=\"robots\" content=\"index, follow, max-snippet:-1, max-image-preview:large, max-video-preview:-1\" \/>\n<link rel=\"canonical\" href=\"https:\/\/arak.spicehorse.eu\/sk\/produkt\/kentucky-velvet-menzestrova-parkurova-podsedlova-decka\/\" \/>\n<meta property=\"og:locale\" content=\"sk_SK\" \/>\n<meta property=\"og:type\" content=\"article\" \/>\n<meta property=\"og:title\" content=\"Kentucky Velvet men\u017eestrov\u00e1 park\u00farov\u00e1 podsedlov\u00e1 de\u010dka - Spicehorse\" \/>\n<meta property=\"og:description\" content=\"spicehorse.eu | Kentucky Horsewear podsedlov\u00e1 de\u010dka je vyroben\u00e1 z\u00a0men\u017eestrov\u00e9ho materi\u00e1lu, s\u00a0jedine\u010dn\u00fdm \u0161tepovan\u00edm v\u00a0tvare hviezdy, zdoben\u00e1 je \u0161n\u00farkami pre skuto\u010dne modern\u00fd vzh\u013ead!\" \/>\n<meta property=\"og:url\" content=\"https:\/\/arak.spicehorse.eu\/sk\/produkt\/kentucky-velvet-menzestrova-parkurova-podsedlova-decka\/\" \/>\n<meta property=\"og:site_name\" content=\"Spicehorse\" \/>\n<meta property=\"article:publisher\" content=\"https:\/\/www.facebook.com\/SPICEHORSE-550385625402457\/\" \/>\n<meta property=\"article:modified_time\" content=\"2025-08-10T15:52:11+00:00\" \/>\n<meta property=\"og:image\" content=\"https:\/\/arak.spicehorse.eu\/wp-content\/uploads\/2020\/10\/173d1570a089094aa3dd5a9a9b64cb15a4a10e23b5229011e982cbdf59b8843b.jpg\" \/>\n\t<meta property=\"og:image:width\" content=\"2048\" \/>\n\t<meta property=\"og:image:height\" content=\"2048\" \/>\n\t<meta property=\"og:image:type\" content=\"image\/jpeg\" \/>\n<meta name=\"twitter:card\" content=\"summary_large_image\" \/>\n<meta name=\"twitter:label1\" content=\"Predpokladan\u00fd \u010das \u010d\u00edtania\" \/>\n\t<meta name=\"twitter:data1\" content=\"1 min\u00fata\" \/>\n<script type=\"application\/ld+json\" class=\"yoast-schema-graph\">{\"@context\":\"https:\/\/schema.org\",\"@graph\":[{\"@type\":\"WebPage\",\"@id\":\"https:\/\/arak.spicehorse.eu\/sk\/produkt\/kentucky-velvet-menzestrova-parkurova-podsedlova-decka\/\",\"url\":\"https:\/\/arak.spicehorse.eu\/sk\/produkt\/kentucky-velvet-menzestrova-parkurova-podsedlova-decka\/\",\"name\":\"Kentucky Velvet men\u017eestrov\u00e1 park\u00farov\u00e1 podsedlov\u00e1 de\u010dka - Spicehorse\",\"isPartOf\":{\"@id\":\"https:\/\/arak.spicehorse.eu\/en\/#website\"},\"datePublished\":\"2019-12-02T16:46:42+00:00\",\"dateModified\":\"2025-08-10T15:52:11+00:00\",\"description\":\"spicehorse.eu | Kentucky Horsewear podsedlov\u00e1 de\u010dka je vyroben\u00e1 z\u00a0men\u017eestrov\u00e9ho materi\u00e1lu, s\u00a0jedine\u010dn\u00fdm \u0161tepovan\u00edm v\u00a0tvare hviezdy, zdoben\u00e1 je \u0161n\u00farkami pre skuto\u010dne modern\u00fd vzh\u013ead!\",\"breadcrumb\":{\"@id\":\"https:\/\/arak.spicehorse.eu\/sk\/produkt\/kentucky-velvet-menzestrova-parkurova-podsedlova-decka\/#breadcrumb\"},\"inLanguage\":\"sk-SK\",\"potentialAction\":[{\"@type\":\"ReadAction\",\"target\":[\"https:\/\/arak.spicehorse.eu\/sk\/produkt\/kentucky-velvet-menzestrova-parkurova-podsedlova-decka\/\"]}]},{\"@type\":\"BreadcrumbList\",\"@id\":\"https:\/\/arak.spicehorse.eu\/sk\/produkt\/kentucky-velvet-menzestrova-parkurova-podsedlova-decka\/#breadcrumb\",\"itemListElement\":[{\"@type\":\"ListItem\",\"position\":1,\"name\":\"Home\",\"item\":\"https:\/\/arak.spicehorse.eu\/sk\/\"},{\"@type\":\"ListItem\",\"position\":2,\"name\":\"Predaj\u0148a\",\"item\":\"https:\/\/arak.spicehorse.eu\/sk\/predajna\/\"},{\"@type\":\"ListItem\",\"position\":3,\"name\":\"Kentucky Velvet men\u017eestrov\u00e1 park\u00farov\u00e1 podsedlov\u00e1 de\u010dka\"}]},{\"@type\":\"WebSite\",\"@id\":\"https:\/\/arak.spicehorse.eu\/en\/#website\",\"url\":\"https:\/\/arak.spicehorse.eu\/en\/\",\"name\":\"Spicehorse\",\"description\":\"UNDER DEVELOPMENT -\",\"potentialAction\":[{\"@type\":\"SearchAction\",\"target\":{\"@type\":\"EntryPoint\",\"urlTemplate\":\"https:\/\/arak.spicehorse.eu\/en\/?s={search_term_string}\"},\"query-input\":\"required name=search_term_string\"}],\"inLanguage\":\"sk-SK\"}]}<\/script>\n<!-- \/ Yoast SEO plugin. -->","yoast_head_json":{"title":"Kentucky Velvet men\u017eestrov\u00e1 park\u00farov\u00e1 podsedlov\u00e1 de\u010dka - Spicehorse","description":"spicehorse.eu | Kentucky Horsewear podsedlov\u00e1 de\u010dka je vyroben\u00e1 z\u00a0men\u017eestrov\u00e9ho materi\u00e1lu, s\u00a0jedine\u010dn\u00fdm \u0161tepovan\u00edm v\u00a0tvare hviezdy, zdoben\u00e1 je \u0161n\u00farkami pre skuto\u010dne modern\u00fd vzh\u013ead!","robots":{"index":"index","follow":"follow","max-snippet":"max-snippet:-1","max-image-preview":"max-image-preview:large","max-video-preview":"max-video-preview:-1"},"canonical":"https:\/\/arak.spicehorse.eu\/sk\/produkt\/kentucky-velvet-menzestrova-parkurova-podsedlova-decka\/","og_locale":"sk_SK","og_type":"article","og_title":"Kentucky Velvet men\u017eestrov\u00e1 park\u00farov\u00e1 podsedlov\u00e1 de\u010dka - Spicehorse","og_description":"spicehorse.eu | Kentucky Horsewear podsedlov\u00e1 de\u010dka je vyroben\u00e1 z\u00a0men\u017eestrov\u00e9ho materi\u00e1lu, s\u00a0jedine\u010dn\u00fdm \u0161tepovan\u00edm v\u00a0tvare hviezdy, zdoben\u00e1 je \u0161n\u00farkami pre skuto\u010dne modern\u00fd vzh\u013ead!","og_url":"https:\/\/arak.spicehorse.eu\/sk\/produkt\/kentucky-velvet-menzestrova-parkurova-podsedlova-decka\/","og_site_name":"Spicehorse","article_publisher":"https:\/\/www.facebook.com\/SPICEHORSE-550385625402457\/","article_modified_time":"2025-08-10T15:52:11+00:00","og_image":[{"width":2048,"height":2048,"url":"https:\/\/arak.spicehorse.eu\/wp-content\/uploads\/2020\/10\/173d1570a089094aa3dd5a9a9b64cb15a4a10e23b5229011e982cbdf59b8843b.jpg","type":"image\/jpeg"}],"twitter_card":"summary_large_image","twitter_misc":{"Predpokladan\u00fd \u010das \u010d\u00edtania":"1 min\u00fata"},"schema":{"@context":"https:\/\/schema.org","@graph":[{"@type":"WebPage","@id":"https:\/\/arak.spicehorse.eu\/sk\/produkt\/kentucky-velvet-menzestrova-parkurova-podsedlova-decka\/","url":"https:\/\/arak.spicehorse.eu\/sk\/produkt\/kentucky-velvet-menzestrova-parkurova-podsedlova-decka\/","name":"Kentucky Velvet men\u017eestrov\u00e1 park\u00farov\u00e1 podsedlov\u00e1 de\u010dka - Spicehorse","isPartOf":{"@id":"https:\/\/arak.spicehorse.eu\/en\/#website"},"datePublished":"2019-12-02T16:46:42+00:00","dateModified":"2025-08-10T15:52:11+00:00","description":"spicehorse.eu | Kentucky Horsewear podsedlov\u00e1 de\u010dka je vyroben\u00e1 z\u00a0men\u017eestrov\u00e9ho materi\u00e1lu, s\u00a0jedine\u010dn\u00fdm \u0161tepovan\u00edm v\u00a0tvare hviezdy, zdoben\u00e1 je \u0161n\u00farkami pre skuto\u010dne modern\u00fd vzh\u013ead!","breadcrumb":{"@id":"https:\/\/arak.spicehorse.eu\/sk\/produkt\/kentucky-velvet-menzestrova-parkurova-podsedlova-decka\/#breadcrumb"},"inLanguage":"sk-SK","potentialAction":[{"@type":"ReadAction","target":["https:\/\/arak.spicehorse.eu\/sk\/produkt\/kentucky-velvet-menzestrova-parkurova-podsedlova-decka\/"]}]},{"@type":"BreadcrumbList","@id":"https:\/\/arak.spicehorse.eu\/sk\/produkt\/kentucky-velvet-menzestrova-parkurova-podsedlova-decka\/#breadcrumb","itemListElement":[{"@type":"ListItem","position":1,"name":"Home","item":"https:\/\/arak.spicehorse.eu\/sk\/"},{"@type":"ListItem","position":2,"name":"Predaj\u0148a","item":"https:\/\/arak.spicehorse.eu\/sk\/predajna\/"},{"@type":"ListItem","position":3,"name":"Kentucky Velvet men\u017eestrov\u00e1 park\u00farov\u00e1 podsedlov\u00e1 de\u010dka"}]},{"@type":"WebSite","@id":"https:\/\/arak.spicehorse.eu\/en\/#website","url":"https:\/\/arak.spicehorse.eu\/en\/","name":"Spicehorse","description":"UNDER DEVELOPMENT -","potentialAction":[{"@type":"SearchAction","target":{"@type":"EntryPoint","urlTemplate":"https:\/\/arak.spicehorse.eu\/en\/?s={search_term_string}"},"query-input":"required name=search_term_string"}],"inLanguage":"sk-SK"}]}},"_links":{"self":[{"href":"https:\/\/arak.spicehorse.eu\/sk\/wp-json\/wp\/v2\/product\/7307"}],"collection":[{"href":"https:\/\/arak.spicehorse.eu\/sk\/wp-json\/wp\/v2\/product"}],"about":[{"href":"https:\/\/arak.spicehorse.eu\/sk\/wp-json\/wp\/v2\/types\/product"}],"wp:featuredmedia":[{"embeddable":true,"href":"https:\/\/arak.spicehorse.eu\/sk\/wp-json\/wp\/v2\/media\/56501"}],"wp:attachment":[{"href":"https:\/\/arak.spicehorse.eu\/sk\/wp-json\/wp\/v2\/media?parent=7307"}],"wp:term":[{"taxonomy":"product_cat","embeddable":true,"href":"https:\/\/arak.spicehorse.eu\/sk\/wp-json\/wp\/v2\/product_cat?post=7307"},{"taxonomy":"product_tag","embeddable":true,"href":"https:\/\/arak.spicehorse.eu\/sk\/wp-json\/wp\/v2\/product_tag?post=7307"}],"curies":[{"name":"wp","href":"https:\/\/api.w.org\/{rel}","templated":true}]}}