{"id":73089,"date":"2022-09-26T14:28:03","date_gmt":"2022-09-26T12:28:09","guid":{"rendered":"https:\/\/arak.spicehorse.eu\/?post_type=product&#038;p=73089"},"modified":"2025-12-08T21:54:30","modified_gmt":"2025-12-08T20:54:30","slug":"kentucky-loop-voditko","status":"publish","type":"product","link":"https:\/\/arak.spicehorse.eu\/sk\/produkt\/kentucky-loop-voditko\/","title":{"rendered":"Kentucky Loop vod\u00edtko"},"content":{"rendered":"<p>Toto m\u00e4kk\u00e9 zaoblen\u00e9 Kentucky Horsewear vod\u00edtko je vyroben\u00e9 z pevne pleten\u00e9ho nylonu, \u013eahko sa via\u017ee na uzol. Mo\u017eno ho pou\u017e\u00edva\u0165 v stajni, po\u010das cestovania alebo kdeko\u013evek, kde m\u00f4\u017ee by\u0165 potrebn\u00e9. M\u00e1 d\u013a\u017eku 280 cm, vod\u00edtko vybaven\u00e9 karab\u00ednou sa pou\u017e\u00edva ve\u013emi jednoducho. Slu\u010dku mo\u017eno rozbali\u0165, karab\u00ednu mo\u017eno \u013eahko od\u0148a\u0165 a vymeni\u0165 (kedy sa zlomila) alebo sa m\u00f4\u017ee kombinova\u0165 s re\u0165azou.<\/p>\n","protected":false},"excerpt":{"rendered":"<h3><strong>Toto m\u00e4kk\u00e9 vod\u00edtko je z\u00a0pevn\u00e9ho pleten\u00e9ho nylonu, \u013eahko sa via\u017ee na uzol. <\/strong><\/h3>\n<ul>\n<li>280 cm<\/li>\n<li>\u013dahk\u00e9 pou\u017eitie s karab\u00ednou<\/li>\n<li>Ve\u013emi m\u00e4kk\u00e9 a\u00a0pohodln\u00e9 dr\u017eanie<\/li>\n<li>Z nylonu<\/li>\n<li>S\u00a0rozbalite\u013enou slu\u010dkou<\/li>\n<\/ul>\n","protected":false},"featured_media":73100,"template":"","meta":{"_acf_changed":false},"product_cat":[75,114],"product_tag":[184,248],"acf":[],"yoast_head":"<!-- This site is optimized with the Yoast SEO plugin v21.4 - https:\/\/yoast.com\/wordpress\/plugins\/seo\/ -->\n<title>Kentucky Loop vod\u00edtko - Spicehorse<\/title>\n<meta name=\"description\" content=\"spicehorse.eu | Toto m\u00e4kk\u00e9 zaoblen\u00e9 Kentucky Horsewear vod\u00edtko je vyroben\u00e9 z pevne pleten\u00e9ho nylonu, \u013eahko sa via\u017ee na uzol.\" \/>\n<meta name=\"robots\" content=\"index, follow, max-snippet:-1, max-image-preview:large, max-video-preview:-1\" \/>\n<link rel=\"canonical\" href=\"https:\/\/arak.spicehorse.eu\/sk\/produkt\/kentucky-loop-voditko\/\" \/>\n<meta property=\"og:locale\" content=\"sk_SK\" \/>\n<meta property=\"og:type\" content=\"article\" \/>\n<meta property=\"og:title\" content=\"Kentucky Loop vod\u00edtko - Spicehorse\" \/>\n<meta property=\"og:description\" content=\"spicehorse.eu | Toto m\u00e4kk\u00e9 zaoblen\u00e9 Kentucky Horsewear vod\u00edtko je vyroben\u00e9 z pevne pleten\u00e9ho nylonu, \u013eahko sa via\u017ee na uzol.\" \/>\n<meta property=\"og:url\" content=\"https:\/\/arak.spicehorse.eu\/sk\/produkt\/kentucky-loop-voditko\/\" \/>\n<meta property=\"og:site_name\" content=\"Spicehorse\" \/>\n<meta property=\"article:publisher\" content=\"https:\/\/www.facebook.com\/SPICEHORSE-550385625402457\/\" \/>\n<meta property=\"article:modified_time\" content=\"2025-12-08T20:54:30+00:00\" \/>\n<meta property=\"og:image\" content=\"https:\/\/arak.spicehorse.eu\/wp-content\/uploads\/2022\/09\/52567b9696e8c542beb0696dd12c6e61b85ee1cddd882c207adbe19e98763a34.jpg\" \/>\n\t<meta property=\"og:image:width\" content=\"876\" \/>\n\t<meta property=\"og:image:height\" content=\"876\" \/>\n\t<meta property=\"og:image:type\" content=\"image\/jpeg\" \/>\n<meta name=\"twitter:card\" content=\"summary_large_image\" \/>\n<script type=\"application\/ld+json\" class=\"yoast-schema-graph\">{\"@context\":\"https:\/\/schema.org\",\"@graph\":[{\"@type\":\"WebPage\",\"@id\":\"https:\/\/arak.spicehorse.eu\/sk\/produkt\/kentucky-loop-voditko\/\",\"url\":\"https:\/\/arak.spicehorse.eu\/sk\/produkt\/kentucky-loop-voditko\/\",\"name\":\"Kentucky Loop vod\u00edtko - Spicehorse\",\"isPartOf\":{\"@id\":\"https:\/\/arak.spicehorse.eu\/en\/#website\"},\"datePublished\":\"2022-09-26T12:28:09+00:00\",\"dateModified\":\"2025-12-08T20:54:30+00:00\",\"description\":\"spicehorse.eu | Toto m\u00e4kk\u00e9 zaoblen\u00e9 Kentucky Horsewear vod\u00edtko je vyroben\u00e9 z pevne pleten\u00e9ho nylonu, \u013eahko sa via\u017ee na uzol.\",\"breadcrumb\":{\"@id\":\"https:\/\/arak.spicehorse.eu\/sk\/produkt\/kentucky-loop-voditko\/#breadcrumb\"},\"inLanguage\":\"sk-SK\",\"potentialAction\":[{\"@type\":\"ReadAction\",\"target\":[\"https:\/\/arak.spicehorse.eu\/sk\/produkt\/kentucky-loop-voditko\/\"]}]},{\"@type\":\"BreadcrumbList\",\"@id\":\"https:\/\/arak.spicehorse.eu\/sk\/produkt\/kentucky-loop-voditko\/#breadcrumb\",\"itemListElement\":[{\"@type\":\"ListItem\",\"position\":1,\"name\":\"Home\",\"item\":\"https:\/\/arak.spicehorse.eu\/sk\/\"},{\"@type\":\"ListItem\",\"position\":2,\"name\":\"Predaj\u0148a\",\"item\":\"https:\/\/arak.spicehorse.eu\/sk\/predajna\/\"},{\"@type\":\"ListItem\",\"position\":3,\"name\":\"Kentucky Loop vod\u00edtko\"}]},{\"@type\":\"WebSite\",\"@id\":\"https:\/\/arak.spicehorse.eu\/en\/#website\",\"url\":\"https:\/\/arak.spicehorse.eu\/en\/\",\"name\":\"Spicehorse\",\"description\":\"UNDER DEVELOPMENT -\",\"potentialAction\":[{\"@type\":\"SearchAction\",\"target\":{\"@type\":\"EntryPoint\",\"urlTemplate\":\"https:\/\/arak.spicehorse.eu\/en\/?s={search_term_string}\"},\"query-input\":\"required name=search_term_string\"}],\"inLanguage\":\"sk-SK\"}]}<\/script>\n<!-- \/ Yoast SEO plugin. -->","yoast_head_json":{"title":"Kentucky Loop vod\u00edtko - Spicehorse","description":"spicehorse.eu | Toto m\u00e4kk\u00e9 zaoblen\u00e9 Kentucky Horsewear vod\u00edtko je vyroben\u00e9 z pevne pleten\u00e9ho nylonu, \u013eahko sa via\u017ee na uzol.","robots":{"index":"index","follow":"follow","max-snippet":"max-snippet:-1","max-image-preview":"max-image-preview:large","max-video-preview":"max-video-preview:-1"},"canonical":"https:\/\/arak.spicehorse.eu\/sk\/produkt\/kentucky-loop-voditko\/","og_locale":"sk_SK","og_type":"article","og_title":"Kentucky Loop vod\u00edtko - Spicehorse","og_description":"spicehorse.eu | Toto m\u00e4kk\u00e9 zaoblen\u00e9 Kentucky Horsewear vod\u00edtko je vyroben\u00e9 z pevne pleten\u00e9ho nylonu, \u013eahko sa via\u017ee na uzol.","og_url":"https:\/\/arak.spicehorse.eu\/sk\/produkt\/kentucky-loop-voditko\/","og_site_name":"Spicehorse","article_publisher":"https:\/\/www.facebook.com\/SPICEHORSE-550385625402457\/","article_modified_time":"2025-12-08T20:54:30+00:00","og_image":[{"width":876,"height":876,"url":"https:\/\/arak.spicehorse.eu\/wp-content\/uploads\/2022\/09\/52567b9696e8c542beb0696dd12c6e61b85ee1cddd882c207adbe19e98763a34.jpg","type":"image\/jpeg"}],"twitter_card":"summary_large_image","schema":{"@context":"https:\/\/schema.org","@graph":[{"@type":"WebPage","@id":"https:\/\/arak.spicehorse.eu\/sk\/produkt\/kentucky-loop-voditko\/","url":"https:\/\/arak.spicehorse.eu\/sk\/produkt\/kentucky-loop-voditko\/","name":"Kentucky Loop vod\u00edtko - Spicehorse","isPartOf":{"@id":"https:\/\/arak.spicehorse.eu\/en\/#website"},"datePublished":"2022-09-26T12:28:09+00:00","dateModified":"2025-12-08T20:54:30+00:00","description":"spicehorse.eu | Toto m\u00e4kk\u00e9 zaoblen\u00e9 Kentucky Horsewear vod\u00edtko je vyroben\u00e9 z pevne pleten\u00e9ho nylonu, \u013eahko sa via\u017ee na uzol.","breadcrumb":{"@id":"https:\/\/arak.spicehorse.eu\/sk\/produkt\/kentucky-loop-voditko\/#breadcrumb"},"inLanguage":"sk-SK","potentialAction":[{"@type":"ReadAction","target":["https:\/\/arak.spicehorse.eu\/sk\/produkt\/kentucky-loop-voditko\/"]}]},{"@type":"BreadcrumbList","@id":"https:\/\/arak.spicehorse.eu\/sk\/produkt\/kentucky-loop-voditko\/#breadcrumb","itemListElement":[{"@type":"ListItem","position":1,"name":"Home","item":"https:\/\/arak.spicehorse.eu\/sk\/"},{"@type":"ListItem","position":2,"name":"Predaj\u0148a","item":"https:\/\/arak.spicehorse.eu\/sk\/predajna\/"},{"@type":"ListItem","position":3,"name":"Kentucky Loop vod\u00edtko"}]},{"@type":"WebSite","@id":"https:\/\/arak.spicehorse.eu\/en\/#website","url":"https:\/\/arak.spicehorse.eu\/en\/","name":"Spicehorse","description":"UNDER DEVELOPMENT -","potentialAction":[{"@type":"SearchAction","target":{"@type":"EntryPoint","urlTemplate":"https:\/\/arak.spicehorse.eu\/en\/?s={search_term_string}"},"query-input":"required name=search_term_string"}],"inLanguage":"sk-SK"}]}},"_links":{"self":[{"href":"https:\/\/arak.spicehorse.eu\/sk\/wp-json\/wp\/v2\/product\/73089"}],"collection":[{"href":"https:\/\/arak.spicehorse.eu\/sk\/wp-json\/wp\/v2\/product"}],"about":[{"href":"https:\/\/arak.spicehorse.eu\/sk\/wp-json\/wp\/v2\/types\/product"}],"wp:featuredmedia":[{"embeddable":true,"href":"https:\/\/arak.spicehorse.eu\/sk\/wp-json\/wp\/v2\/media\/73100"}],"wp:attachment":[{"href":"https:\/\/arak.spicehorse.eu\/sk\/wp-json\/wp\/v2\/media?parent=73089"}],"wp:term":[{"taxonomy":"product_cat","embeddable":true,"href":"https:\/\/arak.spicehorse.eu\/sk\/wp-json\/wp\/v2\/product_cat?post=73089"},{"taxonomy":"product_tag","embeddable":true,"href":"https:\/\/arak.spicehorse.eu\/sk\/wp-json\/wp\/v2\/product_tag?post=73089"}],"curies":[{"name":"wp","href":"https:\/\/api.w.org\/{rel}","templated":true}]}}