{"id":73529,"date":"2022-09-29T15:40:58","date_gmt":"2022-09-29T13:40:59","guid":{"rendered":"https:\/\/arak.spicehorse.eu\/?post_type=product&#038;p=73529"},"modified":"2024-02-14T11:10:42","modified_gmt":"2024-02-14T10:10:42","slug":"kentucky-vesiak","status":"publish","type":"product","link":"https:\/\/arak.spicehorse.eu\/sk\/produkt\/kentucky-vesiak\/","title":{"rendered":"Kentucky ve\u0161iak"},"content":{"rendered":"<p><span lang=\"SK\">Kentucky Horsewear Nylon Holder ve\u0161iak je praktick\u00fd doplnok do stajne, pomocou ktor\u00e9ho m\u00f4\u017eeme po\u013eahky zavesi\u0165 ak\u00fako\u013evek v\u00fdstroj alebo v\u00fdbavu, napr\u00edklad vedro, parav\u00e1n, ohl\u00e1vku, o\u0165a\u017ee, v\u00fdstupn\u00fa bari\u00e9ru, hra\u010dky a\u00a0pod. Je povinnou v\u00fdbavou ka\u017ed\u00e9ho milovn\u00edka kon\u00ed, ktor\u00ed \u010dasto chodia na s\u00fa\u0165a\u017ee alebo pre ka\u017ed\u00e9ho doma okolo stajne, ktor\u00ed maj\u00fa ve\u013ek\u00e9 mno\u017estvo v\u00fdbavy.<\/span><\/p>\n<p><span lang=\"SK\">25cm<\/span><\/p>\n","protected":false},"excerpt":{"rendered":"<p>Kentucky Horsewear Nylon Holder ve\u0161iak je praktick\u00fd doplnok do stajne, pomocou ktor\u00e9ho m\u00f4\u017eeme po\u013eahky zavesi\u0165 ak\u00fako\u013evek v\u00fdstroj alebo v\u00fdbavu, napr\u00edklad vedro, parav\u00e1n, ohl\u00e1vku, o\u0165a\u017ee, v\u00fdstupn\u00fa bari\u00e9ru, hra\u010dky a\u00a0pod. Je povinnou v\u00fdbavou ka\u017ed\u00e9ho milovn\u00edka kon\u00ed, ktor\u00ed \u010dasto chodia na s\u00fa\u0165a\u017ee alebo pre ka\u017ed\u00e9ho doma okolo stajne, ktor\u00ed maj\u00fa ve\u013ek\u00e9 mno\u017estvo v\u00fdbavy. 25cm<\/p>\n","protected":false},"featured_media":73532,"template":"","meta":{"_acf_changed":false},"product_cat":[75,100,120],"product_tag":[184,467,338],"acf":[],"yoast_head":"<!-- This site is optimized with the Yoast SEO plugin v21.4 - https:\/\/yoast.com\/wordpress\/plugins\/seo\/ -->\n<title>Kentucky ve\u0161iak - Spicehorse<\/title>\n<meta name=\"description\" content=\"spicehorse.eu | Kentucky Horsewear Nylon Holder ve\u0161iak je praktick\u00fd doplnok do stajne, pomocou ktor\u00e9ho m\u00f4\u017eeme po\u013eahky zavesi\u0165 ak\u00fako\u013evek v\u00fdstroj alebo v\u00fdbavu, napr\u00edklad vedro, parav\u00e1n, ohl\u00e1vku, o\u0165a\u017ee, v\u00fdstupn\u00fa bari\u00e9ru, hra\u010dky a\u00a0pod.\" \/>\n<meta name=\"robots\" content=\"index, follow, max-snippet:-1, max-image-preview:large, max-video-preview:-1\" \/>\n<link rel=\"canonical\" href=\"https:\/\/arak.spicehorse.eu\/sk\/produkt\/kentucky-vesiak\/\" \/>\n<meta property=\"og:locale\" content=\"sk_SK\" \/>\n<meta property=\"og:type\" content=\"article\" \/>\n<meta property=\"og:title\" content=\"Kentucky ve\u0161iak - Spicehorse\" \/>\n<meta property=\"og:description\" content=\"spicehorse.eu | Kentucky Horsewear Nylon Holder ve\u0161iak je praktick\u00fd doplnok do stajne, pomocou ktor\u00e9ho m\u00f4\u017eeme po\u013eahky zavesi\u0165 ak\u00fako\u013evek v\u00fdstroj alebo v\u00fdbavu, napr\u00edklad vedro, parav\u00e1n, ohl\u00e1vku, o\u0165a\u017ee, v\u00fdstupn\u00fa bari\u00e9ru, hra\u010dky a\u00a0pod.\" \/>\n<meta property=\"og:url\" content=\"https:\/\/arak.spicehorse.eu\/sk\/produkt\/kentucky-vesiak\/\" \/>\n<meta property=\"og:site_name\" content=\"Spicehorse\" \/>\n<meta property=\"article:publisher\" content=\"https:\/\/www.facebook.com\/SPICEHORSE-550385625402457\/\" \/>\n<meta property=\"article:modified_time\" content=\"2024-02-14T10:10:42+00:00\" \/>\n<meta property=\"og:image\" content=\"https:\/\/arak.spicehorse.eu\/wp-content\/uploads\/2022\/09\/4e11f161b7cbefa10e2540b48a24c2619bc77f8bcf5e76929d264ad9a1bc03f0.jpg\" \/>\n\t<meta property=\"og:image:width\" content=\"2048\" \/>\n\t<meta property=\"og:image:height\" content=\"2047\" \/>\n\t<meta property=\"og:image:type\" content=\"image\/jpeg\" \/>\n<meta name=\"twitter:card\" content=\"summary_large_image\" \/>\n<script type=\"application\/ld+json\" class=\"yoast-schema-graph\">{\"@context\":\"https:\/\/schema.org\",\"@graph\":[{\"@type\":\"WebPage\",\"@id\":\"https:\/\/arak.spicehorse.eu\/sk\/produkt\/kentucky-vesiak\/\",\"url\":\"https:\/\/arak.spicehorse.eu\/sk\/produkt\/kentucky-vesiak\/\",\"name\":\"Kentucky ve\u0161iak - Spicehorse\",\"isPartOf\":{\"@id\":\"https:\/\/arak.spicehorse.eu\/en\/#website\"},\"datePublished\":\"2022-09-29T13:40:59+00:00\",\"dateModified\":\"2024-02-14T10:10:42+00:00\",\"description\":\"spicehorse.eu | Kentucky Horsewear Nylon Holder ve\u0161iak je praktick\u00fd doplnok do stajne, pomocou ktor\u00e9ho m\u00f4\u017eeme po\u013eahky zavesi\u0165 ak\u00fako\u013evek v\u00fdstroj alebo v\u00fdbavu, napr\u00edklad vedro, parav\u00e1n, ohl\u00e1vku, o\u0165a\u017ee, v\u00fdstupn\u00fa bari\u00e9ru, hra\u010dky a\u00a0pod.\",\"breadcrumb\":{\"@id\":\"https:\/\/arak.spicehorse.eu\/sk\/produkt\/kentucky-vesiak\/#breadcrumb\"},\"inLanguage\":\"sk-SK\",\"potentialAction\":[{\"@type\":\"ReadAction\",\"target\":[\"https:\/\/arak.spicehorse.eu\/sk\/produkt\/kentucky-vesiak\/\"]}]},{\"@type\":\"BreadcrumbList\",\"@id\":\"https:\/\/arak.spicehorse.eu\/sk\/produkt\/kentucky-vesiak\/#breadcrumb\",\"itemListElement\":[{\"@type\":\"ListItem\",\"position\":1,\"name\":\"Home\",\"item\":\"https:\/\/arak.spicehorse.eu\/sk\/\"},{\"@type\":\"ListItem\",\"position\":2,\"name\":\"Predaj\u0148a\",\"item\":\"https:\/\/arak.spicehorse.eu\/sk\/predajna\/\"},{\"@type\":\"ListItem\",\"position\":3,\"name\":\"Kentucky ve\u0161iak\"}]},{\"@type\":\"WebSite\",\"@id\":\"https:\/\/arak.spicehorse.eu\/en\/#website\",\"url\":\"https:\/\/arak.spicehorse.eu\/en\/\",\"name\":\"Spicehorse\",\"description\":\"UNDER DEVELOPMENT -\",\"potentialAction\":[{\"@type\":\"SearchAction\",\"target\":{\"@type\":\"EntryPoint\",\"urlTemplate\":\"https:\/\/arak.spicehorse.eu\/en\/?s={search_term_string}\"},\"query-input\":\"required name=search_term_string\"}],\"inLanguage\":\"sk-SK\"}]}<\/script>\n<!-- \/ Yoast SEO plugin. -->","yoast_head_json":{"title":"Kentucky ve\u0161iak - Spicehorse","description":"spicehorse.eu | Kentucky Horsewear Nylon Holder ve\u0161iak je praktick\u00fd doplnok do stajne, pomocou ktor\u00e9ho m\u00f4\u017eeme po\u013eahky zavesi\u0165 ak\u00fako\u013evek v\u00fdstroj alebo v\u00fdbavu, napr\u00edklad vedro, parav\u00e1n, ohl\u00e1vku, o\u0165a\u017ee, v\u00fdstupn\u00fa bari\u00e9ru, hra\u010dky a\u00a0pod.","robots":{"index":"index","follow":"follow","max-snippet":"max-snippet:-1","max-image-preview":"max-image-preview:large","max-video-preview":"max-video-preview:-1"},"canonical":"https:\/\/arak.spicehorse.eu\/sk\/produkt\/kentucky-vesiak\/","og_locale":"sk_SK","og_type":"article","og_title":"Kentucky ve\u0161iak - Spicehorse","og_description":"spicehorse.eu | Kentucky Horsewear Nylon Holder ve\u0161iak je praktick\u00fd doplnok do stajne, pomocou ktor\u00e9ho m\u00f4\u017eeme po\u013eahky zavesi\u0165 ak\u00fako\u013evek v\u00fdstroj alebo v\u00fdbavu, napr\u00edklad vedro, parav\u00e1n, ohl\u00e1vku, o\u0165a\u017ee, v\u00fdstupn\u00fa bari\u00e9ru, hra\u010dky a\u00a0pod.","og_url":"https:\/\/arak.spicehorse.eu\/sk\/produkt\/kentucky-vesiak\/","og_site_name":"Spicehorse","article_publisher":"https:\/\/www.facebook.com\/SPICEHORSE-550385625402457\/","article_modified_time":"2024-02-14T10:10:42+00:00","og_image":[{"width":2048,"height":2047,"url":"https:\/\/arak.spicehorse.eu\/wp-content\/uploads\/2022\/09\/4e11f161b7cbefa10e2540b48a24c2619bc77f8bcf5e76929d264ad9a1bc03f0.jpg","type":"image\/jpeg"}],"twitter_card":"summary_large_image","schema":{"@context":"https:\/\/schema.org","@graph":[{"@type":"WebPage","@id":"https:\/\/arak.spicehorse.eu\/sk\/produkt\/kentucky-vesiak\/","url":"https:\/\/arak.spicehorse.eu\/sk\/produkt\/kentucky-vesiak\/","name":"Kentucky ve\u0161iak - Spicehorse","isPartOf":{"@id":"https:\/\/arak.spicehorse.eu\/en\/#website"},"datePublished":"2022-09-29T13:40:59+00:00","dateModified":"2024-02-14T10:10:42+00:00","description":"spicehorse.eu | Kentucky Horsewear Nylon Holder ve\u0161iak je praktick\u00fd doplnok do stajne, pomocou ktor\u00e9ho m\u00f4\u017eeme po\u013eahky zavesi\u0165 ak\u00fako\u013evek v\u00fdstroj alebo v\u00fdbavu, napr\u00edklad vedro, parav\u00e1n, ohl\u00e1vku, o\u0165a\u017ee, v\u00fdstupn\u00fa bari\u00e9ru, hra\u010dky a\u00a0pod.","breadcrumb":{"@id":"https:\/\/arak.spicehorse.eu\/sk\/produkt\/kentucky-vesiak\/#breadcrumb"},"inLanguage":"sk-SK","potentialAction":[{"@type":"ReadAction","target":["https:\/\/arak.spicehorse.eu\/sk\/produkt\/kentucky-vesiak\/"]}]},{"@type":"BreadcrumbList","@id":"https:\/\/arak.spicehorse.eu\/sk\/produkt\/kentucky-vesiak\/#breadcrumb","itemListElement":[{"@type":"ListItem","position":1,"name":"Home","item":"https:\/\/arak.spicehorse.eu\/sk\/"},{"@type":"ListItem","position":2,"name":"Predaj\u0148a","item":"https:\/\/arak.spicehorse.eu\/sk\/predajna\/"},{"@type":"ListItem","position":3,"name":"Kentucky ve\u0161iak"}]},{"@type":"WebSite","@id":"https:\/\/arak.spicehorse.eu\/en\/#website","url":"https:\/\/arak.spicehorse.eu\/en\/","name":"Spicehorse","description":"UNDER DEVELOPMENT -","potentialAction":[{"@type":"SearchAction","target":{"@type":"EntryPoint","urlTemplate":"https:\/\/arak.spicehorse.eu\/en\/?s={search_term_string}"},"query-input":"required name=search_term_string"}],"inLanguage":"sk-SK"}]}},"_links":{"self":[{"href":"https:\/\/arak.spicehorse.eu\/sk\/wp-json\/wp\/v2\/product\/73529"}],"collection":[{"href":"https:\/\/arak.spicehorse.eu\/sk\/wp-json\/wp\/v2\/product"}],"about":[{"href":"https:\/\/arak.spicehorse.eu\/sk\/wp-json\/wp\/v2\/types\/product"}],"wp:featuredmedia":[{"embeddable":true,"href":"https:\/\/arak.spicehorse.eu\/sk\/wp-json\/wp\/v2\/media\/73532"}],"wp:attachment":[{"href":"https:\/\/arak.spicehorse.eu\/sk\/wp-json\/wp\/v2\/media?parent=73529"}],"wp:term":[{"taxonomy":"product_cat","embeddable":true,"href":"https:\/\/arak.spicehorse.eu\/sk\/wp-json\/wp\/v2\/product_cat?post=73529"},{"taxonomy":"product_tag","embeddable":true,"href":"https:\/\/arak.spicehorse.eu\/sk\/wp-json\/wp\/v2\/product_tag?post=73529"}],"curies":[{"name":"wp","href":"https:\/\/api.w.org\/{rel}","templated":true}]}}