{"id":74116,"date":"2022-10-03T14:00:59","date_gmt":"2022-10-03T12:01:02","guid":{"rendered":"https:\/\/arak.spicehorse.eu\/?post_type=product&#038;p=74116"},"modified":"2023-05-09T09:40:01","modified_gmt":"2023-05-09T07:40:01","slug":"winderen-korekcne-plstene-vlozky-skokova","status":"publish","type":"product","link":"https:\/\/arak.spicehorse.eu\/sk\/produkt\/winderen-korekcne-plstene-vlozky-skokova\/","title":{"rendered":"Winderen korek\u010dn\u00e9 plsten\u00e9 vlo\u017eky skokov\u00e1"},"content":{"rendered":"","protected":false},"excerpt":{"rendered":"","protected":false},"featured_media":111434,"template":"","meta":{"_acf_changed":false},"product_cat":[75,366],"product_tag":[383,219,192,1591],"acf":[],"yoast_head":"<!-- This site is optimized with the Yoast SEO plugin v21.4 - https:\/\/yoast.com\/wordpress\/plugins\/seo\/ -->\n<title>Winderen korek\u010dn\u00e9 plsten\u00e9 vlo\u017eky skokov\u00e1 - Spicehorse<\/title>\n<meta name=\"description\" content=\"spicehorse.eu | Winderen Equestrian podlo\u017eka pod sedlo pr\u00e9miovej kvality s technol\u00f3giou BackProtect Solution je navrhnut\u00e1 s\u00a0t\u00fdm cie\u013eom, aby chr\u00e1nila chrb\u00e1t ko\u0148a aj\u00a0jazdca a\u00a0pom\u00e1hala ko\u0148om uvo\u013eni\u0165 sa v\u00a0sedle, \u010d\u00edm sa zvy\u0161uje z\u00e1\u017eitok z\u00a0jazdenia.\" \/>\n<meta name=\"robots\" content=\"index, follow, max-snippet:-1, max-image-preview:large, max-video-preview:-1\" \/>\n<link rel=\"canonical\" href=\"https:\/\/arak.spicehorse.eu\/sk\/produkt\/winderen-korekcne-plstene-vlozky-skokova\/\" \/>\n<meta property=\"og:locale\" content=\"sk_SK\" \/>\n<meta property=\"og:type\" content=\"article\" \/>\n<meta property=\"og:title\" content=\"Winderen korek\u010dn\u00e9 plsten\u00e9 vlo\u017eky skokov\u00e1 - Spicehorse\" \/>\n<meta property=\"og:description\" content=\"spicehorse.eu | Winderen Equestrian podlo\u017eka pod sedlo pr\u00e9miovej kvality s technol\u00f3giou BackProtect Solution je navrhnut\u00e1 s\u00a0t\u00fdm cie\u013eom, aby chr\u00e1nila chrb\u00e1t ko\u0148a aj\u00a0jazdca a\u00a0pom\u00e1hala ko\u0148om uvo\u013eni\u0165 sa v\u00a0sedle, \u010d\u00edm sa zvy\u0161uje z\u00e1\u017eitok z\u00a0jazdenia.\" \/>\n<meta property=\"og:url\" content=\"https:\/\/arak.spicehorse.eu\/sk\/produkt\/winderen-korekcne-plstene-vlozky-skokova\/\" \/>\n<meta property=\"og:site_name\" content=\"Spicehorse\" \/>\n<meta property=\"article:publisher\" content=\"https:\/\/www.facebook.com\/SPICEHORSE-550385625402457\/\" \/>\n<meta property=\"article:modified_time\" content=\"2023-05-09T07:40:01+00:00\" \/>\n<meta property=\"og:image\" content=\"https:\/\/arak.spicehorse.eu\/wp-content\/uploads\/2022\/10\/IMG_3771.jpg\" \/>\n\t<meta property=\"og:image:width\" content=\"1170\" \/>\n\t<meta property=\"og:image:height\" content=\"1593\" \/>\n\t<meta property=\"og:image:type\" content=\"image\/jpeg\" \/>\n<meta name=\"twitter:card\" content=\"summary_large_image\" \/>\n<script type=\"application\/ld+json\" class=\"yoast-schema-graph\">{\"@context\":\"https:\/\/schema.org\",\"@graph\":[{\"@type\":\"WebPage\",\"@id\":\"https:\/\/arak.spicehorse.eu\/sk\/produkt\/winderen-korekcne-plstene-vlozky-skokova\/\",\"url\":\"https:\/\/arak.spicehorse.eu\/sk\/produkt\/winderen-korekcne-plstene-vlozky-skokova\/\",\"name\":\"Winderen korek\u010dn\u00e9 plsten\u00e9 vlo\u017eky skokov\u00e1 - Spicehorse\",\"isPartOf\":{\"@id\":\"https:\/\/arak.spicehorse.eu\/en\/#website\"},\"datePublished\":\"2022-10-03T12:01:02+00:00\",\"dateModified\":\"2023-05-09T07:40:01+00:00\",\"description\":\"spicehorse.eu | Winderen Equestrian podlo\u017eka pod sedlo pr\u00e9miovej kvality s technol\u00f3giou BackProtect Solution je navrhnut\u00e1 s\u00a0t\u00fdm cie\u013eom, aby chr\u00e1nila chrb\u00e1t ko\u0148a aj\u00a0jazdca a\u00a0pom\u00e1hala ko\u0148om uvo\u013eni\u0165 sa v\u00a0sedle, \u010d\u00edm sa zvy\u0161uje z\u00e1\u017eitok z\u00a0jazdenia.\",\"breadcrumb\":{\"@id\":\"https:\/\/arak.spicehorse.eu\/sk\/produkt\/winderen-korekcne-plstene-vlozky-skokova\/#breadcrumb\"},\"inLanguage\":\"sk-SK\",\"potentialAction\":[{\"@type\":\"ReadAction\",\"target\":[\"https:\/\/arak.spicehorse.eu\/sk\/produkt\/winderen-korekcne-plstene-vlozky-skokova\/\"]}]},{\"@type\":\"BreadcrumbList\",\"@id\":\"https:\/\/arak.spicehorse.eu\/sk\/produkt\/winderen-korekcne-plstene-vlozky-skokova\/#breadcrumb\",\"itemListElement\":[{\"@type\":\"ListItem\",\"position\":1,\"name\":\"Home\",\"item\":\"https:\/\/arak.spicehorse.eu\/sk\/\"},{\"@type\":\"ListItem\",\"position\":2,\"name\":\"Predaj\u0148a\",\"item\":\"https:\/\/arak.spicehorse.eu\/sk\/predajna\/\"},{\"@type\":\"ListItem\",\"position\":3,\"name\":\"Winderen korek\u010dn\u00e9 plsten\u00e9 vlo\u017eky skokov\u00e1\"}]},{\"@type\":\"WebSite\",\"@id\":\"https:\/\/arak.spicehorse.eu\/en\/#website\",\"url\":\"https:\/\/arak.spicehorse.eu\/en\/\",\"name\":\"Spicehorse\",\"description\":\"UNDER DEVELOPMENT -\",\"potentialAction\":[{\"@type\":\"SearchAction\",\"target\":{\"@type\":\"EntryPoint\",\"urlTemplate\":\"https:\/\/arak.spicehorse.eu\/en\/?s={search_term_string}\"},\"query-input\":\"required name=search_term_string\"}],\"inLanguage\":\"sk-SK\"}]}<\/script>\n<!-- \/ Yoast SEO plugin. -->","yoast_head_json":{"title":"Winderen korek\u010dn\u00e9 plsten\u00e9 vlo\u017eky skokov\u00e1 - Spicehorse","description":"spicehorse.eu | Winderen Equestrian podlo\u017eka pod sedlo pr\u00e9miovej kvality s technol\u00f3giou BackProtect Solution je navrhnut\u00e1 s\u00a0t\u00fdm cie\u013eom, aby chr\u00e1nila chrb\u00e1t ko\u0148a aj\u00a0jazdca a\u00a0pom\u00e1hala ko\u0148om uvo\u013eni\u0165 sa v\u00a0sedle, \u010d\u00edm sa zvy\u0161uje z\u00e1\u017eitok z\u00a0jazdenia.","robots":{"index":"index","follow":"follow","max-snippet":"max-snippet:-1","max-image-preview":"max-image-preview:large","max-video-preview":"max-video-preview:-1"},"canonical":"https:\/\/arak.spicehorse.eu\/sk\/produkt\/winderen-korekcne-plstene-vlozky-skokova\/","og_locale":"sk_SK","og_type":"article","og_title":"Winderen korek\u010dn\u00e9 plsten\u00e9 vlo\u017eky skokov\u00e1 - Spicehorse","og_description":"spicehorse.eu | Winderen Equestrian podlo\u017eka pod sedlo pr\u00e9miovej kvality s technol\u00f3giou BackProtect Solution je navrhnut\u00e1 s\u00a0t\u00fdm cie\u013eom, aby chr\u00e1nila chrb\u00e1t ko\u0148a aj\u00a0jazdca a\u00a0pom\u00e1hala ko\u0148om uvo\u013eni\u0165 sa v\u00a0sedle, \u010d\u00edm sa zvy\u0161uje z\u00e1\u017eitok z\u00a0jazdenia.","og_url":"https:\/\/arak.spicehorse.eu\/sk\/produkt\/winderen-korekcne-plstene-vlozky-skokova\/","og_site_name":"Spicehorse","article_publisher":"https:\/\/www.facebook.com\/SPICEHORSE-550385625402457\/","article_modified_time":"2023-05-09T07:40:01+00:00","og_image":[{"width":1170,"height":1593,"url":"https:\/\/arak.spicehorse.eu\/wp-content\/uploads\/2022\/10\/IMG_3771.jpg","type":"image\/jpeg"}],"twitter_card":"summary_large_image","schema":{"@context":"https:\/\/schema.org","@graph":[{"@type":"WebPage","@id":"https:\/\/arak.spicehorse.eu\/sk\/produkt\/winderen-korekcne-plstene-vlozky-skokova\/","url":"https:\/\/arak.spicehorse.eu\/sk\/produkt\/winderen-korekcne-plstene-vlozky-skokova\/","name":"Winderen korek\u010dn\u00e9 plsten\u00e9 vlo\u017eky skokov\u00e1 - Spicehorse","isPartOf":{"@id":"https:\/\/arak.spicehorse.eu\/en\/#website"},"datePublished":"2022-10-03T12:01:02+00:00","dateModified":"2023-05-09T07:40:01+00:00","description":"spicehorse.eu | Winderen Equestrian podlo\u017eka pod sedlo pr\u00e9miovej kvality s technol\u00f3giou BackProtect Solution je navrhnut\u00e1 s\u00a0t\u00fdm cie\u013eom, aby chr\u00e1nila chrb\u00e1t ko\u0148a aj\u00a0jazdca a\u00a0pom\u00e1hala ko\u0148om uvo\u013eni\u0165 sa v\u00a0sedle, \u010d\u00edm sa zvy\u0161uje z\u00e1\u017eitok z\u00a0jazdenia.","breadcrumb":{"@id":"https:\/\/arak.spicehorse.eu\/sk\/produkt\/winderen-korekcne-plstene-vlozky-skokova\/#breadcrumb"},"inLanguage":"sk-SK","potentialAction":[{"@type":"ReadAction","target":["https:\/\/arak.spicehorse.eu\/sk\/produkt\/winderen-korekcne-plstene-vlozky-skokova\/"]}]},{"@type":"BreadcrumbList","@id":"https:\/\/arak.spicehorse.eu\/sk\/produkt\/winderen-korekcne-plstene-vlozky-skokova\/#breadcrumb","itemListElement":[{"@type":"ListItem","position":1,"name":"Home","item":"https:\/\/arak.spicehorse.eu\/sk\/"},{"@type":"ListItem","position":2,"name":"Predaj\u0148a","item":"https:\/\/arak.spicehorse.eu\/sk\/predajna\/"},{"@type":"ListItem","position":3,"name":"Winderen korek\u010dn\u00e9 plsten\u00e9 vlo\u017eky skokov\u00e1"}]},{"@type":"WebSite","@id":"https:\/\/arak.spicehorse.eu\/en\/#website","url":"https:\/\/arak.spicehorse.eu\/en\/","name":"Spicehorse","description":"UNDER DEVELOPMENT -","potentialAction":[{"@type":"SearchAction","target":{"@type":"EntryPoint","urlTemplate":"https:\/\/arak.spicehorse.eu\/en\/?s={search_term_string}"},"query-input":"required name=search_term_string"}],"inLanguage":"sk-SK"}]}},"_links":{"self":[{"href":"https:\/\/arak.spicehorse.eu\/sk\/wp-json\/wp\/v2\/product\/74116"}],"collection":[{"href":"https:\/\/arak.spicehorse.eu\/sk\/wp-json\/wp\/v2\/product"}],"about":[{"href":"https:\/\/arak.spicehorse.eu\/sk\/wp-json\/wp\/v2\/types\/product"}],"wp:featuredmedia":[{"embeddable":true,"href":"https:\/\/arak.spicehorse.eu\/sk\/wp-json\/wp\/v2\/media\/111434"}],"wp:attachment":[{"href":"https:\/\/arak.spicehorse.eu\/sk\/wp-json\/wp\/v2\/media?parent=74116"}],"wp:term":[{"taxonomy":"product_cat","embeddable":true,"href":"https:\/\/arak.spicehorse.eu\/sk\/wp-json\/wp\/v2\/product_cat?post=74116"},{"taxonomy":"product_tag","embeddable":true,"href":"https:\/\/arak.spicehorse.eu\/sk\/wp-json\/wp\/v2\/product_tag?post=74116"}],"curies":[{"name":"wp","href":"https:\/\/api.w.org\/{rel}","templated":true}]}}