{"id":75779,"date":"2022-10-19T10:21:58","date_gmt":"2022-10-19T08:22:00","guid":{"rendered":"https:\/\/arak.spicehorse.eu\/?post_type=product&#038;p=75779"},"modified":"2024-09-30T12:30:56","modified_gmt":"2024-09-30T10:30:56","slug":"qhp-hracka-pre-kone-mrkva-xl","status":"publish","type":"product","link":"https:\/\/arak.spicehorse.eu\/sk\/produkt\/qhp-hracka-pre-kone-mrkva-xl\/","title":{"rendered":"QHP hra\u010dka pre kone mrkva XL"},"content":{"rendered":"<p>Dajte svojmu ko\u0148ovi ve\u013ek\u00fa t\u00faliacu hra\u010dku na zdolanie nudy. S 3D QHP hra\u010dkou sa v\u00e1\u0161 k\u00f4\u0148 u\u017e viac nebude nudi\u0165. T\u00e1to extra ve\u013ek\u00e1 hra\u010dka je ide\u00e1lna na pou\u017eitie do boxu aj do v\u00fdbehu.<\/p>\n","protected":false},"excerpt":{"rendered":"<ul>\n<li>Vonkaj\u0161\u00ed materi\u00e1l: vel\u00far<\/li>\n<li>Vn\u00fatorn\u00fd materi\u00e1l: juta<\/li>\n<li>Materi\u00e1l lana: bavlna, juta<\/li>\n<li>Mo\u017eno ju pou\u017ei\u0165 v\u00a0boxe alebo vo v\u00fdbehu<\/li>\n<li>Na zdolanie nudy<\/li>\n<li>Bezpe\u010dn\u00e9 pou\u017e\u00edvanie<\/li>\n<li>V\u00fd\u0161ka: 50 cm<\/li>\n<li>V\u00fdpl\u0148 hra\u010dka pre kone je z\u00a0pr\u00edrodne odb\u00farate\u013en\u00e9ho materi\u00e1lu, nie je \u0161kodliv\u00e1 pre kone<\/li>\n<\/ul>\n","protected":false},"featured_media":75973,"template":"","meta":{"_acf_changed":false},"product_cat":[75,100,120],"product_tag":[227,1973],"acf":[],"yoast_head":"<!-- This site is optimized with the Yoast SEO plugin v21.4 - https:\/\/yoast.com\/wordpress\/plugins\/seo\/ -->\n<title>QHP hra\u010dka pre kone mrkva XL - Spicehorse<\/title>\n<meta name=\"description\" content=\"spicehorse.eu | Dajte svojmu ko\u0148ovi ve\u013ek\u00fa t\u00faliacu hra\u010dku na zdolanie nudy. S 3D QHP hra\u010dkou sa v\u00e1\u0161 k\u00f4\u0148 u\u017e viac nebude nudi\u0165.\" \/>\n<meta name=\"robots\" content=\"index, follow, max-snippet:-1, max-image-preview:large, max-video-preview:-1\" \/>\n<link rel=\"canonical\" href=\"https:\/\/arak.spicehorse.eu\/sk\/produkt\/qhp-hracka-pre-kone-mrkva-xl\/\" \/>\n<meta property=\"og:locale\" content=\"sk_SK\" \/>\n<meta property=\"og:type\" content=\"article\" \/>\n<meta property=\"og:title\" content=\"QHP hra\u010dka pre kone mrkva XL - Spicehorse\" \/>\n<meta property=\"og:description\" content=\"spicehorse.eu | Dajte svojmu ko\u0148ovi ve\u013ek\u00fa t\u00faliacu hra\u010dku na zdolanie nudy. S 3D QHP hra\u010dkou sa v\u00e1\u0161 k\u00f4\u0148 u\u017e viac nebude nudi\u0165.\" \/>\n<meta property=\"og:url\" content=\"https:\/\/arak.spicehorse.eu\/sk\/produkt\/qhp-hracka-pre-kone-mrkva-xl\/\" \/>\n<meta property=\"og:site_name\" content=\"Spicehorse\" \/>\n<meta property=\"article:publisher\" content=\"https:\/\/www.facebook.com\/SPICEHORSE-550385625402457\/\" \/>\n<meta property=\"article:modified_time\" content=\"2024-09-30T10:30:56+00:00\" \/>\n<meta property=\"og:image\" content=\"https:\/\/arak.spicehorse.eu\/wp-content\/uploads\/2022\/10\/5192wor.jpeg\" \/>\n\t<meta property=\"og:image:width\" content=\"800\" \/>\n\t<meta property=\"og:image:height\" content=\"800\" \/>\n\t<meta property=\"og:image:type\" content=\"image\/jpeg\" \/>\n<meta name=\"twitter:card\" content=\"summary_large_image\" \/>\n<script type=\"application\/ld+json\" class=\"yoast-schema-graph\">{\"@context\":\"https:\/\/schema.org\",\"@graph\":[{\"@type\":\"WebPage\",\"@id\":\"https:\/\/arak.spicehorse.eu\/sk\/produkt\/qhp-hracka-pre-kone-mrkva-xl\/\",\"url\":\"https:\/\/arak.spicehorse.eu\/sk\/produkt\/qhp-hracka-pre-kone-mrkva-xl\/\",\"name\":\"QHP hra\u010dka pre kone mrkva XL - Spicehorse\",\"isPartOf\":{\"@id\":\"https:\/\/arak.spicehorse.eu\/en\/#website\"},\"datePublished\":\"2022-10-19T08:22:00+00:00\",\"dateModified\":\"2024-09-30T10:30:56+00:00\",\"description\":\"spicehorse.eu | Dajte svojmu ko\u0148ovi ve\u013ek\u00fa t\u00faliacu hra\u010dku na zdolanie nudy. S 3D QHP hra\u010dkou sa v\u00e1\u0161 k\u00f4\u0148 u\u017e viac nebude nudi\u0165.\",\"breadcrumb\":{\"@id\":\"https:\/\/arak.spicehorse.eu\/sk\/produkt\/qhp-hracka-pre-kone-mrkva-xl\/#breadcrumb\"},\"inLanguage\":\"sk-SK\",\"potentialAction\":[{\"@type\":\"ReadAction\",\"target\":[\"https:\/\/arak.spicehorse.eu\/sk\/produkt\/qhp-hracka-pre-kone-mrkva-xl\/\"]}]},{\"@type\":\"BreadcrumbList\",\"@id\":\"https:\/\/arak.spicehorse.eu\/sk\/produkt\/qhp-hracka-pre-kone-mrkva-xl\/#breadcrumb\",\"itemListElement\":[{\"@type\":\"ListItem\",\"position\":1,\"name\":\"Home\",\"item\":\"https:\/\/arak.spicehorse.eu\/sk\/\"},{\"@type\":\"ListItem\",\"position\":2,\"name\":\"Predaj\u0148a\",\"item\":\"https:\/\/arak.spicehorse.eu\/sk\/predajna\/\"},{\"@type\":\"ListItem\",\"position\":3,\"name\":\"QHP hra\u010dka pre kone mrkva XL\"}]},{\"@type\":\"WebSite\",\"@id\":\"https:\/\/arak.spicehorse.eu\/en\/#website\",\"url\":\"https:\/\/arak.spicehorse.eu\/en\/\",\"name\":\"Spicehorse\",\"description\":\"UNDER DEVELOPMENT -\",\"potentialAction\":[{\"@type\":\"SearchAction\",\"target\":{\"@type\":\"EntryPoint\",\"urlTemplate\":\"https:\/\/arak.spicehorse.eu\/en\/?s={search_term_string}\"},\"query-input\":\"required name=search_term_string\"}],\"inLanguage\":\"sk-SK\"}]}<\/script>\n<!-- \/ Yoast SEO plugin. -->","yoast_head_json":{"title":"QHP hra\u010dka pre kone mrkva XL - Spicehorse","description":"spicehorse.eu | Dajte svojmu ko\u0148ovi ve\u013ek\u00fa t\u00faliacu hra\u010dku na zdolanie nudy. S 3D QHP hra\u010dkou sa v\u00e1\u0161 k\u00f4\u0148 u\u017e viac nebude nudi\u0165.","robots":{"index":"index","follow":"follow","max-snippet":"max-snippet:-1","max-image-preview":"max-image-preview:large","max-video-preview":"max-video-preview:-1"},"canonical":"https:\/\/arak.spicehorse.eu\/sk\/produkt\/qhp-hracka-pre-kone-mrkva-xl\/","og_locale":"sk_SK","og_type":"article","og_title":"QHP hra\u010dka pre kone mrkva XL - Spicehorse","og_description":"spicehorse.eu | Dajte svojmu ko\u0148ovi ve\u013ek\u00fa t\u00faliacu hra\u010dku na zdolanie nudy. S 3D QHP hra\u010dkou sa v\u00e1\u0161 k\u00f4\u0148 u\u017e viac nebude nudi\u0165.","og_url":"https:\/\/arak.spicehorse.eu\/sk\/produkt\/qhp-hracka-pre-kone-mrkva-xl\/","og_site_name":"Spicehorse","article_publisher":"https:\/\/www.facebook.com\/SPICEHORSE-550385625402457\/","article_modified_time":"2024-09-30T10:30:56+00:00","og_image":[{"width":800,"height":800,"url":"https:\/\/arak.spicehorse.eu\/wp-content\/uploads\/2022\/10\/5192wor.jpeg","type":"image\/jpeg"}],"twitter_card":"summary_large_image","schema":{"@context":"https:\/\/schema.org","@graph":[{"@type":"WebPage","@id":"https:\/\/arak.spicehorse.eu\/sk\/produkt\/qhp-hracka-pre-kone-mrkva-xl\/","url":"https:\/\/arak.spicehorse.eu\/sk\/produkt\/qhp-hracka-pre-kone-mrkva-xl\/","name":"QHP hra\u010dka pre kone mrkva XL - Spicehorse","isPartOf":{"@id":"https:\/\/arak.spicehorse.eu\/en\/#website"},"datePublished":"2022-10-19T08:22:00+00:00","dateModified":"2024-09-30T10:30:56+00:00","description":"spicehorse.eu | Dajte svojmu ko\u0148ovi ve\u013ek\u00fa t\u00faliacu hra\u010dku na zdolanie nudy. S 3D QHP hra\u010dkou sa v\u00e1\u0161 k\u00f4\u0148 u\u017e viac nebude nudi\u0165.","breadcrumb":{"@id":"https:\/\/arak.spicehorse.eu\/sk\/produkt\/qhp-hracka-pre-kone-mrkva-xl\/#breadcrumb"},"inLanguage":"sk-SK","potentialAction":[{"@type":"ReadAction","target":["https:\/\/arak.spicehorse.eu\/sk\/produkt\/qhp-hracka-pre-kone-mrkva-xl\/"]}]},{"@type":"BreadcrumbList","@id":"https:\/\/arak.spicehorse.eu\/sk\/produkt\/qhp-hracka-pre-kone-mrkva-xl\/#breadcrumb","itemListElement":[{"@type":"ListItem","position":1,"name":"Home","item":"https:\/\/arak.spicehorse.eu\/sk\/"},{"@type":"ListItem","position":2,"name":"Predaj\u0148a","item":"https:\/\/arak.spicehorse.eu\/sk\/predajna\/"},{"@type":"ListItem","position":3,"name":"QHP hra\u010dka pre kone mrkva XL"}]},{"@type":"WebSite","@id":"https:\/\/arak.spicehorse.eu\/en\/#website","url":"https:\/\/arak.spicehorse.eu\/en\/","name":"Spicehorse","description":"UNDER DEVELOPMENT -","potentialAction":[{"@type":"SearchAction","target":{"@type":"EntryPoint","urlTemplate":"https:\/\/arak.spicehorse.eu\/en\/?s={search_term_string}"},"query-input":"required name=search_term_string"}],"inLanguage":"sk-SK"}]}},"_links":{"self":[{"href":"https:\/\/arak.spicehorse.eu\/sk\/wp-json\/wp\/v2\/product\/75779"}],"collection":[{"href":"https:\/\/arak.spicehorse.eu\/sk\/wp-json\/wp\/v2\/product"}],"about":[{"href":"https:\/\/arak.spicehorse.eu\/sk\/wp-json\/wp\/v2\/types\/product"}],"wp:featuredmedia":[{"embeddable":true,"href":"https:\/\/arak.spicehorse.eu\/sk\/wp-json\/wp\/v2\/media\/75973"}],"wp:attachment":[{"href":"https:\/\/arak.spicehorse.eu\/sk\/wp-json\/wp\/v2\/media?parent=75779"}],"wp:term":[{"taxonomy":"product_cat","embeddable":true,"href":"https:\/\/arak.spicehorse.eu\/sk\/wp-json\/wp\/v2\/product_cat?post=75779"},{"taxonomy":"product_tag","embeddable":true,"href":"https:\/\/arak.spicehorse.eu\/sk\/wp-json\/wp\/v2\/product_tag?post=75779"}],"curies":[{"name":"wp","href":"https:\/\/api.w.org\/{rel}","templated":true}]}}