{"id":75840,"date":"2022-10-20T13:14:06","date_gmt":"2022-10-20T11:14:15","guid":{"rendered":"https:\/\/arak.spicehorse.eu\/?post_type=product&#038;p=75840"},"modified":"2023-12-13T20:59:14","modified_gmt":"2023-12-13T19:59:14","slug":"qhp-hailey-jazdecke-cizmy","status":"publish","type":"product","link":"https:\/\/arak.spicehorse.eu\/sk\/produkt\/qhp-hailey-jazdecke-cizmy\/","title":{"rendered":"QHP Hailey jazdeck\u00e9 \u010di\u017emy"},"content":{"rendered":"<p>QHP Hailey jazdeck\u00e9 \u010di\u017emy s\u00fa skuto\u010dnou raritou. Vrch \u010di\u017emy je zdoben\u00fd lakovanou ko\u017eou a\u00a0leskl\u00fdm glitrov\u00fdm materi\u00e1lom. Dekorat\u00edvne \u0161n\u00farky dod\u00e1vaj\u00fa n\u00e1padn\u00fd vzh\u013ead, ale \u013eahko sa ob\u00favaj\u00fa a\u00a0vyz\u00favaj\u00fa aj pomocou zipsu. Elastick\u00e9 \u0161n\u00farky, pru\u017en\u00fd materi\u00e1l okolo \u0161n\u00farok, pohodln\u00e9 tvarovanie podr\u00e1\u017eky pre maxim\u00e1lny komfort.<\/p>\n","protected":false},"excerpt":{"rendered":"<ul>\n<li>Vonkaj\u0161\u00ed materi\u00e1l: hov\u00e4dzia ko\u017ea<\/li>\n<li>Vn\u00fatorn\u00fd materi\u00e1l: ko\u017ea<\/li>\n<li>Materi\u00e1l podr\u00e1\u017eka: syntetick\u00e1 guma<\/li>\n<li>Jazdeck\u00e9 \u010di\u017emy s\u00a0leskl\u00fdm zdoben\u00edm<\/li>\n<li>\u010ci\u017emy s\u00a0vysokou s\u00e1rou<\/li>\n<li>Vpredu elastick\u00e9 \u0161n\u00farky pre v\u00e4\u010d\u0161iu vo\u013enos\u0165 pohybu<\/li>\n<li>S\u00a0dr\u017eiakom na ostrohy<\/li>\n<li>Vzadu na zips, s\u00a0patentom chr\u00e1niacim zips<\/li>\n<li>Dostupn\u00e9 s\u00a0norm\u00e1lnou a\u00a0roz\u0161\u00edrenou \u0161\u00edrkou l\u00fdtok<\/li>\n<li>Vy\u010distite ich prostriedkom na ko\u017eu a\u00a0prele\u0161tite balzamom na ko\u017eu, Pod\u013ea mo\u017enosti nepou\u017e\u00edvajte olej na ko\u017eu, preto\u017ee m\u00f4\u017ee sp\u00f4sobi\u0165 uvo\u013enenie stehov.<\/li>\n<\/ul>\n","protected":false},"featured_media":75976,"template":"","meta":{"_acf_changed":false},"product_cat":[76,1993],"product_tag":[2691,2039,2038,1973],"acf":[],"yoast_head":"<!-- This site is optimized with the Yoast SEO plugin v21.4 - https:\/\/yoast.com\/wordpress\/plugins\/seo\/ -->\n<title>QHP Hailey jazdeck\u00e9 \u010di\u017emy - Spicehorse<\/title>\n<meta name=\"description\" content=\"spicehorse.eu | QHP Hailey jazdeck\u00e9 \u010di\u017emy s\u00fa skuto\u010dnou raritou. Vrch \u010di\u017emy je zdoben\u00fd lakovanou ko\u017eou a\u00a0leskl\u00fdm glitrov\u00fdm materi\u00e1lom.\" \/>\n<meta name=\"robots\" content=\"index, follow, max-snippet:-1, max-image-preview:large, max-video-preview:-1\" \/>\n<link rel=\"canonical\" href=\"https:\/\/arak.spicehorse.eu\/sk\/produkt\/qhp-hailey-jazdecke-cizmy\/\" \/>\n<meta property=\"og:locale\" content=\"sk_SK\" \/>\n<meta property=\"og:type\" content=\"article\" \/>\n<meta property=\"og:title\" content=\"QHP Hailey jazdeck\u00e9 \u010di\u017emy - Spicehorse\" \/>\n<meta property=\"og:description\" content=\"spicehorse.eu | QHP Hailey jazdeck\u00e9 \u010di\u017emy s\u00fa skuto\u010dnou raritou. Vrch \u010di\u017emy je zdoben\u00fd lakovanou ko\u017eou a\u00a0leskl\u00fdm glitrov\u00fdm materi\u00e1lom.\" \/>\n<meta property=\"og:url\" content=\"https:\/\/arak.spicehorse.eu\/sk\/produkt\/qhp-hailey-jazdecke-cizmy\/\" \/>\n<meta property=\"og:site_name\" content=\"Spicehorse\" \/>\n<meta property=\"article:publisher\" content=\"https:\/\/www.facebook.com\/SPICEHORSE-550385625402457\/\" \/>\n<meta property=\"article:modified_time\" content=\"2023-12-13T19:59:14+00:00\" \/>\n<meta property=\"og:image\" content=\"https:\/\/arak.spicehorse.eu\/wp-content\/uploads\/2022\/10\/7250zw_20.jpeg\" \/>\n\t<meta property=\"og:image:width\" content=\"800\" \/>\n\t<meta property=\"og:image:height\" content=\"800\" \/>\n\t<meta property=\"og:image:type\" content=\"image\/jpeg\" \/>\n<meta name=\"twitter:card\" content=\"summary_large_image\" \/>\n<script type=\"application\/ld+json\" class=\"yoast-schema-graph\">{\"@context\":\"https:\/\/schema.org\",\"@graph\":[{\"@type\":\"WebPage\",\"@id\":\"https:\/\/arak.spicehorse.eu\/sk\/produkt\/qhp-hailey-jazdecke-cizmy\/\",\"url\":\"https:\/\/arak.spicehorse.eu\/sk\/produkt\/qhp-hailey-jazdecke-cizmy\/\",\"name\":\"QHP Hailey jazdeck\u00e9 \u010di\u017emy - Spicehorse\",\"isPartOf\":{\"@id\":\"https:\/\/arak.spicehorse.eu\/en\/#website\"},\"datePublished\":\"2022-10-20T11:14:15+00:00\",\"dateModified\":\"2023-12-13T19:59:14+00:00\",\"description\":\"spicehorse.eu | QHP Hailey jazdeck\u00e9 \u010di\u017emy s\u00fa skuto\u010dnou raritou. Vrch \u010di\u017emy je zdoben\u00fd lakovanou ko\u017eou a\u00a0leskl\u00fdm glitrov\u00fdm materi\u00e1lom.\",\"breadcrumb\":{\"@id\":\"https:\/\/arak.spicehorse.eu\/sk\/produkt\/qhp-hailey-jazdecke-cizmy\/#breadcrumb\"},\"inLanguage\":\"sk-SK\",\"potentialAction\":[{\"@type\":\"ReadAction\",\"target\":[\"https:\/\/arak.spicehorse.eu\/sk\/produkt\/qhp-hailey-jazdecke-cizmy\/\"]}]},{\"@type\":\"BreadcrumbList\",\"@id\":\"https:\/\/arak.spicehorse.eu\/sk\/produkt\/qhp-hailey-jazdecke-cizmy\/#breadcrumb\",\"itemListElement\":[{\"@type\":\"ListItem\",\"position\":1,\"name\":\"Home\",\"item\":\"https:\/\/arak.spicehorse.eu\/sk\/\"},{\"@type\":\"ListItem\",\"position\":2,\"name\":\"Predaj\u0148a\",\"item\":\"https:\/\/arak.spicehorse.eu\/sk\/predajna\/\"},{\"@type\":\"ListItem\",\"position\":3,\"name\":\"QHP Hailey jazdeck\u00e9 \u010di\u017emy\"}]},{\"@type\":\"WebSite\",\"@id\":\"https:\/\/arak.spicehorse.eu\/en\/#website\",\"url\":\"https:\/\/arak.spicehorse.eu\/en\/\",\"name\":\"Spicehorse\",\"description\":\"UNDER DEVELOPMENT -\",\"potentialAction\":[{\"@type\":\"SearchAction\",\"target\":{\"@type\":\"EntryPoint\",\"urlTemplate\":\"https:\/\/arak.spicehorse.eu\/en\/?s={search_term_string}\"},\"query-input\":\"required name=search_term_string\"}],\"inLanguage\":\"sk-SK\"}]}<\/script>\n<!-- \/ Yoast SEO plugin. -->","yoast_head_json":{"title":"QHP Hailey jazdeck\u00e9 \u010di\u017emy - Spicehorse","description":"spicehorse.eu | QHP Hailey jazdeck\u00e9 \u010di\u017emy s\u00fa skuto\u010dnou raritou. Vrch \u010di\u017emy je zdoben\u00fd lakovanou ko\u017eou a\u00a0leskl\u00fdm glitrov\u00fdm materi\u00e1lom.","robots":{"index":"index","follow":"follow","max-snippet":"max-snippet:-1","max-image-preview":"max-image-preview:large","max-video-preview":"max-video-preview:-1"},"canonical":"https:\/\/arak.spicehorse.eu\/sk\/produkt\/qhp-hailey-jazdecke-cizmy\/","og_locale":"sk_SK","og_type":"article","og_title":"QHP Hailey jazdeck\u00e9 \u010di\u017emy - Spicehorse","og_description":"spicehorse.eu | QHP Hailey jazdeck\u00e9 \u010di\u017emy s\u00fa skuto\u010dnou raritou. Vrch \u010di\u017emy je zdoben\u00fd lakovanou ko\u017eou a\u00a0leskl\u00fdm glitrov\u00fdm materi\u00e1lom.","og_url":"https:\/\/arak.spicehorse.eu\/sk\/produkt\/qhp-hailey-jazdecke-cizmy\/","og_site_name":"Spicehorse","article_publisher":"https:\/\/www.facebook.com\/SPICEHORSE-550385625402457\/","article_modified_time":"2023-12-13T19:59:14+00:00","og_image":[{"width":800,"height":800,"url":"https:\/\/arak.spicehorse.eu\/wp-content\/uploads\/2022\/10\/7250zw_20.jpeg","type":"image\/jpeg"}],"twitter_card":"summary_large_image","schema":{"@context":"https:\/\/schema.org","@graph":[{"@type":"WebPage","@id":"https:\/\/arak.spicehorse.eu\/sk\/produkt\/qhp-hailey-jazdecke-cizmy\/","url":"https:\/\/arak.spicehorse.eu\/sk\/produkt\/qhp-hailey-jazdecke-cizmy\/","name":"QHP Hailey jazdeck\u00e9 \u010di\u017emy - Spicehorse","isPartOf":{"@id":"https:\/\/arak.spicehorse.eu\/en\/#website"},"datePublished":"2022-10-20T11:14:15+00:00","dateModified":"2023-12-13T19:59:14+00:00","description":"spicehorse.eu | QHP Hailey jazdeck\u00e9 \u010di\u017emy s\u00fa skuto\u010dnou raritou. Vrch \u010di\u017emy je zdoben\u00fd lakovanou ko\u017eou a\u00a0leskl\u00fdm glitrov\u00fdm materi\u00e1lom.","breadcrumb":{"@id":"https:\/\/arak.spicehorse.eu\/sk\/produkt\/qhp-hailey-jazdecke-cizmy\/#breadcrumb"},"inLanguage":"sk-SK","potentialAction":[{"@type":"ReadAction","target":["https:\/\/arak.spicehorse.eu\/sk\/produkt\/qhp-hailey-jazdecke-cizmy\/"]}]},{"@type":"BreadcrumbList","@id":"https:\/\/arak.spicehorse.eu\/sk\/produkt\/qhp-hailey-jazdecke-cizmy\/#breadcrumb","itemListElement":[{"@type":"ListItem","position":1,"name":"Home","item":"https:\/\/arak.spicehorse.eu\/sk\/"},{"@type":"ListItem","position":2,"name":"Predaj\u0148a","item":"https:\/\/arak.spicehorse.eu\/sk\/predajna\/"},{"@type":"ListItem","position":3,"name":"QHP Hailey jazdeck\u00e9 \u010di\u017emy"}]},{"@type":"WebSite","@id":"https:\/\/arak.spicehorse.eu\/en\/#website","url":"https:\/\/arak.spicehorse.eu\/en\/","name":"Spicehorse","description":"UNDER DEVELOPMENT -","potentialAction":[{"@type":"SearchAction","target":{"@type":"EntryPoint","urlTemplate":"https:\/\/arak.spicehorse.eu\/en\/?s={search_term_string}"},"query-input":"required name=search_term_string"}],"inLanguage":"sk-SK"}]}},"_links":{"self":[{"href":"https:\/\/arak.spicehorse.eu\/sk\/wp-json\/wp\/v2\/product\/75840"}],"collection":[{"href":"https:\/\/arak.spicehorse.eu\/sk\/wp-json\/wp\/v2\/product"}],"about":[{"href":"https:\/\/arak.spicehorse.eu\/sk\/wp-json\/wp\/v2\/types\/product"}],"wp:featuredmedia":[{"embeddable":true,"href":"https:\/\/arak.spicehorse.eu\/sk\/wp-json\/wp\/v2\/media\/75976"}],"wp:attachment":[{"href":"https:\/\/arak.spicehorse.eu\/sk\/wp-json\/wp\/v2\/media?parent=75840"}],"wp:term":[{"taxonomy":"product_cat","embeddable":true,"href":"https:\/\/arak.spicehorse.eu\/sk\/wp-json\/wp\/v2\/product_cat?post=75840"},{"taxonomy":"product_tag","embeddable":true,"href":"https:\/\/arak.spicehorse.eu\/sk\/wp-json\/wp\/v2\/product_tag?post=75840"}],"curies":[{"name":"wp","href":"https:\/\/api.w.org\/{rel}","templated":true}]}}