{"id":75913,"date":"2022-10-20T17:23:39","date_gmt":"2022-10-20T15:23:43","guid":{"rendered":"https:\/\/arak.spicehorse.eu\/?post_type=product&#038;p=75913"},"modified":"2022-10-26T14:57:20","modified_gmt":"2022-10-26T12:57:20","slug":"qhp-jazdecke-podkolienky-halloween-3-ks","status":"publish","type":"product","link":"https:\/\/arak.spicehorse.eu\/sk\/produkt\/qhp-jazdecke-podkolienky-halloween-3-ks\/","title":{"rendered":"QHP jazdeck\u00e9 podkolienky Halloween  3 ks"},"content":{"rendered":"<p>Jazdeck\u00e9 podkolienka QHP Halloween z\u00a0elatick\u00e9ho materi\u00e1lu, ve\u013emi pohodln\u00e9. Set podkolienok pozost\u00e1vaj\u00faci z\u00a03 kusov, zdoben\u00fdch vzormi halloweenskej tekvi\u010dky, ducha a \u010derta.<\/p>\n","protected":false},"excerpt":{"rendered":"<p>Jazdeck\u00e9 podkolienka QHP Halloween z\u00a0elatick\u00e9ho materi\u00e1lu, ve\u013emi pohodln\u00e9. Set podkolienok pozost\u00e1vaj\u00faci z\u00a03 kusov, zdoben\u00fdch vzormi halloweenskej tekvi\u010dky, ducha a \u010derta.<\/p>\n","protected":false},"featured_media":75918,"template":"","meta":{"_acf_changed":false},"product_cat":[76,310],"product_tag":[2098,402,1973],"acf":[],"yoast_head":"<!-- This site is optimized with the Yoast SEO plugin v21.4 - https:\/\/yoast.com\/wordpress\/plugins\/seo\/ -->\n<title>QHP jazdeck\u00e9 podkolienky Halloween 3 ks - Spicehorse<\/title>\n<meta name=\"description\" content=\"spicehorse.eu | Jazdeck\u00e9 podkolienka QHP Halloween z\u00a0elatick\u00e9ho materi\u00e1lu, ve\u013emi pohodln\u00e9. Set podkolienok pozost\u00e1vaj\u00faci z\u00a03 kusov, zdoben\u00fdch vzormi halloweenskej tekvi\u010dky, ducha a \u010derta.\" \/>\n<meta name=\"robots\" content=\"index, follow, max-snippet:-1, max-image-preview:large, max-video-preview:-1\" \/>\n<link rel=\"canonical\" href=\"https:\/\/arak.spicehorse.eu\/termek\/qhp-lovaglozokni-halloween-3-db\/\" \/>\n<meta property=\"og:locale\" content=\"sk_SK\" \/>\n<meta property=\"og:type\" content=\"article\" \/>\n<meta property=\"og:title\" content=\"QHP jazdeck\u00e9 podkolienky Halloween 3 ks - Spicehorse\" \/>\n<meta property=\"og:description\" content=\"spicehorse.eu | Jazdeck\u00e9 podkolienka QHP Halloween z\u00a0elatick\u00e9ho materi\u00e1lu, ve\u013emi pohodln\u00e9. Set podkolienok pozost\u00e1vaj\u00faci z\u00a03 kusov, zdoben\u00fdch vzormi halloweenskej tekvi\u010dky, ducha a \u010derta.\" \/>\n<meta property=\"og:url\" content=\"https:\/\/arak.spicehorse.eu\/termek\/qhp-lovaglozokni-halloween-3-db\/\" \/>\n<meta property=\"og:site_name\" content=\"Spicehorse\" \/>\n<meta property=\"article:publisher\" content=\"https:\/\/www.facebook.com\/SPICEHORSE-550385625402457\/\" \/>\n<meta property=\"article:modified_time\" content=\"2022-10-26T12:57:20+00:00\" \/>\n<meta property=\"og:image\" content=\"https:\/\/arak.spicehorse.eu\/wp-content\/uploads\/2022\/10\/7255pgd_1.jpg\" \/>\n\t<meta property=\"og:image:width\" content=\"1280\" \/>\n\t<meta property=\"og:image:height\" content=\"1280\" \/>\n\t<meta property=\"og:image:type\" content=\"image\/jpeg\" \/>\n<meta name=\"twitter:card\" content=\"summary_large_image\" \/>\n<script type=\"application\/ld+json\" class=\"yoast-schema-graph\">{\"@context\":\"https:\/\/schema.org\",\"@graph\":[{\"@type\":\"WebPage\",\"@id\":\"https:\/\/arak.spicehorse.eu\/termek\/qhp-lovaglozokni-halloween-3-db\/\",\"url\":\"https:\/\/arak.spicehorse.eu\/termek\/qhp-lovaglozokni-halloween-3-db\/\",\"name\":\"QHP jazdeck\u00e9 podkolienky Halloween 3 ks - Spicehorse\",\"isPartOf\":{\"@id\":\"https:\/\/arak.spicehorse.eu\/en\/#website\"},\"datePublished\":\"2022-10-20T15:23:43+00:00\",\"dateModified\":\"2022-10-26T12:57:20+00:00\",\"description\":\"spicehorse.eu | Jazdeck\u00e9 podkolienka QHP Halloween z\u00a0elatick\u00e9ho materi\u00e1lu, ve\u013emi pohodln\u00e9. Set podkolienok pozost\u00e1vaj\u00faci z\u00a03 kusov, zdoben\u00fdch vzormi halloweenskej tekvi\u010dky, ducha a \u010derta.\",\"breadcrumb\":{\"@id\":\"https:\/\/arak.spicehorse.eu\/termek\/qhp-lovaglozokni-halloween-3-db\/#breadcrumb\"},\"inLanguage\":\"sk-SK\",\"potentialAction\":[{\"@type\":\"ReadAction\",\"target\":[\"https:\/\/arak.spicehorse.eu\/termek\/qhp-lovaglozokni-halloween-3-db\/\"]}]},{\"@type\":\"BreadcrumbList\",\"@id\":\"https:\/\/arak.spicehorse.eu\/termek\/qhp-lovaglozokni-halloween-3-db\/#breadcrumb\",\"itemListElement\":[{\"@type\":\"ListItem\",\"position\":1,\"name\":\"Home\",\"item\":\"https:\/\/arak.spicehorse.eu\/sk\/\"},{\"@type\":\"ListItem\",\"position\":2,\"name\":\"Predaj\u0148a\",\"item\":\"https:\/\/arak.spicehorse.eu\/sk\/predajna\/\"},{\"@type\":\"ListItem\",\"position\":3,\"name\":\"QHP jazdeck\u00e9 podkolienky Halloween 3 ks\"}]},{\"@type\":\"WebSite\",\"@id\":\"https:\/\/arak.spicehorse.eu\/en\/#website\",\"url\":\"https:\/\/arak.spicehorse.eu\/en\/\",\"name\":\"Spicehorse\",\"description\":\"UNDER DEVELOPMENT -\",\"potentialAction\":[{\"@type\":\"SearchAction\",\"target\":{\"@type\":\"EntryPoint\",\"urlTemplate\":\"https:\/\/arak.spicehorse.eu\/en\/?s={search_term_string}\"},\"query-input\":\"required name=search_term_string\"}],\"inLanguage\":\"sk-SK\"}]}<\/script>\n<!-- \/ Yoast SEO plugin. -->","yoast_head_json":{"title":"QHP jazdeck\u00e9 podkolienky Halloween 3 ks - Spicehorse","description":"spicehorse.eu | Jazdeck\u00e9 podkolienka QHP Halloween z\u00a0elatick\u00e9ho materi\u00e1lu, ve\u013emi pohodln\u00e9. Set podkolienok pozost\u00e1vaj\u00faci z\u00a03 kusov, zdoben\u00fdch vzormi halloweenskej tekvi\u010dky, ducha a \u010derta.","robots":{"index":"index","follow":"follow","max-snippet":"max-snippet:-1","max-image-preview":"max-image-preview:large","max-video-preview":"max-video-preview:-1"},"canonical":"https:\/\/arak.spicehorse.eu\/termek\/qhp-lovaglozokni-halloween-3-db\/","og_locale":"sk_SK","og_type":"article","og_title":"QHP jazdeck\u00e9 podkolienky Halloween 3 ks - Spicehorse","og_description":"spicehorse.eu | Jazdeck\u00e9 podkolienka QHP Halloween z\u00a0elatick\u00e9ho materi\u00e1lu, ve\u013emi pohodln\u00e9. Set podkolienok pozost\u00e1vaj\u00faci z\u00a03 kusov, zdoben\u00fdch vzormi halloweenskej tekvi\u010dky, ducha a \u010derta.","og_url":"https:\/\/arak.spicehorse.eu\/termek\/qhp-lovaglozokni-halloween-3-db\/","og_site_name":"Spicehorse","article_publisher":"https:\/\/www.facebook.com\/SPICEHORSE-550385625402457\/","article_modified_time":"2022-10-26T12:57:20+00:00","og_image":[{"width":1280,"height":1280,"url":"https:\/\/arak.spicehorse.eu\/wp-content\/uploads\/2022\/10\/7255pgd_1.jpg","type":"image\/jpeg"}],"twitter_card":"summary_large_image","schema":{"@context":"https:\/\/schema.org","@graph":[{"@type":"WebPage","@id":"https:\/\/arak.spicehorse.eu\/termek\/qhp-lovaglozokni-halloween-3-db\/","url":"https:\/\/arak.spicehorse.eu\/termek\/qhp-lovaglozokni-halloween-3-db\/","name":"QHP jazdeck\u00e9 podkolienky Halloween 3 ks - Spicehorse","isPartOf":{"@id":"https:\/\/arak.spicehorse.eu\/en\/#website"},"datePublished":"2022-10-20T15:23:43+00:00","dateModified":"2022-10-26T12:57:20+00:00","description":"spicehorse.eu | Jazdeck\u00e9 podkolienka QHP Halloween z\u00a0elatick\u00e9ho materi\u00e1lu, ve\u013emi pohodln\u00e9. Set podkolienok pozost\u00e1vaj\u00faci z\u00a03 kusov, zdoben\u00fdch vzormi halloweenskej tekvi\u010dky, ducha a \u010derta.","breadcrumb":{"@id":"https:\/\/arak.spicehorse.eu\/termek\/qhp-lovaglozokni-halloween-3-db\/#breadcrumb"},"inLanguage":"sk-SK","potentialAction":[{"@type":"ReadAction","target":["https:\/\/arak.spicehorse.eu\/termek\/qhp-lovaglozokni-halloween-3-db\/"]}]},{"@type":"BreadcrumbList","@id":"https:\/\/arak.spicehorse.eu\/termek\/qhp-lovaglozokni-halloween-3-db\/#breadcrumb","itemListElement":[{"@type":"ListItem","position":1,"name":"Home","item":"https:\/\/arak.spicehorse.eu\/sk\/"},{"@type":"ListItem","position":2,"name":"Predaj\u0148a","item":"https:\/\/arak.spicehorse.eu\/sk\/predajna\/"},{"@type":"ListItem","position":3,"name":"QHP jazdeck\u00e9 podkolienky Halloween 3 ks"}]},{"@type":"WebSite","@id":"https:\/\/arak.spicehorse.eu\/en\/#website","url":"https:\/\/arak.spicehorse.eu\/en\/","name":"Spicehorse","description":"UNDER DEVELOPMENT -","potentialAction":[{"@type":"SearchAction","target":{"@type":"EntryPoint","urlTemplate":"https:\/\/arak.spicehorse.eu\/en\/?s={search_term_string}"},"query-input":"required name=search_term_string"}],"inLanguage":"sk-SK"}]}},"_links":{"self":[{"href":"https:\/\/arak.spicehorse.eu\/sk\/wp-json\/wp\/v2\/product\/75913"}],"collection":[{"href":"https:\/\/arak.spicehorse.eu\/sk\/wp-json\/wp\/v2\/product"}],"about":[{"href":"https:\/\/arak.spicehorse.eu\/sk\/wp-json\/wp\/v2\/types\/product"}],"wp:featuredmedia":[{"embeddable":true,"href":"https:\/\/arak.spicehorse.eu\/sk\/wp-json\/wp\/v2\/media\/75918"}],"wp:attachment":[{"href":"https:\/\/arak.spicehorse.eu\/sk\/wp-json\/wp\/v2\/media?parent=75913"}],"wp:term":[{"taxonomy":"product_cat","embeddable":true,"href":"https:\/\/arak.spicehorse.eu\/sk\/wp-json\/wp\/v2\/product_cat?post=75913"},{"taxonomy":"product_tag","embeddable":true,"href":"https:\/\/arak.spicehorse.eu\/sk\/wp-json\/wp\/v2\/product_tag?post=75913"}],"curies":[{"name":"wp","href":"https:\/\/api.w.org\/{rel}","templated":true}]}}