{"id":76731,"date":"2022-10-27T21:55:35","date_gmt":"2022-10-27T19:55:38","guid":{"rendered":"https:\/\/arak.spicehorse.eu\/?post_type=product&#038;p=76731"},"modified":"2023-11-23T11:18:36","modified_gmt":"2023-11-23T10:18:36","slug":"kentucky-repellent-pracovne-bandaze-2-ks","status":"publish","type":"product","link":"https:\/\/arak.spicehorse.eu\/sk\/produkt\/kentucky-repellent-pracovne-bandaze-2-ks\/","title":{"rendered":"Kentucky Repellent pracovn\u00e9 band\u00e1\u017ee 2 ks"},"content":{"rendered":"<div>\n<p><span lang=\"SK\">Kentucky Horsewear Repellent pracovn\u00e9 band\u00e1\u017ee s\u00fa vyroben\u00e9 z\u00a0hladkej tkaniny pr\u00e9miovej kvality, ktor\u00e1\u00a0odpudzuje ne\u010distoty, piliny, seno a\u00a0ve\u013emi \u013eahko sa udr\u017euje v\u00a0\u010distote. Je mimoriadne priedu\u0161n\u00e1, pou\u017e\u00edvan\u00edm band\u00e1\u017e\u00ed sa nohy ko\u0148a neprehrievaj\u00fa. M\u00f4\u017eu sa pou\u017e\u00edva\u0165 spolu s Kentucky Horsewear Absorb band\u00e1\u017eov\u00fdmi podlo\u017ekami na ka\u017edodenn\u00fa pr\u00e1cu. Kentucky Repellent band\u00e1\u017ee s\u00fa dostupn\u00e9 v\u00a0sete z\u00a0dvoch kusov, s\u00fa v\u00a0ulo\u017een\u00e9 v\u00a0puzdre na zips, \u00a0jednoducho sa prepravuj\u00fa.<\/span><\/p>\n<\/div>\n<div>\n<p><span lang=\"SK\">Mo\u017eno ich pra\u0165 v\u00a0pr\u00e1\u010dke na 30\u00b0 (nevkladajte do su\u0161i\u010dky).<\/span><\/p>\n<\/div>\n<div>\n<p><span lang=\"SK\">Ve\u013ekos\u0165: 3,5 m x 12 cm<\/span><\/p>\n<\/div>\n","protected":false},"excerpt":{"rendered":"<ul style=\"font-weight: 400;\">\n<li>Z\u00a0hladkej tkaniny pr\u00e9miovej kvality<\/li>\n<li>Mimoriadne priedu\u0161n\u00e9, vzdu\u0161n\u00e9<\/li>\n<li>Odpudzuj\u00fa ne\u010distoty<\/li>\n<li>Siln\u00fd such\u00fd zips<\/li>\n<li>Ve\u013ekos\u0165: 3,5 m x 12 cm<\/li>\n<\/ul>\n","protected":false},"featured_media":76849,"template":"","meta":{"_acf_changed":false},"product_cat":[75,102,120],"product_tag":[149,184],"acf":[],"yoast_head":"<!-- This site is optimized with the Yoast SEO plugin v21.4 - https:\/\/yoast.com\/wordpress\/plugins\/seo\/ -->\n<title>Kentucky Repellent pracovn\u00e9 band\u00e1\u017ee 2 ks - Spicehorse<\/title>\n<meta name=\"description\" content=\"spicehorse.eu | Kentucky Horsewear Repellent pracovn\u00e9 band\u00e1\u017ee s\u00fa vyroben\u00e9 z\u00a0hladkej tkaniny pr\u00e9miovej kvality, ktor\u00e1\u00a0odpudzuje ne\u010distoty, piliny, seno a\u00a0ve\u013emi \u013eahko sa udr\u017euje v\u00a0\u010distote.\" \/>\n<meta name=\"robots\" content=\"index, follow, max-snippet:-1, max-image-preview:large, max-video-preview:-1\" \/>\n<link rel=\"canonical\" href=\"https:\/\/arak.spicehorse.eu\/sk\/produkt\/kentucky-repellent-pracovne-bandaze-2-ks\/\" \/>\n<meta property=\"og:locale\" content=\"sk_SK\" \/>\n<meta property=\"og:type\" content=\"article\" \/>\n<meta property=\"og:title\" content=\"Kentucky Repellent pracovn\u00e9 band\u00e1\u017ee 2 ks - Spicehorse\" \/>\n<meta property=\"og:description\" content=\"spicehorse.eu | Kentucky Horsewear Repellent pracovn\u00e9 band\u00e1\u017ee s\u00fa vyroben\u00e9 z\u00a0hladkej tkaniny pr\u00e9miovej kvality, ktor\u00e1\u00a0odpudzuje ne\u010distoty, piliny, seno a\u00a0ve\u013emi \u013eahko sa udr\u017euje v\u00a0\u010distote.\" \/>\n<meta property=\"og:url\" content=\"https:\/\/arak.spicehorse.eu\/sk\/produkt\/kentucky-repellent-pracovne-bandaze-2-ks\/\" \/>\n<meta property=\"og:site_name\" content=\"Spicehorse\" \/>\n<meta property=\"article:publisher\" content=\"https:\/\/www.facebook.com\/SPICEHORSE-550385625402457\/\" \/>\n<meta property=\"article:modified_time\" content=\"2023-11-23T10:18:36+00:00\" \/>\n<meta property=\"og:image\" content=\"https:\/\/arak.spicehorse.eu\/wp-content\/uploads\/2022\/10\/64f71bd6e8bf2dc7550d6659ac519691a485fac8527e2393ccfbb6e6c16dba24.jpg\" \/>\n\t<meta property=\"og:image:width\" content=\"2048\" \/>\n\t<meta property=\"og:image:height\" content=\"2048\" \/>\n\t<meta property=\"og:image:type\" content=\"image\/jpeg\" \/>\n<meta name=\"twitter:card\" content=\"summary_large_image\" \/>\n<meta name=\"twitter:label1\" content=\"Predpokladan\u00fd \u010das \u010d\u00edtania\" \/>\n\t<meta name=\"twitter:data1\" content=\"1 min\u00fata\" \/>\n<script type=\"application\/ld+json\" class=\"yoast-schema-graph\">{\"@context\":\"https:\/\/schema.org\",\"@graph\":[{\"@type\":\"WebPage\",\"@id\":\"https:\/\/arak.spicehorse.eu\/sk\/produkt\/kentucky-repellent-pracovne-bandaze-2-ks\/\",\"url\":\"https:\/\/arak.spicehorse.eu\/sk\/produkt\/kentucky-repellent-pracovne-bandaze-2-ks\/\",\"name\":\"Kentucky Repellent pracovn\u00e9 band\u00e1\u017ee 2 ks - Spicehorse\",\"isPartOf\":{\"@id\":\"https:\/\/arak.spicehorse.eu\/en\/#website\"},\"datePublished\":\"2022-10-27T19:55:38+00:00\",\"dateModified\":\"2023-11-23T10:18:36+00:00\",\"description\":\"spicehorse.eu | Kentucky Horsewear Repellent pracovn\u00e9 band\u00e1\u017ee s\u00fa vyroben\u00e9 z\u00a0hladkej tkaniny pr\u00e9miovej kvality, ktor\u00e1\u00a0odpudzuje ne\u010distoty, piliny, seno a\u00a0ve\u013emi \u013eahko sa udr\u017euje v\u00a0\u010distote.\",\"breadcrumb\":{\"@id\":\"https:\/\/arak.spicehorse.eu\/sk\/produkt\/kentucky-repellent-pracovne-bandaze-2-ks\/#breadcrumb\"},\"inLanguage\":\"sk-SK\",\"potentialAction\":[{\"@type\":\"ReadAction\",\"target\":[\"https:\/\/arak.spicehorse.eu\/sk\/produkt\/kentucky-repellent-pracovne-bandaze-2-ks\/\"]}]},{\"@type\":\"BreadcrumbList\",\"@id\":\"https:\/\/arak.spicehorse.eu\/sk\/produkt\/kentucky-repellent-pracovne-bandaze-2-ks\/#breadcrumb\",\"itemListElement\":[{\"@type\":\"ListItem\",\"position\":1,\"name\":\"Home\",\"item\":\"https:\/\/arak.spicehorse.eu\/sk\/\"},{\"@type\":\"ListItem\",\"position\":2,\"name\":\"Predaj\u0148a\",\"item\":\"https:\/\/arak.spicehorse.eu\/sk\/predajna\/\"},{\"@type\":\"ListItem\",\"position\":3,\"name\":\"Kentucky Repellent pracovn\u00e9 band\u00e1\u017ee 2 ks\"}]},{\"@type\":\"WebSite\",\"@id\":\"https:\/\/arak.spicehorse.eu\/en\/#website\",\"url\":\"https:\/\/arak.spicehorse.eu\/en\/\",\"name\":\"Spicehorse\",\"description\":\"UNDER DEVELOPMENT -\",\"potentialAction\":[{\"@type\":\"SearchAction\",\"target\":{\"@type\":\"EntryPoint\",\"urlTemplate\":\"https:\/\/arak.spicehorse.eu\/en\/?s={search_term_string}\"},\"query-input\":\"required name=search_term_string\"}],\"inLanguage\":\"sk-SK\"}]}<\/script>\n<!-- \/ Yoast SEO plugin. -->","yoast_head_json":{"title":"Kentucky Repellent pracovn\u00e9 band\u00e1\u017ee 2 ks - Spicehorse","description":"spicehorse.eu | Kentucky Horsewear Repellent pracovn\u00e9 band\u00e1\u017ee s\u00fa vyroben\u00e9 z\u00a0hladkej tkaniny pr\u00e9miovej kvality, ktor\u00e1\u00a0odpudzuje ne\u010distoty, piliny, seno a\u00a0ve\u013emi \u013eahko sa udr\u017euje v\u00a0\u010distote.","robots":{"index":"index","follow":"follow","max-snippet":"max-snippet:-1","max-image-preview":"max-image-preview:large","max-video-preview":"max-video-preview:-1"},"canonical":"https:\/\/arak.spicehorse.eu\/sk\/produkt\/kentucky-repellent-pracovne-bandaze-2-ks\/","og_locale":"sk_SK","og_type":"article","og_title":"Kentucky Repellent pracovn\u00e9 band\u00e1\u017ee 2 ks - Spicehorse","og_description":"spicehorse.eu | Kentucky Horsewear Repellent pracovn\u00e9 band\u00e1\u017ee s\u00fa vyroben\u00e9 z\u00a0hladkej tkaniny pr\u00e9miovej kvality, ktor\u00e1\u00a0odpudzuje ne\u010distoty, piliny, seno a\u00a0ve\u013emi \u013eahko sa udr\u017euje v\u00a0\u010distote.","og_url":"https:\/\/arak.spicehorse.eu\/sk\/produkt\/kentucky-repellent-pracovne-bandaze-2-ks\/","og_site_name":"Spicehorse","article_publisher":"https:\/\/www.facebook.com\/SPICEHORSE-550385625402457\/","article_modified_time":"2023-11-23T10:18:36+00:00","og_image":[{"width":2048,"height":2048,"url":"https:\/\/arak.spicehorse.eu\/wp-content\/uploads\/2022\/10\/64f71bd6e8bf2dc7550d6659ac519691a485fac8527e2393ccfbb6e6c16dba24.jpg","type":"image\/jpeg"}],"twitter_card":"summary_large_image","twitter_misc":{"Predpokladan\u00fd \u010das \u010d\u00edtania":"1 min\u00fata"},"schema":{"@context":"https:\/\/schema.org","@graph":[{"@type":"WebPage","@id":"https:\/\/arak.spicehorse.eu\/sk\/produkt\/kentucky-repellent-pracovne-bandaze-2-ks\/","url":"https:\/\/arak.spicehorse.eu\/sk\/produkt\/kentucky-repellent-pracovne-bandaze-2-ks\/","name":"Kentucky Repellent pracovn\u00e9 band\u00e1\u017ee 2 ks - Spicehorse","isPartOf":{"@id":"https:\/\/arak.spicehorse.eu\/en\/#website"},"datePublished":"2022-10-27T19:55:38+00:00","dateModified":"2023-11-23T10:18:36+00:00","description":"spicehorse.eu | Kentucky Horsewear Repellent pracovn\u00e9 band\u00e1\u017ee s\u00fa vyroben\u00e9 z\u00a0hladkej tkaniny pr\u00e9miovej kvality, ktor\u00e1\u00a0odpudzuje ne\u010distoty, piliny, seno a\u00a0ve\u013emi \u013eahko sa udr\u017euje v\u00a0\u010distote.","breadcrumb":{"@id":"https:\/\/arak.spicehorse.eu\/sk\/produkt\/kentucky-repellent-pracovne-bandaze-2-ks\/#breadcrumb"},"inLanguage":"sk-SK","potentialAction":[{"@type":"ReadAction","target":["https:\/\/arak.spicehorse.eu\/sk\/produkt\/kentucky-repellent-pracovne-bandaze-2-ks\/"]}]},{"@type":"BreadcrumbList","@id":"https:\/\/arak.spicehorse.eu\/sk\/produkt\/kentucky-repellent-pracovne-bandaze-2-ks\/#breadcrumb","itemListElement":[{"@type":"ListItem","position":1,"name":"Home","item":"https:\/\/arak.spicehorse.eu\/sk\/"},{"@type":"ListItem","position":2,"name":"Predaj\u0148a","item":"https:\/\/arak.spicehorse.eu\/sk\/predajna\/"},{"@type":"ListItem","position":3,"name":"Kentucky Repellent pracovn\u00e9 band\u00e1\u017ee 2 ks"}]},{"@type":"WebSite","@id":"https:\/\/arak.spicehorse.eu\/en\/#website","url":"https:\/\/arak.spicehorse.eu\/en\/","name":"Spicehorse","description":"UNDER DEVELOPMENT -","potentialAction":[{"@type":"SearchAction","target":{"@type":"EntryPoint","urlTemplate":"https:\/\/arak.spicehorse.eu\/en\/?s={search_term_string}"},"query-input":"required name=search_term_string"}],"inLanguage":"sk-SK"}]}},"_links":{"self":[{"href":"https:\/\/arak.spicehorse.eu\/sk\/wp-json\/wp\/v2\/product\/76731"}],"collection":[{"href":"https:\/\/arak.spicehorse.eu\/sk\/wp-json\/wp\/v2\/product"}],"about":[{"href":"https:\/\/arak.spicehorse.eu\/sk\/wp-json\/wp\/v2\/types\/product"}],"wp:featuredmedia":[{"embeddable":true,"href":"https:\/\/arak.spicehorse.eu\/sk\/wp-json\/wp\/v2\/media\/76849"}],"wp:attachment":[{"href":"https:\/\/arak.spicehorse.eu\/sk\/wp-json\/wp\/v2\/media?parent=76731"}],"wp:term":[{"taxonomy":"product_cat","embeddable":true,"href":"https:\/\/arak.spicehorse.eu\/sk\/wp-json\/wp\/v2\/product_cat?post=76731"},{"taxonomy":"product_tag","embeddable":true,"href":"https:\/\/arak.spicehorse.eu\/sk\/wp-json\/wp\/v2\/product_tag?post=76731"}],"curies":[{"name":"wp","href":"https:\/\/api.w.org\/{rel}","templated":true}]}}