{"id":78350,"date":"2022-11-06T12:11:07","date_gmt":"2022-11-06T11:11:09","guid":{"rendered":"https:\/\/arak.spicehorse.eu\/?post_type=product&#038;p=78350"},"modified":"2023-11-23T11:17:59","modified_gmt":"2023-11-23T10:17:59","slug":"kentucky-elasticke-bandaze-2-ks","status":"publish","type":"product","link":"https:\/\/arak.spicehorse.eu\/sk\/produkt\/kentucky-elasticke-bandaze-2-ks\/","title":{"rendered":"Kentucky elastick\u00e9 band\u00e1\u017ee 2 ks"},"content":{"rendered":"<p style=\"font-weight: 400;\">Kentucky Horsewear\u00a0elastick\u00e9 band\u00e1\u017ee so siln\u00fdm such\u00fdm zipsom boli navrhnut\u00e9 tak, aby boli maxim\u00e1lne elastick\u00e9 a podopierali \u0161\u013eachy. 220 x 10 cm, V sete pozost\u00e1vaj\u00facom z 2 kusov, s\u00fa v\u00a0puzdre uzatv\u00e1rate\u013enom na zips pre jednoduch\u0161iu prepravu.\u00a0 Mo\u017eno pra\u0165 v\u00a0pr\u00e1\u010dke na 30\u00b0, nevkladajte do su\u0161i\u010dky.<\/p>\n","protected":false},"excerpt":{"rendered":"<h3>Kentucky elastick\u00e9 band\u00e1\u017ee boli navrhnut\u00e9 tak, aby boli maxim\u00e1lne elastick\u00e9 a podopierali \u0161\u013eachy.<\/h3>\n<ul style=\"font-weight: 400;\">\n<li>Siln\u00fd such\u00fd zips<\/li>\n<li>Maxim\u00e1lne sa na\u0165ahuj\u00fa<\/li>\n<li>220 cm x 10 cm<\/li>\n<\/ul>\n","protected":false},"featured_media":78355,"template":"","meta":{"_acf_changed":false},"product_cat":[75,102,120],"product_tag":[149,184],"acf":[],"yoast_head":"<!-- This site is optimized with the Yoast SEO plugin v21.4 - https:\/\/yoast.com\/wordpress\/plugins\/seo\/ -->\n<title>Kentucky elastick\u00e9 band\u00e1\u017ee 2 ks - Spicehorse<\/title>\n<meta name=\"description\" content=\"spicehorse.eu | Kentucky Horsewear\u00a0elastick\u00e9 band\u00e1\u017ee so siln\u00fdm such\u00fdm zipsom boli navrhnut\u00e9 tak, aby boli maxim\u00e1lne elastick\u00e9 a podopierali \u0161\u013eachy.\" \/>\n<meta name=\"robots\" content=\"index, follow, max-snippet:-1, max-image-preview:large, max-video-preview:-1\" \/>\n<link rel=\"canonical\" href=\"https:\/\/arak.spicehorse.eu\/sk\/produkt\/kentucky-elasticke-bandaze-2-ks\/\" \/>\n<meta property=\"og:locale\" content=\"sk_SK\" \/>\n<meta property=\"og:type\" content=\"article\" \/>\n<meta property=\"og:title\" content=\"Kentucky elastick\u00e9 band\u00e1\u017ee 2 ks - Spicehorse\" \/>\n<meta property=\"og:description\" content=\"spicehorse.eu | Kentucky Horsewear\u00a0elastick\u00e9 band\u00e1\u017ee so siln\u00fdm such\u00fdm zipsom boli navrhnut\u00e9 tak, aby boli maxim\u00e1lne elastick\u00e9 a podopierali \u0161\u013eachy.\" \/>\n<meta property=\"og:url\" content=\"https:\/\/arak.spicehorse.eu\/sk\/produkt\/kentucky-elasticke-bandaze-2-ks\/\" \/>\n<meta property=\"og:site_name\" content=\"Spicehorse\" \/>\n<meta property=\"article:publisher\" content=\"https:\/\/www.facebook.com\/SPICEHORSE-550385625402457\/\" \/>\n<meta property=\"article:modified_time\" content=\"2023-11-23T10:17:59+00:00\" \/>\n<meta property=\"og:image\" content=\"https:\/\/arak.spicehorse.eu\/wp-content\/uploads\/2022\/11\/9cf4d47cf91f257e9afcf7b26b8e6b04d46152d514b5c1322ab08e4ef480c5c3.jpg\" \/>\n\t<meta property=\"og:image:width\" content=\"2048\" \/>\n\t<meta property=\"og:image:height\" content=\"2048\" \/>\n\t<meta property=\"og:image:type\" content=\"image\/jpeg\" \/>\n<meta name=\"twitter:card\" content=\"summary_large_image\" \/>\n<script type=\"application\/ld+json\" class=\"yoast-schema-graph\">{\"@context\":\"https:\/\/schema.org\",\"@graph\":[{\"@type\":\"WebPage\",\"@id\":\"https:\/\/arak.spicehorse.eu\/sk\/produkt\/kentucky-elasticke-bandaze-2-ks\/\",\"url\":\"https:\/\/arak.spicehorse.eu\/sk\/produkt\/kentucky-elasticke-bandaze-2-ks\/\",\"name\":\"Kentucky elastick\u00e9 band\u00e1\u017ee 2 ks - Spicehorse\",\"isPartOf\":{\"@id\":\"https:\/\/arak.spicehorse.eu\/en\/#website\"},\"datePublished\":\"2022-11-06T11:11:09+00:00\",\"dateModified\":\"2023-11-23T10:17:59+00:00\",\"description\":\"spicehorse.eu | Kentucky Horsewear\u00a0elastick\u00e9 band\u00e1\u017ee so siln\u00fdm such\u00fdm zipsom boli navrhnut\u00e9 tak, aby boli maxim\u00e1lne elastick\u00e9 a podopierali \u0161\u013eachy.\",\"breadcrumb\":{\"@id\":\"https:\/\/arak.spicehorse.eu\/sk\/produkt\/kentucky-elasticke-bandaze-2-ks\/#breadcrumb\"},\"inLanguage\":\"sk-SK\",\"potentialAction\":[{\"@type\":\"ReadAction\",\"target\":[\"https:\/\/arak.spicehorse.eu\/sk\/produkt\/kentucky-elasticke-bandaze-2-ks\/\"]}]},{\"@type\":\"BreadcrumbList\",\"@id\":\"https:\/\/arak.spicehorse.eu\/sk\/produkt\/kentucky-elasticke-bandaze-2-ks\/#breadcrumb\",\"itemListElement\":[{\"@type\":\"ListItem\",\"position\":1,\"name\":\"Home\",\"item\":\"https:\/\/arak.spicehorse.eu\/sk\/\"},{\"@type\":\"ListItem\",\"position\":2,\"name\":\"Predaj\u0148a\",\"item\":\"https:\/\/arak.spicehorse.eu\/sk\/predajna\/\"},{\"@type\":\"ListItem\",\"position\":3,\"name\":\"Kentucky elastick\u00e9 band\u00e1\u017ee 2 ks\"}]},{\"@type\":\"WebSite\",\"@id\":\"https:\/\/arak.spicehorse.eu\/en\/#website\",\"url\":\"https:\/\/arak.spicehorse.eu\/en\/\",\"name\":\"Spicehorse\",\"description\":\"UNDER DEVELOPMENT -\",\"potentialAction\":[{\"@type\":\"SearchAction\",\"target\":{\"@type\":\"EntryPoint\",\"urlTemplate\":\"https:\/\/arak.spicehorse.eu\/en\/?s={search_term_string}\"},\"query-input\":\"required name=search_term_string\"}],\"inLanguage\":\"sk-SK\"}]}<\/script>\n<!-- \/ Yoast SEO plugin. -->","yoast_head_json":{"title":"Kentucky elastick\u00e9 band\u00e1\u017ee 2 ks - Spicehorse","description":"spicehorse.eu | Kentucky Horsewear\u00a0elastick\u00e9 band\u00e1\u017ee so siln\u00fdm such\u00fdm zipsom boli navrhnut\u00e9 tak, aby boli maxim\u00e1lne elastick\u00e9 a podopierali \u0161\u013eachy.","robots":{"index":"index","follow":"follow","max-snippet":"max-snippet:-1","max-image-preview":"max-image-preview:large","max-video-preview":"max-video-preview:-1"},"canonical":"https:\/\/arak.spicehorse.eu\/sk\/produkt\/kentucky-elasticke-bandaze-2-ks\/","og_locale":"sk_SK","og_type":"article","og_title":"Kentucky elastick\u00e9 band\u00e1\u017ee 2 ks - Spicehorse","og_description":"spicehorse.eu | Kentucky Horsewear\u00a0elastick\u00e9 band\u00e1\u017ee so siln\u00fdm such\u00fdm zipsom boli navrhnut\u00e9 tak, aby boli maxim\u00e1lne elastick\u00e9 a podopierali \u0161\u013eachy.","og_url":"https:\/\/arak.spicehorse.eu\/sk\/produkt\/kentucky-elasticke-bandaze-2-ks\/","og_site_name":"Spicehorse","article_publisher":"https:\/\/www.facebook.com\/SPICEHORSE-550385625402457\/","article_modified_time":"2023-11-23T10:17:59+00:00","og_image":[{"width":2048,"height":2048,"url":"https:\/\/arak.spicehorse.eu\/wp-content\/uploads\/2022\/11\/9cf4d47cf91f257e9afcf7b26b8e6b04d46152d514b5c1322ab08e4ef480c5c3.jpg","type":"image\/jpeg"}],"twitter_card":"summary_large_image","schema":{"@context":"https:\/\/schema.org","@graph":[{"@type":"WebPage","@id":"https:\/\/arak.spicehorse.eu\/sk\/produkt\/kentucky-elasticke-bandaze-2-ks\/","url":"https:\/\/arak.spicehorse.eu\/sk\/produkt\/kentucky-elasticke-bandaze-2-ks\/","name":"Kentucky elastick\u00e9 band\u00e1\u017ee 2 ks - Spicehorse","isPartOf":{"@id":"https:\/\/arak.spicehorse.eu\/en\/#website"},"datePublished":"2022-11-06T11:11:09+00:00","dateModified":"2023-11-23T10:17:59+00:00","description":"spicehorse.eu | Kentucky Horsewear\u00a0elastick\u00e9 band\u00e1\u017ee so siln\u00fdm such\u00fdm zipsom boli navrhnut\u00e9 tak, aby boli maxim\u00e1lne elastick\u00e9 a podopierali \u0161\u013eachy.","breadcrumb":{"@id":"https:\/\/arak.spicehorse.eu\/sk\/produkt\/kentucky-elasticke-bandaze-2-ks\/#breadcrumb"},"inLanguage":"sk-SK","potentialAction":[{"@type":"ReadAction","target":["https:\/\/arak.spicehorse.eu\/sk\/produkt\/kentucky-elasticke-bandaze-2-ks\/"]}]},{"@type":"BreadcrumbList","@id":"https:\/\/arak.spicehorse.eu\/sk\/produkt\/kentucky-elasticke-bandaze-2-ks\/#breadcrumb","itemListElement":[{"@type":"ListItem","position":1,"name":"Home","item":"https:\/\/arak.spicehorse.eu\/sk\/"},{"@type":"ListItem","position":2,"name":"Predaj\u0148a","item":"https:\/\/arak.spicehorse.eu\/sk\/predajna\/"},{"@type":"ListItem","position":3,"name":"Kentucky elastick\u00e9 band\u00e1\u017ee 2 ks"}]},{"@type":"WebSite","@id":"https:\/\/arak.spicehorse.eu\/en\/#website","url":"https:\/\/arak.spicehorse.eu\/en\/","name":"Spicehorse","description":"UNDER DEVELOPMENT -","potentialAction":[{"@type":"SearchAction","target":{"@type":"EntryPoint","urlTemplate":"https:\/\/arak.spicehorse.eu\/en\/?s={search_term_string}"},"query-input":"required name=search_term_string"}],"inLanguage":"sk-SK"}]}},"_links":{"self":[{"href":"https:\/\/arak.spicehorse.eu\/sk\/wp-json\/wp\/v2\/product\/78350"}],"collection":[{"href":"https:\/\/arak.spicehorse.eu\/sk\/wp-json\/wp\/v2\/product"}],"about":[{"href":"https:\/\/arak.spicehorse.eu\/sk\/wp-json\/wp\/v2\/types\/product"}],"wp:featuredmedia":[{"embeddable":true,"href":"https:\/\/arak.spicehorse.eu\/sk\/wp-json\/wp\/v2\/media\/78355"}],"wp:attachment":[{"href":"https:\/\/arak.spicehorse.eu\/sk\/wp-json\/wp\/v2\/media?parent=78350"}],"wp:term":[{"taxonomy":"product_cat","embeddable":true,"href":"https:\/\/arak.spicehorse.eu\/sk\/wp-json\/wp\/v2\/product_cat?post=78350"},{"taxonomy":"product_tag","embeddable":true,"href":"https:\/\/arak.spicehorse.eu\/sk\/wp-json\/wp\/v2\/product_tag?post=78350"}],"curies":[{"name":"wp","href":"https:\/\/api.w.org\/{rel}","templated":true}]}}