{"id":7844,"date":"2019-12-28T14:10:59","date_gmt":"2019-12-28T13:10:59","guid":{"rendered":"https:\/\/arak.spicehorse.eu\/product\/kentucky-barsony-nyakorv\/"},"modified":"2025-10-04T18:49:16","modified_gmt":"2025-10-04T16:49:16","slug":"kentucky-mencestrovy-obojok","status":"publish","type":"product","link":"https:\/\/arak.spicehorse.eu\/sk\/produkt\/kentucky-mencestrovy-obojok\/","title":{"rendered":"Kentucky men\u010destrov\u00fd obojok"},"content":{"rendered":"<p><span lang=\"SK\">Men\u010destrov\u00fd obojok Kentucky Dogwear dod\u00e1 V\u00e1\u0161mu psovi \u0161t\u00fdlov\u00fd a\u00a0farebn\u00fd dizajn! Maxim\u00e1lny s\u00falad s Kentucky Horsewear men\u010destrovou podsedlovou de\u010dkou!<\/span><\/p>\n<p><span lang=\"SK\">Vn\u00fatro men\u010destrov\u00e9ho obojku je z\u00a0nylonu posilnen\u00e9ho mikrovl\u00e1knami. Je to extra pevn\u00fd a\u00a0pohodln\u00fd doplnok pre n\u00e1\u0161ho Mil\u00e1\u010dika. Zap\u00edna sa zlatou sponou, ve\u013ekos\u0165 je nastavite\u013en\u00e1, \u013eahko sa k\u00a0nej prip\u00e1ja men\u010destrov\u00e1 v\u00f4dzka. Obsahuje mal\u00fa zlat\u00fa visa\u010dku, na zadn\u00fa stranu ktorej m\u00f4\u017eeme vygrav\u00edrova\u0165 meno psa.<\/span><\/p>\n<p><span lang=\"SK\">Ve\u013ekosti: XXS: 18-26cm &#8211; 1,1 cm \/ XS: 25-38cm \u2013 1,5cm \/ S: 28-40cm \u2013 2 cm \/ M: 36-52cm \u2013 2,5cm \/ L: 42-68cm \u2013 2,5cm \/ XL: 45-75cm \u2013 3cm.<\/span><\/p>\n","protected":false},"excerpt":{"rendered":"<h3><strong>Men\u010destrov\u00fd obojok pre psov dod\u00e1 V\u00e1\u0161mu psovi \u0161t\u00fdlov\u00fd a\u00a0farebn\u00fd dizajn!<\/strong><\/h3>\n<ul>\n<li>Modern\u00fd obojok<\/li>\n<li>M\u00e4kk\u00fd men\u010destrov\u00fd materi\u00e1l<\/li>\n<li>S\u00a0visa\u010dkou, ktor\u00fa mo\u017eno grav\u00edrova\u0165<\/li>\n<li>Vyber si k\u00a0nej men\u010destrov\u00fa v\u00f4dzku<\/li>\n<\/ul>\n","protected":false},"featured_media":69677,"template":"","meta":{"_acf_changed":false},"product_cat":[74,298],"product_tag":[184,324,197],"acf":[],"yoast_head":"<!-- This site is optimized with the Yoast SEO plugin v21.4 - https:\/\/yoast.com\/wordpress\/plugins\/seo\/ -->\n<title>Kentucky men\u010destrov\u00fd obojok - Spicehorse<\/title>\n<meta name=\"description\" content=\"spicehorse.eu | Kentukcy Dogwear men\u010destrov\u00fd obojok pre psov dod\u00e1 V\u00e1\u0161mu psovi \u0161t\u00fdlov\u00fd a farebn\u00fd dizajn!\" \/>\n<meta name=\"robots\" content=\"index, follow, max-snippet:-1, max-image-preview:large, max-video-preview:-1\" \/>\n<link rel=\"canonical\" href=\"https:\/\/arak.spicehorse.eu\/sk\/produkt\/kentucky-mencestrovy-obojok\/\" \/>\n<meta property=\"og:locale\" content=\"sk_SK\" \/>\n<meta property=\"og:type\" content=\"article\" \/>\n<meta property=\"og:title\" content=\"Kentucky men\u010destrov\u00fd obojok - Spicehorse\" \/>\n<meta property=\"og:description\" content=\"spicehorse.eu | Kentukcy Dogwear men\u010destrov\u00fd obojok pre psov dod\u00e1 V\u00e1\u0161mu psovi \u0161t\u00fdlov\u00fd a farebn\u00fd dizajn!\" \/>\n<meta property=\"og:url\" content=\"https:\/\/arak.spicehorse.eu\/sk\/produkt\/kentucky-mencestrovy-obojok\/\" \/>\n<meta property=\"og:site_name\" content=\"Spicehorse\" \/>\n<meta property=\"article:publisher\" content=\"https:\/\/www.facebook.com\/SPICEHORSE-550385625402457\/\" \/>\n<meta property=\"article:modified_time\" content=\"2025-10-04T16:49:16+00:00\" \/>\n<meta property=\"og:image\" content=\"https:\/\/arak.spicehorse.eu\/wp-content\/uploads\/2019\/12\/kentucky-dogwear-dog-collars-leads-dog-collar-velvet-old-rose-2-564c22e810080218547dfa1c1093aa08-article-photobook-l.webp\" \/>\n\t<meta property=\"og:image:width\" content=\"728\" \/>\n\t<meta property=\"og:image:height\" content=\"728\" \/>\n\t<meta property=\"og:image:type\" content=\"image\/webp\" \/>\n<meta name=\"twitter:card\" content=\"summary_large_image\" \/>\n<meta name=\"twitter:label1\" content=\"Predpokladan\u00fd \u010das \u010d\u00edtania\" \/>\n\t<meta name=\"twitter:data1\" content=\"1 min\u00fata\" \/>\n<script type=\"application\/ld+json\" class=\"yoast-schema-graph\">{\"@context\":\"https:\/\/schema.org\",\"@graph\":[{\"@type\":\"WebPage\",\"@id\":\"https:\/\/arak.spicehorse.eu\/sk\/produkt\/kentucky-mencestrovy-obojok\/\",\"url\":\"https:\/\/arak.spicehorse.eu\/sk\/produkt\/kentucky-mencestrovy-obojok\/\",\"name\":\"Kentucky men\u010destrov\u00fd obojok - Spicehorse\",\"isPartOf\":{\"@id\":\"https:\/\/arak.spicehorse.eu\/en\/#website\"},\"datePublished\":\"2019-12-28T13:10:59+00:00\",\"dateModified\":\"2025-10-04T16:49:16+00:00\",\"description\":\"spicehorse.eu | Kentukcy Dogwear men\u010destrov\u00fd obojok pre psov dod\u00e1 V\u00e1\u0161mu psovi \u0161t\u00fdlov\u00fd a farebn\u00fd dizajn!\",\"breadcrumb\":{\"@id\":\"https:\/\/arak.spicehorse.eu\/sk\/produkt\/kentucky-mencestrovy-obojok\/#breadcrumb\"},\"inLanguage\":\"sk-SK\",\"potentialAction\":[{\"@type\":\"ReadAction\",\"target\":[\"https:\/\/arak.spicehorse.eu\/sk\/produkt\/kentucky-mencestrovy-obojok\/\"]}]},{\"@type\":\"BreadcrumbList\",\"@id\":\"https:\/\/arak.spicehorse.eu\/sk\/produkt\/kentucky-mencestrovy-obojok\/#breadcrumb\",\"itemListElement\":[{\"@type\":\"ListItem\",\"position\":1,\"name\":\"Home\",\"item\":\"https:\/\/arak.spicehorse.eu\/sk\/\"},{\"@type\":\"ListItem\",\"position\":2,\"name\":\"Predaj\u0148a\",\"item\":\"https:\/\/arak.spicehorse.eu\/sk\/predajna\/\"},{\"@type\":\"ListItem\",\"position\":3,\"name\":\"Kentucky men\u010destrov\u00fd obojok\"}]},{\"@type\":\"WebSite\",\"@id\":\"https:\/\/arak.spicehorse.eu\/en\/#website\",\"url\":\"https:\/\/arak.spicehorse.eu\/en\/\",\"name\":\"Spicehorse\",\"description\":\"UNDER DEVELOPMENT -\",\"potentialAction\":[{\"@type\":\"SearchAction\",\"target\":{\"@type\":\"EntryPoint\",\"urlTemplate\":\"https:\/\/arak.spicehorse.eu\/en\/?s={search_term_string}\"},\"query-input\":\"required name=search_term_string\"}],\"inLanguage\":\"sk-SK\"}]}<\/script>\n<!-- \/ Yoast SEO plugin. -->","yoast_head_json":{"title":"Kentucky men\u010destrov\u00fd obojok - Spicehorse","description":"spicehorse.eu | Kentukcy Dogwear men\u010destrov\u00fd obojok pre psov dod\u00e1 V\u00e1\u0161mu psovi \u0161t\u00fdlov\u00fd a farebn\u00fd dizajn!","robots":{"index":"index","follow":"follow","max-snippet":"max-snippet:-1","max-image-preview":"max-image-preview:large","max-video-preview":"max-video-preview:-1"},"canonical":"https:\/\/arak.spicehorse.eu\/sk\/produkt\/kentucky-mencestrovy-obojok\/","og_locale":"sk_SK","og_type":"article","og_title":"Kentucky men\u010destrov\u00fd obojok - Spicehorse","og_description":"spicehorse.eu | Kentukcy Dogwear men\u010destrov\u00fd obojok pre psov dod\u00e1 V\u00e1\u0161mu psovi \u0161t\u00fdlov\u00fd a farebn\u00fd dizajn!","og_url":"https:\/\/arak.spicehorse.eu\/sk\/produkt\/kentucky-mencestrovy-obojok\/","og_site_name":"Spicehorse","article_publisher":"https:\/\/www.facebook.com\/SPICEHORSE-550385625402457\/","article_modified_time":"2025-10-04T16:49:16+00:00","og_image":[{"width":728,"height":728,"url":"https:\/\/arak.spicehorse.eu\/wp-content\/uploads\/2019\/12\/kentucky-dogwear-dog-collars-leads-dog-collar-velvet-old-rose-2-564c22e810080218547dfa1c1093aa08-article-photobook-l.webp","type":"image\/webp"}],"twitter_card":"summary_large_image","twitter_misc":{"Predpokladan\u00fd \u010das \u010d\u00edtania":"1 min\u00fata"},"schema":{"@context":"https:\/\/schema.org","@graph":[{"@type":"WebPage","@id":"https:\/\/arak.spicehorse.eu\/sk\/produkt\/kentucky-mencestrovy-obojok\/","url":"https:\/\/arak.spicehorse.eu\/sk\/produkt\/kentucky-mencestrovy-obojok\/","name":"Kentucky men\u010destrov\u00fd obojok - Spicehorse","isPartOf":{"@id":"https:\/\/arak.spicehorse.eu\/en\/#website"},"datePublished":"2019-12-28T13:10:59+00:00","dateModified":"2025-10-04T16:49:16+00:00","description":"spicehorse.eu | Kentukcy Dogwear men\u010destrov\u00fd obojok pre psov dod\u00e1 V\u00e1\u0161mu psovi \u0161t\u00fdlov\u00fd a farebn\u00fd dizajn!","breadcrumb":{"@id":"https:\/\/arak.spicehorse.eu\/sk\/produkt\/kentucky-mencestrovy-obojok\/#breadcrumb"},"inLanguage":"sk-SK","potentialAction":[{"@type":"ReadAction","target":["https:\/\/arak.spicehorse.eu\/sk\/produkt\/kentucky-mencestrovy-obojok\/"]}]},{"@type":"BreadcrumbList","@id":"https:\/\/arak.spicehorse.eu\/sk\/produkt\/kentucky-mencestrovy-obojok\/#breadcrumb","itemListElement":[{"@type":"ListItem","position":1,"name":"Home","item":"https:\/\/arak.spicehorse.eu\/sk\/"},{"@type":"ListItem","position":2,"name":"Predaj\u0148a","item":"https:\/\/arak.spicehorse.eu\/sk\/predajna\/"},{"@type":"ListItem","position":3,"name":"Kentucky men\u010destrov\u00fd obojok"}]},{"@type":"WebSite","@id":"https:\/\/arak.spicehorse.eu\/en\/#website","url":"https:\/\/arak.spicehorse.eu\/en\/","name":"Spicehorse","description":"UNDER DEVELOPMENT -","potentialAction":[{"@type":"SearchAction","target":{"@type":"EntryPoint","urlTemplate":"https:\/\/arak.spicehorse.eu\/en\/?s={search_term_string}"},"query-input":"required name=search_term_string"}],"inLanguage":"sk-SK"}]}},"_links":{"self":[{"href":"https:\/\/arak.spicehorse.eu\/sk\/wp-json\/wp\/v2\/product\/7844"}],"collection":[{"href":"https:\/\/arak.spicehorse.eu\/sk\/wp-json\/wp\/v2\/product"}],"about":[{"href":"https:\/\/arak.spicehorse.eu\/sk\/wp-json\/wp\/v2\/types\/product"}],"wp:featuredmedia":[{"embeddable":true,"href":"https:\/\/arak.spicehorse.eu\/sk\/wp-json\/wp\/v2\/media\/69677"}],"wp:attachment":[{"href":"https:\/\/arak.spicehorse.eu\/sk\/wp-json\/wp\/v2\/media?parent=7844"}],"wp:term":[{"taxonomy":"product_cat","embeddable":true,"href":"https:\/\/arak.spicehorse.eu\/sk\/wp-json\/wp\/v2\/product_cat?post=7844"},{"taxonomy":"product_tag","embeddable":true,"href":"https:\/\/arak.spicehorse.eu\/sk\/wp-json\/wp\/v2\/product_tag?post=7844"}],"curies":[{"name":"wp","href":"https:\/\/api.w.org\/{rel}","templated":true}]}}