{"id":79088,"date":"2022-11-14T17:29:11","date_gmt":"2022-11-14T16:29:11","guid":{"rendered":"https:\/\/arak.spicehorse.eu\/?post_type=product&#038;p=79088"},"modified":"2022-11-24T19:45:29","modified_gmt":"2022-11-24T18:45:29","slug":"qhp-stajnove-gamase","status":"publish","type":"product","link":"https:\/\/arak.spicehorse.eu\/sk\/produkt\/qhp-stajnove-gamase\/","title":{"rendered":"QHP staj\u0148ov\u00e9 gama\u0161e"},"content":{"rendered":"<p style=\"font-weight: 400;\">QHP staj\u0148ov\u00e9 gama\u0161e pom\u00e1haj\u00fa ochr\u00e1ni\u0165 nohy ko\u0148a pred poraneniami po\u010das transportu alebo v stajni. Jemn\u00e9 polstrovanie a neopr\u00e9nov\u00fd materi\u00e1l dokonale chr\u00e1nia a pre kone s\u00fa maxim\u00e1lne pohodln\u00e9. M\u00f4\u017eu sa pou\u017e\u00edva\u0165 na predn\u00e9 aj zadn\u00e9 nohy z\u00e1rove\u0148. Upev\u0148uj\u00fa sa pevn\u00fdm such\u00fdm zipsom.<\/p>\n","protected":false},"excerpt":{"rendered":"<ul>\n<li>Vonkaj\u0161\u00ed materi\u00e1l: neopr\u00e9n<\/li>\n<li>V\u00fdpl\u0148: akryl<\/li>\n<li>Stielka: bavlna<\/li>\n<li>Neopr\u00e9nov\u00e9 staj\u0148ov\u00e9 a\u00a0cestovn\u00e9 gama\u0161e<\/li>\n<li>Jemn\u00e1 stielka chr\u00e1ni pred poraneniami<\/li>\n<li>Pohodln\u00e9<\/li>\n<li>M\u00f4\u017eu sa pou\u017e\u00edva\u0165 na predn\u00e9 aj na zadn\u00e9 nohy<\/li>\n<li>Upev\u0148uj\u00fa sa pomocou dvoch such\u00fdch zipsov<\/li>\n<li>2 kusy<\/li>\n<\/ul>\n","protected":false},"featured_media":79366,"template":"","meta":{"_acf_changed":false},"product_cat":[75,102,120],"product_tag":[467,338,1973],"acf":[],"yoast_head":"<!-- This site is optimized with the Yoast SEO plugin v21.4 - https:\/\/yoast.com\/wordpress\/plugins\/seo\/ -->\n<title>QHP staj\u0148ov\u00e9 gama\u0161e - Spicehorse<\/title>\n<meta name=\"description\" content=\"spicehorse.eu | QHP staj\u0148ov\u00e9 gama\u0161e pom\u00e1haj\u00fa ochr\u00e1ni\u0165 nohy ko\u0148a pred poraneniami po\u010das transportu alebo v stajni.\" \/>\n<meta name=\"robots\" content=\"index, follow, max-snippet:-1, max-image-preview:large, max-video-preview:-1\" \/>\n<link rel=\"canonical\" href=\"https:\/\/arak.spicehorse.eu\/termek\/qhp-istallofasli\/\" \/>\n<meta property=\"og:locale\" content=\"sk_SK\" \/>\n<meta property=\"og:type\" content=\"article\" \/>\n<meta property=\"og:title\" content=\"QHP staj\u0148ov\u00e9 gama\u0161e - Spicehorse\" \/>\n<meta property=\"og:description\" content=\"spicehorse.eu | QHP staj\u0148ov\u00e9 gama\u0161e pom\u00e1haj\u00fa ochr\u00e1ni\u0165 nohy ko\u0148a pred poraneniami po\u010das transportu alebo v stajni.\" \/>\n<meta property=\"og:url\" content=\"https:\/\/arak.spicehorse.eu\/termek\/qhp-istallofasli\/\" \/>\n<meta property=\"og:site_name\" content=\"Spicehorse\" \/>\n<meta property=\"article:publisher\" content=\"https:\/\/www.facebook.com\/SPICEHORSE-550385625402457\/\" \/>\n<meta property=\"article:modified_time\" content=\"2022-11-24T18:45:29+00:00\" \/>\n<meta property=\"og:image\" content=\"https:\/\/arak.spicehorse.eu\/wp-content\/uploads\/2022\/11\/4079zw_3.jpeg\" \/>\n\t<meta property=\"og:image:width\" content=\"800\" \/>\n\t<meta property=\"og:image:height\" content=\"800\" \/>\n\t<meta property=\"og:image:type\" content=\"image\/jpeg\" \/>\n<meta name=\"twitter:card\" content=\"summary_large_image\" \/>\n<script type=\"application\/ld+json\" class=\"yoast-schema-graph\">{\"@context\":\"https:\/\/schema.org\",\"@graph\":[{\"@type\":\"WebPage\",\"@id\":\"https:\/\/arak.spicehorse.eu\/termek\/qhp-istallofasli\/\",\"url\":\"https:\/\/arak.spicehorse.eu\/termek\/qhp-istallofasli\/\",\"name\":\"QHP staj\u0148ov\u00e9 gama\u0161e - Spicehorse\",\"isPartOf\":{\"@id\":\"https:\/\/arak.spicehorse.eu\/en\/#website\"},\"datePublished\":\"2022-11-14T16:29:11+00:00\",\"dateModified\":\"2022-11-24T18:45:29+00:00\",\"description\":\"spicehorse.eu | QHP staj\u0148ov\u00e9 gama\u0161e pom\u00e1haj\u00fa ochr\u00e1ni\u0165 nohy ko\u0148a pred poraneniami po\u010das transportu alebo v stajni.\",\"breadcrumb\":{\"@id\":\"https:\/\/arak.spicehorse.eu\/termek\/qhp-istallofasli\/#breadcrumb\"},\"inLanguage\":\"sk-SK\",\"potentialAction\":[{\"@type\":\"ReadAction\",\"target\":[\"https:\/\/arak.spicehorse.eu\/termek\/qhp-istallofasli\/\"]}]},{\"@type\":\"BreadcrumbList\",\"@id\":\"https:\/\/arak.spicehorse.eu\/termek\/qhp-istallofasli\/#breadcrumb\",\"itemListElement\":[{\"@type\":\"ListItem\",\"position\":1,\"name\":\"Home\",\"item\":\"https:\/\/arak.spicehorse.eu\/sk\/\"},{\"@type\":\"ListItem\",\"position\":2,\"name\":\"Predaj\u0148a\",\"item\":\"https:\/\/arak.spicehorse.eu\/sk\/predajna\/\"},{\"@type\":\"ListItem\",\"position\":3,\"name\":\"QHP staj\u0148ov\u00e9 gama\u0161e\"}]},{\"@type\":\"WebSite\",\"@id\":\"https:\/\/arak.spicehorse.eu\/en\/#website\",\"url\":\"https:\/\/arak.spicehorse.eu\/en\/\",\"name\":\"Spicehorse\",\"description\":\"UNDER DEVELOPMENT -\",\"potentialAction\":[{\"@type\":\"SearchAction\",\"target\":{\"@type\":\"EntryPoint\",\"urlTemplate\":\"https:\/\/arak.spicehorse.eu\/en\/?s={search_term_string}\"},\"query-input\":\"required name=search_term_string\"}],\"inLanguage\":\"sk-SK\"}]}<\/script>\n<!-- \/ Yoast SEO plugin. -->","yoast_head_json":{"title":"QHP staj\u0148ov\u00e9 gama\u0161e - Spicehorse","description":"spicehorse.eu | QHP staj\u0148ov\u00e9 gama\u0161e pom\u00e1haj\u00fa ochr\u00e1ni\u0165 nohy ko\u0148a pred poraneniami po\u010das transportu alebo v stajni.","robots":{"index":"index","follow":"follow","max-snippet":"max-snippet:-1","max-image-preview":"max-image-preview:large","max-video-preview":"max-video-preview:-1"},"canonical":"https:\/\/arak.spicehorse.eu\/termek\/qhp-istallofasli\/","og_locale":"sk_SK","og_type":"article","og_title":"QHP staj\u0148ov\u00e9 gama\u0161e - Spicehorse","og_description":"spicehorse.eu | QHP staj\u0148ov\u00e9 gama\u0161e pom\u00e1haj\u00fa ochr\u00e1ni\u0165 nohy ko\u0148a pred poraneniami po\u010das transportu alebo v stajni.","og_url":"https:\/\/arak.spicehorse.eu\/termek\/qhp-istallofasli\/","og_site_name":"Spicehorse","article_publisher":"https:\/\/www.facebook.com\/SPICEHORSE-550385625402457\/","article_modified_time":"2022-11-24T18:45:29+00:00","og_image":[{"width":800,"height":800,"url":"https:\/\/arak.spicehorse.eu\/wp-content\/uploads\/2022\/11\/4079zw_3.jpeg","type":"image\/jpeg"}],"twitter_card":"summary_large_image","schema":{"@context":"https:\/\/schema.org","@graph":[{"@type":"WebPage","@id":"https:\/\/arak.spicehorse.eu\/termek\/qhp-istallofasli\/","url":"https:\/\/arak.spicehorse.eu\/termek\/qhp-istallofasli\/","name":"QHP staj\u0148ov\u00e9 gama\u0161e - Spicehorse","isPartOf":{"@id":"https:\/\/arak.spicehorse.eu\/en\/#website"},"datePublished":"2022-11-14T16:29:11+00:00","dateModified":"2022-11-24T18:45:29+00:00","description":"spicehorse.eu | QHP staj\u0148ov\u00e9 gama\u0161e pom\u00e1haj\u00fa ochr\u00e1ni\u0165 nohy ko\u0148a pred poraneniami po\u010das transportu alebo v stajni.","breadcrumb":{"@id":"https:\/\/arak.spicehorse.eu\/termek\/qhp-istallofasli\/#breadcrumb"},"inLanguage":"sk-SK","potentialAction":[{"@type":"ReadAction","target":["https:\/\/arak.spicehorse.eu\/termek\/qhp-istallofasli\/"]}]},{"@type":"BreadcrumbList","@id":"https:\/\/arak.spicehorse.eu\/termek\/qhp-istallofasli\/#breadcrumb","itemListElement":[{"@type":"ListItem","position":1,"name":"Home","item":"https:\/\/arak.spicehorse.eu\/sk\/"},{"@type":"ListItem","position":2,"name":"Predaj\u0148a","item":"https:\/\/arak.spicehorse.eu\/sk\/predajna\/"},{"@type":"ListItem","position":3,"name":"QHP staj\u0148ov\u00e9 gama\u0161e"}]},{"@type":"WebSite","@id":"https:\/\/arak.spicehorse.eu\/en\/#website","url":"https:\/\/arak.spicehorse.eu\/en\/","name":"Spicehorse","description":"UNDER DEVELOPMENT -","potentialAction":[{"@type":"SearchAction","target":{"@type":"EntryPoint","urlTemplate":"https:\/\/arak.spicehorse.eu\/en\/?s={search_term_string}"},"query-input":"required name=search_term_string"}],"inLanguage":"sk-SK"}]}},"_links":{"self":[{"href":"https:\/\/arak.spicehorse.eu\/sk\/wp-json\/wp\/v2\/product\/79088"}],"collection":[{"href":"https:\/\/arak.spicehorse.eu\/sk\/wp-json\/wp\/v2\/product"}],"about":[{"href":"https:\/\/arak.spicehorse.eu\/sk\/wp-json\/wp\/v2\/types\/product"}],"wp:featuredmedia":[{"embeddable":true,"href":"https:\/\/arak.spicehorse.eu\/sk\/wp-json\/wp\/v2\/media\/79366"}],"wp:attachment":[{"href":"https:\/\/arak.spicehorse.eu\/sk\/wp-json\/wp\/v2\/media?parent=79088"}],"wp:term":[{"taxonomy":"product_cat","embeddable":true,"href":"https:\/\/arak.spicehorse.eu\/sk\/wp-json\/wp\/v2\/product_cat?post=79088"},{"taxonomy":"product_tag","embeddable":true,"href":"https:\/\/arak.spicehorse.eu\/sk\/wp-json\/wp\/v2\/product_tag?post=79088"}],"curies":[{"name":"wp","href":"https:\/\/api.w.org\/{rel}","templated":true}]}}