{"id":79263,"date":"2022-11-15T20:33:00","date_gmt":"2022-11-15T19:33:03","guid":{"rendered":"https:\/\/arak.spicehorse.eu\/?post_type=product&#038;p=79263"},"modified":"2025-12-01T13:23:39","modified_gmt":"2025-12-01T12:23:39","slug":"qhp-ohlavka-vianoce","status":"publish","type":"product","link":"https:\/\/arak.spicehorse.eu\/sk\/produkt\/qhp-ohlavka-vianoce\/","title":{"rendered":"QHP ohl\u00e1vka Vianoce"},"content":{"rendered":"<p style=\"font-weight: 400;\">S touto m\u00e4kkou polstrovanou viano\u010dnou QHP ohl\u00e1vkou bude v\u00e1\u0161 k\u00f4\u0148 zaru\u010dene pripraven\u00fd na viano\u010dn\u00e9 sviatky. Okolo n\u00e1tyln\u00edka a n\u00e1nosn\u00edka je pod\u0161it\u00e1 materi\u00e1lom pripom\u00ednaj\u00facim vlnu v z\u00e1ujme maxim\u00e1lneho pohodlia.<\/p>\n","protected":false},"excerpt":{"rendered":"<ul>\n<li>Materi\u00e1l: 100% polyester<\/li>\n<li>Kovov\u00e9 detaily: nehrdzavej\u00faca oce\u013e<\/li>\n<li>Chlpat\u00e1 viano\u010dn\u00e1 ohl\u00e1vka<\/li>\n<li>Okolo n\u00e1tyln\u00edka a\u00a0n\u00e1nosn\u00edka je materi\u00e1l imituj\u00faci vlnu<\/li>\n<li>Nastavite\u013en\u00e1<\/li>\n<li>Je s\u00fa\u010das\u0165ou viano\u010dnej kolekcie<\/li>\n<li>Mo\u017eno ju pra\u0165 v\u00a0pr\u00e1\u010dke na 30\u00b0C. Pou\u017e\u00edvajte vreck\u00e1 na pranie. Pod\u013ea mo\u017enosti nepou\u017e\u00edvajte aviv\u00e1\u017e, nesu\u0161te v\u00a0su\u0161i\u010dke.<\/li>\n<\/ul>\n","protected":false},"featured_media":79273,"template":"","meta":{"_acf_changed":false},"product_cat":[75,114],"product_tag":[189,1973,1441],"acf":[],"yoast_head":"<!-- This site is optimized with the Yoast SEO plugin v21.4 - https:\/\/yoast.com\/wordpress\/plugins\/seo\/ -->\n<title>QHP ohl\u00e1vka Vianoce - Spicehorse<\/title>\n<meta name=\"description\" content=\"spicehorse.eu | S touto m\u00e4kkou polstrovanou viano\u010dnou QHP ohl\u00e1vkou bude v\u00e1\u0161 k\u00f4\u0148 zaru\u010dene pripraven\u00fd na viano\u010dn\u00e9 sviatky.\" \/>\n<meta name=\"robots\" content=\"index, follow, max-snippet:-1, max-image-preview:large, max-video-preview:-1\" \/>\n<link rel=\"canonical\" href=\"https:\/\/arak.spicehorse.eu\/sk\/produkt\/qhp-ohlavka-vianoce\/\" \/>\n<meta property=\"og:locale\" content=\"sk_SK\" \/>\n<meta property=\"og:type\" content=\"article\" \/>\n<meta property=\"og:title\" content=\"QHP ohl\u00e1vka Vianoce - Spicehorse\" \/>\n<meta property=\"og:description\" content=\"spicehorse.eu | S touto m\u00e4kkou polstrovanou viano\u010dnou QHP ohl\u00e1vkou bude v\u00e1\u0161 k\u00f4\u0148 zaru\u010dene pripraven\u00fd na viano\u010dn\u00e9 sviatky.\" \/>\n<meta property=\"og:url\" content=\"https:\/\/arak.spicehorse.eu\/sk\/produkt\/qhp-ohlavka-vianoce\/\" \/>\n<meta property=\"og:site_name\" content=\"Spicehorse\" \/>\n<meta property=\"article:publisher\" content=\"https:\/\/www.facebook.com\/SPICEHORSE-550385625402457\/\" \/>\n<meta property=\"article:modified_time\" content=\"2025-12-01T12:23:39+00:00\" \/>\n<meta property=\"og:image\" content=\"https:\/\/arak.spicehorse.eu\/wp-content\/uploads\/2022\/11\/1112elf-1_3.jpg\" \/>\n\t<meta property=\"og:image:width\" content=\"1024\" \/>\n\t<meta property=\"og:image:height\" content=\"1280\" \/>\n\t<meta property=\"og:image:type\" content=\"image\/jpeg\" \/>\n<meta name=\"twitter:card\" content=\"summary_large_image\" \/>\n<script type=\"application\/ld+json\" class=\"yoast-schema-graph\">{\"@context\":\"https:\/\/schema.org\",\"@graph\":[{\"@type\":\"WebPage\",\"@id\":\"https:\/\/arak.spicehorse.eu\/sk\/produkt\/qhp-ohlavka-vianoce\/\",\"url\":\"https:\/\/arak.spicehorse.eu\/sk\/produkt\/qhp-ohlavka-vianoce\/\",\"name\":\"QHP ohl\u00e1vka Vianoce - Spicehorse\",\"isPartOf\":{\"@id\":\"https:\/\/arak.spicehorse.eu\/en\/#website\"},\"datePublished\":\"2022-11-15T19:33:03+00:00\",\"dateModified\":\"2025-12-01T12:23:39+00:00\",\"description\":\"spicehorse.eu | S touto m\u00e4kkou polstrovanou viano\u010dnou QHP ohl\u00e1vkou bude v\u00e1\u0161 k\u00f4\u0148 zaru\u010dene pripraven\u00fd na viano\u010dn\u00e9 sviatky.\",\"breadcrumb\":{\"@id\":\"https:\/\/arak.spicehorse.eu\/sk\/produkt\/qhp-ohlavka-vianoce\/#breadcrumb\"},\"inLanguage\":\"sk-SK\",\"potentialAction\":[{\"@type\":\"ReadAction\",\"target\":[\"https:\/\/arak.spicehorse.eu\/sk\/produkt\/qhp-ohlavka-vianoce\/\"]}]},{\"@type\":\"BreadcrumbList\",\"@id\":\"https:\/\/arak.spicehorse.eu\/sk\/produkt\/qhp-ohlavka-vianoce\/#breadcrumb\",\"itemListElement\":[{\"@type\":\"ListItem\",\"position\":1,\"name\":\"Home\",\"item\":\"https:\/\/arak.spicehorse.eu\/sk\/\"},{\"@type\":\"ListItem\",\"position\":2,\"name\":\"Predaj\u0148a\",\"item\":\"https:\/\/arak.spicehorse.eu\/sk\/predajna\/\"},{\"@type\":\"ListItem\",\"position\":3,\"name\":\"QHP ohl\u00e1vka Vianoce\"}]},{\"@type\":\"WebSite\",\"@id\":\"https:\/\/arak.spicehorse.eu\/en\/#website\",\"url\":\"https:\/\/arak.spicehorse.eu\/en\/\",\"name\":\"Spicehorse\",\"description\":\"UNDER DEVELOPMENT -\",\"potentialAction\":[{\"@type\":\"SearchAction\",\"target\":{\"@type\":\"EntryPoint\",\"urlTemplate\":\"https:\/\/arak.spicehorse.eu\/en\/?s={search_term_string}\"},\"query-input\":\"required name=search_term_string\"}],\"inLanguage\":\"sk-SK\"}]}<\/script>\n<!-- \/ Yoast SEO plugin. -->","yoast_head_json":{"title":"QHP ohl\u00e1vka Vianoce - Spicehorse","description":"spicehorse.eu | S touto m\u00e4kkou polstrovanou viano\u010dnou QHP ohl\u00e1vkou bude v\u00e1\u0161 k\u00f4\u0148 zaru\u010dene pripraven\u00fd na viano\u010dn\u00e9 sviatky.","robots":{"index":"index","follow":"follow","max-snippet":"max-snippet:-1","max-image-preview":"max-image-preview:large","max-video-preview":"max-video-preview:-1"},"canonical":"https:\/\/arak.spicehorse.eu\/sk\/produkt\/qhp-ohlavka-vianoce\/","og_locale":"sk_SK","og_type":"article","og_title":"QHP ohl\u00e1vka Vianoce - Spicehorse","og_description":"spicehorse.eu | S touto m\u00e4kkou polstrovanou viano\u010dnou QHP ohl\u00e1vkou bude v\u00e1\u0161 k\u00f4\u0148 zaru\u010dene pripraven\u00fd na viano\u010dn\u00e9 sviatky.","og_url":"https:\/\/arak.spicehorse.eu\/sk\/produkt\/qhp-ohlavka-vianoce\/","og_site_name":"Spicehorse","article_publisher":"https:\/\/www.facebook.com\/SPICEHORSE-550385625402457\/","article_modified_time":"2025-12-01T12:23:39+00:00","og_image":[{"width":1024,"height":1280,"url":"https:\/\/arak.spicehorse.eu\/wp-content\/uploads\/2022\/11\/1112elf-1_3.jpg","type":"image\/jpeg"}],"twitter_card":"summary_large_image","schema":{"@context":"https:\/\/schema.org","@graph":[{"@type":"WebPage","@id":"https:\/\/arak.spicehorse.eu\/sk\/produkt\/qhp-ohlavka-vianoce\/","url":"https:\/\/arak.spicehorse.eu\/sk\/produkt\/qhp-ohlavka-vianoce\/","name":"QHP ohl\u00e1vka Vianoce - Spicehorse","isPartOf":{"@id":"https:\/\/arak.spicehorse.eu\/en\/#website"},"datePublished":"2022-11-15T19:33:03+00:00","dateModified":"2025-12-01T12:23:39+00:00","description":"spicehorse.eu | S touto m\u00e4kkou polstrovanou viano\u010dnou QHP ohl\u00e1vkou bude v\u00e1\u0161 k\u00f4\u0148 zaru\u010dene pripraven\u00fd na viano\u010dn\u00e9 sviatky.","breadcrumb":{"@id":"https:\/\/arak.spicehorse.eu\/sk\/produkt\/qhp-ohlavka-vianoce\/#breadcrumb"},"inLanguage":"sk-SK","potentialAction":[{"@type":"ReadAction","target":["https:\/\/arak.spicehorse.eu\/sk\/produkt\/qhp-ohlavka-vianoce\/"]}]},{"@type":"BreadcrumbList","@id":"https:\/\/arak.spicehorse.eu\/sk\/produkt\/qhp-ohlavka-vianoce\/#breadcrumb","itemListElement":[{"@type":"ListItem","position":1,"name":"Home","item":"https:\/\/arak.spicehorse.eu\/sk\/"},{"@type":"ListItem","position":2,"name":"Predaj\u0148a","item":"https:\/\/arak.spicehorse.eu\/sk\/predajna\/"},{"@type":"ListItem","position":3,"name":"QHP ohl\u00e1vka Vianoce"}]},{"@type":"WebSite","@id":"https:\/\/arak.spicehorse.eu\/en\/#website","url":"https:\/\/arak.spicehorse.eu\/en\/","name":"Spicehorse","description":"UNDER DEVELOPMENT -","potentialAction":[{"@type":"SearchAction","target":{"@type":"EntryPoint","urlTemplate":"https:\/\/arak.spicehorse.eu\/en\/?s={search_term_string}"},"query-input":"required name=search_term_string"}],"inLanguage":"sk-SK"}]}},"_links":{"self":[{"href":"https:\/\/arak.spicehorse.eu\/sk\/wp-json\/wp\/v2\/product\/79263"}],"collection":[{"href":"https:\/\/arak.spicehorse.eu\/sk\/wp-json\/wp\/v2\/product"}],"about":[{"href":"https:\/\/arak.spicehorse.eu\/sk\/wp-json\/wp\/v2\/types\/product"}],"wp:featuredmedia":[{"embeddable":true,"href":"https:\/\/arak.spicehorse.eu\/sk\/wp-json\/wp\/v2\/media\/79273"}],"wp:attachment":[{"href":"https:\/\/arak.spicehorse.eu\/sk\/wp-json\/wp\/v2\/media?parent=79263"}],"wp:term":[{"taxonomy":"product_cat","embeddable":true,"href":"https:\/\/arak.spicehorse.eu\/sk\/wp-json\/wp\/v2\/product_cat?post=79263"},{"taxonomy":"product_tag","embeddable":true,"href":"https:\/\/arak.spicehorse.eu\/sk\/wp-json\/wp\/v2\/product_tag?post=79263"}],"curies":[{"name":"wp","href":"https:\/\/api.w.org\/{rel}","templated":true}]}}