{"id":7987,"date":"2020-01-07T09:17:53","date_gmt":"2020-01-07T08:17:53","guid":{"rendered":"https:\/\/arak.spicehorse.eu\/product\/kentucky-fly-veil-long-stone-pearl\/"},"modified":"2023-11-23T11:40:40","modified_gmt":"2023-11-23T10:40:40","slug":"kentucky-long-stone-cabraky-s-kamienkami","status":"publish","type":"product","link":"https:\/\/arak.spicehorse.eu\/sk\/produkt\/kentucky-long-stone-cabraky-s-kamienkami\/","title":{"rendered":"Kentucky Long Stone &#038; Pearl \u010dabraky s kamienkami"},"content":{"rendered":"<p><span lang=\"SK\">Kentucky Horsewear kr\u00e1sne \u010dabraky s\u00a0kamienkami a\u00a0kry\u0161t\u00e1lmi. S\u00a0pred\u013a\u017eenou \u010das\u0165ou, mo\u017eno ich pripevni\u0165 hoci aj k\u00a0n\u00e1nosn\u00edku. Chr\u00e1ni\u010d je vyroben\u00fd odoln\u00fdm ru\u010dn\u00fdm pleten\u00edm, zdoben\u00fd n\u00e1dhern\u00fdmi kamienkami a\u00a0kry\u0161t\u00e1lmi vo farbe chr\u00e1ni\u010da.\u00a0 <\/span><\/p>\n<p><span lang=\"SK\">Chr\u00e1ni\u010d chr\u00e1ni u\u0161i kon\u00ed pri jazden\u00ed. Je mimoriadne modern\u00fd, jedine\u010dn\u00fd, ru\u010dne pleten\u00fd, odoln\u00fd. \u010cas\u0165 okolo u\u0161\u00ed je vyroben\u00e1 z\u00a0pru\u017en\u00e9ho materi\u00e1lu, slim fit.\u00a0 <\/span><\/p>\n<p><span lang=\"SK\">Pred\u013a\u017een\u00e1 \u010das\u0165 v\u00a0oblasti krku, aby sa chr\u00e1ni\u010d nezo\u0161mykoval.. Bez loga, \u013eahko na ne mo\u017eno umiestni\u0165 vlastn\u00e9 alebo sponzorsk\u00e9 logo.<\/span><\/p>\n<p><span lang=\"SK\">Ru\u010dn\u00e9 pranie.<\/span><\/p>\n","protected":false},"excerpt":{"rendered":"<h3><strong>\u010cabraky s\u00fa vyroben\u00e9 odoln\u00fdm ru\u010dn\u00fdm pleten\u00edm, zdoben\u00e9 n\u00e1dhern\u00fdmi kry\u0161t\u00e1lmi a\u00a0kamienkami vo farbe \u010dabraky.<\/strong><\/h3>\n<p><strong>Ve\u013ekos\u0165: Full<\/strong><br \/>\n<strong>Farby: \u010dierna, hned\u00e1, siv\u00e1, tmavomodr\u00e1<\/strong><\/p>\n<ul>\n<li>Ochrana proti hmyzu<\/li>\n<li>Kamienky &amp; kry\u0161t\u00e1ly<\/li>\n<li>Ru\u010dne vyroben\u00fd v\u00fdrobok vysokej kvality<\/li>\n<li>Pred\u013a\u017een\u00e1 \u010das\u0165 v\u00a0oblasti krku, aby sa chr\u00e1ni\u010d nezo\u0161mykoval<\/li>\n<li>Bez loga<\/li>\n<li>\u013dahko mo\u017eno vy\u0161i\u0165 vlastn\u00e9 logo<\/li>\n<\/ul>\n","protected":false},"featured_media":66390,"template":"","meta":{"_acf_changed":false},"product_cat":[75,108],"product_tag":[265,241,184],"acf":[],"yoast_head":"<!-- This site is optimized with the Yoast SEO plugin v21.4 - https:\/\/yoast.com\/wordpress\/plugins\/seo\/ -->\n<title>Kentucky Long Stone &amp; Pearl \u010dabraky s kamienkami - Spicehorse<\/title>\n<meta name=\"description\" content=\"spicehorse.eu | Kentucky Horsewear \u010dabraky s\u00fa vyroben\u00e9 odoln\u00fdm ru\u010dn\u00fdm pleten\u00edm, zdoben\u00e9 n\u00e1dhern\u00fdmi kry\u0161t\u00e1lmi a\u00a0kamienkami vo farbe \u010dabraky.\" \/>\n<meta name=\"robots\" content=\"index, follow, max-snippet:-1, max-image-preview:large, max-video-preview:-1\" \/>\n<link rel=\"canonical\" href=\"https:\/\/arak.spicehorse.eu\/sk\/produkt\/kentucky-long-stone-cabraky-s-kamienkami\/\" \/>\n<meta property=\"og:locale\" content=\"sk_SK\" \/>\n<meta property=\"og:type\" content=\"article\" \/>\n<meta property=\"og:title\" content=\"Kentucky Long Stone &amp; Pearl \u010dabraky s kamienkami - Spicehorse\" \/>\n<meta property=\"og:description\" content=\"spicehorse.eu | Kentucky Horsewear \u010dabraky s\u00fa vyroben\u00e9 odoln\u00fdm ru\u010dn\u00fdm pleten\u00edm, zdoben\u00e9 n\u00e1dhern\u00fdmi kry\u0161t\u00e1lmi a\u00a0kamienkami vo farbe \u010dabraky.\" \/>\n<meta property=\"og:url\" content=\"https:\/\/arak.spicehorse.eu\/sk\/produkt\/kentucky-long-stone-cabraky-s-kamienkami\/\" \/>\n<meta property=\"og:site_name\" content=\"Spicehorse\" \/>\n<meta property=\"article:publisher\" content=\"https:\/\/www.facebook.com\/SPICEHORSE-550385625402457\/\" \/>\n<meta property=\"article:modified_time\" content=\"2023-11-23T10:40:40+00:00\" \/>\n<meta property=\"og:image\" content=\"https:\/\/arak.spicehorse.eu\/wp-content\/uploads\/2020\/01\/b-564c22e810080218547dfa1c1093aa08-article-photobook-l.png\" \/>\n\t<meta property=\"og:image:width\" content=\"728\" \/>\n\t<meta property=\"og:image:height\" content=\"728\" \/>\n\t<meta property=\"og:image:type\" content=\"image\/png\" \/>\n<meta name=\"twitter:card\" content=\"summary_large_image\" \/>\n<meta name=\"twitter:label1\" content=\"Predpokladan\u00fd \u010das \u010d\u00edtania\" \/>\n\t<meta name=\"twitter:data1\" content=\"1 min\u00fata\" \/>\n<script type=\"application\/ld+json\" class=\"yoast-schema-graph\">{\"@context\":\"https:\/\/schema.org\",\"@graph\":[{\"@type\":\"WebPage\",\"@id\":\"https:\/\/arak.spicehorse.eu\/sk\/produkt\/kentucky-long-stone-cabraky-s-kamienkami\/\",\"url\":\"https:\/\/arak.spicehorse.eu\/sk\/produkt\/kentucky-long-stone-cabraky-s-kamienkami\/\",\"name\":\"Kentucky Long Stone & Pearl \u010dabraky s kamienkami - Spicehorse\",\"isPartOf\":{\"@id\":\"https:\/\/arak.spicehorse.eu\/en\/#website\"},\"datePublished\":\"2020-01-07T08:17:53+00:00\",\"dateModified\":\"2023-11-23T10:40:40+00:00\",\"description\":\"spicehorse.eu | Kentucky Horsewear \u010dabraky s\u00fa vyroben\u00e9 odoln\u00fdm ru\u010dn\u00fdm pleten\u00edm, zdoben\u00e9 n\u00e1dhern\u00fdmi kry\u0161t\u00e1lmi a\u00a0kamienkami vo farbe \u010dabraky.\",\"breadcrumb\":{\"@id\":\"https:\/\/arak.spicehorse.eu\/sk\/produkt\/kentucky-long-stone-cabraky-s-kamienkami\/#breadcrumb\"},\"inLanguage\":\"sk-SK\",\"potentialAction\":[{\"@type\":\"ReadAction\",\"target\":[\"https:\/\/arak.spicehorse.eu\/sk\/produkt\/kentucky-long-stone-cabraky-s-kamienkami\/\"]}]},{\"@type\":\"BreadcrumbList\",\"@id\":\"https:\/\/arak.spicehorse.eu\/sk\/produkt\/kentucky-long-stone-cabraky-s-kamienkami\/#breadcrumb\",\"itemListElement\":[{\"@type\":\"ListItem\",\"position\":1,\"name\":\"Home\",\"item\":\"https:\/\/arak.spicehorse.eu\/sk\/\"},{\"@type\":\"ListItem\",\"position\":2,\"name\":\"Predaj\u0148a\",\"item\":\"https:\/\/arak.spicehorse.eu\/sk\/predajna\/\"},{\"@type\":\"ListItem\",\"position\":3,\"name\":\"Kentucky Long Stone &#038; Pearl \u010dabraky s kamienkami\"}]},{\"@type\":\"WebSite\",\"@id\":\"https:\/\/arak.spicehorse.eu\/en\/#website\",\"url\":\"https:\/\/arak.spicehorse.eu\/en\/\",\"name\":\"Spicehorse\",\"description\":\"UNDER DEVELOPMENT -\",\"potentialAction\":[{\"@type\":\"SearchAction\",\"target\":{\"@type\":\"EntryPoint\",\"urlTemplate\":\"https:\/\/arak.spicehorse.eu\/en\/?s={search_term_string}\"},\"query-input\":\"required name=search_term_string\"}],\"inLanguage\":\"sk-SK\"}]}<\/script>\n<!-- \/ Yoast SEO plugin. -->","yoast_head_json":{"title":"Kentucky Long Stone & Pearl \u010dabraky s kamienkami - Spicehorse","description":"spicehorse.eu | Kentucky Horsewear \u010dabraky s\u00fa vyroben\u00e9 odoln\u00fdm ru\u010dn\u00fdm pleten\u00edm, zdoben\u00e9 n\u00e1dhern\u00fdmi kry\u0161t\u00e1lmi a\u00a0kamienkami vo farbe \u010dabraky.","robots":{"index":"index","follow":"follow","max-snippet":"max-snippet:-1","max-image-preview":"max-image-preview:large","max-video-preview":"max-video-preview:-1"},"canonical":"https:\/\/arak.spicehorse.eu\/sk\/produkt\/kentucky-long-stone-cabraky-s-kamienkami\/","og_locale":"sk_SK","og_type":"article","og_title":"Kentucky Long Stone & Pearl \u010dabraky s kamienkami - Spicehorse","og_description":"spicehorse.eu | Kentucky Horsewear \u010dabraky s\u00fa vyroben\u00e9 odoln\u00fdm ru\u010dn\u00fdm pleten\u00edm, zdoben\u00e9 n\u00e1dhern\u00fdmi kry\u0161t\u00e1lmi a\u00a0kamienkami vo farbe \u010dabraky.","og_url":"https:\/\/arak.spicehorse.eu\/sk\/produkt\/kentucky-long-stone-cabraky-s-kamienkami\/","og_site_name":"Spicehorse","article_publisher":"https:\/\/www.facebook.com\/SPICEHORSE-550385625402457\/","article_modified_time":"2023-11-23T10:40:40+00:00","og_image":[{"width":728,"height":728,"url":"https:\/\/arak.spicehorse.eu\/wp-content\/uploads\/2020\/01\/b-564c22e810080218547dfa1c1093aa08-article-photobook-l.png","type":"image\/png"}],"twitter_card":"summary_large_image","twitter_misc":{"Predpokladan\u00fd \u010das \u010d\u00edtania":"1 min\u00fata"},"schema":{"@context":"https:\/\/schema.org","@graph":[{"@type":"WebPage","@id":"https:\/\/arak.spicehorse.eu\/sk\/produkt\/kentucky-long-stone-cabraky-s-kamienkami\/","url":"https:\/\/arak.spicehorse.eu\/sk\/produkt\/kentucky-long-stone-cabraky-s-kamienkami\/","name":"Kentucky Long Stone & Pearl \u010dabraky s kamienkami - Spicehorse","isPartOf":{"@id":"https:\/\/arak.spicehorse.eu\/en\/#website"},"datePublished":"2020-01-07T08:17:53+00:00","dateModified":"2023-11-23T10:40:40+00:00","description":"spicehorse.eu | Kentucky Horsewear \u010dabraky s\u00fa vyroben\u00e9 odoln\u00fdm ru\u010dn\u00fdm pleten\u00edm, zdoben\u00e9 n\u00e1dhern\u00fdmi kry\u0161t\u00e1lmi a\u00a0kamienkami vo farbe \u010dabraky.","breadcrumb":{"@id":"https:\/\/arak.spicehorse.eu\/sk\/produkt\/kentucky-long-stone-cabraky-s-kamienkami\/#breadcrumb"},"inLanguage":"sk-SK","potentialAction":[{"@type":"ReadAction","target":["https:\/\/arak.spicehorse.eu\/sk\/produkt\/kentucky-long-stone-cabraky-s-kamienkami\/"]}]},{"@type":"BreadcrumbList","@id":"https:\/\/arak.spicehorse.eu\/sk\/produkt\/kentucky-long-stone-cabraky-s-kamienkami\/#breadcrumb","itemListElement":[{"@type":"ListItem","position":1,"name":"Home","item":"https:\/\/arak.spicehorse.eu\/sk\/"},{"@type":"ListItem","position":2,"name":"Predaj\u0148a","item":"https:\/\/arak.spicehorse.eu\/sk\/predajna\/"},{"@type":"ListItem","position":3,"name":"Kentucky Long Stone &#038; Pearl \u010dabraky s kamienkami"}]},{"@type":"WebSite","@id":"https:\/\/arak.spicehorse.eu\/en\/#website","url":"https:\/\/arak.spicehorse.eu\/en\/","name":"Spicehorse","description":"UNDER DEVELOPMENT -","potentialAction":[{"@type":"SearchAction","target":{"@type":"EntryPoint","urlTemplate":"https:\/\/arak.spicehorse.eu\/en\/?s={search_term_string}"},"query-input":"required name=search_term_string"}],"inLanguage":"sk-SK"}]}},"_links":{"self":[{"href":"https:\/\/arak.spicehorse.eu\/sk\/wp-json\/wp\/v2\/product\/7987"}],"collection":[{"href":"https:\/\/arak.spicehorse.eu\/sk\/wp-json\/wp\/v2\/product"}],"about":[{"href":"https:\/\/arak.spicehorse.eu\/sk\/wp-json\/wp\/v2\/types\/product"}],"wp:featuredmedia":[{"embeddable":true,"href":"https:\/\/arak.spicehorse.eu\/sk\/wp-json\/wp\/v2\/media\/66390"}],"wp:attachment":[{"href":"https:\/\/arak.spicehorse.eu\/sk\/wp-json\/wp\/v2\/media?parent=7987"}],"wp:term":[{"taxonomy":"product_cat","embeddable":true,"href":"https:\/\/arak.spicehorse.eu\/sk\/wp-json\/wp\/v2\/product_cat?post=7987"},{"taxonomy":"product_tag","embeddable":true,"href":"https:\/\/arak.spicehorse.eu\/sk\/wp-json\/wp\/v2\/product_tag?post=7987"}],"curies":[{"name":"wp","href":"https:\/\/api.w.org\/{rel}","templated":true}]}}