{"id":80087,"date":"2022-11-24T17:11:03","date_gmt":"2022-11-24T16:11:05","guid":{"rendered":"https:\/\/arak.spicehorse.eu\/?post_type=product&#038;p=80087"},"modified":"2026-02-26T10:24:28","modified_gmt":"2026-02-26T09:24:28","slug":"one-equestrian-vesiak-pre-uzdecku","status":"publish","type":"product","link":"https:\/\/arak.spicehorse.eu\/sk\/produkt\/one-equestrian-vesiak-pre-uzdecku\/","title":{"rendered":"ONE Equestrian ve\u0161iak pre uzde\u010dku"},"content":{"rendered":"<p><span lang=\"SK\">ONE Equestrian \u010dierny kovov\u00fd ve\u0161iak pre uzde\u010dku a\u00a0ohl\u00e1vku. Je vhodn\u00fd na zavesenie nieko\u013ek\u00fdch uzde\u010diek a\u00a0ohl\u00e1vok. <\/span><\/p>\n<p><span lang=\"SK\">Ve\u013ekos\u0165: 32 x 45 cm a 18 x 28 cm<\/span><\/p>\n","protected":false},"excerpt":{"rendered":"<p>ONE Equestrian \u010dierny kovov\u00fd ve\u0161iak pre uzde\u010dku a\u00a0ohl\u00e1vku. Je vhodn\u00fd na zavesenie nieko\u013ek\u00fdch uzde\u010diek a\u00a0ohl\u00e1vok. Ve\u013ekos\u0165: 32 x 45 cm a 18 x 28 cm<\/p>\n","protected":false},"featured_media":80091,"template":"","meta":{"_acf_changed":false},"product_cat":[75,100,120],"product_tag":[467,1292,338],"acf":[],"yoast_head":"<!-- This site is optimized with the Yoast SEO plugin v21.4 - https:\/\/yoast.com\/wordpress\/plugins\/seo\/ -->\n<title>ONE Equestrian ve\u0161iak pre uzde\u010dku - Spicehorse<\/title>\n<meta name=\"description\" content=\"spicehorse.eu | ONE Equestrian \u010dierny kovov\u00fd ve\u0161iak pre uzde\u010dku a\u00a0ohl\u00e1vku. Je vhodn\u00fd na zavesenie nieko\u013ek\u00fdch uzde\u010diek a\u00a0ohl\u00e1vok.\" \/>\n<meta name=\"robots\" content=\"index, follow, max-snippet:-1, max-image-preview:large, max-video-preview:-1\" \/>\n<link rel=\"canonical\" href=\"https:\/\/arak.spicehorse.eu\/sk\/produkt\/one-equestrian-vesiak-pre-uzdecku\/\" \/>\n<meta property=\"og:locale\" content=\"sk_SK\" \/>\n<meta property=\"og:type\" content=\"article\" \/>\n<meta property=\"og:title\" content=\"ONE Equestrian ve\u0161iak pre uzde\u010dku - Spicehorse\" \/>\n<meta property=\"og:description\" content=\"spicehorse.eu | ONE Equestrian \u010dierny kovov\u00fd ve\u0161iak pre uzde\u010dku a\u00a0ohl\u00e1vku. Je vhodn\u00fd na zavesenie nieko\u013ek\u00fdch uzde\u010diek a\u00a0ohl\u00e1vok.\" \/>\n<meta property=\"og:url\" content=\"https:\/\/arak.spicehorse.eu\/sk\/produkt\/one-equestrian-vesiak-pre-uzdecku\/\" \/>\n<meta property=\"og:site_name\" content=\"Spicehorse\" \/>\n<meta property=\"article:publisher\" content=\"https:\/\/www.facebook.com\/SPICEHORSE-550385625402457\/\" \/>\n<meta property=\"article:modified_time\" content=\"2026-02-26T09:24:28+00:00\" \/>\n<meta property=\"og:image\" content=\"https:\/\/arak.spicehorse.eu\/wp-content\/uploads\/2022\/11\/A-7.png\" \/>\n\t<meta property=\"og:image:width\" content=\"1080\" \/>\n\t<meta property=\"og:image:height\" content=\"1080\" \/>\n\t<meta property=\"og:image:type\" content=\"image\/png\" \/>\n<meta name=\"twitter:card\" content=\"summary_large_image\" \/>\n<script type=\"application\/ld+json\" class=\"yoast-schema-graph\">{\"@context\":\"https:\/\/schema.org\",\"@graph\":[{\"@type\":\"WebPage\",\"@id\":\"https:\/\/arak.spicehorse.eu\/sk\/produkt\/one-equestrian-vesiak-pre-uzdecku\/\",\"url\":\"https:\/\/arak.spicehorse.eu\/sk\/produkt\/one-equestrian-vesiak-pre-uzdecku\/\",\"name\":\"ONE Equestrian ve\u0161iak pre uzde\u010dku - Spicehorse\",\"isPartOf\":{\"@id\":\"https:\/\/arak.spicehorse.eu\/en\/#website\"},\"datePublished\":\"2022-11-24T16:11:05+00:00\",\"dateModified\":\"2026-02-26T09:24:28+00:00\",\"description\":\"spicehorse.eu | ONE Equestrian \u010dierny kovov\u00fd ve\u0161iak pre uzde\u010dku a\u00a0ohl\u00e1vku. Je vhodn\u00fd na zavesenie nieko\u013ek\u00fdch uzde\u010diek a\u00a0ohl\u00e1vok.\",\"breadcrumb\":{\"@id\":\"https:\/\/arak.spicehorse.eu\/sk\/produkt\/one-equestrian-vesiak-pre-uzdecku\/#breadcrumb\"},\"inLanguage\":\"sk-SK\",\"potentialAction\":[{\"@type\":\"ReadAction\",\"target\":[\"https:\/\/arak.spicehorse.eu\/sk\/produkt\/one-equestrian-vesiak-pre-uzdecku\/\"]}]},{\"@type\":\"BreadcrumbList\",\"@id\":\"https:\/\/arak.spicehorse.eu\/sk\/produkt\/one-equestrian-vesiak-pre-uzdecku\/#breadcrumb\",\"itemListElement\":[{\"@type\":\"ListItem\",\"position\":1,\"name\":\"Home\",\"item\":\"https:\/\/arak.spicehorse.eu\/sk\/\"},{\"@type\":\"ListItem\",\"position\":2,\"name\":\"Predaj\u0148a\",\"item\":\"https:\/\/arak.spicehorse.eu\/sk\/predajna\/\"},{\"@type\":\"ListItem\",\"position\":3,\"name\":\"ONE Equestrian ve\u0161iak pre uzde\u010dku\"}]},{\"@type\":\"WebSite\",\"@id\":\"https:\/\/arak.spicehorse.eu\/en\/#website\",\"url\":\"https:\/\/arak.spicehorse.eu\/en\/\",\"name\":\"Spicehorse\",\"description\":\"UNDER DEVELOPMENT -\",\"potentialAction\":[{\"@type\":\"SearchAction\",\"target\":{\"@type\":\"EntryPoint\",\"urlTemplate\":\"https:\/\/arak.spicehorse.eu\/en\/?s={search_term_string}\"},\"query-input\":\"required name=search_term_string\"}],\"inLanguage\":\"sk-SK\"}]}<\/script>\n<!-- \/ Yoast SEO plugin. -->","yoast_head_json":{"title":"ONE Equestrian ve\u0161iak pre uzde\u010dku - Spicehorse","description":"spicehorse.eu | ONE Equestrian \u010dierny kovov\u00fd ve\u0161iak pre uzde\u010dku a\u00a0ohl\u00e1vku. Je vhodn\u00fd na zavesenie nieko\u013ek\u00fdch uzde\u010diek a\u00a0ohl\u00e1vok.","robots":{"index":"index","follow":"follow","max-snippet":"max-snippet:-1","max-image-preview":"max-image-preview:large","max-video-preview":"max-video-preview:-1"},"canonical":"https:\/\/arak.spicehorse.eu\/sk\/produkt\/one-equestrian-vesiak-pre-uzdecku\/","og_locale":"sk_SK","og_type":"article","og_title":"ONE Equestrian ve\u0161iak pre uzde\u010dku - Spicehorse","og_description":"spicehorse.eu | ONE Equestrian \u010dierny kovov\u00fd ve\u0161iak pre uzde\u010dku a\u00a0ohl\u00e1vku. Je vhodn\u00fd na zavesenie nieko\u013ek\u00fdch uzde\u010diek a\u00a0ohl\u00e1vok.","og_url":"https:\/\/arak.spicehorse.eu\/sk\/produkt\/one-equestrian-vesiak-pre-uzdecku\/","og_site_name":"Spicehorse","article_publisher":"https:\/\/www.facebook.com\/SPICEHORSE-550385625402457\/","article_modified_time":"2026-02-26T09:24:28+00:00","og_image":[{"width":1080,"height":1080,"url":"https:\/\/arak.spicehorse.eu\/wp-content\/uploads\/2022\/11\/A-7.png","type":"image\/png"}],"twitter_card":"summary_large_image","schema":{"@context":"https:\/\/schema.org","@graph":[{"@type":"WebPage","@id":"https:\/\/arak.spicehorse.eu\/sk\/produkt\/one-equestrian-vesiak-pre-uzdecku\/","url":"https:\/\/arak.spicehorse.eu\/sk\/produkt\/one-equestrian-vesiak-pre-uzdecku\/","name":"ONE Equestrian ve\u0161iak pre uzde\u010dku - Spicehorse","isPartOf":{"@id":"https:\/\/arak.spicehorse.eu\/en\/#website"},"datePublished":"2022-11-24T16:11:05+00:00","dateModified":"2026-02-26T09:24:28+00:00","description":"spicehorse.eu | ONE Equestrian \u010dierny kovov\u00fd ve\u0161iak pre uzde\u010dku a\u00a0ohl\u00e1vku. Je vhodn\u00fd na zavesenie nieko\u013ek\u00fdch uzde\u010diek a\u00a0ohl\u00e1vok.","breadcrumb":{"@id":"https:\/\/arak.spicehorse.eu\/sk\/produkt\/one-equestrian-vesiak-pre-uzdecku\/#breadcrumb"},"inLanguage":"sk-SK","potentialAction":[{"@type":"ReadAction","target":["https:\/\/arak.spicehorse.eu\/sk\/produkt\/one-equestrian-vesiak-pre-uzdecku\/"]}]},{"@type":"BreadcrumbList","@id":"https:\/\/arak.spicehorse.eu\/sk\/produkt\/one-equestrian-vesiak-pre-uzdecku\/#breadcrumb","itemListElement":[{"@type":"ListItem","position":1,"name":"Home","item":"https:\/\/arak.spicehorse.eu\/sk\/"},{"@type":"ListItem","position":2,"name":"Predaj\u0148a","item":"https:\/\/arak.spicehorse.eu\/sk\/predajna\/"},{"@type":"ListItem","position":3,"name":"ONE Equestrian ve\u0161iak pre uzde\u010dku"}]},{"@type":"WebSite","@id":"https:\/\/arak.spicehorse.eu\/en\/#website","url":"https:\/\/arak.spicehorse.eu\/en\/","name":"Spicehorse","description":"UNDER DEVELOPMENT -","potentialAction":[{"@type":"SearchAction","target":{"@type":"EntryPoint","urlTemplate":"https:\/\/arak.spicehorse.eu\/en\/?s={search_term_string}"},"query-input":"required name=search_term_string"}],"inLanguage":"sk-SK"}]}},"_links":{"self":[{"href":"https:\/\/arak.spicehorse.eu\/sk\/wp-json\/wp\/v2\/product\/80087"}],"collection":[{"href":"https:\/\/arak.spicehorse.eu\/sk\/wp-json\/wp\/v2\/product"}],"about":[{"href":"https:\/\/arak.spicehorse.eu\/sk\/wp-json\/wp\/v2\/types\/product"}],"wp:featuredmedia":[{"embeddable":true,"href":"https:\/\/arak.spicehorse.eu\/sk\/wp-json\/wp\/v2\/media\/80091"}],"wp:attachment":[{"href":"https:\/\/arak.spicehorse.eu\/sk\/wp-json\/wp\/v2\/media?parent=80087"}],"wp:term":[{"taxonomy":"product_cat","embeddable":true,"href":"https:\/\/arak.spicehorse.eu\/sk\/wp-json\/wp\/v2\/product_cat?post=80087"},{"taxonomy":"product_tag","embeddable":true,"href":"https:\/\/arak.spicehorse.eu\/sk\/wp-json\/wp\/v2\/product_tag?post=80087"}],"curies":[{"name":"wp","href":"https:\/\/api.w.org\/{rel}","templated":true}]}}