{"id":80313,"date":"2022-11-30T12:19:19","date_gmt":"2022-11-30T11:19:24","guid":{"rendered":"https:\/\/arak.spicehorse.eu\/?post_type=product&#038;p=80313"},"modified":"2026-01-02T12:08:22","modified_gmt":"2026-01-02T11:08:22","slug":"qhp-uzdecka-lupine","status":"publish","type":"product","link":"https:\/\/arak.spicehorse.eu\/sk\/produkt\/qhp-uzdecka-lupine\/","title":{"rendered":"QHP uzde\u010dka Lupine"},"content":{"rendered":"<p>Elegantn\u00e1 QHP Lupine uzde\u010dka s lakovan\u00fdm n\u00e1nosn\u00edkom, je dokonalou kombin\u00e1ciou elegancie a pohodlia. \u010celenka je zdoben\u00e1 \u0161trasmi v tvare diamantu, ktor\u00e9 sa kr\u00e1sne leskn\u00fa. V\u010faka anatomicky tvarovan\u00e9mu n\u00e1tyln\u00edku a jemne polstrovan\u00e9mu n\u00e1nosn\u00edku je uzde\u010dka ve\u013emi pohodln\u00e1 na nosenie.<\/p>\n","protected":false},"excerpt":{"rendered":"<ul>\n<li>Materi\u00e1l: ko\u017ea<\/li>\n<li>Spony: nehrdzavej\u00faca oce\u013e<\/li>\n<li>Jemne polstrovan\u00fd, extra \u0161irok\u00fd a\u00a0anatomicky tvarovan\u00fd n\u00e1tyln\u00edk<\/li>\n<li>V\u010faka tvarovaniu n\u00e1tyln\u00edka sa zni\u017euje tlak vyv\u00edjan\u00fd na krk ko\u0148a<\/li>\n<li>Anatomicky tvarovan\u00fd, patentovan\u00fd n\u00e1nosn\u00edk, extra \u0161irok\u00fd a\u00a0jemne polstrovan\u00fd<\/li>\n<li>Jemne polstrovan\u00e1 spona pod krkom<\/li>\n<li>Nastavite\u013en\u00e9 l\u00edcnice po oboch stran\u00e1ch<\/li>\n<li>Spolu s\u00a0ladiacimi o\u0165a\u017eami<\/li>\n<li>\u010cistite ju \u010distiacim prostriedkom na ko\u017eu a\u00a0o\u0161etrite balzamom. Nepou\u017e\u00edvajte olej na ko\u017eu, preto\u017ee sa m\u00f4\u017ee uvo\u013eni\u0165 \u0161itie.<\/li>\n<\/ul>\n","protected":false},"featured_media":81139,"template":"","meta":{"_acf_changed":false},"product_cat":[78,75,511],"product_tag":[2007,1973,529],"acf":[],"yoast_head":"<!-- This site is optimized with the Yoast SEO plugin v21.4 - https:\/\/yoast.com\/wordpress\/plugins\/seo\/ -->\n<title>QHP uzde\u010dka Lupine - Spicehorse<\/title>\n<meta name=\"description\" content=\"spicehorse.eu | Elegantn\u00e1 QHP Lupine uzde\u010dka s lakovan\u00fdm n\u00e1nosn\u00edkom, je dokonalou kombin\u00e1ciou elegancie a pohodlia.\" \/>\n<meta name=\"robots\" content=\"index, follow, max-snippet:-1, max-image-preview:large, max-video-preview:-1\" \/>\n<link rel=\"canonical\" href=\"https:\/\/arak.spicehorse.eu\/sk\/produkt\/qhp-uzdecka-lupine\/\" \/>\n<meta property=\"og:locale\" content=\"sk_SK\" \/>\n<meta property=\"og:type\" content=\"article\" \/>\n<meta property=\"og:title\" content=\"QHP uzde\u010dka Lupine - Spicehorse\" \/>\n<meta property=\"og:description\" content=\"spicehorse.eu | Elegantn\u00e1 QHP Lupine uzde\u010dka s lakovan\u00fdm n\u00e1nosn\u00edkom, je dokonalou kombin\u00e1ciou elegancie a pohodlia.\" \/>\n<meta property=\"og:url\" content=\"https:\/\/arak.spicehorse.eu\/sk\/produkt\/qhp-uzdecka-lupine\/\" \/>\n<meta property=\"og:site_name\" content=\"Spicehorse\" \/>\n<meta property=\"article:publisher\" content=\"https:\/\/www.facebook.com\/SPICEHORSE-550385625402457\/\" \/>\n<meta property=\"article:modified_time\" content=\"2026-01-02T11:08:22+00:00\" \/>\n<meta property=\"og:image\" content=\"https:\/\/arak.spicehorse.eu\/wp-content\/uploads\/2022\/11\/9078zwgs-5_2.jpeg\" \/>\n\t<meta property=\"og:image:width\" content=\"960\" \/>\n\t<meta property=\"og:image:height\" content=\"960\" \/>\n\t<meta property=\"og:image:type\" content=\"image\/jpeg\" \/>\n<meta name=\"twitter:card\" content=\"summary_large_image\" \/>\n<script type=\"application\/ld+json\" class=\"yoast-schema-graph\">{\"@context\":\"https:\/\/schema.org\",\"@graph\":[{\"@type\":\"WebPage\",\"@id\":\"https:\/\/arak.spicehorse.eu\/sk\/produkt\/qhp-uzdecka-lupine\/\",\"url\":\"https:\/\/arak.spicehorse.eu\/sk\/produkt\/qhp-uzdecka-lupine\/\",\"name\":\"QHP uzde\u010dka Lupine - Spicehorse\",\"isPartOf\":{\"@id\":\"https:\/\/arak.spicehorse.eu\/en\/#website\"},\"datePublished\":\"2022-11-30T11:19:24+00:00\",\"dateModified\":\"2026-01-02T11:08:22+00:00\",\"description\":\"spicehorse.eu | Elegantn\u00e1 QHP Lupine uzde\u010dka s lakovan\u00fdm n\u00e1nosn\u00edkom, je dokonalou kombin\u00e1ciou elegancie a pohodlia.\",\"breadcrumb\":{\"@id\":\"https:\/\/arak.spicehorse.eu\/sk\/produkt\/qhp-uzdecka-lupine\/#breadcrumb\"},\"inLanguage\":\"sk-SK\",\"potentialAction\":[{\"@type\":\"ReadAction\",\"target\":[\"https:\/\/arak.spicehorse.eu\/sk\/produkt\/qhp-uzdecka-lupine\/\"]}]},{\"@type\":\"BreadcrumbList\",\"@id\":\"https:\/\/arak.spicehorse.eu\/sk\/produkt\/qhp-uzdecka-lupine\/#breadcrumb\",\"itemListElement\":[{\"@type\":\"ListItem\",\"position\":1,\"name\":\"Home\",\"item\":\"https:\/\/arak.spicehorse.eu\/sk\/\"},{\"@type\":\"ListItem\",\"position\":2,\"name\":\"Predaj\u0148a\",\"item\":\"https:\/\/arak.spicehorse.eu\/sk\/predajna\/\"},{\"@type\":\"ListItem\",\"position\":3,\"name\":\"QHP uzde\u010dka Lupine\"}]},{\"@type\":\"WebSite\",\"@id\":\"https:\/\/arak.spicehorse.eu\/en\/#website\",\"url\":\"https:\/\/arak.spicehorse.eu\/en\/\",\"name\":\"Spicehorse\",\"description\":\"UNDER DEVELOPMENT -\",\"potentialAction\":[{\"@type\":\"SearchAction\",\"target\":{\"@type\":\"EntryPoint\",\"urlTemplate\":\"https:\/\/arak.spicehorse.eu\/en\/?s={search_term_string}\"},\"query-input\":\"required name=search_term_string\"}],\"inLanguage\":\"sk-SK\"}]}<\/script>\n<!-- \/ Yoast SEO plugin. -->","yoast_head_json":{"title":"QHP uzde\u010dka Lupine - Spicehorse","description":"spicehorse.eu | Elegantn\u00e1 QHP Lupine uzde\u010dka s lakovan\u00fdm n\u00e1nosn\u00edkom, je dokonalou kombin\u00e1ciou elegancie a pohodlia.","robots":{"index":"index","follow":"follow","max-snippet":"max-snippet:-1","max-image-preview":"max-image-preview:large","max-video-preview":"max-video-preview:-1"},"canonical":"https:\/\/arak.spicehorse.eu\/sk\/produkt\/qhp-uzdecka-lupine\/","og_locale":"sk_SK","og_type":"article","og_title":"QHP uzde\u010dka Lupine - Spicehorse","og_description":"spicehorse.eu | Elegantn\u00e1 QHP Lupine uzde\u010dka s lakovan\u00fdm n\u00e1nosn\u00edkom, je dokonalou kombin\u00e1ciou elegancie a pohodlia.","og_url":"https:\/\/arak.spicehorse.eu\/sk\/produkt\/qhp-uzdecka-lupine\/","og_site_name":"Spicehorse","article_publisher":"https:\/\/www.facebook.com\/SPICEHORSE-550385625402457\/","article_modified_time":"2026-01-02T11:08:22+00:00","og_image":[{"width":960,"height":960,"url":"https:\/\/arak.spicehorse.eu\/wp-content\/uploads\/2022\/11\/9078zwgs-5_2.jpeg","type":"image\/jpeg"}],"twitter_card":"summary_large_image","schema":{"@context":"https:\/\/schema.org","@graph":[{"@type":"WebPage","@id":"https:\/\/arak.spicehorse.eu\/sk\/produkt\/qhp-uzdecka-lupine\/","url":"https:\/\/arak.spicehorse.eu\/sk\/produkt\/qhp-uzdecka-lupine\/","name":"QHP uzde\u010dka Lupine - Spicehorse","isPartOf":{"@id":"https:\/\/arak.spicehorse.eu\/en\/#website"},"datePublished":"2022-11-30T11:19:24+00:00","dateModified":"2026-01-02T11:08:22+00:00","description":"spicehorse.eu | Elegantn\u00e1 QHP Lupine uzde\u010dka s lakovan\u00fdm n\u00e1nosn\u00edkom, je dokonalou kombin\u00e1ciou elegancie a pohodlia.","breadcrumb":{"@id":"https:\/\/arak.spicehorse.eu\/sk\/produkt\/qhp-uzdecka-lupine\/#breadcrumb"},"inLanguage":"sk-SK","potentialAction":[{"@type":"ReadAction","target":["https:\/\/arak.spicehorse.eu\/sk\/produkt\/qhp-uzdecka-lupine\/"]}]},{"@type":"BreadcrumbList","@id":"https:\/\/arak.spicehorse.eu\/sk\/produkt\/qhp-uzdecka-lupine\/#breadcrumb","itemListElement":[{"@type":"ListItem","position":1,"name":"Home","item":"https:\/\/arak.spicehorse.eu\/sk\/"},{"@type":"ListItem","position":2,"name":"Predaj\u0148a","item":"https:\/\/arak.spicehorse.eu\/sk\/predajna\/"},{"@type":"ListItem","position":3,"name":"QHP uzde\u010dka Lupine"}]},{"@type":"WebSite","@id":"https:\/\/arak.spicehorse.eu\/en\/#website","url":"https:\/\/arak.spicehorse.eu\/en\/","name":"Spicehorse","description":"UNDER DEVELOPMENT -","potentialAction":[{"@type":"SearchAction","target":{"@type":"EntryPoint","urlTemplate":"https:\/\/arak.spicehorse.eu\/en\/?s={search_term_string}"},"query-input":"required name=search_term_string"}],"inLanguage":"sk-SK"}]}},"_links":{"self":[{"href":"https:\/\/arak.spicehorse.eu\/sk\/wp-json\/wp\/v2\/product\/80313"}],"collection":[{"href":"https:\/\/arak.spicehorse.eu\/sk\/wp-json\/wp\/v2\/product"}],"about":[{"href":"https:\/\/arak.spicehorse.eu\/sk\/wp-json\/wp\/v2\/types\/product"}],"wp:featuredmedia":[{"embeddable":true,"href":"https:\/\/arak.spicehorse.eu\/sk\/wp-json\/wp\/v2\/media\/81139"}],"wp:attachment":[{"href":"https:\/\/arak.spicehorse.eu\/sk\/wp-json\/wp\/v2\/media?parent=80313"}],"wp:term":[{"taxonomy":"product_cat","embeddable":true,"href":"https:\/\/arak.spicehorse.eu\/sk\/wp-json\/wp\/v2\/product_cat?post=80313"},{"taxonomy":"product_tag","embeddable":true,"href":"https:\/\/arak.spicehorse.eu\/sk\/wp-json\/wp\/v2\/product_tag?post=80313"}],"curies":[{"name":"wp","href":"https:\/\/api.w.org\/{rel}","templated":true}]}}