{"id":82056,"date":"2022-12-29T14:07:16","date_gmt":"2022-12-29T13:07:19","guid":{"rendered":"https:\/\/arak.spicehorse.eu\/?post_type=product&#038;p=82056"},"modified":"2023-01-11T19:45:11","modified_gmt":"2023-01-11T18:45:11","slug":"qhp-remienky-na-ostrohy-las-vegas","status":"publish","type":"product","link":"https:\/\/arak.spicehorse.eu\/sk\/produkt\/qhp-remienky-na-ostrohy-las-vegas\/","title":{"rendered":"QHP remienky na ostrohy Las Vegas"},"content":{"rendered":"<p><span class=\"s11\">\u010cierne<\/span><span class=\"s11\"> QHP <\/span><span class=\"s11\">lakovan\u00e9 remienky na ostrohy so \u0161trasmi umiestnen\u00fdmi do dvoch radov. S\u00fa dostupn\u00e9 vo viacer\u00fdch farb\u00e1ch, so sponou z nehrdzavej\u00facej ocele striebornej farby.<\/span><\/p>\n","protected":false},"excerpt":{"rendered":"<ul>\n<li class=\"s10\"><span class=\"s4\">Materi\u00e1l<\/span><span class=\"s4\">: <\/span><span class=\"s4\">ko\u017ea<\/span><\/li>\n<li class=\"s10\"><span class=\"s4\">Materi\u00e1l spony<\/span><span class=\"s4\">: <\/span><span class=\"s4\">nehrdzavej\u00faca oce\u013e<\/span><\/li>\n<li class=\"s10\"><span class=\"s4\">\u010cierne remienky z\u00a0lakovanej ko\u017ee<\/span><\/li>\n<li class=\"s10\"><span class=\"s4\">Dva rady zdoben\u00e9 \u0161trasov\u00fdmi kamienkami<\/span><\/li>\n<li class=\"s10\"><span class=\"s4\">So\u00a0sponou striebornej farby<\/span><\/li>\n<li class=\"s10\"><span class=\"s4\">D\u013a\u017eka<\/span><span class=\"s4\">: 46 cm<\/span><\/li>\n<li class=\"s10\"><span class=\"s4\">D\u013a\u017eka<\/span><span class=\"s4\"> junior: 38 cm<\/span><\/li>\n<\/ul>\n","protected":false},"featured_media":83750,"template":"","meta":{"_acf_changed":false},"product_cat":[76,1752],"product_tag":[241,2216,1906,1973],"acf":[],"yoast_head":"<!-- This site is optimized with the Yoast SEO plugin v21.4 - https:\/\/yoast.com\/wordpress\/plugins\/seo\/ -->\n<title>QHP remienky na ostrohy Las Vegas - Spicehorse<\/title>\n<meta name=\"description\" content=\"spicehorse.eu | \u010cierne QHP lakovan\u00e9 remienky na ostrohy so \u0161trasmi umiestnen\u00fdmi do dvoch radov.\" \/>\n<meta name=\"robots\" content=\"index, follow, max-snippet:-1, max-image-preview:large, max-video-preview:-1\" \/>\n<link rel=\"canonical\" href=\"https:\/\/arak.spicehorse.eu\/termek\/qhp-sarkantyuszij-las-vegas\/\" \/>\n<meta property=\"og:locale\" content=\"sk_SK\" \/>\n<meta property=\"og:type\" content=\"article\" \/>\n<meta property=\"og:title\" content=\"QHP remienky na ostrohy Las Vegas - Spicehorse\" \/>\n<meta property=\"og:description\" content=\"spicehorse.eu | \u010cierne QHP lakovan\u00e9 remienky na ostrohy so \u0161trasmi umiestnen\u00fdmi do dvoch radov.\" \/>\n<meta property=\"og:url\" content=\"https:\/\/arak.spicehorse.eu\/termek\/qhp-sarkantyuszij-las-vegas\/\" \/>\n<meta property=\"og:site_name\" content=\"Spicehorse\" \/>\n<meta property=\"article:publisher\" content=\"https:\/\/www.facebook.com\/SPICEHORSE-550385625402457\/\" \/>\n<meta property=\"article:modified_time\" content=\"2023-01-11T18:45:11+00:00\" \/>\n<meta property=\"og:image\" content=\"https:\/\/arak.spicehorse.eu\/wp-content\/uploads\/2022\/12\/2146zwgs_2.jpg\" \/>\n\t<meta property=\"og:image:width\" content=\"1280\" \/>\n\t<meta property=\"og:image:height\" content=\"1024\" \/>\n\t<meta property=\"og:image:type\" content=\"image\/jpeg\" \/>\n<meta name=\"twitter:card\" content=\"summary_large_image\" \/>\n<script type=\"application\/ld+json\" class=\"yoast-schema-graph\">{\"@context\":\"https:\/\/schema.org\",\"@graph\":[{\"@type\":\"WebPage\",\"@id\":\"https:\/\/arak.spicehorse.eu\/termek\/qhp-sarkantyuszij-las-vegas\/\",\"url\":\"https:\/\/arak.spicehorse.eu\/termek\/qhp-sarkantyuszij-las-vegas\/\",\"name\":\"QHP remienky na ostrohy Las Vegas - Spicehorse\",\"isPartOf\":{\"@id\":\"https:\/\/arak.spicehorse.eu\/en\/#website\"},\"datePublished\":\"2022-12-29T13:07:19+00:00\",\"dateModified\":\"2023-01-11T18:45:11+00:00\",\"description\":\"spicehorse.eu | \u010cierne QHP lakovan\u00e9 remienky na ostrohy so \u0161trasmi umiestnen\u00fdmi do dvoch radov.\",\"breadcrumb\":{\"@id\":\"https:\/\/arak.spicehorse.eu\/termek\/qhp-sarkantyuszij-las-vegas\/#breadcrumb\"},\"inLanguage\":\"sk-SK\",\"potentialAction\":[{\"@type\":\"ReadAction\",\"target\":[\"https:\/\/arak.spicehorse.eu\/termek\/qhp-sarkantyuszij-las-vegas\/\"]}]},{\"@type\":\"BreadcrumbList\",\"@id\":\"https:\/\/arak.spicehorse.eu\/termek\/qhp-sarkantyuszij-las-vegas\/#breadcrumb\",\"itemListElement\":[{\"@type\":\"ListItem\",\"position\":1,\"name\":\"Home\",\"item\":\"https:\/\/arak.spicehorse.eu\/sk\/\"},{\"@type\":\"ListItem\",\"position\":2,\"name\":\"Predaj\u0148a\",\"item\":\"https:\/\/arak.spicehorse.eu\/sk\/predajna\/\"},{\"@type\":\"ListItem\",\"position\":3,\"name\":\"QHP remienky na ostrohy Las Vegas\"}]},{\"@type\":\"WebSite\",\"@id\":\"https:\/\/arak.spicehorse.eu\/en\/#website\",\"url\":\"https:\/\/arak.spicehorse.eu\/en\/\",\"name\":\"Spicehorse\",\"description\":\"UNDER DEVELOPMENT -\",\"potentialAction\":[{\"@type\":\"SearchAction\",\"target\":{\"@type\":\"EntryPoint\",\"urlTemplate\":\"https:\/\/arak.spicehorse.eu\/en\/?s={search_term_string}\"},\"query-input\":\"required name=search_term_string\"}],\"inLanguage\":\"sk-SK\"}]}<\/script>\n<!-- \/ Yoast SEO plugin. -->","yoast_head_json":{"title":"QHP remienky na ostrohy Las Vegas - Spicehorse","description":"spicehorse.eu | \u010cierne QHP lakovan\u00e9 remienky na ostrohy so \u0161trasmi umiestnen\u00fdmi do dvoch radov.","robots":{"index":"index","follow":"follow","max-snippet":"max-snippet:-1","max-image-preview":"max-image-preview:large","max-video-preview":"max-video-preview:-1"},"canonical":"https:\/\/arak.spicehorse.eu\/termek\/qhp-sarkantyuszij-las-vegas\/","og_locale":"sk_SK","og_type":"article","og_title":"QHP remienky na ostrohy Las Vegas - Spicehorse","og_description":"spicehorse.eu | \u010cierne QHP lakovan\u00e9 remienky na ostrohy so \u0161trasmi umiestnen\u00fdmi do dvoch radov.","og_url":"https:\/\/arak.spicehorse.eu\/termek\/qhp-sarkantyuszij-las-vegas\/","og_site_name":"Spicehorse","article_publisher":"https:\/\/www.facebook.com\/SPICEHORSE-550385625402457\/","article_modified_time":"2023-01-11T18:45:11+00:00","og_image":[{"width":1280,"height":1024,"url":"https:\/\/arak.spicehorse.eu\/wp-content\/uploads\/2022\/12\/2146zwgs_2.jpg","type":"image\/jpeg"}],"twitter_card":"summary_large_image","schema":{"@context":"https:\/\/schema.org","@graph":[{"@type":"WebPage","@id":"https:\/\/arak.spicehorse.eu\/termek\/qhp-sarkantyuszij-las-vegas\/","url":"https:\/\/arak.spicehorse.eu\/termek\/qhp-sarkantyuszij-las-vegas\/","name":"QHP remienky na ostrohy Las Vegas - Spicehorse","isPartOf":{"@id":"https:\/\/arak.spicehorse.eu\/en\/#website"},"datePublished":"2022-12-29T13:07:19+00:00","dateModified":"2023-01-11T18:45:11+00:00","description":"spicehorse.eu | \u010cierne QHP lakovan\u00e9 remienky na ostrohy so \u0161trasmi umiestnen\u00fdmi do dvoch radov.","breadcrumb":{"@id":"https:\/\/arak.spicehorse.eu\/termek\/qhp-sarkantyuszij-las-vegas\/#breadcrumb"},"inLanguage":"sk-SK","potentialAction":[{"@type":"ReadAction","target":["https:\/\/arak.spicehorse.eu\/termek\/qhp-sarkantyuszij-las-vegas\/"]}]},{"@type":"BreadcrumbList","@id":"https:\/\/arak.spicehorse.eu\/termek\/qhp-sarkantyuszij-las-vegas\/#breadcrumb","itemListElement":[{"@type":"ListItem","position":1,"name":"Home","item":"https:\/\/arak.spicehorse.eu\/sk\/"},{"@type":"ListItem","position":2,"name":"Predaj\u0148a","item":"https:\/\/arak.spicehorse.eu\/sk\/predajna\/"},{"@type":"ListItem","position":3,"name":"QHP remienky na ostrohy Las Vegas"}]},{"@type":"WebSite","@id":"https:\/\/arak.spicehorse.eu\/en\/#website","url":"https:\/\/arak.spicehorse.eu\/en\/","name":"Spicehorse","description":"UNDER DEVELOPMENT -","potentialAction":[{"@type":"SearchAction","target":{"@type":"EntryPoint","urlTemplate":"https:\/\/arak.spicehorse.eu\/en\/?s={search_term_string}"},"query-input":"required name=search_term_string"}],"inLanguage":"sk-SK"}]}},"_links":{"self":[{"href":"https:\/\/arak.spicehorse.eu\/sk\/wp-json\/wp\/v2\/product\/82056"}],"collection":[{"href":"https:\/\/arak.spicehorse.eu\/sk\/wp-json\/wp\/v2\/product"}],"about":[{"href":"https:\/\/arak.spicehorse.eu\/sk\/wp-json\/wp\/v2\/types\/product"}],"wp:featuredmedia":[{"embeddable":true,"href":"https:\/\/arak.spicehorse.eu\/sk\/wp-json\/wp\/v2\/media\/83750"}],"wp:attachment":[{"href":"https:\/\/arak.spicehorse.eu\/sk\/wp-json\/wp\/v2\/media?parent=82056"}],"wp:term":[{"taxonomy":"product_cat","embeddable":true,"href":"https:\/\/arak.spicehorse.eu\/sk\/wp-json\/wp\/v2\/product_cat?post=82056"},{"taxonomy":"product_tag","embeddable":true,"href":"https:\/\/arak.spicehorse.eu\/sk\/wp-json\/wp\/v2\/product_tag?post=82056"}],"curies":[{"name":"wp","href":"https:\/\/api.w.org\/{rel}","templated":true}]}}