{"id":8320,"date":"2020-01-14T09:19:59","date_gmt":"2020-01-14T08:19:59","guid":{"rendered":"https:\/\/arak.spicehorse.eu\/product\/kentucky-turnout-air-labvedo\/"},"modified":"2026-03-04T11:46:32","modified_gmt":"2026-03-04T10:46:32","slug":"kentucky-turnout-air-gamase","status":"publish","type":"product","link":"https:\/\/arak.spicehorse.eu\/sk\/produkt\/kentucky-turnout-air-gamase\/","title":{"rendered":"Kentucky Turnout Air gama\u0161e"},"content":{"rendered":"<p>Kentucky Horsewear Turnout Air gama\u0161e s\u00fa vyroben\u00e9 z\u00a0perforovanej nubuk syntetickej ko\u017ee, s\u00a0dobre zn\u00e1mou, jemnou a\u00a0osved\u010denou pod\u0161\u00edvkou z\u00a0umel\u00e9ho baran\u010deka v\u00a0z\u00e1ujme maxim\u00e1lneho komfortu a\u00a0ochrany.\u00a0 S\u00fa ide\u00e1lnou vo\u013ebou pre v\u0161etky formy jazdectva. Gama\u0161e mo\u017eno pou\u017e\u00edva\u0165 okrem in\u00e9ho na tr\u00e9ning kon\u00ed, na vodenie, do koloto\u010da, na lon\u017eovanie, do ter\u00e9nu a\u00a0pod. s\u00fa ide\u00e1lne na ka\u017edodenn\u00e9 pou\u017eitie, za dostupn\u00fa cenu. Anatomick\u00e9 tvarovanie, dva pevn\u00e9 a\u00a0bezpe\u010dn\u00e9 such\u00e9 zipsy. Na 100% prievzu\u0161n\u00fd materi\u00e1l, \u013eahko sa o\u0161etruje, mo\u017eno pra\u0165 v\u00a0pr\u00e1\u010dke na 30\u00b0(nevkladajte do su\u0161i\u010dky).<\/p>\n","protected":false},"excerpt":{"rendered":"<ul>\n<li>Perforovan\u00e1 nubuk syntetick\u00e1 ko\u017ea<\/li>\n<li>Vn\u00fatorn\u00e1 \u010das\u0165 z\u00a0umel\u00e9ho baran\u010deka<\/li>\n<li>100% prievzdu\u0161nos\u0165<\/li>\n<li>Na ka\u017edodenn\u00e9 pou\u017eitie<\/li>\n<li>Dva pevn\u00e9 such\u00e9 zipsy<\/li>\n<li>Ide\u00e1lne aj pre kone s\u00a0citlivou poko\u017ekou<\/li>\n<\/ul>\n","protected":false},"featured_media":8288,"template":"","meta":{"_acf_changed":false},"product_cat":[75,104],"product_tag":[200,203,186],"acf":[],"yoast_head":"<!-- This site is optimized with the Yoast SEO plugin v21.4 - https:\/\/yoast.com\/wordpress\/plugins\/seo\/ -->\n<title>Kentucky Turnout Air gama\u0161e - Spicehorse<\/title>\n<meta name=\"description\" content=\"spicehorse.eu | Kentucky Horsewear Turnout Air gama\u0161e s\u00fa vyroben\u00e9 z\u00a0perforovanej nubuk syntetickej ko\u017ee, s\u00a0dobre zn\u00e1mou, jemnou a\u00a0osved\u010denou pod\u0161\u00edvkou z\u00a0umel\u00e9ho baran\u010deka v\u00a0z\u00e1ujme maxim\u00e1lneho komfortu a\u00a0ochrany.\" \/>\n<meta name=\"robots\" content=\"index, follow, max-snippet:-1, max-image-preview:large, max-video-preview:-1\" \/>\n<link rel=\"canonical\" href=\"https:\/\/arak.spicehorse.eu\/sk\/produkt\/kentucky-turnout-air-gamase\/\" \/>\n<meta property=\"og:locale\" content=\"sk_SK\" \/>\n<meta property=\"og:type\" content=\"article\" \/>\n<meta property=\"og:title\" content=\"Kentucky Turnout Air gama\u0161e - Spicehorse\" \/>\n<meta property=\"og:description\" content=\"spicehorse.eu | Kentucky Horsewear Turnout Air gama\u0161e s\u00fa vyroben\u00e9 z\u00a0perforovanej nubuk syntetickej ko\u017ee, s\u00a0dobre zn\u00e1mou, jemnou a\u00a0osved\u010denou pod\u0161\u00edvkou z\u00a0umel\u00e9ho baran\u010deka v\u00a0z\u00e1ujme maxim\u00e1lneho komfortu a\u00a0ochrany.\" \/>\n<meta property=\"og:url\" content=\"https:\/\/arak.spicehorse.eu\/sk\/produkt\/kentucky-turnout-air-gamase\/\" \/>\n<meta property=\"og:site_name\" content=\"Spicehorse\" \/>\n<meta property=\"article:publisher\" content=\"https:\/\/www.facebook.com\/SPICEHORSE-550385625402457\/\" \/>\n<meta property=\"article:modified_time\" content=\"2026-03-04T10:46:32+00:00\" \/>\n<meta property=\"og:image\" content=\"https:\/\/arak.spicehorse.eu\/wp-content\/uploads\/2020\/01\/42109-01.jpg\" \/>\n\t<meta property=\"og:image:width\" content=\"2048\" \/>\n\t<meta property=\"og:image:height\" content=\"2048\" \/>\n\t<meta property=\"og:image:type\" content=\"image\/jpeg\" \/>\n<meta name=\"twitter:card\" content=\"summary_large_image\" \/>\n<meta name=\"twitter:label1\" content=\"Predpokladan\u00fd \u010das \u010d\u00edtania\" \/>\n\t<meta name=\"twitter:data1\" content=\"1 min\u00fata\" \/>\n<script type=\"application\/ld+json\" class=\"yoast-schema-graph\">{\"@context\":\"https:\/\/schema.org\",\"@graph\":[{\"@type\":\"WebPage\",\"@id\":\"https:\/\/arak.spicehorse.eu\/sk\/produkt\/kentucky-turnout-air-gamase\/\",\"url\":\"https:\/\/arak.spicehorse.eu\/sk\/produkt\/kentucky-turnout-air-gamase\/\",\"name\":\"Kentucky Turnout Air gama\u0161e - Spicehorse\",\"isPartOf\":{\"@id\":\"https:\/\/arak.spicehorse.eu\/en\/#website\"},\"datePublished\":\"2020-01-14T08:19:59+00:00\",\"dateModified\":\"2026-03-04T10:46:32+00:00\",\"description\":\"spicehorse.eu | Kentucky Horsewear Turnout Air gama\u0161e s\u00fa vyroben\u00e9 z\u00a0perforovanej nubuk syntetickej ko\u017ee, s\u00a0dobre zn\u00e1mou, jemnou a\u00a0osved\u010denou pod\u0161\u00edvkou z\u00a0umel\u00e9ho baran\u010deka v\u00a0z\u00e1ujme maxim\u00e1lneho komfortu a\u00a0ochrany.\",\"breadcrumb\":{\"@id\":\"https:\/\/arak.spicehorse.eu\/sk\/produkt\/kentucky-turnout-air-gamase\/#breadcrumb\"},\"inLanguage\":\"sk-SK\",\"potentialAction\":[{\"@type\":\"ReadAction\",\"target\":[\"https:\/\/arak.spicehorse.eu\/sk\/produkt\/kentucky-turnout-air-gamase\/\"]}]},{\"@type\":\"BreadcrumbList\",\"@id\":\"https:\/\/arak.spicehorse.eu\/sk\/produkt\/kentucky-turnout-air-gamase\/#breadcrumb\",\"itemListElement\":[{\"@type\":\"ListItem\",\"position\":1,\"name\":\"Home\",\"item\":\"https:\/\/arak.spicehorse.eu\/sk\/\"},{\"@type\":\"ListItem\",\"position\":2,\"name\":\"Predaj\u0148a\",\"item\":\"https:\/\/arak.spicehorse.eu\/sk\/predajna\/\"},{\"@type\":\"ListItem\",\"position\":3,\"name\":\"Kentucky Turnout Air gama\u0161e\"}]},{\"@type\":\"WebSite\",\"@id\":\"https:\/\/arak.spicehorse.eu\/en\/#website\",\"url\":\"https:\/\/arak.spicehorse.eu\/en\/\",\"name\":\"Spicehorse\",\"description\":\"UNDER DEVELOPMENT -\",\"potentialAction\":[{\"@type\":\"SearchAction\",\"target\":{\"@type\":\"EntryPoint\",\"urlTemplate\":\"https:\/\/arak.spicehorse.eu\/en\/?s={search_term_string}\"},\"query-input\":\"required name=search_term_string\"}],\"inLanguage\":\"sk-SK\"}]}<\/script>\n<!-- \/ Yoast SEO plugin. -->","yoast_head_json":{"title":"Kentucky Turnout Air gama\u0161e - Spicehorse","description":"spicehorse.eu | Kentucky Horsewear Turnout Air gama\u0161e s\u00fa vyroben\u00e9 z\u00a0perforovanej nubuk syntetickej ko\u017ee, s\u00a0dobre zn\u00e1mou, jemnou a\u00a0osved\u010denou pod\u0161\u00edvkou z\u00a0umel\u00e9ho baran\u010deka v\u00a0z\u00e1ujme maxim\u00e1lneho komfortu a\u00a0ochrany.","robots":{"index":"index","follow":"follow","max-snippet":"max-snippet:-1","max-image-preview":"max-image-preview:large","max-video-preview":"max-video-preview:-1"},"canonical":"https:\/\/arak.spicehorse.eu\/sk\/produkt\/kentucky-turnout-air-gamase\/","og_locale":"sk_SK","og_type":"article","og_title":"Kentucky Turnout Air gama\u0161e - Spicehorse","og_description":"spicehorse.eu | Kentucky Horsewear Turnout Air gama\u0161e s\u00fa vyroben\u00e9 z\u00a0perforovanej nubuk syntetickej ko\u017ee, s\u00a0dobre zn\u00e1mou, jemnou a\u00a0osved\u010denou pod\u0161\u00edvkou z\u00a0umel\u00e9ho baran\u010deka v\u00a0z\u00e1ujme maxim\u00e1lneho komfortu a\u00a0ochrany.","og_url":"https:\/\/arak.spicehorse.eu\/sk\/produkt\/kentucky-turnout-air-gamase\/","og_site_name":"Spicehorse","article_publisher":"https:\/\/www.facebook.com\/SPICEHORSE-550385625402457\/","article_modified_time":"2026-03-04T10:46:32+00:00","og_image":[{"width":2048,"height":2048,"url":"https:\/\/arak.spicehorse.eu\/wp-content\/uploads\/2020\/01\/42109-01.jpg","type":"image\/jpeg"}],"twitter_card":"summary_large_image","twitter_misc":{"Predpokladan\u00fd \u010das \u010d\u00edtania":"1 min\u00fata"},"schema":{"@context":"https:\/\/schema.org","@graph":[{"@type":"WebPage","@id":"https:\/\/arak.spicehorse.eu\/sk\/produkt\/kentucky-turnout-air-gamase\/","url":"https:\/\/arak.spicehorse.eu\/sk\/produkt\/kentucky-turnout-air-gamase\/","name":"Kentucky Turnout Air gama\u0161e - Spicehorse","isPartOf":{"@id":"https:\/\/arak.spicehorse.eu\/en\/#website"},"datePublished":"2020-01-14T08:19:59+00:00","dateModified":"2026-03-04T10:46:32+00:00","description":"spicehorse.eu | Kentucky Horsewear Turnout Air gama\u0161e s\u00fa vyroben\u00e9 z\u00a0perforovanej nubuk syntetickej ko\u017ee, s\u00a0dobre zn\u00e1mou, jemnou a\u00a0osved\u010denou pod\u0161\u00edvkou z\u00a0umel\u00e9ho baran\u010deka v\u00a0z\u00e1ujme maxim\u00e1lneho komfortu a\u00a0ochrany.","breadcrumb":{"@id":"https:\/\/arak.spicehorse.eu\/sk\/produkt\/kentucky-turnout-air-gamase\/#breadcrumb"},"inLanguage":"sk-SK","potentialAction":[{"@type":"ReadAction","target":["https:\/\/arak.spicehorse.eu\/sk\/produkt\/kentucky-turnout-air-gamase\/"]}]},{"@type":"BreadcrumbList","@id":"https:\/\/arak.spicehorse.eu\/sk\/produkt\/kentucky-turnout-air-gamase\/#breadcrumb","itemListElement":[{"@type":"ListItem","position":1,"name":"Home","item":"https:\/\/arak.spicehorse.eu\/sk\/"},{"@type":"ListItem","position":2,"name":"Predaj\u0148a","item":"https:\/\/arak.spicehorse.eu\/sk\/predajna\/"},{"@type":"ListItem","position":3,"name":"Kentucky Turnout Air gama\u0161e"}]},{"@type":"WebSite","@id":"https:\/\/arak.spicehorse.eu\/en\/#website","url":"https:\/\/arak.spicehorse.eu\/en\/","name":"Spicehorse","description":"UNDER DEVELOPMENT -","potentialAction":[{"@type":"SearchAction","target":{"@type":"EntryPoint","urlTemplate":"https:\/\/arak.spicehorse.eu\/en\/?s={search_term_string}"},"query-input":"required name=search_term_string"}],"inLanguage":"sk-SK"}]}},"_links":{"self":[{"href":"https:\/\/arak.spicehorse.eu\/sk\/wp-json\/wp\/v2\/product\/8320"}],"collection":[{"href":"https:\/\/arak.spicehorse.eu\/sk\/wp-json\/wp\/v2\/product"}],"about":[{"href":"https:\/\/arak.spicehorse.eu\/sk\/wp-json\/wp\/v2\/types\/product"}],"wp:featuredmedia":[{"embeddable":true,"href":"https:\/\/arak.spicehorse.eu\/sk\/wp-json\/wp\/v2\/media\/8288"}],"wp:attachment":[{"href":"https:\/\/arak.spicehorse.eu\/sk\/wp-json\/wp\/v2\/media?parent=8320"}],"wp:term":[{"taxonomy":"product_cat","embeddable":true,"href":"https:\/\/arak.spicehorse.eu\/sk\/wp-json\/wp\/v2\/product_cat?post=8320"},{"taxonomy":"product_tag","embeddable":true,"href":"https:\/\/arak.spicehorse.eu\/sk\/wp-json\/wp\/v2\/product_tag?post=8320"}],"curies":[{"name":"wp","href":"https:\/\/api.w.org\/{rel}","templated":true}]}}