{"id":83458,"date":"2023-01-18T10:07:30","date_gmt":"2023-01-18T09:07:36","guid":{"rendered":"https:\/\/arak.spicehorse.eu\/?post_type=product&#038;p=83458"},"modified":"2023-08-05T10:46:11","modified_gmt":"2023-08-05T08:46:11","slug":"qhp-eden-junior-rajtky","status":"publish","type":"product","link":"https:\/\/arak.spicehorse.eu\/sk\/produkt\/qhp-eden-junior-rajtky\/","title":{"rendered":"QHP Eden Junior rajtky"},"content":{"rendered":"<p style=\"font-weight: 400;\">QHP Eden rajtky vedia v\u0161etko, \u010do je potrebn\u00e9 vedie\u0165 o\u00a0pohodlnom jazden\u00ed: s\u00fa m\u00e4kk\u00e9, z\u00a0pru\u017en\u00e9ho materi\u00e1lu a\u00a0elastick\u00fdm p\u00e1som. V\u010faka praktick\u00e9mu va\u010dku na telef\u00f3n m\u00f4\u017eete by\u0165 v\u017edy dostupn\u00ed. Bodkovan\u00fd proti\u0161mykov\u00fd silik\u00f3nov\u00fd grip dod\u00e1 rajtk\u00e1m \u0161portov\u00fd vzh\u013ead.<\/p>\n<p style=\"font-weight: 400;\">Radi by ste zistili ak\u00fa ve\u013ekos\u0165 si m\u00e1te vybra\u0165? Kliknite na ve\u013ekostn\u00fa tabu\u013eku!<\/p>\n","protected":false},"excerpt":{"rendered":"<ul style=\"font-weight: 400;\">\n<li>Materi\u00e1l: 95% polyester, 5% elastan<\/li>\n<li>S\u00a0plne silik\u00f3novou sedacou \u010das\u0165ou pre extra pri\u013enutie<\/li>\n<li>Elastick\u00e1 \u010das\u0165 okolo p\u00e1sa pre dokonal\u00e9 prisp\u00f4sobenie sa postave<\/li>\n<li>Z\u00a0mimoriadne elastick\u00e9ho materi\u00e1lu na\u0165ahuj\u00faceho sa do 4 smerov<\/li>\n<li>Materi\u00e1l pohodln\u00fd na nosenie<\/li>\n<li>So stredne vyv\u00fd\u0161en\u00fdm p\u00e1som<\/li>\n<li>S\u00a0va\u010dkom na telef\u00f3n a QHP logom na pravej strane<\/li>\n<li>Dokonal\u00e9 nosenie po\u010das cel\u00e9ho roka<\/li>\n<li>Elastick\u00e1 \u010das\u0165 okolo n\u00f4h<\/li>\n<li>Pranie: mo\u017eno pra\u0165 v\u00a0pr\u00e1\u010dke na 30\u00b0\/ nepou\u017e\u00edvajte aviv\u00e1\u017e \/ pod\u013ea mo\u017enosti nevkladajte do su\u0161i\u010dky.<\/li>\n<\/ul>\n","protected":false},"featured_media":150045,"template":"","meta":{"_acf_changed":false},"product_cat":[2534,76,305],"product_tag":[2242,1973,381],"acf":[],"yoast_head":"<!-- This site is optimized with the Yoast SEO plugin v21.4 - https:\/\/yoast.com\/wordpress\/plugins\/seo\/ -->\n<title>QHP Eden Junior rajtky - Spicehorse<\/title>\n<meta name=\"description\" content=\"spicehorse.eu | QHP Eden rajtky vedia v\u0161etko, \u010do je potrebn\u00e9 vedie\u0165 o\u00a0pohodlnom jazden\u00ed: s\u00fa m\u00e4kk\u00e9, z\u00a0pru\u017en\u00e9ho materi\u00e1lu a\u00a0elastick\u00fdm p\u00e1som.\" \/>\n<meta name=\"robots\" content=\"index, follow, max-snippet:-1, max-image-preview:large, max-video-preview:-1\" \/>\n<link rel=\"canonical\" href=\"https:\/\/arak.spicehorse.eu\/sk\/produkt\/qhp-eden-junior-rajtky\/\" \/>\n<meta property=\"og:locale\" content=\"sk_SK\" \/>\n<meta property=\"og:type\" content=\"article\" \/>\n<meta property=\"og:title\" content=\"QHP Eden Junior rajtky - Spicehorse\" \/>\n<meta property=\"og:description\" content=\"spicehorse.eu | QHP Eden rajtky vedia v\u0161etko, \u010do je potrebn\u00e9 vedie\u0165 o\u00a0pohodlnom jazden\u00ed: s\u00fa m\u00e4kk\u00e9, z\u00a0pru\u017en\u00e9ho materi\u00e1lu a\u00a0elastick\u00fdm p\u00e1som.\" \/>\n<meta property=\"og:url\" content=\"https:\/\/arak.spicehorse.eu\/sk\/produkt\/qhp-eden-junior-rajtky\/\" \/>\n<meta property=\"og:site_name\" content=\"Spicehorse\" \/>\n<meta property=\"article:publisher\" content=\"https:\/\/www.facebook.com\/SPICEHORSE-550385625402457\/\" \/>\n<meta property=\"article:modified_time\" content=\"2023-08-05T08:46:11+00:00\" \/>\n<meta property=\"og:image\" content=\"https:\/\/arak.spicehorse.eu\/wp-content\/uploads\/2023\/01\/8471na-5.jpeg\" \/>\n\t<meta property=\"og:image:width\" content=\"800\" \/>\n\t<meta property=\"og:image:height\" content=\"800\" \/>\n\t<meta property=\"og:image:type\" content=\"image\/jpeg\" \/>\n<meta name=\"twitter:card\" content=\"summary_large_image\" \/>\n<script type=\"application\/ld+json\" class=\"yoast-schema-graph\">{\"@context\":\"https:\/\/schema.org\",\"@graph\":[{\"@type\":\"WebPage\",\"@id\":\"https:\/\/arak.spicehorse.eu\/sk\/produkt\/qhp-eden-junior-rajtky\/\",\"url\":\"https:\/\/arak.spicehorse.eu\/sk\/produkt\/qhp-eden-junior-rajtky\/\",\"name\":\"QHP Eden Junior rajtky - Spicehorse\",\"isPartOf\":{\"@id\":\"https:\/\/arak.spicehorse.eu\/en\/#website\"},\"datePublished\":\"2023-01-18T09:07:36+00:00\",\"dateModified\":\"2023-08-05T08:46:11+00:00\",\"description\":\"spicehorse.eu | QHP Eden rajtky vedia v\u0161etko, \u010do je potrebn\u00e9 vedie\u0165 o\u00a0pohodlnom jazden\u00ed: s\u00fa m\u00e4kk\u00e9, z\u00a0pru\u017en\u00e9ho materi\u00e1lu a\u00a0elastick\u00fdm p\u00e1som.\",\"breadcrumb\":{\"@id\":\"https:\/\/arak.spicehorse.eu\/sk\/produkt\/qhp-eden-junior-rajtky\/#breadcrumb\"},\"inLanguage\":\"sk-SK\",\"potentialAction\":[{\"@type\":\"ReadAction\",\"target\":[\"https:\/\/arak.spicehorse.eu\/sk\/produkt\/qhp-eden-junior-rajtky\/\"]}]},{\"@type\":\"BreadcrumbList\",\"@id\":\"https:\/\/arak.spicehorse.eu\/sk\/produkt\/qhp-eden-junior-rajtky\/#breadcrumb\",\"itemListElement\":[{\"@type\":\"ListItem\",\"position\":1,\"name\":\"Home\",\"item\":\"https:\/\/arak.spicehorse.eu\/sk\/\"},{\"@type\":\"ListItem\",\"position\":2,\"name\":\"Predaj\u0148a\",\"item\":\"https:\/\/arak.spicehorse.eu\/sk\/predajna\/\"},{\"@type\":\"ListItem\",\"position\":3,\"name\":\"QHP Eden Junior rajtky\"}]},{\"@type\":\"WebSite\",\"@id\":\"https:\/\/arak.spicehorse.eu\/en\/#website\",\"url\":\"https:\/\/arak.spicehorse.eu\/en\/\",\"name\":\"Spicehorse\",\"description\":\"UNDER DEVELOPMENT -\",\"potentialAction\":[{\"@type\":\"SearchAction\",\"target\":{\"@type\":\"EntryPoint\",\"urlTemplate\":\"https:\/\/arak.spicehorse.eu\/en\/?s={search_term_string}\"},\"query-input\":\"required name=search_term_string\"}],\"inLanguage\":\"sk-SK\"}]}<\/script>\n<!-- \/ Yoast SEO plugin. -->","yoast_head_json":{"title":"QHP Eden Junior rajtky - Spicehorse","description":"spicehorse.eu | QHP Eden rajtky vedia v\u0161etko, \u010do je potrebn\u00e9 vedie\u0165 o\u00a0pohodlnom jazden\u00ed: s\u00fa m\u00e4kk\u00e9, z\u00a0pru\u017en\u00e9ho materi\u00e1lu a\u00a0elastick\u00fdm p\u00e1som.","robots":{"index":"index","follow":"follow","max-snippet":"max-snippet:-1","max-image-preview":"max-image-preview:large","max-video-preview":"max-video-preview:-1"},"canonical":"https:\/\/arak.spicehorse.eu\/sk\/produkt\/qhp-eden-junior-rajtky\/","og_locale":"sk_SK","og_type":"article","og_title":"QHP Eden Junior rajtky - Spicehorse","og_description":"spicehorse.eu | QHP Eden rajtky vedia v\u0161etko, \u010do je potrebn\u00e9 vedie\u0165 o\u00a0pohodlnom jazden\u00ed: s\u00fa m\u00e4kk\u00e9, z\u00a0pru\u017en\u00e9ho materi\u00e1lu a\u00a0elastick\u00fdm p\u00e1som.","og_url":"https:\/\/arak.spicehorse.eu\/sk\/produkt\/qhp-eden-junior-rajtky\/","og_site_name":"Spicehorse","article_publisher":"https:\/\/www.facebook.com\/SPICEHORSE-550385625402457\/","article_modified_time":"2023-08-05T08:46:11+00:00","og_image":[{"width":800,"height":800,"url":"https:\/\/arak.spicehorse.eu\/wp-content\/uploads\/2023\/01\/8471na-5.jpeg","type":"image\/jpeg"}],"twitter_card":"summary_large_image","schema":{"@context":"https:\/\/schema.org","@graph":[{"@type":"WebPage","@id":"https:\/\/arak.spicehorse.eu\/sk\/produkt\/qhp-eden-junior-rajtky\/","url":"https:\/\/arak.spicehorse.eu\/sk\/produkt\/qhp-eden-junior-rajtky\/","name":"QHP Eden Junior rajtky - Spicehorse","isPartOf":{"@id":"https:\/\/arak.spicehorse.eu\/en\/#website"},"datePublished":"2023-01-18T09:07:36+00:00","dateModified":"2023-08-05T08:46:11+00:00","description":"spicehorse.eu | QHP Eden rajtky vedia v\u0161etko, \u010do je potrebn\u00e9 vedie\u0165 o\u00a0pohodlnom jazden\u00ed: s\u00fa m\u00e4kk\u00e9, z\u00a0pru\u017en\u00e9ho materi\u00e1lu a\u00a0elastick\u00fdm p\u00e1som.","breadcrumb":{"@id":"https:\/\/arak.spicehorse.eu\/sk\/produkt\/qhp-eden-junior-rajtky\/#breadcrumb"},"inLanguage":"sk-SK","potentialAction":[{"@type":"ReadAction","target":["https:\/\/arak.spicehorse.eu\/sk\/produkt\/qhp-eden-junior-rajtky\/"]}]},{"@type":"BreadcrumbList","@id":"https:\/\/arak.spicehorse.eu\/sk\/produkt\/qhp-eden-junior-rajtky\/#breadcrumb","itemListElement":[{"@type":"ListItem","position":1,"name":"Home","item":"https:\/\/arak.spicehorse.eu\/sk\/"},{"@type":"ListItem","position":2,"name":"Predaj\u0148a","item":"https:\/\/arak.spicehorse.eu\/sk\/predajna\/"},{"@type":"ListItem","position":3,"name":"QHP Eden Junior rajtky"}]},{"@type":"WebSite","@id":"https:\/\/arak.spicehorse.eu\/en\/#website","url":"https:\/\/arak.spicehorse.eu\/en\/","name":"Spicehorse","description":"UNDER DEVELOPMENT -","potentialAction":[{"@type":"SearchAction","target":{"@type":"EntryPoint","urlTemplate":"https:\/\/arak.spicehorse.eu\/en\/?s={search_term_string}"},"query-input":"required name=search_term_string"}],"inLanguage":"sk-SK"}]}},"_links":{"self":[{"href":"https:\/\/arak.spicehorse.eu\/sk\/wp-json\/wp\/v2\/product\/83458"}],"collection":[{"href":"https:\/\/arak.spicehorse.eu\/sk\/wp-json\/wp\/v2\/product"}],"about":[{"href":"https:\/\/arak.spicehorse.eu\/sk\/wp-json\/wp\/v2\/types\/product"}],"wp:featuredmedia":[{"embeddable":true,"href":"https:\/\/arak.spicehorse.eu\/sk\/wp-json\/wp\/v2\/media\/150045"}],"wp:attachment":[{"href":"https:\/\/arak.spicehorse.eu\/sk\/wp-json\/wp\/v2\/media?parent=83458"}],"wp:term":[{"taxonomy":"product_cat","embeddable":true,"href":"https:\/\/arak.spicehorse.eu\/sk\/wp-json\/wp\/v2\/product_cat?post=83458"},{"taxonomy":"product_tag","embeddable":true,"href":"https:\/\/arak.spicehorse.eu\/sk\/wp-json\/wp\/v2\/product_tag?post=83458"}],"curies":[{"name":"wp","href":"https:\/\/api.w.org\/{rel}","templated":true}]}}