{"id":84640,"date":"2023-02-05T07:43:25","date_gmt":"2023-02-05T06:43:27","guid":{"rendered":"https:\/\/arak.spicehorse.eu\/?post_type=product&#038;p=84640"},"modified":"2025-11-24T20:21:44","modified_gmt":"2025-11-24T19:21:44","slug":"equestrian-stockholm-blue-meadow-glimmer-drezurna-podsedlova-decka","status":"publish","type":"product","link":"https:\/\/arak.spicehorse.eu\/sk\/produkt\/equestrian-stockholm-blue-meadow-glimmer-drezurna-podsedlova-decka\/","title":{"rendered":"Equestrian Stockholm Blue Meadow Glimmer drez\u00farna podsedlov\u00e1 de\u010dka"},"content":{"rendered":"<div>\n<p class=\"s10\"><span class=\"s6\"><span lang=\"SK\">Exkluz\u00edvna<\/span><\/span><span lang=\"SK\">\u00a0<span class=\"s6\">Equestrian<\/span>\u00a0<span class=\"s6\">Stockholm<\/span>\u00a0<span class=\"s6\">podsedlov\u00e1\u00a0de\u010dka v\u00a0lesklej modrej glitrovanej farbe s\u00a0modr\u00fdmi detailmi a modrou kovovou tabu\u013ekou. Vonkaj\u0161ia \u010das\u0165 je z\u00a0priedu\u0161n\u00e9ho materi\u00e1lu odpudzuj\u00faceho ne\u010distoty. So \u0161tepovan\u00edm vo vzore <\/span>Equestrian Stockholm <\/span><\/p>\n<\/div>\n<div>\n<p class=\"s10\"><span class=\"s6\"><span lang=\"SK\">Dokonale lad\u00ed s\u00a0ostatn\u00fdmi v\u00fdrobkami kolekcie\u00a0Equestrian<\/span><\/span><span lang=\"SK\">\u00a0<span class=\"s6\">Stockholm<\/span>\u00a0Blue Meadow<span class=\"s6\">.<\/span><\/span><\/p>\n<\/div>\n","protected":false},"excerpt":{"rendered":"<ul style=\"font-weight: 400;\">\n<li>Ve\u013ekos\u0165:\u00a0Full<\/li>\n<li>Farba:\u00a0modr\u00fd leskl\u00fd glitrovan\u00fd materi\u00e1l<\/li>\n<li>Lem: modr\u00fd<\/li>\n<li>\u0160nurovanie:\u00a0modr\u00e9<\/li>\n<li>Kovov\u00e1 tabu\u013eka: tmavomodr\u00fd kov<\/li>\n<li>Vn\u00fatorn\u00e1 \u010das\u0165:\u00a0100% polyester (high IQ cool comfort)<\/li>\n<li>Vonkaj\u0161ia \u010das\u0165: 100% polyester, materi\u00e1l odpudzuj\u00faci ne\u010distoty<\/li>\n<li>Pranie: na 30\u00b0 stup\u0148och \/ nepou\u017e\u00edvajte aviv\u00e1\u017e \/ nevkladajte do su\u0161i\u010dky \/ perte z rubovej strany v z\u00e1ujme \u00fa\u010dinnej\u0161ieho prania a ochrany kovovej tabu\u013eky \/ such\u00e9 zipsy majte zapnut\u00e9<\/li>\n<li>Kv\u00f4li leskl\u00e9mu materi\u00e1lu je na slne\u010dnom svetle svetlej\u0161ia ne\u017e ako sa zd\u00e1 pod\u013ea obr\u00e1zku, vo vn\u00fatri m\u00e1 tmav\u0161\u00ed odtie\u0148<\/li>\n<\/ul>\n","protected":false},"featured_media":208367,"template":"","meta":{"_acf_changed":false},"product_cat":[75,367],"product_tag":[2294,2293,217,351,361,2292,566],"acf":[],"yoast_head":"<!-- This site is optimized with the Yoast SEO plugin v21.4 - https:\/\/yoast.com\/wordpress\/plugins\/seo\/ -->\n<title>Equestrian Stockholm Blue Meadow Glimmer drez\u00farna podsedlov\u00e1 de\u010dka - Spicehorse<\/title>\n<meta name=\"description\" content=\"spicehorse.eu | Exkluz\u00edvna\u00a0Equestrian\u00a0Stockholm\u00a0podsedlov\u00e1\u00a0de\u010dka v\u00a0lesklej modrej glitrovanej farbe s\u00a0modr\u00fdmi detailmi a modrou kovovou tabu\u013ekou.\" \/>\n<meta name=\"robots\" content=\"index, follow, max-snippet:-1, max-image-preview:large, max-video-preview:-1\" \/>\n<link rel=\"canonical\" href=\"https:\/\/arak.spicehorse.eu\/sk\/produkt\/equestrian-stockholm-blue-meadow-glimmer-drezurna-podsedlova-decka\/\" \/>\n<meta property=\"og:locale\" content=\"sk_SK\" \/>\n<meta property=\"og:type\" content=\"article\" \/>\n<meta property=\"og:title\" content=\"Equestrian Stockholm Blue Meadow Glimmer drez\u00farna podsedlov\u00e1 de\u010dka - Spicehorse\" \/>\n<meta property=\"og:description\" content=\"spicehorse.eu | Exkluz\u00edvna\u00a0Equestrian\u00a0Stockholm\u00a0podsedlov\u00e1\u00a0de\u010dka v\u00a0lesklej modrej glitrovanej farbe s\u00a0modr\u00fdmi detailmi a modrou kovovou tabu\u013ekou.\" \/>\n<meta property=\"og:url\" content=\"https:\/\/arak.spicehorse.eu\/sk\/produkt\/equestrian-stockholm-blue-meadow-glimmer-drezurna-podsedlova-decka\/\" \/>\n<meta property=\"og:site_name\" content=\"Spicehorse\" \/>\n<meta property=\"article:publisher\" content=\"https:\/\/www.facebook.com\/SPICEHORSE-550385625402457\/\" \/>\n<meta property=\"article:modified_time\" content=\"2025-11-24T19:21:44+00:00\" \/>\n<meta property=\"og:image\" content=\"https:\/\/arak.spicehorse.eu\/wp-content\/uploads\/2023\/02\/blue-meadow-glimmer-classic-saddlepad-dressage-1-1e-2048x1536-1.jpg\" \/>\n\t<meta property=\"og:image:width\" content=\"1536\" \/>\n\t<meta property=\"og:image:height\" content=\"2048\" \/>\n\t<meta property=\"og:image:type\" content=\"image\/jpeg\" \/>\n<meta name=\"twitter:card\" content=\"summary_large_image\" \/>\n<script type=\"application\/ld+json\" class=\"yoast-schema-graph\">{\"@context\":\"https:\/\/schema.org\",\"@graph\":[{\"@type\":\"WebPage\",\"@id\":\"https:\/\/arak.spicehorse.eu\/sk\/produkt\/equestrian-stockholm-blue-meadow-glimmer-drezurna-podsedlova-decka\/\",\"url\":\"https:\/\/arak.spicehorse.eu\/sk\/produkt\/equestrian-stockholm-blue-meadow-glimmer-drezurna-podsedlova-decka\/\",\"name\":\"Equestrian Stockholm Blue Meadow Glimmer drez\u00farna podsedlov\u00e1 de\u010dka - Spicehorse\",\"isPartOf\":{\"@id\":\"https:\/\/arak.spicehorse.eu\/en\/#website\"},\"datePublished\":\"2023-02-05T06:43:27+00:00\",\"dateModified\":\"2025-11-24T19:21:44+00:00\",\"description\":\"spicehorse.eu | Exkluz\u00edvna\u00a0Equestrian\u00a0Stockholm\u00a0podsedlov\u00e1\u00a0de\u010dka v\u00a0lesklej modrej glitrovanej farbe s\u00a0modr\u00fdmi detailmi a modrou kovovou tabu\u013ekou.\",\"breadcrumb\":{\"@id\":\"https:\/\/arak.spicehorse.eu\/sk\/produkt\/equestrian-stockholm-blue-meadow-glimmer-drezurna-podsedlova-decka\/#breadcrumb\"},\"inLanguage\":\"sk-SK\",\"potentialAction\":[{\"@type\":\"ReadAction\",\"target\":[\"https:\/\/arak.spicehorse.eu\/sk\/produkt\/equestrian-stockholm-blue-meadow-glimmer-drezurna-podsedlova-decka\/\"]}]},{\"@type\":\"BreadcrumbList\",\"@id\":\"https:\/\/arak.spicehorse.eu\/sk\/produkt\/equestrian-stockholm-blue-meadow-glimmer-drezurna-podsedlova-decka\/#breadcrumb\",\"itemListElement\":[{\"@type\":\"ListItem\",\"position\":1,\"name\":\"Home\",\"item\":\"https:\/\/arak.spicehorse.eu\/sk\/\"},{\"@type\":\"ListItem\",\"position\":2,\"name\":\"Predaj\u0148a\",\"item\":\"https:\/\/arak.spicehorse.eu\/sk\/predajna\/\"},{\"@type\":\"ListItem\",\"position\":3,\"name\":\"Equestrian Stockholm Blue Meadow Glimmer drez\u00farna podsedlov\u00e1 de\u010dka\"}]},{\"@type\":\"WebSite\",\"@id\":\"https:\/\/arak.spicehorse.eu\/en\/#website\",\"url\":\"https:\/\/arak.spicehorse.eu\/en\/\",\"name\":\"Spicehorse\",\"description\":\"UNDER DEVELOPMENT -\",\"potentialAction\":[{\"@type\":\"SearchAction\",\"target\":{\"@type\":\"EntryPoint\",\"urlTemplate\":\"https:\/\/arak.spicehorse.eu\/en\/?s={search_term_string}\"},\"query-input\":\"required name=search_term_string\"}],\"inLanguage\":\"sk-SK\"}]}<\/script>\n<!-- \/ Yoast SEO plugin. -->","yoast_head_json":{"title":"Equestrian Stockholm Blue Meadow Glimmer drez\u00farna podsedlov\u00e1 de\u010dka - Spicehorse","description":"spicehorse.eu | Exkluz\u00edvna\u00a0Equestrian\u00a0Stockholm\u00a0podsedlov\u00e1\u00a0de\u010dka v\u00a0lesklej modrej glitrovanej farbe s\u00a0modr\u00fdmi detailmi a modrou kovovou tabu\u013ekou.","robots":{"index":"index","follow":"follow","max-snippet":"max-snippet:-1","max-image-preview":"max-image-preview:large","max-video-preview":"max-video-preview:-1"},"canonical":"https:\/\/arak.spicehorse.eu\/sk\/produkt\/equestrian-stockholm-blue-meadow-glimmer-drezurna-podsedlova-decka\/","og_locale":"sk_SK","og_type":"article","og_title":"Equestrian Stockholm Blue Meadow Glimmer drez\u00farna podsedlov\u00e1 de\u010dka - Spicehorse","og_description":"spicehorse.eu | Exkluz\u00edvna\u00a0Equestrian\u00a0Stockholm\u00a0podsedlov\u00e1\u00a0de\u010dka v\u00a0lesklej modrej glitrovanej farbe s\u00a0modr\u00fdmi detailmi a modrou kovovou tabu\u013ekou.","og_url":"https:\/\/arak.spicehorse.eu\/sk\/produkt\/equestrian-stockholm-blue-meadow-glimmer-drezurna-podsedlova-decka\/","og_site_name":"Spicehorse","article_publisher":"https:\/\/www.facebook.com\/SPICEHORSE-550385625402457\/","article_modified_time":"2025-11-24T19:21:44+00:00","og_image":[{"width":1536,"height":2048,"url":"https:\/\/arak.spicehorse.eu\/wp-content\/uploads\/2023\/02\/blue-meadow-glimmer-classic-saddlepad-dressage-1-1e-2048x1536-1.jpg","type":"image\/jpeg"}],"twitter_card":"summary_large_image","schema":{"@context":"https:\/\/schema.org","@graph":[{"@type":"WebPage","@id":"https:\/\/arak.spicehorse.eu\/sk\/produkt\/equestrian-stockholm-blue-meadow-glimmer-drezurna-podsedlova-decka\/","url":"https:\/\/arak.spicehorse.eu\/sk\/produkt\/equestrian-stockholm-blue-meadow-glimmer-drezurna-podsedlova-decka\/","name":"Equestrian Stockholm Blue Meadow Glimmer drez\u00farna podsedlov\u00e1 de\u010dka - Spicehorse","isPartOf":{"@id":"https:\/\/arak.spicehorse.eu\/en\/#website"},"datePublished":"2023-02-05T06:43:27+00:00","dateModified":"2025-11-24T19:21:44+00:00","description":"spicehorse.eu | Exkluz\u00edvna\u00a0Equestrian\u00a0Stockholm\u00a0podsedlov\u00e1\u00a0de\u010dka v\u00a0lesklej modrej glitrovanej farbe s\u00a0modr\u00fdmi detailmi a modrou kovovou tabu\u013ekou.","breadcrumb":{"@id":"https:\/\/arak.spicehorse.eu\/sk\/produkt\/equestrian-stockholm-blue-meadow-glimmer-drezurna-podsedlova-decka\/#breadcrumb"},"inLanguage":"sk-SK","potentialAction":[{"@type":"ReadAction","target":["https:\/\/arak.spicehorse.eu\/sk\/produkt\/equestrian-stockholm-blue-meadow-glimmer-drezurna-podsedlova-decka\/"]}]},{"@type":"BreadcrumbList","@id":"https:\/\/arak.spicehorse.eu\/sk\/produkt\/equestrian-stockholm-blue-meadow-glimmer-drezurna-podsedlova-decka\/#breadcrumb","itemListElement":[{"@type":"ListItem","position":1,"name":"Home","item":"https:\/\/arak.spicehorse.eu\/sk\/"},{"@type":"ListItem","position":2,"name":"Predaj\u0148a","item":"https:\/\/arak.spicehorse.eu\/sk\/predajna\/"},{"@type":"ListItem","position":3,"name":"Equestrian Stockholm Blue Meadow Glimmer drez\u00farna podsedlov\u00e1 de\u010dka"}]},{"@type":"WebSite","@id":"https:\/\/arak.spicehorse.eu\/en\/#website","url":"https:\/\/arak.spicehorse.eu\/en\/","name":"Spicehorse","description":"UNDER DEVELOPMENT -","potentialAction":[{"@type":"SearchAction","target":{"@type":"EntryPoint","urlTemplate":"https:\/\/arak.spicehorse.eu\/en\/?s={search_term_string}"},"query-input":"required name=search_term_string"}],"inLanguage":"sk-SK"}]}},"_links":{"self":[{"href":"https:\/\/arak.spicehorse.eu\/sk\/wp-json\/wp\/v2\/product\/84640"}],"collection":[{"href":"https:\/\/arak.spicehorse.eu\/sk\/wp-json\/wp\/v2\/product"}],"about":[{"href":"https:\/\/arak.spicehorse.eu\/sk\/wp-json\/wp\/v2\/types\/product"}],"wp:featuredmedia":[{"embeddable":true,"href":"https:\/\/arak.spicehorse.eu\/sk\/wp-json\/wp\/v2\/media\/208367"}],"wp:attachment":[{"href":"https:\/\/arak.spicehorse.eu\/sk\/wp-json\/wp\/v2\/media?parent=84640"}],"wp:term":[{"taxonomy":"product_cat","embeddable":true,"href":"https:\/\/arak.spicehorse.eu\/sk\/wp-json\/wp\/v2\/product_cat?post=84640"},{"taxonomy":"product_tag","embeddable":true,"href":"https:\/\/arak.spicehorse.eu\/sk\/wp-json\/wp\/v2\/product_tag?post=84640"}],"curies":[{"name":"wp","href":"https:\/\/api.w.org\/{rel}","templated":true}]}}