{"id":85704,"date":"2023-02-15T16:03:29","date_gmt":"2023-02-15T15:03:40","guid":{"rendered":"https:\/\/arak.spicehorse.eu\/?post_type=product&#038;p=85704"},"modified":"2023-11-23T11:17:39","modified_gmt":"2023-11-23T10:17:39","slug":"kentucky-trucker-ciapka-light","status":"publish","type":"product","link":"https:\/\/arak.spicehorse.eu\/sk\/produkt\/kentucky-trucker-ciapka-light\/","title":{"rendered":"Kentucky Trucker \u010diapka Light"},"content":{"rendered":"<p style=\"font-weight: 400;\">Kentucky Horsewear Trucker Light baseballov\u00e1 \u010diapka je vyroben\u00e1 kombin\u00e1ciou polyesteru a\u00a0sie\u0165ovan\u00e9ho materi\u00e1lu, v\u010faka \u010domu je mimoriadne priedu\u0161n\u00e1 a\u00a0\u013eahk\u00e1. Je ide\u00e1lnou vo\u013ebou na leto. Trucker \u010diapka sa zap\u00edna na plastov\u00fd klip, je nastavite\u013en\u00e1 na potrebn\u00fa ve\u013ekos\u0165. Jedna ve\u013ekos\u0165. Klasick\u00e9 ko\u017een\u00e9 Kentucky logo.<\/p>\n<p style=\"font-weight: 400;\">Mo\u017eno ju pra\u0165 v\u00a0pr\u00e1\u010dke na 30\u00b0C. Odpor\u00fa\u010dame v\u0161ak, aby ste ju prali \u010do najmenej \u010dasto, pou\u017e\u00edvajte ochrann\u00e9 vreck\u00e1 na pranie, aby si \u010do najdlh\u0161ie udr\u017eala kvalitu. Nevkladajte do su\u0161i\u010dky.<\/p>\n","protected":false},"excerpt":{"rendered":"<h3>Kentucky Trucker Light \u010diapka, a leto m\u00f4\u017ee pr\u00eds\u0165!<\/h3>\n<ul style=\"font-weight: 400;\">\n<li>Pre svoju mimoriadnu priedu\u0161nos\u0165 a \u013eahk\u00fa v\u00e1hu je dokonal\u00e1 na leto<\/li>\n<li>Nastavite\u013en\u00e1<\/li>\n<li>S klasick\u00fdm ko\u017een\u00fdm Kentucky logom<\/li>\n<\/ul>\n","protected":false},"featured_media":85729,"template":"","meta":{"_acf_changed":false},"product_cat":[76,309],"product_tag":[331,184],"acf":[],"yoast_head":"<!-- This site is optimized with the Yoast SEO plugin v21.4 - https:\/\/yoast.com\/wordpress\/plugins\/seo\/ -->\n<title>Kentucky Trucker \u010diapka Light - Spicehorse<\/title>\n<meta name=\"description\" content=\"spicehorse.eu |\u00a0Kentucky Horsewear Trucker Light baseballov\u00e1 \u010diapka je vyroben\u00e1 kombin\u00e1ciou polyesteru a\u00a0sie\u0165ovan\u00e9ho materi\u00e1lu, v\u010faka \u010domu je mimoriadne priedu\u0161n\u00e1 a\u00a0\u013eahk\u00e1.\" \/>\n<meta name=\"robots\" content=\"index, follow, max-snippet:-1, max-image-preview:large, max-video-preview:-1\" \/>\n<link rel=\"canonical\" href=\"https:\/\/arak.spicehorse.eu\/sk\/produkt\/kentucky-trucker-ciapka-light\/\" \/>\n<meta property=\"og:locale\" content=\"sk_SK\" \/>\n<meta property=\"og:type\" content=\"article\" \/>\n<meta property=\"og:title\" content=\"Kentucky Trucker \u010diapka Light - Spicehorse\" \/>\n<meta property=\"og:description\" content=\"spicehorse.eu |\u00a0Kentucky Horsewear Trucker Light baseballov\u00e1 \u010diapka je vyroben\u00e1 kombin\u00e1ciou polyesteru a\u00a0sie\u0165ovan\u00e9ho materi\u00e1lu, v\u010faka \u010domu je mimoriadne priedu\u0161n\u00e1 a\u00a0\u013eahk\u00e1.\" \/>\n<meta property=\"og:url\" content=\"https:\/\/arak.spicehorse.eu\/sk\/produkt\/kentucky-trucker-ciapka-light\/\" \/>\n<meta property=\"og:site_name\" content=\"Spicehorse\" \/>\n<meta property=\"article:publisher\" content=\"https:\/\/www.facebook.com\/SPICEHORSE-550385625402457\/\" \/>\n<meta property=\"article:modified_time\" content=\"2023-11-23T10:17:39+00:00\" \/>\n<meta property=\"og:image\" content=\"https:\/\/arak.spicehorse.eu\/wp-content\/uploads\/2023\/02\/IMG_3134.jpg\" \/>\n\t<meta property=\"og:image:width\" content=\"1170\" \/>\n\t<meta property=\"og:image:height\" content=\"1382\" \/>\n\t<meta property=\"og:image:type\" content=\"image\/jpeg\" \/>\n<meta name=\"twitter:card\" content=\"summary_large_image\" \/>\n<script type=\"application\/ld+json\" class=\"yoast-schema-graph\">{\"@context\":\"https:\/\/schema.org\",\"@graph\":[{\"@type\":\"WebPage\",\"@id\":\"https:\/\/arak.spicehorse.eu\/sk\/produkt\/kentucky-trucker-ciapka-light\/\",\"url\":\"https:\/\/arak.spicehorse.eu\/sk\/produkt\/kentucky-trucker-ciapka-light\/\",\"name\":\"Kentucky Trucker \u010diapka Light - Spicehorse\",\"isPartOf\":{\"@id\":\"https:\/\/arak.spicehorse.eu\/en\/#website\"},\"datePublished\":\"2023-02-15T15:03:40+00:00\",\"dateModified\":\"2023-11-23T10:17:39+00:00\",\"description\":\"spicehorse.eu |\u00a0Kentucky Horsewear Trucker Light baseballov\u00e1 \u010diapka je vyroben\u00e1 kombin\u00e1ciou polyesteru a\u00a0sie\u0165ovan\u00e9ho materi\u00e1lu, v\u010faka \u010domu je mimoriadne priedu\u0161n\u00e1 a\u00a0\u013eahk\u00e1.\",\"breadcrumb\":{\"@id\":\"https:\/\/arak.spicehorse.eu\/sk\/produkt\/kentucky-trucker-ciapka-light\/#breadcrumb\"},\"inLanguage\":\"sk-SK\",\"potentialAction\":[{\"@type\":\"ReadAction\",\"target\":[\"https:\/\/arak.spicehorse.eu\/sk\/produkt\/kentucky-trucker-ciapka-light\/\"]}]},{\"@type\":\"BreadcrumbList\",\"@id\":\"https:\/\/arak.spicehorse.eu\/sk\/produkt\/kentucky-trucker-ciapka-light\/#breadcrumb\",\"itemListElement\":[{\"@type\":\"ListItem\",\"position\":1,\"name\":\"Home\",\"item\":\"https:\/\/arak.spicehorse.eu\/sk\/\"},{\"@type\":\"ListItem\",\"position\":2,\"name\":\"Predaj\u0148a\",\"item\":\"https:\/\/arak.spicehorse.eu\/sk\/predajna\/\"},{\"@type\":\"ListItem\",\"position\":3,\"name\":\"Kentucky Trucker \u010diapka Light\"}]},{\"@type\":\"WebSite\",\"@id\":\"https:\/\/arak.spicehorse.eu\/en\/#website\",\"url\":\"https:\/\/arak.spicehorse.eu\/en\/\",\"name\":\"Spicehorse\",\"description\":\"UNDER DEVELOPMENT -\",\"potentialAction\":[{\"@type\":\"SearchAction\",\"target\":{\"@type\":\"EntryPoint\",\"urlTemplate\":\"https:\/\/arak.spicehorse.eu\/en\/?s={search_term_string}\"},\"query-input\":\"required name=search_term_string\"}],\"inLanguage\":\"sk-SK\"}]}<\/script>\n<!-- \/ Yoast SEO plugin. -->","yoast_head_json":{"title":"Kentucky Trucker \u010diapka Light - Spicehorse","description":"spicehorse.eu |\u00a0Kentucky Horsewear Trucker Light baseballov\u00e1 \u010diapka je vyroben\u00e1 kombin\u00e1ciou polyesteru a\u00a0sie\u0165ovan\u00e9ho materi\u00e1lu, v\u010faka \u010domu je mimoriadne priedu\u0161n\u00e1 a\u00a0\u013eahk\u00e1.","robots":{"index":"index","follow":"follow","max-snippet":"max-snippet:-1","max-image-preview":"max-image-preview:large","max-video-preview":"max-video-preview:-1"},"canonical":"https:\/\/arak.spicehorse.eu\/sk\/produkt\/kentucky-trucker-ciapka-light\/","og_locale":"sk_SK","og_type":"article","og_title":"Kentucky Trucker \u010diapka Light - Spicehorse","og_description":"spicehorse.eu |\u00a0Kentucky Horsewear Trucker Light baseballov\u00e1 \u010diapka je vyroben\u00e1 kombin\u00e1ciou polyesteru a\u00a0sie\u0165ovan\u00e9ho materi\u00e1lu, v\u010faka \u010domu je mimoriadne priedu\u0161n\u00e1 a\u00a0\u013eahk\u00e1.","og_url":"https:\/\/arak.spicehorse.eu\/sk\/produkt\/kentucky-trucker-ciapka-light\/","og_site_name":"Spicehorse","article_publisher":"https:\/\/www.facebook.com\/SPICEHORSE-550385625402457\/","article_modified_time":"2023-11-23T10:17:39+00:00","og_image":[{"width":1170,"height":1382,"url":"https:\/\/arak.spicehorse.eu\/wp-content\/uploads\/2023\/02\/IMG_3134.jpg","type":"image\/jpeg"}],"twitter_card":"summary_large_image","schema":{"@context":"https:\/\/schema.org","@graph":[{"@type":"WebPage","@id":"https:\/\/arak.spicehorse.eu\/sk\/produkt\/kentucky-trucker-ciapka-light\/","url":"https:\/\/arak.spicehorse.eu\/sk\/produkt\/kentucky-trucker-ciapka-light\/","name":"Kentucky Trucker \u010diapka Light - Spicehorse","isPartOf":{"@id":"https:\/\/arak.spicehorse.eu\/en\/#website"},"datePublished":"2023-02-15T15:03:40+00:00","dateModified":"2023-11-23T10:17:39+00:00","description":"spicehorse.eu |\u00a0Kentucky Horsewear Trucker Light baseballov\u00e1 \u010diapka je vyroben\u00e1 kombin\u00e1ciou polyesteru a\u00a0sie\u0165ovan\u00e9ho materi\u00e1lu, v\u010faka \u010domu je mimoriadne priedu\u0161n\u00e1 a\u00a0\u013eahk\u00e1.","breadcrumb":{"@id":"https:\/\/arak.spicehorse.eu\/sk\/produkt\/kentucky-trucker-ciapka-light\/#breadcrumb"},"inLanguage":"sk-SK","potentialAction":[{"@type":"ReadAction","target":["https:\/\/arak.spicehorse.eu\/sk\/produkt\/kentucky-trucker-ciapka-light\/"]}]},{"@type":"BreadcrumbList","@id":"https:\/\/arak.spicehorse.eu\/sk\/produkt\/kentucky-trucker-ciapka-light\/#breadcrumb","itemListElement":[{"@type":"ListItem","position":1,"name":"Home","item":"https:\/\/arak.spicehorse.eu\/sk\/"},{"@type":"ListItem","position":2,"name":"Predaj\u0148a","item":"https:\/\/arak.spicehorse.eu\/sk\/predajna\/"},{"@type":"ListItem","position":3,"name":"Kentucky Trucker \u010diapka Light"}]},{"@type":"WebSite","@id":"https:\/\/arak.spicehorse.eu\/en\/#website","url":"https:\/\/arak.spicehorse.eu\/en\/","name":"Spicehorse","description":"UNDER DEVELOPMENT -","potentialAction":[{"@type":"SearchAction","target":{"@type":"EntryPoint","urlTemplate":"https:\/\/arak.spicehorse.eu\/en\/?s={search_term_string}"},"query-input":"required name=search_term_string"}],"inLanguage":"sk-SK"}]}},"_links":{"self":[{"href":"https:\/\/arak.spicehorse.eu\/sk\/wp-json\/wp\/v2\/product\/85704"}],"collection":[{"href":"https:\/\/arak.spicehorse.eu\/sk\/wp-json\/wp\/v2\/product"}],"about":[{"href":"https:\/\/arak.spicehorse.eu\/sk\/wp-json\/wp\/v2\/types\/product"}],"wp:featuredmedia":[{"embeddable":true,"href":"https:\/\/arak.spicehorse.eu\/sk\/wp-json\/wp\/v2\/media\/85729"}],"wp:attachment":[{"href":"https:\/\/arak.spicehorse.eu\/sk\/wp-json\/wp\/v2\/media?parent=85704"}],"wp:term":[{"taxonomy":"product_cat","embeddable":true,"href":"https:\/\/arak.spicehorse.eu\/sk\/wp-json\/wp\/v2\/product_cat?post=85704"},{"taxonomy":"product_tag","embeddable":true,"href":"https:\/\/arak.spicehorse.eu\/sk\/wp-json\/wp\/v2\/product_tag?post=85704"}],"curies":[{"name":"wp","href":"https:\/\/api.w.org\/{rel}","templated":true}]}}