{"id":86215,"date":"2023-02-22T09:45:50","date_gmt":"2023-02-22T08:46:49","guid":{"rendered":"https:\/\/arak.spicehorse.eu\/?post_type=product&#038;p=86215"},"modified":"2023-04-03T18:42:28","modified_gmt":"2023-04-03T16:42:28","slug":"qhp-barancek-pod-sedlo","status":"publish","type":"product","link":"https:\/\/arak.spicehorse.eu\/sk\/produkt\/qhp-barancek-pod-sedlo\/","title":{"rendered":"QHP baran\u010dek pod sedlo"},"content":{"rendered":"<p style=\"font-weight: 400;\">QHP Bareback baran\u010dek pod sedlo s m\u00e4kkou ko\u017eu\u0161inou a predn\u00fdm \u00fachytom. Baran\u010dek pod sedlo s penovou v\u00fdpl\u0148ou zabezpe\u010duje pohodln\u00e9 a stabiln\u00e9 sedenie po\u010das jazdenia. Je vybaven\u00fd s\u0165ahovac\u00edmi popruhmi pre upevnenie, na boku zdoben\u00e9 gumen\u00fdm odznakom QHP.<\/p>\n","protected":false},"excerpt":{"rendered":"<ul style=\"font-weight: 400;\">\n<li>Vonkaj\u0161\u00ed materi\u00e1l: 100% polyester<\/li>\n<li>Vn\u00fatorn\u00fd materi\u00e1l: 100% polyester<\/li>\n<li>Bareback baran\u010dek pod sedlo s\u00a0m\u00e4kkou ko\u017eu\u0161inou<\/li>\n<li>Predn\u00fd \u00fachyt<\/li>\n<li>Vel\u00farov\u00fd po\u0165ah zabezpe\u010duje stabiln\u00e9 sedenie<\/li>\n<li>Penov\u00e1 v\u00fdpl\u0148 pre v\u00e4\u010d\u0161ie pohodlie<\/li>\n<li>19 mm polyuret\u00e1nov\u00e1 v\u00fdpl\u0148<\/li>\n<li>So s\u0165ahovac\u00edmi popruhmi pre upevnenie<\/li>\n<\/ul>\n","protected":false},"featured_media":86299,"template":"","meta":{"_acf_changed":false},"product_cat":[75,1995,366,367],"product_tag":[2322,422,1973,2321],"acf":[],"yoast_head":"<!-- This site is optimized with the Yoast SEO plugin v21.4 - https:\/\/yoast.com\/wordpress\/plugins\/seo\/ -->\n<title>QHP baran\u010dek pod sedlo - Spicehorse<\/title>\n<meta name=\"description\" content=\"spicehorse.eu | QHP Bareback baran\u010dek pod sedlo s m\u00e4kkou ko\u017eu\u0161inou a predn\u00fdm \u00fachytom.\" \/>\n<meta name=\"robots\" content=\"index, follow, max-snippet:-1, max-image-preview:large, max-video-preview:-1\" \/>\n<link rel=\"canonical\" href=\"https:\/\/arak.spicehorse.eu\/sk\/produkt\/qhp-barancek-pod-sedlo\/\" \/>\n<meta property=\"og:locale\" content=\"sk_SK\" \/>\n<meta property=\"og:type\" content=\"article\" \/>\n<meta property=\"og:title\" content=\"QHP baran\u010dek pod sedlo - Spicehorse\" \/>\n<meta property=\"og:description\" content=\"spicehorse.eu | QHP Bareback baran\u010dek pod sedlo s m\u00e4kkou ko\u017eu\u0161inou a predn\u00fdm \u00fachytom.\" \/>\n<meta property=\"og:url\" content=\"https:\/\/arak.spicehorse.eu\/sk\/produkt\/qhp-barancek-pod-sedlo\/\" \/>\n<meta property=\"og:site_name\" content=\"Spicehorse\" \/>\n<meta property=\"article:publisher\" content=\"https:\/\/www.facebook.com\/SPICEHORSE-550385625402457\/\" \/>\n<meta property=\"article:modified_time\" content=\"2023-04-03T16:42:28+00:00\" \/>\n<meta property=\"og:image\" content=\"https:\/\/arak.spicehorse.eu\/wp-content\/uploads\/2023\/02\/3147zw-4_2.jpg\" \/>\n\t<meta property=\"og:image:width\" content=\"1280\" \/>\n\t<meta property=\"og:image:height\" content=\"1024\" \/>\n\t<meta property=\"og:image:type\" content=\"image\/jpeg\" \/>\n<meta name=\"twitter:card\" content=\"summary_large_image\" \/>\n<script type=\"application\/ld+json\" class=\"yoast-schema-graph\">{\"@context\":\"https:\/\/schema.org\",\"@graph\":[{\"@type\":\"WebPage\",\"@id\":\"https:\/\/arak.spicehorse.eu\/sk\/produkt\/qhp-barancek-pod-sedlo\/\",\"url\":\"https:\/\/arak.spicehorse.eu\/sk\/produkt\/qhp-barancek-pod-sedlo\/\",\"name\":\"QHP baran\u010dek pod sedlo - Spicehorse\",\"isPartOf\":{\"@id\":\"https:\/\/arak.spicehorse.eu\/en\/#website\"},\"datePublished\":\"2023-02-22T08:46:49+00:00\",\"dateModified\":\"2023-04-03T16:42:28+00:00\",\"description\":\"spicehorse.eu | QHP Bareback baran\u010dek pod sedlo s m\u00e4kkou ko\u017eu\u0161inou a predn\u00fdm \u00fachytom.\",\"breadcrumb\":{\"@id\":\"https:\/\/arak.spicehorse.eu\/sk\/produkt\/qhp-barancek-pod-sedlo\/#breadcrumb\"},\"inLanguage\":\"sk-SK\",\"potentialAction\":[{\"@type\":\"ReadAction\",\"target\":[\"https:\/\/arak.spicehorse.eu\/sk\/produkt\/qhp-barancek-pod-sedlo\/\"]}]},{\"@type\":\"BreadcrumbList\",\"@id\":\"https:\/\/arak.spicehorse.eu\/sk\/produkt\/qhp-barancek-pod-sedlo\/#breadcrumb\",\"itemListElement\":[{\"@type\":\"ListItem\",\"position\":1,\"name\":\"Home\",\"item\":\"https:\/\/arak.spicehorse.eu\/sk\/\"},{\"@type\":\"ListItem\",\"position\":2,\"name\":\"Predaj\u0148a\",\"item\":\"https:\/\/arak.spicehorse.eu\/sk\/predajna\/\"},{\"@type\":\"ListItem\",\"position\":3,\"name\":\"QHP baran\u010dek pod sedlo\"}]},{\"@type\":\"WebSite\",\"@id\":\"https:\/\/arak.spicehorse.eu\/en\/#website\",\"url\":\"https:\/\/arak.spicehorse.eu\/en\/\",\"name\":\"Spicehorse\",\"description\":\"UNDER DEVELOPMENT -\",\"potentialAction\":[{\"@type\":\"SearchAction\",\"target\":{\"@type\":\"EntryPoint\",\"urlTemplate\":\"https:\/\/arak.spicehorse.eu\/en\/?s={search_term_string}\"},\"query-input\":\"required name=search_term_string\"}],\"inLanguage\":\"sk-SK\"}]}<\/script>\n<!-- \/ Yoast SEO plugin. -->","yoast_head_json":{"title":"QHP baran\u010dek pod sedlo - Spicehorse","description":"spicehorse.eu | QHP Bareback baran\u010dek pod sedlo s m\u00e4kkou ko\u017eu\u0161inou a predn\u00fdm \u00fachytom.","robots":{"index":"index","follow":"follow","max-snippet":"max-snippet:-1","max-image-preview":"max-image-preview:large","max-video-preview":"max-video-preview:-1"},"canonical":"https:\/\/arak.spicehorse.eu\/sk\/produkt\/qhp-barancek-pod-sedlo\/","og_locale":"sk_SK","og_type":"article","og_title":"QHP baran\u010dek pod sedlo - Spicehorse","og_description":"spicehorse.eu | QHP Bareback baran\u010dek pod sedlo s m\u00e4kkou ko\u017eu\u0161inou a predn\u00fdm \u00fachytom.","og_url":"https:\/\/arak.spicehorse.eu\/sk\/produkt\/qhp-barancek-pod-sedlo\/","og_site_name":"Spicehorse","article_publisher":"https:\/\/www.facebook.com\/SPICEHORSE-550385625402457\/","article_modified_time":"2023-04-03T16:42:28+00:00","og_image":[{"width":1280,"height":1024,"url":"https:\/\/arak.spicehorse.eu\/wp-content\/uploads\/2023\/02\/3147zw-4_2.jpg","type":"image\/jpeg"}],"twitter_card":"summary_large_image","schema":{"@context":"https:\/\/schema.org","@graph":[{"@type":"WebPage","@id":"https:\/\/arak.spicehorse.eu\/sk\/produkt\/qhp-barancek-pod-sedlo\/","url":"https:\/\/arak.spicehorse.eu\/sk\/produkt\/qhp-barancek-pod-sedlo\/","name":"QHP baran\u010dek pod sedlo - Spicehorse","isPartOf":{"@id":"https:\/\/arak.spicehorse.eu\/en\/#website"},"datePublished":"2023-02-22T08:46:49+00:00","dateModified":"2023-04-03T16:42:28+00:00","description":"spicehorse.eu | QHP Bareback baran\u010dek pod sedlo s m\u00e4kkou ko\u017eu\u0161inou a predn\u00fdm \u00fachytom.","breadcrumb":{"@id":"https:\/\/arak.spicehorse.eu\/sk\/produkt\/qhp-barancek-pod-sedlo\/#breadcrumb"},"inLanguage":"sk-SK","potentialAction":[{"@type":"ReadAction","target":["https:\/\/arak.spicehorse.eu\/sk\/produkt\/qhp-barancek-pod-sedlo\/"]}]},{"@type":"BreadcrumbList","@id":"https:\/\/arak.spicehorse.eu\/sk\/produkt\/qhp-barancek-pod-sedlo\/#breadcrumb","itemListElement":[{"@type":"ListItem","position":1,"name":"Home","item":"https:\/\/arak.spicehorse.eu\/sk\/"},{"@type":"ListItem","position":2,"name":"Predaj\u0148a","item":"https:\/\/arak.spicehorse.eu\/sk\/predajna\/"},{"@type":"ListItem","position":3,"name":"QHP baran\u010dek pod sedlo"}]},{"@type":"WebSite","@id":"https:\/\/arak.spicehorse.eu\/en\/#website","url":"https:\/\/arak.spicehorse.eu\/en\/","name":"Spicehorse","description":"UNDER DEVELOPMENT -","potentialAction":[{"@type":"SearchAction","target":{"@type":"EntryPoint","urlTemplate":"https:\/\/arak.spicehorse.eu\/en\/?s={search_term_string}"},"query-input":"required name=search_term_string"}],"inLanguage":"sk-SK"}]}},"_links":{"self":[{"href":"https:\/\/arak.spicehorse.eu\/sk\/wp-json\/wp\/v2\/product\/86215"}],"collection":[{"href":"https:\/\/arak.spicehorse.eu\/sk\/wp-json\/wp\/v2\/product"}],"about":[{"href":"https:\/\/arak.spicehorse.eu\/sk\/wp-json\/wp\/v2\/types\/product"}],"wp:featuredmedia":[{"embeddable":true,"href":"https:\/\/arak.spicehorse.eu\/sk\/wp-json\/wp\/v2\/media\/86299"}],"wp:attachment":[{"href":"https:\/\/arak.spicehorse.eu\/sk\/wp-json\/wp\/v2\/media?parent=86215"}],"wp:term":[{"taxonomy":"product_cat","embeddable":true,"href":"https:\/\/arak.spicehorse.eu\/sk\/wp-json\/wp\/v2\/product_cat?post=86215"},{"taxonomy":"product_tag","embeddable":true,"href":"https:\/\/arak.spicehorse.eu\/sk\/wp-json\/wp\/v2\/product_tag?post=86215"}],"curies":[{"name":"wp","href":"https:\/\/api.w.org\/{rel}","templated":true}]}}