{"id":86740,"date":"2023-02-26T17:10:00","date_gmt":"2023-02-26T16:10:02","guid":{"rendered":"https:\/\/arak.spicehorse.eu\/?post_type=product&#038;p=86740"},"modified":"2026-02-16T14:55:01","modified_gmt":"2026-02-16T13:55:01","slug":"one-equestrian-vedro","status":"publish","type":"product","link":"https:\/\/arak.spicehorse.eu\/sk\/produkt\/one-equestrian-vedro\/","title":{"rendered":"ONE Equestrian vedro"},"content":{"rendered":"<div>\n<p><span lang=\"SK\">ONE Equestrian vedro, ktor\u00e9 mo\u017eno zavesi\u0165 navrhli jazdci pre jazdcov. Disponuje ve\u013ek\u00fdm mno\u017estvom d\u00f4kladne premyslen\u00fdch vlastnost\u00ed, vedro sa \u013eahko o\u0161etruje a\u00a0je bezpe\u010dn\u00e9 pre kone. Je vyroben\u00e9 z\u00a0nerozbitn\u00e9ho recyklovan\u00e9ho plastu.\u00a0<\/span><span lang=\"SK\">\ud83c\udf31<\/span><\/p>\n<\/div>\n<div>\n<p><b><span lang=\"SK\">Je vyroben\u00e9 z\u00a0nerozbitn\u00e9ho recyklovan\u00e9ho plastu<strong>.<\/strong><br \/>\n<\/span><\/b><span lang=\"SK\">ONE Equestrian vedro je cel\u00e9 vyroben\u00e9 z\u00a0recyklovan\u00fdch plastov\u00fdch z\u00e1tok. Preto je tento materi\u00e1l nerozbitn\u00fd a\u00a0dokonal\u00fd na pou\u017e\u00edvanie okolo kon\u00ed. <\/span><\/p>\n<\/div>\n<div>\n<p><strong><span lang=\"SK\">Je stabiln\u00e9 aj pri zavesen\u00ed<\/span><\/strong><span lang=\"SK\"><br \/>\nV\u010faka plochej zadnej \u010dasti zost\u00e1va toto vedro na svojom mieste aj ke\u010f ho zaves\u00edme. T\u00e1to vlastnos\u0165 rob\u00ed ONE Equestrian vedro dokonal\u00fdm na k\u0155menie a\u00a0nap\u00e1janie kon\u00ed. <\/span><\/p>\n<\/div>\n<div>\n<p><strong><span lang=\"SK\">Zaoblen\u00e9 rohy a\u00a0hrany pokryt\u00e9 plastom<\/span><\/strong><span lang=\"SK\"><br \/>\nVedr\u00e1 m\u00f4\u017eu by\u0165 kv\u00f4li ostr\u00fdm rohom a\u00a0hran\u00e1m nebezpe\u010dn\u00e9 pre kone. ONE Equestrian vedro m\u00e1 zaoblen\u00e9 rohy, hrany s\u00fa pokryt\u00e9 plastom. To zabezpe\u010duje, aby sa k\u00f4\u0148 pri pou\u017e\u00edvan\u00ed vedra neporanil.<\/span><\/p>\n<\/div>\n<div>\n<p><strong><span lang=\"SK\">Predn\u00e1 \u010das\u0165 je mierne zaoblen\u00e1<\/span><\/strong><span lang=\"SK\"><br \/>\nPredn\u00e1 \u010das\u0165 vedra je mierne zaoblen\u00e1, preto z\u00a0neho kone m\u00f4\u017eu po\u013eahky jes\u0165 a\u00a0pi\u0165.<\/span><\/p>\n<\/div>\n<div>\n<p><strong><span lang=\"SK\">Rukov\u00e4\u0165 na spodku <\/span><\/strong><span lang=\"SK\"><br \/>\nNa spodku vedra ONE Equestrian sa nach\u00e1dza praktick\u00e1 rukov\u00e4\u0165, ktor\u00e1 u\u013eah\u010duje vysyp\u00e1vanie vedra.<\/span><\/p>\n<\/div>\n<div>\n<p><strong><span lang=\"SK\">Ergonomick\u00e1 r\u00fa\u010dka<\/span><\/strong><span lang=\"SK\"><br \/>\nHorn\u00e1 \u010das\u0165 kovovej r\u00fa\u010dky je \u00faplne ploch\u00e1, preto n\u00e1m toto vedro nebude reza\u0165 ruku ani vtedy, ke\u010f je vedro pln\u00e9. <\/span><\/p>\n<\/div>\n<div>\n<p><strong><span lang=\"SK\">\u013dahko sa vkladaj\u00fa do seba<\/span><\/strong><span lang=\"SK\"><br \/>\nONE Equestrian vedro nevytv\u00e1ra v\u00e1kuum pri vkladan\u00ed do seba. Vedr\u00e1 sa \u013eahko ukladaj\u00fa na seba a\u00a0nepo\u0161kodzuj\u00fa sa. Nevytv\u00e1ra sa plese\u0148 ani v\u00a0spodnej \u010dasti vedra. <\/span><\/p>\n<\/div>\n<div>\n<p><strong><span lang=\"SK\">Vo vn\u00fatri ryska na ozna\u010denie objemu<\/span><\/strong><span lang=\"SK\"><br \/>\nV\u010faka rysk\u00e1m vo vn\u00fatri vedra m\u00f4\u017eete \u013eahko zisti\u0165 ko\u013eko litrov je vo vn\u00fatri vedra. Je to u\u017eito\u010dn\u00e9 napr\u00edklad aj vtedy, ak meriate ko\u013eko toho k\u00f4\u0148 vypil. <\/span><\/p>\n<\/div>\n<div>\n<p><strong><span lang=\"SK\">Dr\u017eiak na hadicu<\/span><\/strong><span lang=\"SK\"><br \/>\nR\u00fa\u010dka vedra je na jednej strane zaoblen\u00e1, mo\u017eno pod \u0148u uchyti\u0165 hadicu. Preto hadicu nemus\u00edte dr\u017ea\u0165 ke\u010f nap\u00fa\u0161\u0165ate vedro. <\/span><\/p>\n<\/div>\n<div>\n<p><b><span lang=\"SK\">Mierne zaoblen\u00e1 r\u00fa\u010dka<br \/>\n<\/span><\/b><span lang=\"SK\">Kovov\u00e1 r\u00fa\u010dka vedra je na vrchu jemne zaoblen\u00e1, po\u013eahky ho m\u00f4\u017eete zavesi\u0165. Napr\u00edklad pomocou karab\u00edny ONE Equestrian. <\/span><\/p>\n<\/div>\n<div>\n<p><span lang=\"SK\">Objem: 18 litrov<\/span><\/p>\n<\/div>\n","protected":false},"excerpt":{"rendered":"<ul style=\"font-weight: 400;\">\n<li>Je vyroben\u00e9 z\u00a0nerozbitn\u00e9ho, recyklovan\u00e9ho plastu<\/li>\n<li>Je stabiln\u00e9 aj pri zavesen\u00ed<\/li>\n<li>So zaoblen\u00fdmi rohmi a\u00a0hranami pokryt\u00fdmi plastom<\/li>\n<li>Vpredu mierne sklopen\u00e9<\/li>\n<li>Praktick\u00e1 r\u00fa\u010dka na spodku<\/li>\n<li>Ergonomick\u00fd dr\u017eiak<\/li>\n<li>\u013dahko sa vkladaj\u00fa do seba<\/li>\n<li>Vo vn\u00fatri ryska na ozna\u010denie objemu<\/li>\n<li>S\u00a0opornou plochou v\u00a0spodnej \u010dasti<\/li>\n<li>Jemne zaoblen\u00fd dr\u017eiak<\/li>\n<\/ul>\n","protected":false},"featured_media":86743,"template":"","meta":{"_acf_changed":false},"product_cat":[75,100,120],"product_tag":[467,1292,338],"acf":[],"yoast_head":"<!-- This site is optimized with the Yoast SEO plugin v21.4 - https:\/\/yoast.com\/wordpress\/plugins\/seo\/ -->\n<title>ONE Equestrian vedro - Spicehorse<\/title>\n<meta name=\"description\" content=\"spicehorse.eu | ONE Equestrian vedro, ktor\u00e9 mo\u017eno zavesi\u0165 navrhli jazdci pre jazdcov. Disponuje ve\u013ek\u00fdm mno\u017estvom d\u00f4kladne premyslen\u00fdch vlastnost\u00ed, vedro sa \u013eahko o\u0161etruje a\u00a0je bezpe\u010dn\u00e9 pre kone.\" \/>\n<meta name=\"robots\" content=\"index, follow, max-snippet:-1, max-image-preview:large, max-video-preview:-1\" \/>\n<link rel=\"canonical\" href=\"https:\/\/arak.spicehorse.eu\/sk\/produkt\/one-equestrian-vedro\/\" \/>\n<meta property=\"og:locale\" content=\"sk_SK\" \/>\n<meta property=\"og:type\" content=\"article\" \/>\n<meta property=\"og:title\" content=\"ONE Equestrian vedro - Spicehorse\" \/>\n<meta property=\"og:description\" content=\"spicehorse.eu | ONE Equestrian vedro, ktor\u00e9 mo\u017eno zavesi\u0165 navrhli jazdci pre jazdcov. Disponuje ve\u013ek\u00fdm mno\u017estvom d\u00f4kladne premyslen\u00fdch vlastnost\u00ed, vedro sa \u013eahko o\u0161etruje a\u00a0je bezpe\u010dn\u00e9 pre kone.\" \/>\n<meta property=\"og:url\" content=\"https:\/\/arak.spicehorse.eu\/sk\/produkt\/one-equestrian-vedro\/\" \/>\n<meta property=\"og:site_name\" content=\"Spicehorse\" \/>\n<meta property=\"article:publisher\" content=\"https:\/\/www.facebook.com\/SPICEHORSE-550385625402457\/\" \/>\n<meta property=\"article:modified_time\" content=\"2026-02-16T13:55:01+00:00\" \/>\n<meta property=\"og:image\" content=\"https:\/\/arak.spicehorse.eu\/wp-content\/uploads\/2023\/02\/Ontwerp-zonder-titel-11.png\" \/>\n\t<meta property=\"og:image:width\" content=\"1080\" \/>\n\t<meta property=\"og:image:height\" content=\"1080\" \/>\n\t<meta property=\"og:image:type\" content=\"image\/png\" \/>\n<meta name=\"twitter:card\" content=\"summary_large_image\" \/>\n<meta name=\"twitter:label1\" content=\"Predpokladan\u00fd \u010das \u010d\u00edtania\" \/>\n\t<meta name=\"twitter:data1\" content=\"2 min\u00faty\" \/>\n<script type=\"application\/ld+json\" class=\"yoast-schema-graph\">{\"@context\":\"https:\/\/schema.org\",\"@graph\":[{\"@type\":\"WebPage\",\"@id\":\"https:\/\/arak.spicehorse.eu\/sk\/produkt\/one-equestrian-vedro\/\",\"url\":\"https:\/\/arak.spicehorse.eu\/sk\/produkt\/one-equestrian-vedro\/\",\"name\":\"ONE Equestrian vedro - Spicehorse\",\"isPartOf\":{\"@id\":\"https:\/\/arak.spicehorse.eu\/en\/#website\"},\"datePublished\":\"2023-02-26T16:10:02+00:00\",\"dateModified\":\"2026-02-16T13:55:01+00:00\",\"description\":\"spicehorse.eu | ONE Equestrian vedro, ktor\u00e9 mo\u017eno zavesi\u0165 navrhli jazdci pre jazdcov. Disponuje ve\u013ek\u00fdm mno\u017estvom d\u00f4kladne premyslen\u00fdch vlastnost\u00ed, vedro sa \u013eahko o\u0161etruje a\u00a0je bezpe\u010dn\u00e9 pre kone.\",\"breadcrumb\":{\"@id\":\"https:\/\/arak.spicehorse.eu\/sk\/produkt\/one-equestrian-vedro\/#breadcrumb\"},\"inLanguage\":\"sk-SK\",\"potentialAction\":[{\"@type\":\"ReadAction\",\"target\":[\"https:\/\/arak.spicehorse.eu\/sk\/produkt\/one-equestrian-vedro\/\"]}]},{\"@type\":\"BreadcrumbList\",\"@id\":\"https:\/\/arak.spicehorse.eu\/sk\/produkt\/one-equestrian-vedro\/#breadcrumb\",\"itemListElement\":[{\"@type\":\"ListItem\",\"position\":1,\"name\":\"Home\",\"item\":\"https:\/\/arak.spicehorse.eu\/sk\/\"},{\"@type\":\"ListItem\",\"position\":2,\"name\":\"Predaj\u0148a\",\"item\":\"https:\/\/arak.spicehorse.eu\/sk\/predajna\/\"},{\"@type\":\"ListItem\",\"position\":3,\"name\":\"ONE Equestrian vedro\"}]},{\"@type\":\"WebSite\",\"@id\":\"https:\/\/arak.spicehorse.eu\/en\/#website\",\"url\":\"https:\/\/arak.spicehorse.eu\/en\/\",\"name\":\"Spicehorse\",\"description\":\"UNDER DEVELOPMENT -\",\"potentialAction\":[{\"@type\":\"SearchAction\",\"target\":{\"@type\":\"EntryPoint\",\"urlTemplate\":\"https:\/\/arak.spicehorse.eu\/en\/?s={search_term_string}\"},\"query-input\":\"required name=search_term_string\"}],\"inLanguage\":\"sk-SK\"}]}<\/script>\n<!-- \/ Yoast SEO plugin. -->","yoast_head_json":{"title":"ONE Equestrian vedro - Spicehorse","description":"spicehorse.eu | ONE Equestrian vedro, ktor\u00e9 mo\u017eno zavesi\u0165 navrhli jazdci pre jazdcov. Disponuje ve\u013ek\u00fdm mno\u017estvom d\u00f4kladne premyslen\u00fdch vlastnost\u00ed, vedro sa \u013eahko o\u0161etruje a\u00a0je bezpe\u010dn\u00e9 pre kone.","robots":{"index":"index","follow":"follow","max-snippet":"max-snippet:-1","max-image-preview":"max-image-preview:large","max-video-preview":"max-video-preview:-1"},"canonical":"https:\/\/arak.spicehorse.eu\/sk\/produkt\/one-equestrian-vedro\/","og_locale":"sk_SK","og_type":"article","og_title":"ONE Equestrian vedro - Spicehorse","og_description":"spicehorse.eu | ONE Equestrian vedro, ktor\u00e9 mo\u017eno zavesi\u0165 navrhli jazdci pre jazdcov. Disponuje ve\u013ek\u00fdm mno\u017estvom d\u00f4kladne premyslen\u00fdch vlastnost\u00ed, vedro sa \u013eahko o\u0161etruje a\u00a0je bezpe\u010dn\u00e9 pre kone.","og_url":"https:\/\/arak.spicehorse.eu\/sk\/produkt\/one-equestrian-vedro\/","og_site_name":"Spicehorse","article_publisher":"https:\/\/www.facebook.com\/SPICEHORSE-550385625402457\/","article_modified_time":"2026-02-16T13:55:01+00:00","og_image":[{"width":1080,"height":1080,"url":"https:\/\/arak.spicehorse.eu\/wp-content\/uploads\/2023\/02\/Ontwerp-zonder-titel-11.png","type":"image\/png"}],"twitter_card":"summary_large_image","twitter_misc":{"Predpokladan\u00fd \u010das \u010d\u00edtania":"2 min\u00faty"},"schema":{"@context":"https:\/\/schema.org","@graph":[{"@type":"WebPage","@id":"https:\/\/arak.spicehorse.eu\/sk\/produkt\/one-equestrian-vedro\/","url":"https:\/\/arak.spicehorse.eu\/sk\/produkt\/one-equestrian-vedro\/","name":"ONE Equestrian vedro - Spicehorse","isPartOf":{"@id":"https:\/\/arak.spicehorse.eu\/en\/#website"},"datePublished":"2023-02-26T16:10:02+00:00","dateModified":"2026-02-16T13:55:01+00:00","description":"spicehorse.eu | ONE Equestrian vedro, ktor\u00e9 mo\u017eno zavesi\u0165 navrhli jazdci pre jazdcov. Disponuje ve\u013ek\u00fdm mno\u017estvom d\u00f4kladne premyslen\u00fdch vlastnost\u00ed, vedro sa \u013eahko o\u0161etruje a\u00a0je bezpe\u010dn\u00e9 pre kone.","breadcrumb":{"@id":"https:\/\/arak.spicehorse.eu\/sk\/produkt\/one-equestrian-vedro\/#breadcrumb"},"inLanguage":"sk-SK","potentialAction":[{"@type":"ReadAction","target":["https:\/\/arak.spicehorse.eu\/sk\/produkt\/one-equestrian-vedro\/"]}]},{"@type":"BreadcrumbList","@id":"https:\/\/arak.spicehorse.eu\/sk\/produkt\/one-equestrian-vedro\/#breadcrumb","itemListElement":[{"@type":"ListItem","position":1,"name":"Home","item":"https:\/\/arak.spicehorse.eu\/sk\/"},{"@type":"ListItem","position":2,"name":"Predaj\u0148a","item":"https:\/\/arak.spicehorse.eu\/sk\/predajna\/"},{"@type":"ListItem","position":3,"name":"ONE Equestrian vedro"}]},{"@type":"WebSite","@id":"https:\/\/arak.spicehorse.eu\/en\/#website","url":"https:\/\/arak.spicehorse.eu\/en\/","name":"Spicehorse","description":"UNDER DEVELOPMENT -","potentialAction":[{"@type":"SearchAction","target":{"@type":"EntryPoint","urlTemplate":"https:\/\/arak.spicehorse.eu\/en\/?s={search_term_string}"},"query-input":"required name=search_term_string"}],"inLanguage":"sk-SK"}]}},"_links":{"self":[{"href":"https:\/\/arak.spicehorse.eu\/sk\/wp-json\/wp\/v2\/product\/86740"}],"collection":[{"href":"https:\/\/arak.spicehorse.eu\/sk\/wp-json\/wp\/v2\/product"}],"about":[{"href":"https:\/\/arak.spicehorse.eu\/sk\/wp-json\/wp\/v2\/types\/product"}],"wp:featuredmedia":[{"embeddable":true,"href":"https:\/\/arak.spicehorse.eu\/sk\/wp-json\/wp\/v2\/media\/86743"}],"wp:attachment":[{"href":"https:\/\/arak.spicehorse.eu\/sk\/wp-json\/wp\/v2\/media?parent=86740"}],"wp:term":[{"taxonomy":"product_cat","embeddable":true,"href":"https:\/\/arak.spicehorse.eu\/sk\/wp-json\/wp\/v2\/product_cat?post=86740"},{"taxonomy":"product_tag","embeddable":true,"href":"https:\/\/arak.spicehorse.eu\/sk\/wp-json\/wp\/v2\/product_tag?post=86740"}],"curies":[{"name":"wp","href":"https:\/\/api.w.org\/{rel}","templated":true}]}}