{"id":88132,"date":"2023-03-08T12:59:19","date_gmt":"2023-03-08T11:59:20","guid":{"rendered":"https:\/\/arak.spicehorse.eu\/?post_type=product&#038;p=88132"},"modified":"2025-09-20T09:53:43","modified_gmt":"2025-09-20T07:53:43","slug":"lemieux-podsedlova-decka-chilli-pre-hracku-ponik","status":"publish","type":"product","link":"https:\/\/arak.spicehorse.eu\/sk\/produkt\/lemieux-podsedlova-decka-chilli-pre-hracku-ponik\/","title":{"rendered":"LeMieux podsedlov\u00e1 de\u010dka Chilli pre hra\u010dku pon\u00edk"},"content":{"rendered":"<p style=\"font-weight: 400;\">Kr\u00e1sna miniat\u00farna verzia skuto\u010dnej podsedlovej de\u010dky LeMieux. Dokonale \u0161tepovan\u00e1, z\u00a0vonkaj\u0161ieho materi\u00e1lu pripom\u00ednaj\u00faceho jemn\u00fd vel\u00far a\u00a0s\u00a0bavlnenou pod\u0161\u00edvkou, doplnen\u00e1 o\u00a0charakterist\u00fd PU chr\u00e1ni\u010d popruhu a \u00a0LeMieux logo.<\/p>\n<p style=\"font-weight: 400;\">Je nepostr\u00e1date\u013en\u00fdm doplnkom Mini LeMieux hra\u010dky pon\u00edk!<\/p>\n<p style=\"font-weight: 400;\">Mo\u017eno ju pra\u0165 v\u00a0pr\u00e1\u010dke na 30\u00b0C,\u00a0nevkladajte do su\u0161i\u010dky.<\/p>\n<p style=\"font-weight: 400;\">Vhodn\u00e9 pre deti od 3 rokov<\/p>\n","protected":false},"excerpt":{"rendered":"<p>Kr\u00e1sna miniat\u00farna verzia skuto\u010dnej podsedlovej de\u010dky LeMieux. Dokonale \u0161tepovan\u00e1, z\u00a0vonkaj\u0161ieho materi\u00e1lu pripom\u00ednaj\u00faceho jemn\u00fd vel\u00far a\u00a0s\u00a0bavlnenou pod\u0161\u00edvkou, doplnen\u00e1 o\u00a0charakterist\u00fd PU chr\u00e1ni\u010d popruhu a \u00a0LeMieux logo. Je nepostr\u00e1date\u013en\u00fdm doplnkom Mini LeMieux hra\u010dky pon\u00edk! Mo\u017eno ju pra\u0165 v\u00a0pr\u00e1\u010dke na 30\u00b0C,\u00a0nevkladajte do su\u0161i\u010dky. Vhodn\u00e9 pre deti od 3 rokov<\/p>\n","protected":false},"featured_media":88135,"template":"","meta":{"_acf_changed":false},"product_cat":[2534,76,312],"product_tag":[2390,227,2369,2589,422,2389],"acf":[],"yoast_head":"<!-- This site is optimized with the Yoast SEO plugin v21.4 - https:\/\/yoast.com\/wordpress\/plugins\/seo\/ -->\n<title>LeMieux podsedlov\u00e1 de\u010dka Chilli pre hra\u010dku pon\u00edk - Spicehorse<\/title>\n<meta name=\"description\" content=\"spicehorse.eu | Kr\u00e1sna miniat\u00farna verzia skuto\u010dnej podsedlovej de\u010dky LeMieux. Dokonale \u0161tepovan\u00e1, z\u00a0vonkaj\u0161ieho materi\u00e1lu pripom\u00ednaj\u00faceho jemn\u00fd vel\u00far a\u00a0s\u00a0bavlnenou pod\u0161\u00edvkou, doplnen\u00e1 o\u00a0charakterist\u00fd PU chr\u00e1ni\u010d popruhu a \u00a0LeMieux logo.\" \/>\n<meta name=\"robots\" content=\"index, follow, max-snippet:-1, max-image-preview:large, max-video-preview:-1\" \/>\n<link rel=\"canonical\" href=\"https:\/\/arak.spicehorse.eu\/sk\/produkt\/lemieux-podsedlova-decka-chilli-pre-hracku-ponik\/\" \/>\n<meta property=\"og:locale\" content=\"sk_SK\" \/>\n<meta property=\"og:type\" content=\"article\" \/>\n<meta property=\"og:title\" content=\"LeMieux podsedlov\u00e1 de\u010dka Chilli pre hra\u010dku pon\u00edk - Spicehorse\" \/>\n<meta property=\"og:description\" content=\"spicehorse.eu | Kr\u00e1sna miniat\u00farna verzia skuto\u010dnej podsedlovej de\u010dky LeMieux. Dokonale \u0161tepovan\u00e1, z\u00a0vonkaj\u0161ieho materi\u00e1lu pripom\u00ednaj\u00faceho jemn\u00fd vel\u00far a\u00a0s\u00a0bavlnenou pod\u0161\u00edvkou, doplnen\u00e1 o\u00a0charakterist\u00fd PU chr\u00e1ni\u010d popruhu a \u00a0LeMieux logo.\" \/>\n<meta property=\"og:url\" content=\"https:\/\/arak.spicehorse.eu\/sk\/produkt\/lemieux-podsedlova-decka-chilli-pre-hracku-ponik\/\" \/>\n<meta property=\"og:site_name\" content=\"Spicehorse\" \/>\n<meta property=\"article:publisher\" content=\"https:\/\/www.facebook.com\/SPICEHORSE-550385625402457\/\" \/>\n<meta property=\"article:modified_time\" content=\"2025-09-20T07:53:43+00:00\" \/>\n<meta property=\"og:image\" content=\"https:\/\/arak.spicehorse.eu\/wp-content\/uploads\/2023\/03\/lm-miniponypad-chilli-hr.jpg\" \/>\n\t<meta property=\"og:image:width\" content=\"1730\" \/>\n\t<meta property=\"og:image:height\" content=\"2307\" \/>\n\t<meta property=\"og:image:type\" content=\"image\/jpeg\" \/>\n<meta name=\"twitter:card\" content=\"summary_large_image\" \/>\n<script type=\"application\/ld+json\" class=\"yoast-schema-graph\">{\"@context\":\"https:\/\/schema.org\",\"@graph\":[{\"@type\":\"WebPage\",\"@id\":\"https:\/\/arak.spicehorse.eu\/sk\/produkt\/lemieux-podsedlova-decka-chilli-pre-hracku-ponik\/\",\"url\":\"https:\/\/arak.spicehorse.eu\/sk\/produkt\/lemieux-podsedlova-decka-chilli-pre-hracku-ponik\/\",\"name\":\"LeMieux podsedlov\u00e1 de\u010dka Chilli pre hra\u010dku pon\u00edk - Spicehorse\",\"isPartOf\":{\"@id\":\"https:\/\/arak.spicehorse.eu\/en\/#website\"},\"datePublished\":\"2023-03-08T11:59:20+00:00\",\"dateModified\":\"2025-09-20T07:53:43+00:00\",\"description\":\"spicehorse.eu | Kr\u00e1sna miniat\u00farna verzia skuto\u010dnej podsedlovej de\u010dky LeMieux. Dokonale \u0161tepovan\u00e1, z\u00a0vonkaj\u0161ieho materi\u00e1lu pripom\u00ednaj\u00faceho jemn\u00fd vel\u00far a\u00a0s\u00a0bavlnenou pod\u0161\u00edvkou, doplnen\u00e1 o\u00a0charakterist\u00fd PU chr\u00e1ni\u010d popruhu a \u00a0LeMieux logo.\",\"breadcrumb\":{\"@id\":\"https:\/\/arak.spicehorse.eu\/sk\/produkt\/lemieux-podsedlova-decka-chilli-pre-hracku-ponik\/#breadcrumb\"},\"inLanguage\":\"sk-SK\",\"potentialAction\":[{\"@type\":\"ReadAction\",\"target\":[\"https:\/\/arak.spicehorse.eu\/sk\/produkt\/lemieux-podsedlova-decka-chilli-pre-hracku-ponik\/\"]}]},{\"@type\":\"BreadcrumbList\",\"@id\":\"https:\/\/arak.spicehorse.eu\/sk\/produkt\/lemieux-podsedlova-decka-chilli-pre-hracku-ponik\/#breadcrumb\",\"itemListElement\":[{\"@type\":\"ListItem\",\"position\":1,\"name\":\"Home\",\"item\":\"https:\/\/arak.spicehorse.eu\/sk\/\"},{\"@type\":\"ListItem\",\"position\":2,\"name\":\"Predaj\u0148a\",\"item\":\"https:\/\/arak.spicehorse.eu\/sk\/predajna\/\"},{\"@type\":\"ListItem\",\"position\":3,\"name\":\"LeMieux podsedlov\u00e1 de\u010dka Chilli pre hra\u010dku pon\u00edk\"}]},{\"@type\":\"WebSite\",\"@id\":\"https:\/\/arak.spicehorse.eu\/en\/#website\",\"url\":\"https:\/\/arak.spicehorse.eu\/en\/\",\"name\":\"Spicehorse\",\"description\":\"UNDER DEVELOPMENT -\",\"potentialAction\":[{\"@type\":\"SearchAction\",\"target\":{\"@type\":\"EntryPoint\",\"urlTemplate\":\"https:\/\/arak.spicehorse.eu\/en\/?s={search_term_string}\"},\"query-input\":\"required name=search_term_string\"}],\"inLanguage\":\"sk-SK\"}]}<\/script>\n<!-- \/ Yoast SEO plugin. -->","yoast_head_json":{"title":"LeMieux podsedlov\u00e1 de\u010dka Chilli pre hra\u010dku pon\u00edk - Spicehorse","description":"spicehorse.eu | Kr\u00e1sna miniat\u00farna verzia skuto\u010dnej podsedlovej de\u010dky LeMieux. Dokonale \u0161tepovan\u00e1, z\u00a0vonkaj\u0161ieho materi\u00e1lu pripom\u00ednaj\u00faceho jemn\u00fd vel\u00far a\u00a0s\u00a0bavlnenou pod\u0161\u00edvkou, doplnen\u00e1 o\u00a0charakterist\u00fd PU chr\u00e1ni\u010d popruhu a \u00a0LeMieux logo.","robots":{"index":"index","follow":"follow","max-snippet":"max-snippet:-1","max-image-preview":"max-image-preview:large","max-video-preview":"max-video-preview:-1"},"canonical":"https:\/\/arak.spicehorse.eu\/sk\/produkt\/lemieux-podsedlova-decka-chilli-pre-hracku-ponik\/","og_locale":"sk_SK","og_type":"article","og_title":"LeMieux podsedlov\u00e1 de\u010dka Chilli pre hra\u010dku pon\u00edk - Spicehorse","og_description":"spicehorse.eu | Kr\u00e1sna miniat\u00farna verzia skuto\u010dnej podsedlovej de\u010dky LeMieux. Dokonale \u0161tepovan\u00e1, z\u00a0vonkaj\u0161ieho materi\u00e1lu pripom\u00ednaj\u00faceho jemn\u00fd vel\u00far a\u00a0s\u00a0bavlnenou pod\u0161\u00edvkou, doplnen\u00e1 o\u00a0charakterist\u00fd PU chr\u00e1ni\u010d popruhu a \u00a0LeMieux logo.","og_url":"https:\/\/arak.spicehorse.eu\/sk\/produkt\/lemieux-podsedlova-decka-chilli-pre-hracku-ponik\/","og_site_name":"Spicehorse","article_publisher":"https:\/\/www.facebook.com\/SPICEHORSE-550385625402457\/","article_modified_time":"2025-09-20T07:53:43+00:00","og_image":[{"width":1730,"height":2307,"url":"https:\/\/arak.spicehorse.eu\/wp-content\/uploads\/2023\/03\/lm-miniponypad-chilli-hr.jpg","type":"image\/jpeg"}],"twitter_card":"summary_large_image","schema":{"@context":"https:\/\/schema.org","@graph":[{"@type":"WebPage","@id":"https:\/\/arak.spicehorse.eu\/sk\/produkt\/lemieux-podsedlova-decka-chilli-pre-hracku-ponik\/","url":"https:\/\/arak.spicehorse.eu\/sk\/produkt\/lemieux-podsedlova-decka-chilli-pre-hracku-ponik\/","name":"LeMieux podsedlov\u00e1 de\u010dka Chilli pre hra\u010dku pon\u00edk - Spicehorse","isPartOf":{"@id":"https:\/\/arak.spicehorse.eu\/en\/#website"},"datePublished":"2023-03-08T11:59:20+00:00","dateModified":"2025-09-20T07:53:43+00:00","description":"spicehorse.eu | Kr\u00e1sna miniat\u00farna verzia skuto\u010dnej podsedlovej de\u010dky LeMieux. Dokonale \u0161tepovan\u00e1, z\u00a0vonkaj\u0161ieho materi\u00e1lu pripom\u00ednaj\u00faceho jemn\u00fd vel\u00far a\u00a0s\u00a0bavlnenou pod\u0161\u00edvkou, doplnen\u00e1 o\u00a0charakterist\u00fd PU chr\u00e1ni\u010d popruhu a \u00a0LeMieux logo.","breadcrumb":{"@id":"https:\/\/arak.spicehorse.eu\/sk\/produkt\/lemieux-podsedlova-decka-chilli-pre-hracku-ponik\/#breadcrumb"},"inLanguage":"sk-SK","potentialAction":[{"@type":"ReadAction","target":["https:\/\/arak.spicehorse.eu\/sk\/produkt\/lemieux-podsedlova-decka-chilli-pre-hracku-ponik\/"]}]},{"@type":"BreadcrumbList","@id":"https:\/\/arak.spicehorse.eu\/sk\/produkt\/lemieux-podsedlova-decka-chilli-pre-hracku-ponik\/#breadcrumb","itemListElement":[{"@type":"ListItem","position":1,"name":"Home","item":"https:\/\/arak.spicehorse.eu\/sk\/"},{"@type":"ListItem","position":2,"name":"Predaj\u0148a","item":"https:\/\/arak.spicehorse.eu\/sk\/predajna\/"},{"@type":"ListItem","position":3,"name":"LeMieux podsedlov\u00e1 de\u010dka Chilli pre hra\u010dku pon\u00edk"}]},{"@type":"WebSite","@id":"https:\/\/arak.spicehorse.eu\/en\/#website","url":"https:\/\/arak.spicehorse.eu\/en\/","name":"Spicehorse","description":"UNDER DEVELOPMENT -","potentialAction":[{"@type":"SearchAction","target":{"@type":"EntryPoint","urlTemplate":"https:\/\/arak.spicehorse.eu\/en\/?s={search_term_string}"},"query-input":"required name=search_term_string"}],"inLanguage":"sk-SK"}]}},"_links":{"self":[{"href":"https:\/\/arak.spicehorse.eu\/sk\/wp-json\/wp\/v2\/product\/88132"}],"collection":[{"href":"https:\/\/arak.spicehorse.eu\/sk\/wp-json\/wp\/v2\/product"}],"about":[{"href":"https:\/\/arak.spicehorse.eu\/sk\/wp-json\/wp\/v2\/types\/product"}],"wp:featuredmedia":[{"embeddable":true,"href":"https:\/\/arak.spicehorse.eu\/sk\/wp-json\/wp\/v2\/media\/88135"}],"wp:attachment":[{"href":"https:\/\/arak.spicehorse.eu\/sk\/wp-json\/wp\/v2\/media?parent=88132"}],"wp:term":[{"taxonomy":"product_cat","embeddable":true,"href":"https:\/\/arak.spicehorse.eu\/sk\/wp-json\/wp\/v2\/product_cat?post=88132"},{"taxonomy":"product_tag","embeddable":true,"href":"https:\/\/arak.spicehorse.eu\/sk\/wp-json\/wp\/v2\/product_tag?post=88132"}],"curies":[{"name":"wp","href":"https:\/\/api.w.org\/{rel}","templated":true}]}}