{"id":88486,"date":"2023-03-09T18:06:09","date_gmt":"2023-03-09T17:06:09","guid":{"rendered":"https:\/\/arak.spicehorse.eu\/product\/stud-muffins-pamlsky-15-ks\/"},"modified":"2025-11-16T20:49:11","modified_gmt":"2025-11-16T19:49:11","slug":"stud-muffins-pamlsky-15-ks","status":"publish","type":"product","link":"https:\/\/arak.spicehorse.eu\/sk\/produkt\/stud-muffins-pamlsky-15-ks\/","title":{"rendered":"Stud Muffins pamlsky \u2013 15 ks"},"content":{"rendered":"<p style=\"font-weight: 400;\">Neskuto\u010dne chutn\u00e9 dobroty v\u00a0uzatv\u00e1rate\u013enom balen\u00ed, preto muffiny zost\u00e1vaj\u00fa tak\u00e9 \u010derstv\u00e9 ako v\u00a0de\u0148 ich upe\u010denia!<\/p>\n<p style=\"font-weight: 400;\">Ka\u017ed\u00fd bal\u00ed\u010dek obsahuje 410 g chutn\u00fdch Stud Muffin pamlskov, \u010do zodpoved\u00e1 pribli\u017ene 15 kusom chutn\u00fdch pamlskov (ke\u010f\u017ee Stud Muffins pamlsky s\u00fa vyr\u00e1ban\u00e9 ru\u010dne, v\u00e1ha muffinov sa m\u00f4\u017ee nepatrne l\u00ed\u0161i\u0165).<\/p>\n<p style=\"font-weight: 400;\">Stud Muffins pamlsky s\u00fa vyr\u00e1ban\u00e9 ru\u010dne v\u00a0\u0161k\u00f3tskom Ayrshire. V\u0161etky poch\u00fa\u0165ky s\u00fa vynikaj\u00facej kvality, vyroben\u00e9 pou\u017eit\u00edm surov\u00edn vhodn\u00fdch aj na hum\u00e1nnu konzum\u00e1ciu, zlo\u017eenie v\u0161etk\u00fdch muffinov mo\u017eno v\u00a0plnej miere odsledova\u0165, \u010d\u00edm zabezpe\u010d\u00edte pre V\u00e1\u0161ho ko\u0148a tie najlep\u0161ie pamlsky.<\/p>\n<p style=\"font-weight: 400;\">Zlo\u017eenie:\u00a0melasa,\u00a0ovos,\u00a0kr\u00fapy,\u00a0ja\u010dme\u0148,\u00a0p\u0161enica, m\u00faka,\u00a0voda,\u00a03% \u013eanov\u00e9 semienka,\u00a02% gr\u00e9cke seno (pre zdrav\u00fa a\u00a0leskl\u00fa srs\u0165)<\/p>\n","protected":false},"excerpt":{"rendered":"<p>Neskuto\u010dne chutn\u00e9 dobroty v\u00a0uzatv\u00e1rate\u013enom balen\u00ed, preto muffiny zost\u00e1vaj\u00fa tak\u00e9 \u010derstv\u00e9 ako v\u00a0de\u0148 ich upe\u010denia! Ka\u017ed\u00fd bal\u00ed\u010dek obsahuje 410 g chutn\u00fdch Stud Muffin pamlskov, \u010do zodpoved\u00e1 pribli\u017ene 15 kusom chutn\u00fdch pamlskov (ke\u010f\u017ee Stud Muffins pamlsky s\u00fa vyr\u00e1ban\u00e9 ru\u010dne, v\u00e1ha muffinov sa m\u00f4\u017ee nepatrne l\u00ed\u0161i\u0165). Stud Muffins pamlsky s\u00fa vyr\u00e1ban\u00e9 ru\u010dne v\u00a0\u0161k\u00f3tskom Ayrshire. V\u0161etky poch\u00fa\u0165ky s\u00fa vynikaj\u00facej [&hellip;]<\/p>\n","protected":false},"featured_media":88366,"template":"","meta":{"_acf_changed":false},"product_cat":[3178,75,100,120],"product_tag":[2393],"acf":[],"yoast_head":"<!-- This site is optimized with the Yoast SEO plugin v21.4 - https:\/\/yoast.com\/wordpress\/plugins\/seo\/ -->\n<title>Stud Muffins pamlsky \u2013 15 ks - Spicehorse<\/title>\n<meta name=\"description\" content=\"spicehorse.eu | Neskuto\u010dne chutn\u00e9 dobroty v\u00a0uzatv\u00e1rate\u013enom balen\u00ed, preto muffiny zost\u00e1vaj\u00fa tak\u00e9 \u010derstv\u00e9 ako v\u00a0de\u0148 ich upe\u010denia!\u00a0\" \/>\n<meta name=\"robots\" content=\"index, follow, max-snippet:-1, max-image-preview:large, max-video-preview:-1\" \/>\n<link rel=\"canonical\" href=\"https:\/\/arak.spicehorse.eu\/sk\/produkt\/stud-muffins-pamlsky-15-ks\/\" \/>\n<meta property=\"og:locale\" content=\"sk_SK\" \/>\n<meta property=\"og:type\" content=\"article\" \/>\n<meta property=\"og:title\" content=\"Stud Muffins pamlsky \u2013 15 ks - Spicehorse\" \/>\n<meta property=\"og:description\" content=\"spicehorse.eu | Neskuto\u010dne chutn\u00e9 dobroty v\u00a0uzatv\u00e1rate\u013enom balen\u00ed, preto muffiny zost\u00e1vaj\u00fa tak\u00e9 \u010derstv\u00e9 ako v\u00a0de\u0148 ich upe\u010denia!\u00a0\" \/>\n<meta property=\"og:url\" content=\"https:\/\/arak.spicehorse.eu\/sk\/produkt\/stud-muffins-pamlsky-15-ks\/\" \/>\n<meta property=\"og:site_name\" content=\"Spicehorse\" \/>\n<meta property=\"article:publisher\" content=\"https:\/\/www.facebook.com\/SPICEHORSE-550385625402457\/\" \/>\n<meta property=\"article:modified_time\" content=\"2025-11-16T19:49:11+00:00\" \/>\n<meta property=\"og:image\" content=\"https:\/\/arak.spicehorse.eu\/wp-content\/uploads\/2023\/03\/15Treats-Gallery-1.jpg\" \/>\n\t<meta property=\"og:image:width\" content=\"1600\" \/>\n\t<meta property=\"og:image:height\" content=\"1200\" \/>\n\t<meta property=\"og:image:type\" content=\"image\/jpeg\" \/>\n<meta name=\"twitter:card\" content=\"summary_large_image\" \/>\n<meta name=\"twitter:label1\" content=\"Predpokladan\u00fd \u010das \u010d\u00edtania\" \/>\n\t<meta name=\"twitter:data1\" content=\"1 min\u00fata\" \/>\n<script type=\"application\/ld+json\" class=\"yoast-schema-graph\">{\"@context\":\"https:\/\/schema.org\",\"@graph\":[{\"@type\":\"WebPage\",\"@id\":\"https:\/\/arak.spicehorse.eu\/sk\/produkt\/stud-muffins-pamlsky-15-ks\/\",\"url\":\"https:\/\/arak.spicehorse.eu\/sk\/produkt\/stud-muffins-pamlsky-15-ks\/\",\"name\":\"Stud Muffins pamlsky \u2013 15 ks - Spicehorse\",\"isPartOf\":{\"@id\":\"https:\/\/arak.spicehorse.eu\/en\/#website\"},\"datePublished\":\"2023-03-09T17:06:09+00:00\",\"dateModified\":\"2025-11-16T19:49:11+00:00\",\"description\":\"spicehorse.eu | Neskuto\u010dne chutn\u00e9 dobroty v\u00a0uzatv\u00e1rate\u013enom balen\u00ed, preto muffiny zost\u00e1vaj\u00fa tak\u00e9 \u010derstv\u00e9 ako v\u00a0de\u0148 ich upe\u010denia!\u00a0\",\"breadcrumb\":{\"@id\":\"https:\/\/arak.spicehorse.eu\/sk\/produkt\/stud-muffins-pamlsky-15-ks\/#breadcrumb\"},\"inLanguage\":\"sk-SK\",\"potentialAction\":[{\"@type\":\"ReadAction\",\"target\":[\"https:\/\/arak.spicehorse.eu\/sk\/produkt\/stud-muffins-pamlsky-15-ks\/\"]}]},{\"@type\":\"BreadcrumbList\",\"@id\":\"https:\/\/arak.spicehorse.eu\/sk\/produkt\/stud-muffins-pamlsky-15-ks\/#breadcrumb\",\"itemListElement\":[{\"@type\":\"ListItem\",\"position\":1,\"name\":\"Home\",\"item\":\"https:\/\/arak.spicehorse.eu\/sk\/\"},{\"@type\":\"ListItem\",\"position\":2,\"name\":\"Predaj\u0148a\",\"item\":\"https:\/\/arak.spicehorse.eu\/sk\/predajna\/\"},{\"@type\":\"ListItem\",\"position\":3,\"name\":\"Stud Muffins pamlsky \u2013 15 ks\"}]},{\"@type\":\"WebSite\",\"@id\":\"https:\/\/arak.spicehorse.eu\/en\/#website\",\"url\":\"https:\/\/arak.spicehorse.eu\/en\/\",\"name\":\"Spicehorse\",\"description\":\"UNDER DEVELOPMENT -\",\"potentialAction\":[{\"@type\":\"SearchAction\",\"target\":{\"@type\":\"EntryPoint\",\"urlTemplate\":\"https:\/\/arak.spicehorse.eu\/en\/?s={search_term_string}\"},\"query-input\":\"required name=search_term_string\"}],\"inLanguage\":\"sk-SK\"}]}<\/script>\n<!-- \/ Yoast SEO plugin. -->","yoast_head_json":{"title":"Stud Muffins pamlsky \u2013 15 ks - Spicehorse","description":"spicehorse.eu | Neskuto\u010dne chutn\u00e9 dobroty v\u00a0uzatv\u00e1rate\u013enom balen\u00ed, preto muffiny zost\u00e1vaj\u00fa tak\u00e9 \u010derstv\u00e9 ako v\u00a0de\u0148 ich upe\u010denia!\u00a0","robots":{"index":"index","follow":"follow","max-snippet":"max-snippet:-1","max-image-preview":"max-image-preview:large","max-video-preview":"max-video-preview:-1"},"canonical":"https:\/\/arak.spicehorse.eu\/sk\/produkt\/stud-muffins-pamlsky-15-ks\/","og_locale":"sk_SK","og_type":"article","og_title":"Stud Muffins pamlsky \u2013 15 ks - Spicehorse","og_description":"spicehorse.eu | Neskuto\u010dne chutn\u00e9 dobroty v\u00a0uzatv\u00e1rate\u013enom balen\u00ed, preto muffiny zost\u00e1vaj\u00fa tak\u00e9 \u010derstv\u00e9 ako v\u00a0de\u0148 ich upe\u010denia!\u00a0","og_url":"https:\/\/arak.spicehorse.eu\/sk\/produkt\/stud-muffins-pamlsky-15-ks\/","og_site_name":"Spicehorse","article_publisher":"https:\/\/www.facebook.com\/SPICEHORSE-550385625402457\/","article_modified_time":"2025-11-16T19:49:11+00:00","og_image":[{"width":1600,"height":1200,"url":"https:\/\/arak.spicehorse.eu\/wp-content\/uploads\/2023\/03\/15Treats-Gallery-1.jpg","type":"image\/jpeg"}],"twitter_card":"summary_large_image","twitter_misc":{"Predpokladan\u00fd \u010das \u010d\u00edtania":"1 min\u00fata"},"schema":{"@context":"https:\/\/schema.org","@graph":[{"@type":"WebPage","@id":"https:\/\/arak.spicehorse.eu\/sk\/produkt\/stud-muffins-pamlsky-15-ks\/","url":"https:\/\/arak.spicehorse.eu\/sk\/produkt\/stud-muffins-pamlsky-15-ks\/","name":"Stud Muffins pamlsky \u2013 15 ks - Spicehorse","isPartOf":{"@id":"https:\/\/arak.spicehorse.eu\/en\/#website"},"datePublished":"2023-03-09T17:06:09+00:00","dateModified":"2025-11-16T19:49:11+00:00","description":"spicehorse.eu | Neskuto\u010dne chutn\u00e9 dobroty v\u00a0uzatv\u00e1rate\u013enom balen\u00ed, preto muffiny zost\u00e1vaj\u00fa tak\u00e9 \u010derstv\u00e9 ako v\u00a0de\u0148 ich upe\u010denia!\u00a0","breadcrumb":{"@id":"https:\/\/arak.spicehorse.eu\/sk\/produkt\/stud-muffins-pamlsky-15-ks\/#breadcrumb"},"inLanguage":"sk-SK","potentialAction":[{"@type":"ReadAction","target":["https:\/\/arak.spicehorse.eu\/sk\/produkt\/stud-muffins-pamlsky-15-ks\/"]}]},{"@type":"BreadcrumbList","@id":"https:\/\/arak.spicehorse.eu\/sk\/produkt\/stud-muffins-pamlsky-15-ks\/#breadcrumb","itemListElement":[{"@type":"ListItem","position":1,"name":"Home","item":"https:\/\/arak.spicehorse.eu\/sk\/"},{"@type":"ListItem","position":2,"name":"Predaj\u0148a","item":"https:\/\/arak.spicehorse.eu\/sk\/predajna\/"},{"@type":"ListItem","position":3,"name":"Stud Muffins pamlsky \u2013 15 ks"}]},{"@type":"WebSite","@id":"https:\/\/arak.spicehorse.eu\/en\/#website","url":"https:\/\/arak.spicehorse.eu\/en\/","name":"Spicehorse","description":"UNDER DEVELOPMENT -","potentialAction":[{"@type":"SearchAction","target":{"@type":"EntryPoint","urlTemplate":"https:\/\/arak.spicehorse.eu\/en\/?s={search_term_string}"},"query-input":"required name=search_term_string"}],"inLanguage":"sk-SK"}]}},"_links":{"self":[{"href":"https:\/\/arak.spicehorse.eu\/sk\/wp-json\/wp\/v2\/product\/88486"}],"collection":[{"href":"https:\/\/arak.spicehorse.eu\/sk\/wp-json\/wp\/v2\/product"}],"about":[{"href":"https:\/\/arak.spicehorse.eu\/sk\/wp-json\/wp\/v2\/types\/product"}],"wp:featuredmedia":[{"embeddable":true,"href":"https:\/\/arak.spicehorse.eu\/sk\/wp-json\/wp\/v2\/media\/88366"}],"wp:attachment":[{"href":"https:\/\/arak.spicehorse.eu\/sk\/wp-json\/wp\/v2\/media?parent=88486"}],"wp:term":[{"taxonomy":"product_cat","embeddable":true,"href":"https:\/\/arak.spicehorse.eu\/sk\/wp-json\/wp\/v2\/product_cat?post=88486"},{"taxonomy":"product_tag","embeddable":true,"href":"https:\/\/arak.spicehorse.eu\/sk\/wp-json\/wp\/v2\/product_tag?post=88486"}],"curies":[{"name":"wp","href":"https:\/\/api.w.org\/{rel}","templated":true}]}}