{"id":89153,"date":"2023-03-15T16:07:32","date_gmt":"2023-03-15T15:07:33","guid":{"rendered":"https:\/\/arak.spicehorse.eu\/?post_type=product&#038;p=89153"},"modified":"2025-02-11T20:57:17","modified_gmt":"2025-02-11T19:57:17","slug":"likit-lizanka-mrkvova-250g","status":"publish","type":"product","link":"https:\/\/arak.spicehorse.eu\/sk\/produkt\/likit-lizanka-mrkvova-250g\/","title":{"rendered":"Likit l\u00edzanka mrkvov\u00e1 250g"},"content":{"rendered":"<p>N\u00e1pl\u0148 Likit dr\u017eiak a Boredom Breaker.<\/p>\n<p>Likit l\u00edzanky sa skladaj\u00fa hlavne z pr\u00edrodnej melasy z hroznov\u00e9ho cukru, obohatenej o vitam\u00edny. V\u0161etky spracovan\u00e9 plasty s\u00fa vyroben\u00e9 z kvalitne dokonal\u00fdch materi\u00e1lov eur\u00f3pskeho p\u00f4vodu. V\u00fdroba prebieha pod najvy\u0161\u0161ou kontrolou kvality, aby bolo mo\u017en\u00e9 zaru\u010di\u0165 trvalo vysok\u00fa kvalitu.<\/p>\n<p>Pou\u017e\u00edvanie v\u00fdrobkov Likit odpor\u00fa\u010daj\u00fa aj renomovan\u00ed konsk\u00ed \u0161pecialisti pre behavior\u00e1lny v\u00fdskum na University of Cornell (USA) a Bristol (Anglicko).<br \/>\nPon\u00faknite svojmu partnersk\u00e9mu ko\u0148ovi z\u00e1bavku, ktor\u00fa si zasl\u00fa\u017ei &#8211; aj ke\u010f tam nem\u00f4\u017eete by\u0165!<\/p>\n<p>Obsah: 250 g<\/p>\n","protected":false},"excerpt":{"rendered":"<p>N\u00e1pl\u0148 Likit dr\u017eiak a Boredom Breaker. Likit l\u00edzanky sa skladaj\u00fa hlavne z pr\u00edrodnej melasy z hroznov\u00e9ho cukru, obohatenej o vitam\u00edny. V\u0161etky spracovan\u00e9 plasty s\u00fa vyroben\u00e9 z kvalitne dokonal\u00fdch materi\u00e1lov eur\u00f3pskeho p\u00f4vodu. V\u00fdroba prebieha pod najvy\u0161\u0161ou kontrolou kvality, aby bolo mo\u017en\u00e9 zaru\u010di\u0165 trvalo vysok\u00fa kvalitu. Pou\u017e\u00edvanie v\u00fdrobkov Likit odpor\u00fa\u010daj\u00fa aj renomovan\u00ed konsk\u00ed \u0161pecialisti pre behavior\u00e1lny v\u00fdskum [&hellip;]<\/p>\n","protected":false},"featured_media":89157,"template":"","meta":{"_acf_changed":false},"product_cat":[3178,78,75,100,120],"product_tag":[2392],"acf":[],"yoast_head":"<!-- This site is optimized with the Yoast SEO plugin v21.4 - https:\/\/yoast.com\/wordpress\/plugins\/seo\/ -->\n<title>Likit l\u00edzanka mrkvov\u00e1 250g - Spicehorse<\/title>\n<meta name=\"description\" content=\"picehorse.eu | Pon\u00faknite svojmu partnersk\u00e9mu ko\u0148ovi z\u00e1bavku, ktor\u00fa si zasl\u00fa\u017ei - aj ke\u010f tam nem\u00f4\u017eete by\u0165!\" \/>\n<meta name=\"robots\" content=\"index, follow, max-snippet:-1, max-image-preview:large, max-video-preview:-1\" \/>\n<link rel=\"canonical\" href=\"https:\/\/arak.spicehorse.eu\/sk\/produkt\/likit-lizanka-mrkvova-250g\/\" \/>\n<meta property=\"og:locale\" content=\"sk_SK\" \/>\n<meta property=\"og:type\" content=\"article\" \/>\n<meta property=\"og:title\" content=\"Likit l\u00edzanka mrkvov\u00e1 250g - Spicehorse\" \/>\n<meta property=\"og:description\" content=\"picehorse.eu | Pon\u00faknite svojmu partnersk\u00e9mu ko\u0148ovi z\u00e1bavku, ktor\u00fa si zasl\u00fa\u017ei - aj ke\u010f tam nem\u00f4\u017eete by\u0165!\" \/>\n<meta property=\"og:url\" content=\"https:\/\/arak.spicehorse.eu\/sk\/produkt\/likit-lizanka-mrkvova-250g\/\" \/>\n<meta property=\"og:site_name\" content=\"Spicehorse\" \/>\n<meta property=\"article:publisher\" content=\"https:\/\/www.facebook.com\/SPICEHORSE-550385625402457\/\" \/>\n<meta property=\"article:modified_time\" content=\"2025-02-11T19:57:17+00:00\" \/>\n<meta property=\"og:image\" content=\"https:\/\/arak.spicehorse.eu\/wp-content\/uploads\/2023\/03\/little_likit_wortel.jpg\" \/>\n\t<meta property=\"og:image:width\" content=\"700\" \/>\n\t<meta property=\"og:image:height\" content=\"700\" \/>\n\t<meta property=\"og:image:type\" content=\"image\/jpeg\" \/>\n<meta name=\"twitter:card\" content=\"summary_large_image\" \/>\n<meta name=\"twitter:label1\" content=\"Predpokladan\u00fd \u010das \u010d\u00edtania\" \/>\n\t<meta name=\"twitter:data1\" content=\"1 min\u00fata\" \/>\n<script type=\"application\/ld+json\" class=\"yoast-schema-graph\">{\"@context\":\"https:\/\/schema.org\",\"@graph\":[{\"@type\":\"WebPage\",\"@id\":\"https:\/\/arak.spicehorse.eu\/sk\/produkt\/likit-lizanka-mrkvova-250g\/\",\"url\":\"https:\/\/arak.spicehorse.eu\/sk\/produkt\/likit-lizanka-mrkvova-250g\/\",\"name\":\"Likit l\u00edzanka mrkvov\u00e1 250g - Spicehorse\",\"isPartOf\":{\"@id\":\"https:\/\/arak.spicehorse.eu\/en\/#website\"},\"datePublished\":\"2023-03-15T15:07:33+00:00\",\"dateModified\":\"2025-02-11T19:57:17+00:00\",\"description\":\"picehorse.eu | Pon\u00faknite svojmu partnersk\u00e9mu ko\u0148ovi z\u00e1bavku, ktor\u00fa si zasl\u00fa\u017ei - aj ke\u010f tam nem\u00f4\u017eete by\u0165!\",\"breadcrumb\":{\"@id\":\"https:\/\/arak.spicehorse.eu\/sk\/produkt\/likit-lizanka-mrkvova-250g\/#breadcrumb\"},\"inLanguage\":\"sk-SK\",\"potentialAction\":[{\"@type\":\"ReadAction\",\"target\":[\"https:\/\/arak.spicehorse.eu\/sk\/produkt\/likit-lizanka-mrkvova-250g\/\"]}]},{\"@type\":\"BreadcrumbList\",\"@id\":\"https:\/\/arak.spicehorse.eu\/sk\/produkt\/likit-lizanka-mrkvova-250g\/#breadcrumb\",\"itemListElement\":[{\"@type\":\"ListItem\",\"position\":1,\"name\":\"Home\",\"item\":\"https:\/\/arak.spicehorse.eu\/sk\/\"},{\"@type\":\"ListItem\",\"position\":2,\"name\":\"Predaj\u0148a\",\"item\":\"https:\/\/arak.spicehorse.eu\/sk\/predajna\/\"},{\"@type\":\"ListItem\",\"position\":3,\"name\":\"Likit l\u00edzanka mrkvov\u00e1 250g\"}]},{\"@type\":\"WebSite\",\"@id\":\"https:\/\/arak.spicehorse.eu\/en\/#website\",\"url\":\"https:\/\/arak.spicehorse.eu\/en\/\",\"name\":\"Spicehorse\",\"description\":\"UNDER DEVELOPMENT -\",\"potentialAction\":[{\"@type\":\"SearchAction\",\"target\":{\"@type\":\"EntryPoint\",\"urlTemplate\":\"https:\/\/arak.spicehorse.eu\/en\/?s={search_term_string}\"},\"query-input\":\"required name=search_term_string\"}],\"inLanguage\":\"sk-SK\"}]}<\/script>\n<!-- \/ Yoast SEO plugin. -->","yoast_head_json":{"title":"Likit l\u00edzanka mrkvov\u00e1 250g - Spicehorse","description":"picehorse.eu | Pon\u00faknite svojmu partnersk\u00e9mu ko\u0148ovi z\u00e1bavku, ktor\u00fa si zasl\u00fa\u017ei - aj ke\u010f tam nem\u00f4\u017eete by\u0165!","robots":{"index":"index","follow":"follow","max-snippet":"max-snippet:-1","max-image-preview":"max-image-preview:large","max-video-preview":"max-video-preview:-1"},"canonical":"https:\/\/arak.spicehorse.eu\/sk\/produkt\/likit-lizanka-mrkvova-250g\/","og_locale":"sk_SK","og_type":"article","og_title":"Likit l\u00edzanka mrkvov\u00e1 250g - Spicehorse","og_description":"picehorse.eu | Pon\u00faknite svojmu partnersk\u00e9mu ko\u0148ovi z\u00e1bavku, ktor\u00fa si zasl\u00fa\u017ei - aj ke\u010f tam nem\u00f4\u017eete by\u0165!","og_url":"https:\/\/arak.spicehorse.eu\/sk\/produkt\/likit-lizanka-mrkvova-250g\/","og_site_name":"Spicehorse","article_publisher":"https:\/\/www.facebook.com\/SPICEHORSE-550385625402457\/","article_modified_time":"2025-02-11T19:57:17+00:00","og_image":[{"width":700,"height":700,"url":"https:\/\/arak.spicehorse.eu\/wp-content\/uploads\/2023\/03\/little_likit_wortel.jpg","type":"image\/jpeg"}],"twitter_card":"summary_large_image","twitter_misc":{"Predpokladan\u00fd \u010das \u010d\u00edtania":"1 min\u00fata"},"schema":{"@context":"https:\/\/schema.org","@graph":[{"@type":"WebPage","@id":"https:\/\/arak.spicehorse.eu\/sk\/produkt\/likit-lizanka-mrkvova-250g\/","url":"https:\/\/arak.spicehorse.eu\/sk\/produkt\/likit-lizanka-mrkvova-250g\/","name":"Likit l\u00edzanka mrkvov\u00e1 250g - Spicehorse","isPartOf":{"@id":"https:\/\/arak.spicehorse.eu\/en\/#website"},"datePublished":"2023-03-15T15:07:33+00:00","dateModified":"2025-02-11T19:57:17+00:00","description":"picehorse.eu | Pon\u00faknite svojmu partnersk\u00e9mu ko\u0148ovi z\u00e1bavku, ktor\u00fa si zasl\u00fa\u017ei - aj ke\u010f tam nem\u00f4\u017eete by\u0165!","breadcrumb":{"@id":"https:\/\/arak.spicehorse.eu\/sk\/produkt\/likit-lizanka-mrkvova-250g\/#breadcrumb"},"inLanguage":"sk-SK","potentialAction":[{"@type":"ReadAction","target":["https:\/\/arak.spicehorse.eu\/sk\/produkt\/likit-lizanka-mrkvova-250g\/"]}]},{"@type":"BreadcrumbList","@id":"https:\/\/arak.spicehorse.eu\/sk\/produkt\/likit-lizanka-mrkvova-250g\/#breadcrumb","itemListElement":[{"@type":"ListItem","position":1,"name":"Home","item":"https:\/\/arak.spicehorse.eu\/sk\/"},{"@type":"ListItem","position":2,"name":"Predaj\u0148a","item":"https:\/\/arak.spicehorse.eu\/sk\/predajna\/"},{"@type":"ListItem","position":3,"name":"Likit l\u00edzanka mrkvov\u00e1 250g"}]},{"@type":"WebSite","@id":"https:\/\/arak.spicehorse.eu\/en\/#website","url":"https:\/\/arak.spicehorse.eu\/en\/","name":"Spicehorse","description":"UNDER DEVELOPMENT -","potentialAction":[{"@type":"SearchAction","target":{"@type":"EntryPoint","urlTemplate":"https:\/\/arak.spicehorse.eu\/en\/?s={search_term_string}"},"query-input":"required name=search_term_string"}],"inLanguage":"sk-SK"}]}},"_links":{"self":[{"href":"https:\/\/arak.spicehorse.eu\/sk\/wp-json\/wp\/v2\/product\/89153"}],"collection":[{"href":"https:\/\/arak.spicehorse.eu\/sk\/wp-json\/wp\/v2\/product"}],"about":[{"href":"https:\/\/arak.spicehorse.eu\/sk\/wp-json\/wp\/v2\/types\/product"}],"wp:featuredmedia":[{"embeddable":true,"href":"https:\/\/arak.spicehorse.eu\/sk\/wp-json\/wp\/v2\/media\/89157"}],"wp:attachment":[{"href":"https:\/\/arak.spicehorse.eu\/sk\/wp-json\/wp\/v2\/media?parent=89153"}],"wp:term":[{"taxonomy":"product_cat","embeddable":true,"href":"https:\/\/arak.spicehorse.eu\/sk\/wp-json\/wp\/v2\/product_cat?post=89153"},{"taxonomy":"product_tag","embeddable":true,"href":"https:\/\/arak.spicehorse.eu\/sk\/wp-json\/wp\/v2\/product_tag?post=89153"}],"curies":[{"name":"wp","href":"https:\/\/api.w.org\/{rel}","templated":true}]}}