{"id":89340,"date":"2023-03-16T13:55:55","date_gmt":"2023-03-16T12:55:57","guid":{"rendered":"https:\/\/arak.spicehorse.eu\/?post_type=product&#038;p=89340"},"modified":"2025-02-24T12:10:13","modified_gmt":"2025-02-24T11:10:13","slug":"likit-granola-stall-lopta-melasa","status":"publish","type":"product","link":"https:\/\/arak.spicehorse.eu\/sk\/produkt\/likit-granola-stall-lopta-melasa\/","title":{"rendered":"Likit Granola Stall lopta Melasa"},"content":{"rendered":"<p style=\"font-weight: 400;\">Chutn\u00e1 Likit Granola gu\u013ea od Likit s\u00a0pr\u00edchu\u0165ou jablka, ktor\u00fa mo\u017eno zavesi\u0165 do stajne. Pom\u00e1ha pri zni\u017eovan\u00ed stresu a\u00a0odstra\u0148uje nudu. V\u00e1\u0161 k\u00f4\u0148 sa bude vynikaj\u00faco zab\u00e1va\u0165 po\u010das nieko\u013ek\u00fdch hod\u00edn, ako bude l\u00edza\u0165 loptu a\u00a0pok\u00fa\u0161a\u0165 sa uchmatn\u00fa\u0165 ju. Pomocou slu\u010dky na lopte ju m\u00f4\u017eeme po\u013eahky zavesi\u0165 (lanko nie je s\u00fa\u010das\u0165ou).<\/p>\n<p style=\"font-weight: 400;\">Likit Granola Stall Ball lopta do stajne m\u00f4\u017ee vydr\u017ea\u0165 t\u00fd\u017ede\u0148 a\u017e mesiac, pod\u013ea toho do akej miery jedlo motivuje ko\u0148a a\u00a0ak\u00fdm sp\u00f4sobom, ako vo\u013ene je obilninov\u00e1 gu\u013ea zavesen\u00e1.<\/p>\n<p style=\"font-weight: 400;\">V Granola Stall lopte sa nach\u00e1dzaj\u00fa obilniny, ja\u010dme\u0148 a\u00a0ovsen\u00e9 vlo\u010dky.<\/p>\n<p style=\"font-weight: 400;\">V\u00e1ha: 1,6 kg<\/p>\n","protected":false},"excerpt":{"rendered":"<ul style=\"font-weight: 400;\">\n<li>Chutn\u00e1 gu\u013ea z\u00a0granoly vhodn\u00e1 do stajne<\/li>\n<li>S\u00a0pr\u00edchu\u0165ou jablka<\/li>\n<li>Slu\u010dka na zavesenie jablka (lanko nie je s\u00fa\u010das\u0165ou)<\/li>\n<li>Zabra\u0148uje, aby sa k\u00f4\u0148 v\u00a0stajni nudil<\/li>\n<li>Obsahuje obilniny, ja\u010dme\u0148 a\u00a0ovsen\u00e9 vlo\u010dky<\/li>\n<li>V\u00e1ha: 1,6 kg<\/li>\n<\/ul>\n","protected":false},"featured_media":89343,"template":"","meta":{"_acf_changed":false},"product_cat":[3178,75,100,120],"product_tag":[2392],"acf":[],"yoast_head":"<!-- This site is optimized with the Yoast SEO plugin v21.4 - https:\/\/yoast.com\/wordpress\/plugins\/seo\/ -->\n<title>Likit Granola Stall lopta Melasa - Spicehorse<\/title>\n<meta name=\"description\" content=\"picehorse.eu | Chutn\u00e1 Likit Granola gu\u013ea od Likit s\u00a0pr\u00edchu\u0165ou jablka, ktor\u00fa mo\u017eno zavesi\u0165 do stajne. Pom\u00e1ha pri zni\u017eovan\u00ed stresu a\u00a0odstra\u0148uje nudu\" \/>\n<meta name=\"robots\" content=\"index, follow, max-snippet:-1, max-image-preview:large, max-video-preview:-1\" \/>\n<link rel=\"canonical\" href=\"https:\/\/arak.spicehorse.eu\/sk\/produkt\/likit-granola-stall-lopta-melasa\/\" \/>\n<meta property=\"og:locale\" content=\"sk_SK\" \/>\n<meta property=\"og:type\" content=\"article\" \/>\n<meta property=\"og:title\" content=\"Likit Granola Stall lopta Melasa - Spicehorse\" \/>\n<meta property=\"og:description\" content=\"picehorse.eu | Chutn\u00e1 Likit Granola gu\u013ea od Likit s\u00a0pr\u00edchu\u0165ou jablka, ktor\u00fa mo\u017eno zavesi\u0165 do stajne. Pom\u00e1ha pri zni\u017eovan\u00ed stresu a\u00a0odstra\u0148uje nudu\" \/>\n<meta property=\"og:url\" content=\"https:\/\/arak.spicehorse.eu\/sk\/produkt\/likit-granola-stall-lopta-melasa\/\" \/>\n<meta property=\"og:site_name\" content=\"Spicehorse\" \/>\n<meta property=\"article:publisher\" content=\"https:\/\/www.facebook.com\/SPICEHORSE-550385625402457\/\" \/>\n<meta property=\"article:modified_time\" content=\"2025-02-24T11:10:13+00:00\" \/>\n<meta property=\"og:image\" content=\"https:\/\/arak.spicehorse.eu\/wp-content\/uploads\/2023\/03\/507001079000W-1_507001079.jpg\" \/>\n\t<meta property=\"og:image:width\" content=\"800\" \/>\n\t<meta property=\"og:image:height\" content=\"800\" \/>\n\t<meta property=\"og:image:type\" content=\"image\/jpeg\" \/>\n<meta name=\"twitter:card\" content=\"summary_large_image\" \/>\n<meta name=\"twitter:label1\" content=\"Predpokladan\u00fd \u010das \u010d\u00edtania\" \/>\n\t<meta name=\"twitter:data1\" content=\"1 min\u00fata\" \/>\n<script type=\"application\/ld+json\" class=\"yoast-schema-graph\">{\"@context\":\"https:\/\/schema.org\",\"@graph\":[{\"@type\":\"WebPage\",\"@id\":\"https:\/\/arak.spicehorse.eu\/sk\/produkt\/likit-granola-stall-lopta-melasa\/\",\"url\":\"https:\/\/arak.spicehorse.eu\/sk\/produkt\/likit-granola-stall-lopta-melasa\/\",\"name\":\"Likit Granola Stall lopta Melasa - Spicehorse\",\"isPartOf\":{\"@id\":\"https:\/\/arak.spicehorse.eu\/en\/#website\"},\"datePublished\":\"2023-03-16T12:55:57+00:00\",\"dateModified\":\"2025-02-24T11:10:13+00:00\",\"description\":\"picehorse.eu | Chutn\u00e1 Likit Granola gu\u013ea od Likit s\u00a0pr\u00edchu\u0165ou jablka, ktor\u00fa mo\u017eno zavesi\u0165 do stajne. Pom\u00e1ha pri zni\u017eovan\u00ed stresu a\u00a0odstra\u0148uje nudu\",\"breadcrumb\":{\"@id\":\"https:\/\/arak.spicehorse.eu\/sk\/produkt\/likit-granola-stall-lopta-melasa\/#breadcrumb\"},\"inLanguage\":\"sk-SK\",\"potentialAction\":[{\"@type\":\"ReadAction\",\"target\":[\"https:\/\/arak.spicehorse.eu\/sk\/produkt\/likit-granola-stall-lopta-melasa\/\"]}]},{\"@type\":\"BreadcrumbList\",\"@id\":\"https:\/\/arak.spicehorse.eu\/sk\/produkt\/likit-granola-stall-lopta-melasa\/#breadcrumb\",\"itemListElement\":[{\"@type\":\"ListItem\",\"position\":1,\"name\":\"Home\",\"item\":\"https:\/\/arak.spicehorse.eu\/sk\/\"},{\"@type\":\"ListItem\",\"position\":2,\"name\":\"Predaj\u0148a\",\"item\":\"https:\/\/arak.spicehorse.eu\/sk\/predajna\/\"},{\"@type\":\"ListItem\",\"position\":3,\"name\":\"Likit Granola Stall lopta Melasa\"}]},{\"@type\":\"WebSite\",\"@id\":\"https:\/\/arak.spicehorse.eu\/en\/#website\",\"url\":\"https:\/\/arak.spicehorse.eu\/en\/\",\"name\":\"Spicehorse\",\"description\":\"UNDER DEVELOPMENT -\",\"potentialAction\":[{\"@type\":\"SearchAction\",\"target\":{\"@type\":\"EntryPoint\",\"urlTemplate\":\"https:\/\/arak.spicehorse.eu\/en\/?s={search_term_string}\"},\"query-input\":\"required name=search_term_string\"}],\"inLanguage\":\"sk-SK\"}]}<\/script>\n<!-- \/ Yoast SEO plugin. -->","yoast_head_json":{"title":"Likit Granola Stall lopta Melasa - Spicehorse","description":"picehorse.eu | Chutn\u00e1 Likit Granola gu\u013ea od Likit s\u00a0pr\u00edchu\u0165ou jablka, ktor\u00fa mo\u017eno zavesi\u0165 do stajne. Pom\u00e1ha pri zni\u017eovan\u00ed stresu a\u00a0odstra\u0148uje nudu","robots":{"index":"index","follow":"follow","max-snippet":"max-snippet:-1","max-image-preview":"max-image-preview:large","max-video-preview":"max-video-preview:-1"},"canonical":"https:\/\/arak.spicehorse.eu\/sk\/produkt\/likit-granola-stall-lopta-melasa\/","og_locale":"sk_SK","og_type":"article","og_title":"Likit Granola Stall lopta Melasa - Spicehorse","og_description":"picehorse.eu | Chutn\u00e1 Likit Granola gu\u013ea od Likit s\u00a0pr\u00edchu\u0165ou jablka, ktor\u00fa mo\u017eno zavesi\u0165 do stajne. Pom\u00e1ha pri zni\u017eovan\u00ed stresu a\u00a0odstra\u0148uje nudu","og_url":"https:\/\/arak.spicehorse.eu\/sk\/produkt\/likit-granola-stall-lopta-melasa\/","og_site_name":"Spicehorse","article_publisher":"https:\/\/www.facebook.com\/SPICEHORSE-550385625402457\/","article_modified_time":"2025-02-24T11:10:13+00:00","og_image":[{"width":800,"height":800,"url":"https:\/\/arak.spicehorse.eu\/wp-content\/uploads\/2023\/03\/507001079000W-1_507001079.jpg","type":"image\/jpeg"}],"twitter_card":"summary_large_image","twitter_misc":{"Predpokladan\u00fd \u010das \u010d\u00edtania":"1 min\u00fata"},"schema":{"@context":"https:\/\/schema.org","@graph":[{"@type":"WebPage","@id":"https:\/\/arak.spicehorse.eu\/sk\/produkt\/likit-granola-stall-lopta-melasa\/","url":"https:\/\/arak.spicehorse.eu\/sk\/produkt\/likit-granola-stall-lopta-melasa\/","name":"Likit Granola Stall lopta Melasa - Spicehorse","isPartOf":{"@id":"https:\/\/arak.spicehorse.eu\/en\/#website"},"datePublished":"2023-03-16T12:55:57+00:00","dateModified":"2025-02-24T11:10:13+00:00","description":"picehorse.eu | Chutn\u00e1 Likit Granola gu\u013ea od Likit s\u00a0pr\u00edchu\u0165ou jablka, ktor\u00fa mo\u017eno zavesi\u0165 do stajne. Pom\u00e1ha pri zni\u017eovan\u00ed stresu a\u00a0odstra\u0148uje nudu","breadcrumb":{"@id":"https:\/\/arak.spicehorse.eu\/sk\/produkt\/likit-granola-stall-lopta-melasa\/#breadcrumb"},"inLanguage":"sk-SK","potentialAction":[{"@type":"ReadAction","target":["https:\/\/arak.spicehorse.eu\/sk\/produkt\/likit-granola-stall-lopta-melasa\/"]}]},{"@type":"BreadcrumbList","@id":"https:\/\/arak.spicehorse.eu\/sk\/produkt\/likit-granola-stall-lopta-melasa\/#breadcrumb","itemListElement":[{"@type":"ListItem","position":1,"name":"Home","item":"https:\/\/arak.spicehorse.eu\/sk\/"},{"@type":"ListItem","position":2,"name":"Predaj\u0148a","item":"https:\/\/arak.spicehorse.eu\/sk\/predajna\/"},{"@type":"ListItem","position":3,"name":"Likit Granola Stall lopta Melasa"}]},{"@type":"WebSite","@id":"https:\/\/arak.spicehorse.eu\/en\/#website","url":"https:\/\/arak.spicehorse.eu\/en\/","name":"Spicehorse","description":"UNDER DEVELOPMENT -","potentialAction":[{"@type":"SearchAction","target":{"@type":"EntryPoint","urlTemplate":"https:\/\/arak.spicehorse.eu\/en\/?s={search_term_string}"},"query-input":"required name=search_term_string"}],"inLanguage":"sk-SK"}]}},"_links":{"self":[{"href":"https:\/\/arak.spicehorse.eu\/sk\/wp-json\/wp\/v2\/product\/89340"}],"collection":[{"href":"https:\/\/arak.spicehorse.eu\/sk\/wp-json\/wp\/v2\/product"}],"about":[{"href":"https:\/\/arak.spicehorse.eu\/sk\/wp-json\/wp\/v2\/types\/product"}],"wp:featuredmedia":[{"embeddable":true,"href":"https:\/\/arak.spicehorse.eu\/sk\/wp-json\/wp\/v2\/media\/89343"}],"wp:attachment":[{"href":"https:\/\/arak.spicehorse.eu\/sk\/wp-json\/wp\/v2\/media?parent=89340"}],"wp:term":[{"taxonomy":"product_cat","embeddable":true,"href":"https:\/\/arak.spicehorse.eu\/sk\/wp-json\/wp\/v2\/product_cat?post=89340"},{"taxonomy":"product_tag","embeddable":true,"href":"https:\/\/arak.spicehorse.eu\/sk\/wp-json\/wp\/v2\/product_tag?post=89340"}],"curies":[{"name":"wp","href":"https:\/\/api.w.org\/{rel}","templated":true}]}}