{"id":89448,"date":"2023-03-19T10:42:29","date_gmt":"2023-03-19T09:42:31","guid":{"rendered":"https:\/\/arak.spicehorse.eu\/?post_type=product&#038;p=89448"},"modified":"2025-02-11T20:58:52","modified_gmt":"2025-02-11T19:58:52","slug":"bizzy-lick-sol-na-lizanie-mint","status":"publish","type":"product","link":"https:\/\/arak.spicehorse.eu\/sk\/produkt\/bizzy-lick-sol-na-lizanie-mint\/","title":{"rendered":"Bizzy Lick so\u013e na l\u00edzanie Mint"},"content":{"rendered":"<p style=\"font-weight: 400;\">P\u00f4vodn\u00e1 1 kilov\u00e1 Bizzy Horse so\u013e na l\u00edzanie, ktor\u00fa m\u00f4\u017eeme pou\u017e\u00edva\u0165 na nieko\u013ekohodinov\u00fa ment\u00e1lnu stimul\u00e1ciu spolu s\u00a0multifunk\u010dnou hra\u010dkou pre kone Bizzy Ball.\u00a0Konzistencia je neskuto\u010dne tvrd\u00e1, je prakticky vyl\u00fa\u010den\u00e9, aby sa do soli k\u00f4\u0148 zahryzol. Preto vydr\u017e\u00ed dlh\u0161ie ako in\u00e9 m\u00e4kk\u00e9 soli na l\u00edzanie. Ka\u017ed\u00e1 Bizzy Lick so\u013e na l\u00edzanie je vyroben\u00e1 zo surov\u00edn v\u00a0kvalite vyhovuj\u00facej \u013eudskej v\u00fd\u017eive, z\u00a0maxim\u00e1lne kontrolovan\u00fdch zdrojov.<\/p>\n<p style=\"font-weight: 400;\">V\u00e1ha: 1 kg<\/p>\n","protected":false},"excerpt":{"rendered":"<ul style=\"font-weight: 400;\">\n<li>M\u00f4\u017ee sa pou\u017e\u00edva\u0165 v\u00a0kombin\u00e1cii s Bizzy Ball<\/li>\n<li>Zabra\u0148uje nude v boxoch<\/li>\n<li>Tvrd\u00e9 zlo\u017eenie<\/li>\n<li>Vydr\u017e\u00ed dlh\u0161ie ako ostatn\u00e9 m\u00e4kk\u00e9 soli na l\u00edzanie<\/li>\n<li>Je vyroben\u00e1 zo surov\u00edn v\u00a0kvalite vyhovuj\u00facej \u013eudskej v\u00fd\u017eive<\/li>\n<\/ul>\n","protected":false},"featured_media":89451,"template":"","meta":{"_acf_changed":false},"product_cat":[3178,75,100,120],"product_tag":[2394],"acf":[],"yoast_head":"<!-- This site is optimized with the Yoast SEO plugin v21.4 - https:\/\/yoast.com\/wordpress\/plugins\/seo\/ -->\n<title>Bizzy Lick so\u013e na l\u00edzanie Mint - Spicehorse<\/title>\n<meta name=\"description\" content=\"spicehorse.eu | P\u00f4vodn\u00e1 1 kilov\u00e1 Bizzy Horse so\u013e na l\u00edzanie, ktor\u00fa m\u00f4\u017eeme pou\u017e\u00edva\u0165 na nieko\u013ekohodinov\u00fa ment\u00e1lnu stimul\u00e1ciu spolu s\u00a0multifunk\u010dnou hra\u010dkou pre kone Bizzy Ball.\u00a0\" \/>\n<meta name=\"robots\" content=\"index, follow, max-snippet:-1, max-image-preview:large, max-video-preview:-1\" \/>\n<link rel=\"canonical\" href=\"https:\/\/arak.spicehorse.eu\/sk\/produkt\/bizzy-lick-sol-na-lizanie-mint\/\" \/>\n<meta property=\"og:locale\" content=\"sk_SK\" \/>\n<meta property=\"og:type\" content=\"article\" \/>\n<meta property=\"og:title\" content=\"Bizzy Lick so\u013e na l\u00edzanie Mint - Spicehorse\" \/>\n<meta property=\"og:description\" content=\"spicehorse.eu | P\u00f4vodn\u00e1 1 kilov\u00e1 Bizzy Horse so\u013e na l\u00edzanie, ktor\u00fa m\u00f4\u017eeme pou\u017e\u00edva\u0165 na nieko\u013ekohodinov\u00fa ment\u00e1lnu stimul\u00e1ciu spolu s\u00a0multifunk\u010dnou hra\u010dkou pre kone Bizzy Ball.\u00a0\" \/>\n<meta property=\"og:url\" content=\"https:\/\/arak.spicehorse.eu\/sk\/produkt\/bizzy-lick-sol-na-lizanie-mint\/\" \/>\n<meta property=\"og:site_name\" content=\"Spicehorse\" \/>\n<meta property=\"article:publisher\" content=\"https:\/\/www.facebook.com\/SPICEHORSE-550385625402457\/\" \/>\n<meta property=\"article:modified_time\" content=\"2025-02-11T19:58:52+00:00\" \/>\n<meta property=\"og:image\" content=\"https:\/\/arak.spicehorse.eu\/wp-content\/uploads\/2023\/03\/Bizzy-Mint-Lick.jpg\" \/>\n\t<meta property=\"og:image:width\" content=\"960\" \/>\n\t<meta property=\"og:image:height\" content=\"960\" \/>\n\t<meta property=\"og:image:type\" content=\"image\/jpeg\" \/>\n<meta name=\"twitter:card\" content=\"summary_large_image\" \/>\n<script type=\"application\/ld+json\" class=\"yoast-schema-graph\">{\"@context\":\"https:\/\/schema.org\",\"@graph\":[{\"@type\":\"WebPage\",\"@id\":\"https:\/\/arak.spicehorse.eu\/sk\/produkt\/bizzy-lick-sol-na-lizanie-mint\/\",\"url\":\"https:\/\/arak.spicehorse.eu\/sk\/produkt\/bizzy-lick-sol-na-lizanie-mint\/\",\"name\":\"Bizzy Lick so\u013e na l\u00edzanie Mint - Spicehorse\",\"isPartOf\":{\"@id\":\"https:\/\/arak.spicehorse.eu\/en\/#website\"},\"datePublished\":\"2023-03-19T09:42:31+00:00\",\"dateModified\":\"2025-02-11T19:58:52+00:00\",\"description\":\"spicehorse.eu | P\u00f4vodn\u00e1 1 kilov\u00e1 Bizzy Horse so\u013e na l\u00edzanie, ktor\u00fa m\u00f4\u017eeme pou\u017e\u00edva\u0165 na nieko\u013ekohodinov\u00fa ment\u00e1lnu stimul\u00e1ciu spolu s\u00a0multifunk\u010dnou hra\u010dkou pre kone Bizzy Ball.\u00a0\",\"breadcrumb\":{\"@id\":\"https:\/\/arak.spicehorse.eu\/sk\/produkt\/bizzy-lick-sol-na-lizanie-mint\/#breadcrumb\"},\"inLanguage\":\"sk-SK\",\"potentialAction\":[{\"@type\":\"ReadAction\",\"target\":[\"https:\/\/arak.spicehorse.eu\/sk\/produkt\/bizzy-lick-sol-na-lizanie-mint\/\"]}]},{\"@type\":\"BreadcrumbList\",\"@id\":\"https:\/\/arak.spicehorse.eu\/sk\/produkt\/bizzy-lick-sol-na-lizanie-mint\/#breadcrumb\",\"itemListElement\":[{\"@type\":\"ListItem\",\"position\":1,\"name\":\"Home\",\"item\":\"https:\/\/arak.spicehorse.eu\/sk\/\"},{\"@type\":\"ListItem\",\"position\":2,\"name\":\"Predaj\u0148a\",\"item\":\"https:\/\/arak.spicehorse.eu\/sk\/predajna\/\"},{\"@type\":\"ListItem\",\"position\":3,\"name\":\"Bizzy Lick so\u013e na l\u00edzanie Mint\"}]},{\"@type\":\"WebSite\",\"@id\":\"https:\/\/arak.spicehorse.eu\/en\/#website\",\"url\":\"https:\/\/arak.spicehorse.eu\/en\/\",\"name\":\"Spicehorse\",\"description\":\"UNDER DEVELOPMENT -\",\"potentialAction\":[{\"@type\":\"SearchAction\",\"target\":{\"@type\":\"EntryPoint\",\"urlTemplate\":\"https:\/\/arak.spicehorse.eu\/en\/?s={search_term_string}\"},\"query-input\":\"required name=search_term_string\"}],\"inLanguage\":\"sk-SK\"}]}<\/script>\n<!-- \/ Yoast SEO plugin. -->","yoast_head_json":{"title":"Bizzy Lick so\u013e na l\u00edzanie Mint - Spicehorse","description":"spicehorse.eu | P\u00f4vodn\u00e1 1 kilov\u00e1 Bizzy Horse so\u013e na l\u00edzanie, ktor\u00fa m\u00f4\u017eeme pou\u017e\u00edva\u0165 na nieko\u013ekohodinov\u00fa ment\u00e1lnu stimul\u00e1ciu spolu s\u00a0multifunk\u010dnou hra\u010dkou pre kone Bizzy Ball.\u00a0","robots":{"index":"index","follow":"follow","max-snippet":"max-snippet:-1","max-image-preview":"max-image-preview:large","max-video-preview":"max-video-preview:-1"},"canonical":"https:\/\/arak.spicehorse.eu\/sk\/produkt\/bizzy-lick-sol-na-lizanie-mint\/","og_locale":"sk_SK","og_type":"article","og_title":"Bizzy Lick so\u013e na l\u00edzanie Mint - Spicehorse","og_description":"spicehorse.eu | P\u00f4vodn\u00e1 1 kilov\u00e1 Bizzy Horse so\u013e na l\u00edzanie, ktor\u00fa m\u00f4\u017eeme pou\u017e\u00edva\u0165 na nieko\u013ekohodinov\u00fa ment\u00e1lnu stimul\u00e1ciu spolu s\u00a0multifunk\u010dnou hra\u010dkou pre kone Bizzy Ball.\u00a0","og_url":"https:\/\/arak.spicehorse.eu\/sk\/produkt\/bizzy-lick-sol-na-lizanie-mint\/","og_site_name":"Spicehorse","article_publisher":"https:\/\/www.facebook.com\/SPICEHORSE-550385625402457\/","article_modified_time":"2025-02-11T19:58:52+00:00","og_image":[{"width":960,"height":960,"url":"https:\/\/arak.spicehorse.eu\/wp-content\/uploads\/2023\/03\/Bizzy-Mint-Lick.jpg","type":"image\/jpeg"}],"twitter_card":"summary_large_image","schema":{"@context":"https:\/\/schema.org","@graph":[{"@type":"WebPage","@id":"https:\/\/arak.spicehorse.eu\/sk\/produkt\/bizzy-lick-sol-na-lizanie-mint\/","url":"https:\/\/arak.spicehorse.eu\/sk\/produkt\/bizzy-lick-sol-na-lizanie-mint\/","name":"Bizzy Lick so\u013e na l\u00edzanie Mint - Spicehorse","isPartOf":{"@id":"https:\/\/arak.spicehorse.eu\/en\/#website"},"datePublished":"2023-03-19T09:42:31+00:00","dateModified":"2025-02-11T19:58:52+00:00","description":"spicehorse.eu | P\u00f4vodn\u00e1 1 kilov\u00e1 Bizzy Horse so\u013e na l\u00edzanie, ktor\u00fa m\u00f4\u017eeme pou\u017e\u00edva\u0165 na nieko\u013ekohodinov\u00fa ment\u00e1lnu stimul\u00e1ciu spolu s\u00a0multifunk\u010dnou hra\u010dkou pre kone Bizzy Ball.\u00a0","breadcrumb":{"@id":"https:\/\/arak.spicehorse.eu\/sk\/produkt\/bizzy-lick-sol-na-lizanie-mint\/#breadcrumb"},"inLanguage":"sk-SK","potentialAction":[{"@type":"ReadAction","target":["https:\/\/arak.spicehorse.eu\/sk\/produkt\/bizzy-lick-sol-na-lizanie-mint\/"]}]},{"@type":"BreadcrumbList","@id":"https:\/\/arak.spicehorse.eu\/sk\/produkt\/bizzy-lick-sol-na-lizanie-mint\/#breadcrumb","itemListElement":[{"@type":"ListItem","position":1,"name":"Home","item":"https:\/\/arak.spicehorse.eu\/sk\/"},{"@type":"ListItem","position":2,"name":"Predaj\u0148a","item":"https:\/\/arak.spicehorse.eu\/sk\/predajna\/"},{"@type":"ListItem","position":3,"name":"Bizzy Lick so\u013e na l\u00edzanie Mint"}]},{"@type":"WebSite","@id":"https:\/\/arak.spicehorse.eu\/en\/#website","url":"https:\/\/arak.spicehorse.eu\/en\/","name":"Spicehorse","description":"UNDER DEVELOPMENT -","potentialAction":[{"@type":"SearchAction","target":{"@type":"EntryPoint","urlTemplate":"https:\/\/arak.spicehorse.eu\/en\/?s={search_term_string}"},"query-input":"required name=search_term_string"}],"inLanguage":"sk-SK"}]}},"_links":{"self":[{"href":"https:\/\/arak.spicehorse.eu\/sk\/wp-json\/wp\/v2\/product\/89448"}],"collection":[{"href":"https:\/\/arak.spicehorse.eu\/sk\/wp-json\/wp\/v2\/product"}],"about":[{"href":"https:\/\/arak.spicehorse.eu\/sk\/wp-json\/wp\/v2\/types\/product"}],"wp:featuredmedia":[{"embeddable":true,"href":"https:\/\/arak.spicehorse.eu\/sk\/wp-json\/wp\/v2\/media\/89451"}],"wp:attachment":[{"href":"https:\/\/arak.spicehorse.eu\/sk\/wp-json\/wp\/v2\/media?parent=89448"}],"wp:term":[{"taxonomy":"product_cat","embeddable":true,"href":"https:\/\/arak.spicehorse.eu\/sk\/wp-json\/wp\/v2\/product_cat?post=89448"},{"taxonomy":"product_tag","embeddable":true,"href":"https:\/\/arak.spicehorse.eu\/sk\/wp-json\/wp\/v2\/product_tag?post=89448"}],"curies":[{"name":"wp","href":"https:\/\/api.w.org\/{rel}","templated":true}]}}