{"id":90205,"date":"2023-04-03T19:07:10","date_gmt":"2023-04-03T17:07:17","guid":{"rendered":"https:\/\/arak.spicehorse.eu\/?post_type=product&#038;p=90205"},"modified":"2023-07-20T13:39:50","modified_gmt":"2023-07-20T11:39:50","slug":"qhp-cabraka-velka-noc","status":"publish","type":"product","link":"https:\/\/arak.spicehorse.eu\/sk\/produkt\/qhp-cabraka-velka-noc\/","title":{"rendered":"QHP \u010dabraka Ve\u013ek\u00e1 noc"},"content":{"rendered":"<div>\n<p><span lang=\"SK\">Vesel\u00e1 QHP \u010dabraka s\u00a0u\u0161kami ve\u013ekono\u010dn\u00e9ho zaja\u010dika. \u010cabraka je vyroben\u00e1 so siv\u00e9ho fl\u00edsov\u00e9ho materi\u00e1lu, lem je z\u00a0bielej teddy vlny. U\u0161k\u00e1 maj\u00fa neopr\u00e9nov\u00fa pod\u0161\u00edvku. \u00a0<\/span><\/p>\n<\/div>\n<p>Dobre sa kombinuje s\u00a0ostatn\u00fdmi v\u00fdrobkami s\u00a0ve\u013ekono\u010dn\u00fdm mot\u00edvom.<\/p>\n","protected":false},"excerpt":{"rendered":"<ul style=\"font-weight: 400;\">\n<li>Materi\u00e1l: 100% polyester<\/li>\n<li>Materi\u00e1l vn\u00fatornej u\u0161nej \u010dasti: neopr\u00e9n<\/li>\n<li>\u010cabraka s\u00a0u\u0161kami ve\u013ekono\u010dn\u00e9ho zaja\u010dika<\/li>\n<li>S\u00a0bielym \u00a0teddy fl\u00edsov\u00fdm lemom pozd\u013a\u017e u\u0161\u00ed<\/li>\n<li>S\u00a0u\u0161kami s\u00a0neopr\u00e9novou pod\u0161\u00edvkou<\/li>\n<li>Mo\u017eno pra\u0165 v\u00a0pr\u00e1\u010dke na \u00a030 stup\u0148ov. \u010cabraku perte vo vrecku na pranie a\u00a0pod\u013ea mo\u017enosti nepou\u017e\u00edvajte aviv\u00e1\u017e. Nevkladajte do su\u0161i\u010dky.<\/li>\n<\/ul>\n","protected":false},"featured_media":121302,"template":"","meta":{"_acf_changed":false},"product_cat":[75,108],"product_tag":[265,1973,2408],"acf":[],"yoast_head":"<!-- This site is optimized with the Yoast SEO plugin v21.4 - https:\/\/yoast.com\/wordpress\/plugins\/seo\/ -->\n<title>QHP \u010dabraka Ve\u013ek\u00e1 noc - Spicehorse<\/title>\n<meta name=\"description\" content=\"spicehorse.eu | Vesel\u00e1 QHP \u010dabraka s\u00a0u\u0161kami ve\u013ekono\u010dn\u00e9ho zaja\u010dika. \u010cabraka je vyroben\u00e1 so siv\u00e9ho fl\u00edsov\u00e9ho materi\u00e1lu, lem je z\u00a0bielej teddy vlny.\" \/>\n<meta name=\"robots\" content=\"index, follow, max-snippet:-1, max-image-preview:large, max-video-preview:-1\" \/>\n<link rel=\"canonical\" href=\"https:\/\/arak.spicehorse.eu\/termek\/qhp-fulvedo-husvet\/\" \/>\n<meta property=\"og:locale\" content=\"sk_SK\" \/>\n<meta property=\"og:type\" content=\"article\" \/>\n<meta property=\"og:title\" content=\"QHP \u010dabraka Ve\u013ek\u00e1 noc - Spicehorse\" \/>\n<meta property=\"og:description\" content=\"spicehorse.eu | Vesel\u00e1 QHP \u010dabraka s\u00a0u\u0161kami ve\u013ekono\u010dn\u00e9ho zaja\u010dika. \u010cabraka je vyroben\u00e1 so siv\u00e9ho fl\u00edsov\u00e9ho materi\u00e1lu, lem je z\u00a0bielej teddy vlny.\" \/>\n<meta property=\"og:url\" content=\"https:\/\/arak.spicehorse.eu\/termek\/qhp-fulvedo-husvet\/\" \/>\n<meta property=\"og:site_name\" content=\"Spicehorse\" \/>\n<meta property=\"article:publisher\" content=\"https:\/\/www.facebook.com\/SPICEHORSE-550385625402457\/\" \/>\n<meta property=\"article:modified_time\" content=\"2023-07-20T11:39:50+00:00\" \/>\n<meta property=\"og:image\" content=\"https:\/\/arak.spicehorse.eu\/wp-content\/uploads\/2023\/04\/Kep.-2023.-05.-19.-14.13.jpg\" \/>\n\t<meta property=\"og:image:width\" content=\"960\" \/>\n\t<meta property=\"og:image:height\" content=\"960\" \/>\n\t<meta property=\"og:image:type\" content=\"image\/jpeg\" \/>\n<meta name=\"twitter:card\" content=\"summary_large_image\" \/>\n<script type=\"application\/ld+json\" class=\"yoast-schema-graph\">{\"@context\":\"https:\/\/schema.org\",\"@graph\":[{\"@type\":\"WebPage\",\"@id\":\"https:\/\/arak.spicehorse.eu\/termek\/qhp-fulvedo-husvet\/\",\"url\":\"https:\/\/arak.spicehorse.eu\/termek\/qhp-fulvedo-husvet\/\",\"name\":\"QHP \u010dabraka Ve\u013ek\u00e1 noc - Spicehorse\",\"isPartOf\":{\"@id\":\"https:\/\/arak.spicehorse.eu\/en\/#website\"},\"datePublished\":\"2023-04-03T17:07:17+00:00\",\"dateModified\":\"2023-07-20T11:39:50+00:00\",\"description\":\"spicehorse.eu | Vesel\u00e1 QHP \u010dabraka s\u00a0u\u0161kami ve\u013ekono\u010dn\u00e9ho zaja\u010dika. \u010cabraka je vyroben\u00e1 so siv\u00e9ho fl\u00edsov\u00e9ho materi\u00e1lu, lem je z\u00a0bielej teddy vlny.\",\"breadcrumb\":{\"@id\":\"https:\/\/arak.spicehorse.eu\/termek\/qhp-fulvedo-husvet\/#breadcrumb\"},\"inLanguage\":\"sk-SK\",\"potentialAction\":[{\"@type\":\"ReadAction\",\"target\":[\"https:\/\/arak.spicehorse.eu\/termek\/qhp-fulvedo-husvet\/\"]}]},{\"@type\":\"BreadcrumbList\",\"@id\":\"https:\/\/arak.spicehorse.eu\/termek\/qhp-fulvedo-husvet\/#breadcrumb\",\"itemListElement\":[{\"@type\":\"ListItem\",\"position\":1,\"name\":\"Home\",\"item\":\"https:\/\/arak.spicehorse.eu\/sk\/\"},{\"@type\":\"ListItem\",\"position\":2,\"name\":\"Predaj\u0148a\",\"item\":\"https:\/\/arak.spicehorse.eu\/sk\/predajna\/\"},{\"@type\":\"ListItem\",\"position\":3,\"name\":\"QHP \u010dabraka Ve\u013ek\u00e1 noc\"}]},{\"@type\":\"WebSite\",\"@id\":\"https:\/\/arak.spicehorse.eu\/en\/#website\",\"url\":\"https:\/\/arak.spicehorse.eu\/en\/\",\"name\":\"Spicehorse\",\"description\":\"UNDER DEVELOPMENT -\",\"potentialAction\":[{\"@type\":\"SearchAction\",\"target\":{\"@type\":\"EntryPoint\",\"urlTemplate\":\"https:\/\/arak.spicehorse.eu\/en\/?s={search_term_string}\"},\"query-input\":\"required name=search_term_string\"}],\"inLanguage\":\"sk-SK\"}]}<\/script>\n<!-- \/ Yoast SEO plugin. -->","yoast_head_json":{"title":"QHP \u010dabraka Ve\u013ek\u00e1 noc - Spicehorse","description":"spicehorse.eu | Vesel\u00e1 QHP \u010dabraka s\u00a0u\u0161kami ve\u013ekono\u010dn\u00e9ho zaja\u010dika. \u010cabraka je vyroben\u00e1 so siv\u00e9ho fl\u00edsov\u00e9ho materi\u00e1lu, lem je z\u00a0bielej teddy vlny.","robots":{"index":"index","follow":"follow","max-snippet":"max-snippet:-1","max-image-preview":"max-image-preview:large","max-video-preview":"max-video-preview:-1"},"canonical":"https:\/\/arak.spicehorse.eu\/termek\/qhp-fulvedo-husvet\/","og_locale":"sk_SK","og_type":"article","og_title":"QHP \u010dabraka Ve\u013ek\u00e1 noc - Spicehorse","og_description":"spicehorse.eu | Vesel\u00e1 QHP \u010dabraka s\u00a0u\u0161kami ve\u013ekono\u010dn\u00e9ho zaja\u010dika. \u010cabraka je vyroben\u00e1 so siv\u00e9ho fl\u00edsov\u00e9ho materi\u00e1lu, lem je z\u00a0bielej teddy vlny.","og_url":"https:\/\/arak.spicehorse.eu\/termek\/qhp-fulvedo-husvet\/","og_site_name":"Spicehorse","article_publisher":"https:\/\/www.facebook.com\/SPICEHORSE-550385625402457\/","article_modified_time":"2023-07-20T11:39:50+00:00","og_image":[{"width":960,"height":960,"url":"https:\/\/arak.spicehorse.eu\/wp-content\/uploads\/2023\/04\/Kep.-2023.-05.-19.-14.13.jpg","type":"image\/jpeg"}],"twitter_card":"summary_large_image","schema":{"@context":"https:\/\/schema.org","@graph":[{"@type":"WebPage","@id":"https:\/\/arak.spicehorse.eu\/termek\/qhp-fulvedo-husvet\/","url":"https:\/\/arak.spicehorse.eu\/termek\/qhp-fulvedo-husvet\/","name":"QHP \u010dabraka Ve\u013ek\u00e1 noc - Spicehorse","isPartOf":{"@id":"https:\/\/arak.spicehorse.eu\/en\/#website"},"datePublished":"2023-04-03T17:07:17+00:00","dateModified":"2023-07-20T11:39:50+00:00","description":"spicehorse.eu | Vesel\u00e1 QHP \u010dabraka s\u00a0u\u0161kami ve\u013ekono\u010dn\u00e9ho zaja\u010dika. \u010cabraka je vyroben\u00e1 so siv\u00e9ho fl\u00edsov\u00e9ho materi\u00e1lu, lem je z\u00a0bielej teddy vlny.","breadcrumb":{"@id":"https:\/\/arak.spicehorse.eu\/termek\/qhp-fulvedo-husvet\/#breadcrumb"},"inLanguage":"sk-SK","potentialAction":[{"@type":"ReadAction","target":["https:\/\/arak.spicehorse.eu\/termek\/qhp-fulvedo-husvet\/"]}]},{"@type":"BreadcrumbList","@id":"https:\/\/arak.spicehorse.eu\/termek\/qhp-fulvedo-husvet\/#breadcrumb","itemListElement":[{"@type":"ListItem","position":1,"name":"Home","item":"https:\/\/arak.spicehorse.eu\/sk\/"},{"@type":"ListItem","position":2,"name":"Predaj\u0148a","item":"https:\/\/arak.spicehorse.eu\/sk\/predajna\/"},{"@type":"ListItem","position":3,"name":"QHP \u010dabraka Ve\u013ek\u00e1 noc"}]},{"@type":"WebSite","@id":"https:\/\/arak.spicehorse.eu\/en\/#website","url":"https:\/\/arak.spicehorse.eu\/en\/","name":"Spicehorse","description":"UNDER DEVELOPMENT -","potentialAction":[{"@type":"SearchAction","target":{"@type":"EntryPoint","urlTemplate":"https:\/\/arak.spicehorse.eu\/en\/?s={search_term_string}"},"query-input":"required name=search_term_string"}],"inLanguage":"sk-SK"}]}},"_links":{"self":[{"href":"https:\/\/arak.spicehorse.eu\/sk\/wp-json\/wp\/v2\/product\/90205"}],"collection":[{"href":"https:\/\/arak.spicehorse.eu\/sk\/wp-json\/wp\/v2\/product"}],"about":[{"href":"https:\/\/arak.spicehorse.eu\/sk\/wp-json\/wp\/v2\/types\/product"}],"wp:featuredmedia":[{"embeddable":true,"href":"https:\/\/arak.spicehorse.eu\/sk\/wp-json\/wp\/v2\/media\/121302"}],"wp:attachment":[{"href":"https:\/\/arak.spicehorse.eu\/sk\/wp-json\/wp\/v2\/media?parent=90205"}],"wp:term":[{"taxonomy":"product_cat","embeddable":true,"href":"https:\/\/arak.spicehorse.eu\/sk\/wp-json\/wp\/v2\/product_cat?post=90205"},{"taxonomy":"product_tag","embeddable":true,"href":"https:\/\/arak.spicehorse.eu\/sk\/wp-json\/wp\/v2\/product_tag?post=90205"}],"curies":[{"name":"wp","href":"https:\/\/api.w.org\/{rel}","templated":true}]}}