{"id":91651,"date":"2023-04-18T11:44:54","date_gmt":"2023-04-18T09:45:05","guid":{"rendered":"https:\/\/arak.spicehorse.eu\/?post_type=product&#038;p=91651"},"modified":"2023-11-17T16:57:47","modified_gmt":"2023-11-17T15:57:47","slug":"equestrian-stockholm-panske-tricko-navy","status":"publish","type":"product","link":"https:\/\/arak.spicehorse.eu\/sk\/produkt\/equestrian-stockholm-panske-tricko-navy\/","title":{"rendered":"Equestrian Stockholm p\u00e1nske tri\u010dko Navy"},"content":{"rendered":"<p style=\"font-weight: 400;\">Equestrian Stockholm p\u00e1nske tri\u010dko s kr\u00e1tkym ruk\u00e1vom z priedu\u0161n\u00e9ho elastick\u00e9ho materi\u00e1lu pre maxim\u00e1lne pohodlie. S golierom, zap\u00ednanie na 4 gomb\u00edky, \u0161tandardn\u00e1 ve\u013ekos\u0165. Mal\u00e9 biele Equestrian Stockholm logo na hrudi a pravom ruk\u00e1ve.<\/p>\n","protected":false},"excerpt":{"rendered":"<ul>\n<li>Farba: navy modr\u00e1<\/li>\n<li>Detaily: biele vy\u0161\u00edvan\u00e9 ES logo na hrudi a\u00a0na pravom ruk\u00e1ve<\/li>\n<li>Materi\u00e1l: 96% nylon, 4% \u0161pandex<\/li>\n<li>Pranie: perte na 40\u00b0C z\u00a0rubovej strany \/ nepou\u017e\u00edvajte aviv\u00e1\u017e \/ nevkladajte do su\u0161i\u010dky \/ ne\u017eehlite<\/li>\n<\/ul>\n","protected":false},"featured_media":91659,"template":"","meta":{"_acf_changed":false},"product_cat":[78,76,307],"product_tag":[351,614,413,1316,420,1068],"acf":[],"yoast_head":"<!-- This site is optimized with the Yoast SEO plugin v21.4 - https:\/\/yoast.com\/wordpress\/plugins\/seo\/ -->\n<title>Equestrian Stockholm p\u00e1nske tri\u010dko Navy - Spicehorse<\/title>\n<meta name=\"description\" content=\"spicehorse.eu | Equestrian Stockholm p\u00e1nske tri\u010dko s kr\u00e1tkym ruk\u00e1vom z priedu\u0161n\u00e9ho elastick\u00e9ho materi\u00e1lu pre maxim\u00e1lne pohodlie.\" \/>\n<meta name=\"robots\" content=\"index, follow, max-snippet:-1, max-image-preview:large, max-video-preview:-1\" \/>\n<link rel=\"canonical\" href=\"https:\/\/arak.spicehorse.eu\/sk\/produkt\/equestrian-stockholm-panske-tricko-navy\/\" \/>\n<meta property=\"og:locale\" content=\"sk_SK\" \/>\n<meta property=\"og:type\" content=\"article\" \/>\n<meta property=\"og:title\" content=\"Equestrian Stockholm p\u00e1nske tri\u010dko Navy - Spicehorse\" \/>\n<meta property=\"og:description\" content=\"spicehorse.eu | Equestrian Stockholm p\u00e1nske tri\u010dko s kr\u00e1tkym ruk\u00e1vom z priedu\u0161n\u00e9ho elastick\u00e9ho materi\u00e1lu pre maxim\u00e1lne pohodlie.\" \/>\n<meta property=\"og:url\" content=\"https:\/\/arak.spicehorse.eu\/sk\/produkt\/equestrian-stockholm-panske-tricko-navy\/\" \/>\n<meta property=\"og:site_name\" content=\"Spicehorse\" \/>\n<meta property=\"article:publisher\" content=\"https:\/\/www.facebook.com\/SPICEHORSE-550385625402457\/\" \/>\n<meta property=\"article:modified_time\" content=\"2023-11-17T15:57:47+00:00\" \/>\n<meta property=\"og:image\" content=\"https:\/\/arak.spicehorse.eu\/wp-content\/uploads\/2023\/04\/polo-shirt-man-1.webp\" \/>\n\t<meta property=\"og:image:width\" content=\"600\" \/>\n\t<meta property=\"og:image:height\" content=\"800\" \/>\n\t<meta property=\"og:image:type\" content=\"image\/webp\" \/>\n<meta name=\"twitter:card\" content=\"summary_large_image\" \/>\n<script type=\"application\/ld+json\" class=\"yoast-schema-graph\">{\"@context\":\"https:\/\/schema.org\",\"@graph\":[{\"@type\":\"WebPage\",\"@id\":\"https:\/\/arak.spicehorse.eu\/sk\/produkt\/equestrian-stockholm-panske-tricko-navy\/\",\"url\":\"https:\/\/arak.spicehorse.eu\/sk\/produkt\/equestrian-stockholm-panske-tricko-navy\/\",\"name\":\"Equestrian Stockholm p\u00e1nske tri\u010dko Navy - Spicehorse\",\"isPartOf\":{\"@id\":\"https:\/\/arak.spicehorse.eu\/en\/#website\"},\"datePublished\":\"2023-04-18T09:45:05+00:00\",\"dateModified\":\"2023-11-17T15:57:47+00:00\",\"description\":\"spicehorse.eu | Equestrian Stockholm p\u00e1nske tri\u010dko s kr\u00e1tkym ruk\u00e1vom z priedu\u0161n\u00e9ho elastick\u00e9ho materi\u00e1lu pre maxim\u00e1lne pohodlie.\",\"breadcrumb\":{\"@id\":\"https:\/\/arak.spicehorse.eu\/sk\/produkt\/equestrian-stockholm-panske-tricko-navy\/#breadcrumb\"},\"inLanguage\":\"sk-SK\",\"potentialAction\":[{\"@type\":\"ReadAction\",\"target\":[\"https:\/\/arak.spicehorse.eu\/sk\/produkt\/equestrian-stockholm-panske-tricko-navy\/\"]}]},{\"@type\":\"BreadcrumbList\",\"@id\":\"https:\/\/arak.spicehorse.eu\/sk\/produkt\/equestrian-stockholm-panske-tricko-navy\/#breadcrumb\",\"itemListElement\":[{\"@type\":\"ListItem\",\"position\":1,\"name\":\"Home\",\"item\":\"https:\/\/arak.spicehorse.eu\/sk\/\"},{\"@type\":\"ListItem\",\"position\":2,\"name\":\"Predaj\u0148a\",\"item\":\"https:\/\/arak.spicehorse.eu\/sk\/predajna\/\"},{\"@type\":\"ListItem\",\"position\":3,\"name\":\"Equestrian Stockholm p\u00e1nske tri\u010dko Navy\"}]},{\"@type\":\"WebSite\",\"@id\":\"https:\/\/arak.spicehorse.eu\/en\/#website\",\"url\":\"https:\/\/arak.spicehorse.eu\/en\/\",\"name\":\"Spicehorse\",\"description\":\"UNDER DEVELOPMENT -\",\"potentialAction\":[{\"@type\":\"SearchAction\",\"target\":{\"@type\":\"EntryPoint\",\"urlTemplate\":\"https:\/\/arak.spicehorse.eu\/en\/?s={search_term_string}\"},\"query-input\":\"required name=search_term_string\"}],\"inLanguage\":\"sk-SK\"}]}<\/script>\n<!-- \/ Yoast SEO plugin. -->","yoast_head_json":{"title":"Equestrian Stockholm p\u00e1nske tri\u010dko Navy - Spicehorse","description":"spicehorse.eu | Equestrian Stockholm p\u00e1nske tri\u010dko s kr\u00e1tkym ruk\u00e1vom z priedu\u0161n\u00e9ho elastick\u00e9ho materi\u00e1lu pre maxim\u00e1lne pohodlie.","robots":{"index":"index","follow":"follow","max-snippet":"max-snippet:-1","max-image-preview":"max-image-preview:large","max-video-preview":"max-video-preview:-1"},"canonical":"https:\/\/arak.spicehorse.eu\/sk\/produkt\/equestrian-stockholm-panske-tricko-navy\/","og_locale":"sk_SK","og_type":"article","og_title":"Equestrian Stockholm p\u00e1nske tri\u010dko Navy - Spicehorse","og_description":"spicehorse.eu | Equestrian Stockholm p\u00e1nske tri\u010dko s kr\u00e1tkym ruk\u00e1vom z priedu\u0161n\u00e9ho elastick\u00e9ho materi\u00e1lu pre maxim\u00e1lne pohodlie.","og_url":"https:\/\/arak.spicehorse.eu\/sk\/produkt\/equestrian-stockholm-panske-tricko-navy\/","og_site_name":"Spicehorse","article_publisher":"https:\/\/www.facebook.com\/SPICEHORSE-550385625402457\/","article_modified_time":"2023-11-17T15:57:47+00:00","og_image":[{"width":600,"height":800,"url":"https:\/\/arak.spicehorse.eu\/wp-content\/uploads\/2023\/04\/polo-shirt-man-1.webp","type":"image\/webp"}],"twitter_card":"summary_large_image","schema":{"@context":"https:\/\/schema.org","@graph":[{"@type":"WebPage","@id":"https:\/\/arak.spicehorse.eu\/sk\/produkt\/equestrian-stockholm-panske-tricko-navy\/","url":"https:\/\/arak.spicehorse.eu\/sk\/produkt\/equestrian-stockholm-panske-tricko-navy\/","name":"Equestrian Stockholm p\u00e1nske tri\u010dko Navy - Spicehorse","isPartOf":{"@id":"https:\/\/arak.spicehorse.eu\/en\/#website"},"datePublished":"2023-04-18T09:45:05+00:00","dateModified":"2023-11-17T15:57:47+00:00","description":"spicehorse.eu | Equestrian Stockholm p\u00e1nske tri\u010dko s kr\u00e1tkym ruk\u00e1vom z priedu\u0161n\u00e9ho elastick\u00e9ho materi\u00e1lu pre maxim\u00e1lne pohodlie.","breadcrumb":{"@id":"https:\/\/arak.spicehorse.eu\/sk\/produkt\/equestrian-stockholm-panske-tricko-navy\/#breadcrumb"},"inLanguage":"sk-SK","potentialAction":[{"@type":"ReadAction","target":["https:\/\/arak.spicehorse.eu\/sk\/produkt\/equestrian-stockholm-panske-tricko-navy\/"]}]},{"@type":"BreadcrumbList","@id":"https:\/\/arak.spicehorse.eu\/sk\/produkt\/equestrian-stockholm-panske-tricko-navy\/#breadcrumb","itemListElement":[{"@type":"ListItem","position":1,"name":"Home","item":"https:\/\/arak.spicehorse.eu\/sk\/"},{"@type":"ListItem","position":2,"name":"Predaj\u0148a","item":"https:\/\/arak.spicehorse.eu\/sk\/predajna\/"},{"@type":"ListItem","position":3,"name":"Equestrian Stockholm p\u00e1nske tri\u010dko Navy"}]},{"@type":"WebSite","@id":"https:\/\/arak.spicehorse.eu\/en\/#website","url":"https:\/\/arak.spicehorse.eu\/en\/","name":"Spicehorse","description":"UNDER DEVELOPMENT -","potentialAction":[{"@type":"SearchAction","target":{"@type":"EntryPoint","urlTemplate":"https:\/\/arak.spicehorse.eu\/en\/?s={search_term_string}"},"query-input":"required name=search_term_string"}],"inLanguage":"sk-SK"}]}},"_links":{"self":[{"href":"https:\/\/arak.spicehorse.eu\/sk\/wp-json\/wp\/v2\/product\/91651"}],"collection":[{"href":"https:\/\/arak.spicehorse.eu\/sk\/wp-json\/wp\/v2\/product"}],"about":[{"href":"https:\/\/arak.spicehorse.eu\/sk\/wp-json\/wp\/v2\/types\/product"}],"wp:featuredmedia":[{"embeddable":true,"href":"https:\/\/arak.spicehorse.eu\/sk\/wp-json\/wp\/v2\/media\/91659"}],"wp:attachment":[{"href":"https:\/\/arak.spicehorse.eu\/sk\/wp-json\/wp\/v2\/media?parent=91651"}],"wp:term":[{"taxonomy":"product_cat","embeddable":true,"href":"https:\/\/arak.spicehorse.eu\/sk\/wp-json\/wp\/v2\/product_cat?post=91651"},{"taxonomy":"product_tag","embeddable":true,"href":"https:\/\/arak.spicehorse.eu\/sk\/wp-json\/wp\/v2\/product_tag?post=91651"}],"curies":[{"name":"wp","href":"https:\/\/api.w.org\/{rel}","templated":true}]}}