{"id":91905,"date":"2023-04-20T12:34:24","date_gmt":"2023-04-20T10:34:30","guid":{"rendered":"https:\/\/arak.spicehorse.eu\/?post_type=product&#038;p=91905"},"modified":"2026-03-29T18:33:42","modified_gmt":"2026-03-29T16:33:42","slug":"kentucky-classic-maska-proti-mucham","status":"publish","type":"product","link":"https:\/\/arak.spicehorse.eu\/sk\/produkt\/kentucky-classic-maska-proti-mucham\/","title":{"rendered":"Kentucky Classic maska proti much\u00e1m"},"content":{"rendered":"<p style=\"font-weight: 400;\">Kentucky Horsewear Classic maska proti much\u00e1m chr\u00e1ni o\u010di a u\u0161i ko\u0148a pred muchami a in\u00fdm hmyzom bez toho, aby prekr\u00fdvala nos. Poskytuje maxim\u00e1lnu ochranu pred hmyzom, pri\u010dom nosenie masky nie je pre kone ru\u0161iv\u00e9. T\u00e1to maska proti much\u00e1m je dokonalo vo\u013ebou pre tak\u00e9 kone, ktor\u00e9 s\u00fa mimoriadne citliv\u00e9 na hmyz. Masku proti much\u00e1m mo\u017eno pou\u017ei\u0165 aj vo v\u00fdbehu, je odoln\u00e1 za ka\u017ed\u00fdch okolnost\u00ed. Zap\u00edna sa pomocou dvojit\u00e9ho such\u00e9ho zipsu pod bradou ko\u0148a. Classic maska proti much\u00e1m je vyroben\u00e1 z pevn\u00e9ho, napriek tomu ve\u013emi priedu\u0161n\u00e9ho sie\u0165ovan\u00e9ho materi\u00e1lu. U\u0161n\u00e1 \u010das\u0165 je z mimoriadne pevnej a \u00fa\u010dinnej sie\u0165ovanej tkaniny, ktor\u00e1 zaru\u010dene neprep\u00fa\u0161\u0165a hmyz. Okraje masky s\u00fa ve\u013emi jemn\u00e9, nedr\u00e1\u017edia hlavu ko\u0148a. Kentucky Classic maska proti much\u00e1m je dostupn\u00e1 vo ve\u013ekostiach Full a Cob. Mo\u017eno ju pra\u0165 v pr\u00e1\u010dke na 30\u00b0C. Odpor\u00fa\u010dame ju v\u0161ak pra\u0165 pod\u013ea mo\u017enosti \u010do najmenej \u010dasto, pou\u017e\u00edvajte vreck\u00e1 na pranie pre dlhodob\u00e9 zachovanie kvality. Su\u0161te ju jednoducho vo\u013ene v pr\u00edrode na slnku. Neodpor\u00fa\u010da sa pou\u017e\u00edvanie su\u0161i\u010dky.<\/p>\n","protected":false},"excerpt":{"rendered":"<h3>Kentucky Classic maska proti much\u00e1m chr\u00e1ni o\u010di a u\u0161i ko\u0148a pred muchami a in\u00fdm hmyzom bez toho, aby zakr\u00fdvala nos.<\/h3>\n<ul style=\"font-weight: 400;\">\n<li>Chr\u00e1ni o\u010di a u\u0161i<\/li>\n<li>Je pevn\u00e1 a priedu\u0161n\u00e1<\/li>\n<li>100% UV filter, sie\u0165ovan\u00e1 tkanina<\/li>\n<li>Maska proti much\u00e1m si zachov\u00e1va svoj p\u00f4vodn\u00fd tvar<\/li>\n<\/ul>\n","protected":false},"featured_media":91912,"template":"","meta":{"_acf_changed":false},"product_cat":[3298,75,108],"product_tag":[265,184,499],"acf":[],"yoast_head":"<!-- This site is optimized with the Yoast SEO plugin v21.4 - https:\/\/yoast.com\/wordpress\/plugins\/seo\/ -->\n<title>Kentucky Classic maska proti much\u00e1m - Spicehorse<\/title>\n<meta name=\"description\" content=\"spicehorse.eu | Kentucky Horsewear Classic maska proti much\u00e1m chr\u00e1ni o\u010di a u\u0161i ko\u0148a pred muchami a in\u00fdm hmyzom bez toho, aby prekr\u00fdvala nos.\" \/>\n<meta name=\"robots\" content=\"index, follow, max-snippet:-1, max-image-preview:large, max-video-preview:-1\" \/>\n<link rel=\"canonical\" href=\"https:\/\/arak.spicehorse.eu\/sk\/produkt\/kentucky-classic-maska-proti-mucham\/\" \/>\n<meta property=\"og:locale\" content=\"sk_SK\" \/>\n<meta property=\"og:type\" content=\"article\" \/>\n<meta property=\"og:title\" content=\"Kentucky Classic maska proti much\u00e1m - Spicehorse\" \/>\n<meta property=\"og:description\" content=\"spicehorse.eu | Kentucky Horsewear Classic maska proti much\u00e1m chr\u00e1ni o\u010di a u\u0161i ko\u0148a pred muchami a in\u00fdm hmyzom bez toho, aby prekr\u00fdvala nos.\" \/>\n<meta property=\"og:url\" content=\"https:\/\/arak.spicehorse.eu\/sk\/produkt\/kentucky-classic-maska-proti-mucham\/\" \/>\n<meta property=\"og:site_name\" content=\"Spicehorse\" \/>\n<meta property=\"article:publisher\" content=\"https:\/\/www.facebook.com\/SPICEHORSE-550385625402457\/\" \/>\n<meta property=\"article:modified_time\" content=\"2026-03-29T16:33:42+00:00\" \/>\n<meta property=\"og:image\" content=\"https:\/\/arak.spicehorse.eu\/wp-content\/uploads\/2023\/04\/485A3868-scaled.jpg\" \/>\n\t<meta property=\"og:image:width\" content=\"1707\" \/>\n\t<meta property=\"og:image:height\" content=\"2560\" \/>\n\t<meta property=\"og:image:type\" content=\"image\/jpeg\" \/>\n<meta name=\"twitter:card\" content=\"summary_large_image\" \/>\n<meta name=\"twitter:label1\" content=\"Predpokladan\u00fd \u010das \u010d\u00edtania\" \/>\n\t<meta name=\"twitter:data1\" content=\"1 min\u00fata\" \/>\n<script type=\"application\/ld+json\" class=\"yoast-schema-graph\">{\"@context\":\"https:\/\/schema.org\",\"@graph\":[{\"@type\":\"WebPage\",\"@id\":\"https:\/\/arak.spicehorse.eu\/sk\/produkt\/kentucky-classic-maska-proti-mucham\/\",\"url\":\"https:\/\/arak.spicehorse.eu\/sk\/produkt\/kentucky-classic-maska-proti-mucham\/\",\"name\":\"Kentucky Classic maska proti much\u00e1m - Spicehorse\",\"isPartOf\":{\"@id\":\"https:\/\/arak.spicehorse.eu\/en\/#website\"},\"datePublished\":\"2023-04-20T10:34:30+00:00\",\"dateModified\":\"2026-03-29T16:33:42+00:00\",\"description\":\"spicehorse.eu | Kentucky Horsewear Classic maska proti much\u00e1m chr\u00e1ni o\u010di a u\u0161i ko\u0148a pred muchami a in\u00fdm hmyzom bez toho, aby prekr\u00fdvala nos.\",\"breadcrumb\":{\"@id\":\"https:\/\/arak.spicehorse.eu\/sk\/produkt\/kentucky-classic-maska-proti-mucham\/#breadcrumb\"},\"inLanguage\":\"sk-SK\",\"potentialAction\":[{\"@type\":\"ReadAction\",\"target\":[\"https:\/\/arak.spicehorse.eu\/sk\/produkt\/kentucky-classic-maska-proti-mucham\/\"]}]},{\"@type\":\"BreadcrumbList\",\"@id\":\"https:\/\/arak.spicehorse.eu\/sk\/produkt\/kentucky-classic-maska-proti-mucham\/#breadcrumb\",\"itemListElement\":[{\"@type\":\"ListItem\",\"position\":1,\"name\":\"Home\",\"item\":\"https:\/\/arak.spicehorse.eu\/sk\/\"},{\"@type\":\"ListItem\",\"position\":2,\"name\":\"Predaj\u0148a\",\"item\":\"https:\/\/arak.spicehorse.eu\/sk\/predajna\/\"},{\"@type\":\"ListItem\",\"position\":3,\"name\":\"Kentucky Classic maska proti much\u00e1m\"}]},{\"@type\":\"WebSite\",\"@id\":\"https:\/\/arak.spicehorse.eu\/en\/#website\",\"url\":\"https:\/\/arak.spicehorse.eu\/en\/\",\"name\":\"Spicehorse\",\"description\":\"UNDER DEVELOPMENT -\",\"potentialAction\":[{\"@type\":\"SearchAction\",\"target\":{\"@type\":\"EntryPoint\",\"urlTemplate\":\"https:\/\/arak.spicehorse.eu\/en\/?s={search_term_string}\"},\"query-input\":\"required name=search_term_string\"}],\"inLanguage\":\"sk-SK\"}]}<\/script>\n<!-- \/ Yoast SEO plugin. -->","yoast_head_json":{"title":"Kentucky Classic maska proti much\u00e1m - Spicehorse","description":"spicehorse.eu | Kentucky Horsewear Classic maska proti much\u00e1m chr\u00e1ni o\u010di a u\u0161i ko\u0148a pred muchami a in\u00fdm hmyzom bez toho, aby prekr\u00fdvala nos.","robots":{"index":"index","follow":"follow","max-snippet":"max-snippet:-1","max-image-preview":"max-image-preview:large","max-video-preview":"max-video-preview:-1"},"canonical":"https:\/\/arak.spicehorse.eu\/sk\/produkt\/kentucky-classic-maska-proti-mucham\/","og_locale":"sk_SK","og_type":"article","og_title":"Kentucky Classic maska proti much\u00e1m - Spicehorse","og_description":"spicehorse.eu | Kentucky Horsewear Classic maska proti much\u00e1m chr\u00e1ni o\u010di a u\u0161i ko\u0148a pred muchami a in\u00fdm hmyzom bez toho, aby prekr\u00fdvala nos.","og_url":"https:\/\/arak.spicehorse.eu\/sk\/produkt\/kentucky-classic-maska-proti-mucham\/","og_site_name":"Spicehorse","article_publisher":"https:\/\/www.facebook.com\/SPICEHORSE-550385625402457\/","article_modified_time":"2026-03-29T16:33:42+00:00","og_image":[{"width":1707,"height":2560,"url":"https:\/\/arak.spicehorse.eu\/wp-content\/uploads\/2023\/04\/485A3868-scaled.jpg","type":"image\/jpeg"}],"twitter_card":"summary_large_image","twitter_misc":{"Predpokladan\u00fd \u010das \u010d\u00edtania":"1 min\u00fata"},"schema":{"@context":"https:\/\/schema.org","@graph":[{"@type":"WebPage","@id":"https:\/\/arak.spicehorse.eu\/sk\/produkt\/kentucky-classic-maska-proti-mucham\/","url":"https:\/\/arak.spicehorse.eu\/sk\/produkt\/kentucky-classic-maska-proti-mucham\/","name":"Kentucky Classic maska proti much\u00e1m - Spicehorse","isPartOf":{"@id":"https:\/\/arak.spicehorse.eu\/en\/#website"},"datePublished":"2023-04-20T10:34:30+00:00","dateModified":"2026-03-29T16:33:42+00:00","description":"spicehorse.eu | Kentucky Horsewear Classic maska proti much\u00e1m chr\u00e1ni o\u010di a u\u0161i ko\u0148a pred muchami a in\u00fdm hmyzom bez toho, aby prekr\u00fdvala nos.","breadcrumb":{"@id":"https:\/\/arak.spicehorse.eu\/sk\/produkt\/kentucky-classic-maska-proti-mucham\/#breadcrumb"},"inLanguage":"sk-SK","potentialAction":[{"@type":"ReadAction","target":["https:\/\/arak.spicehorse.eu\/sk\/produkt\/kentucky-classic-maska-proti-mucham\/"]}]},{"@type":"BreadcrumbList","@id":"https:\/\/arak.spicehorse.eu\/sk\/produkt\/kentucky-classic-maska-proti-mucham\/#breadcrumb","itemListElement":[{"@type":"ListItem","position":1,"name":"Home","item":"https:\/\/arak.spicehorse.eu\/sk\/"},{"@type":"ListItem","position":2,"name":"Predaj\u0148a","item":"https:\/\/arak.spicehorse.eu\/sk\/predajna\/"},{"@type":"ListItem","position":3,"name":"Kentucky Classic maska proti much\u00e1m"}]},{"@type":"WebSite","@id":"https:\/\/arak.spicehorse.eu\/en\/#website","url":"https:\/\/arak.spicehorse.eu\/en\/","name":"Spicehorse","description":"UNDER DEVELOPMENT -","potentialAction":[{"@type":"SearchAction","target":{"@type":"EntryPoint","urlTemplate":"https:\/\/arak.spicehorse.eu\/en\/?s={search_term_string}"},"query-input":"required name=search_term_string"}],"inLanguage":"sk-SK"}]}},"_links":{"self":[{"href":"https:\/\/arak.spicehorse.eu\/sk\/wp-json\/wp\/v2\/product\/91905"}],"collection":[{"href":"https:\/\/arak.spicehorse.eu\/sk\/wp-json\/wp\/v2\/product"}],"about":[{"href":"https:\/\/arak.spicehorse.eu\/sk\/wp-json\/wp\/v2\/types\/product"}],"wp:featuredmedia":[{"embeddable":true,"href":"https:\/\/arak.spicehorse.eu\/sk\/wp-json\/wp\/v2\/media\/91912"}],"wp:attachment":[{"href":"https:\/\/arak.spicehorse.eu\/sk\/wp-json\/wp\/v2\/media?parent=91905"}],"wp:term":[{"taxonomy":"product_cat","embeddable":true,"href":"https:\/\/arak.spicehorse.eu\/sk\/wp-json\/wp\/v2\/product_cat?post=91905"},{"taxonomy":"product_tag","embeddable":true,"href":"https:\/\/arak.spicehorse.eu\/sk\/wp-json\/wp\/v2\/product_tag?post=91905"}],"curies":[{"name":"wp","href":"https:\/\/api.w.org\/{rel}","templated":true}]}}