{"id":92080,"date":"2023-04-20T17:55:44","date_gmt":"2023-04-20T15:55:57","guid":{"rendered":"https:\/\/arak.spicehorse.eu\/?post_type=product&#038;p=92080"},"modified":"2025-03-02T13:53:30","modified_gmt":"2025-03-02T12:53:30","slug":"kentucky-classic-mesh-deka-proti-mucham","status":"publish","type":"product","link":"https:\/\/arak.spicehorse.eu\/sk\/produkt\/kentucky-classic-mesh-deka-proti-mucham\/","title":{"rendered":"Kentucky Classic Mesh deka proti much\u00e1m"},"content":{"rendered":"<p style=\"font-weight: 400;\">Kentucky Horsewear Classic Mesh deka proti much\u00e1m je nepostr\u00e1date\u013en\u00fdm doplnkom po\u010das leta, v\u00fdrobok s vynikaj\u00facim pomerom ceny a kvality. Sie\u0165ovan\u00fd materi\u00e1l pou\u017e\u00edvan\u00fd pri klasickej verzii je ve\u013emi \u013eahk\u00fd a ochr\u00e1ni ko\u0148a pred muchami a in\u00fdm hmyzom bez toho, aby sa po\u010das letn\u00fdch dn\u00ed kone zahriali. Svetl\u00e1 farba odr\u00e1\u017ea slne\u010dn\u00e9 l\u00fa\u010de a udr\u017euje ko\u0148a v chlade. V\u010faka kr\u010dnej \u010dasti a pred\u013a\u017eenej chvostovej \u010dasti zost\u00e1va n\u00e1\u0161 k\u00f4\u0148 maxim\u00e1lne chr\u00e1nen\u00fd.<\/p>\n<p style=\"font-weight: 400;\">Classic Mesh deka proti much\u00e1m je vyroben\u00e1 zo \u0161trukt\u00farovanej tkaniny, ktor\u00e1 zabra\u0148uje preniknutiu hmyzu. Sie\u0165ka je mimoriadne \u013eahk\u00e1 a priedu\u0161n\u00e1, preto je jej pou\u017e\u00edvanie vo v\u00fdbehu dokonalou vo\u013ebou aj po\u010das hor\u00facich dn\u00ed. Je jemn\u00e1 na dotyk, nedr\u00e1\u017edi srs\u0165 ko\u0148a a nelep\u00ed sa na \u0148u srs\u0165.<\/p>\n<p style=\"font-weight: 400;\">Deka proti much\u00e1m v\u010faka svojej svetlej farbe odr\u00e1\u017ea slne\u010dn\u00e9 l\u00fa\u010de a neabsorbuje teplo. Oblas\u0165 hrivy, hrude a chvosta je pod\u0161it\u00e1 polyesterom, t\u00fdm p\u00e1dom nedr\u00e1\u017edi citliv\u00e9 \u010dasti. Classic Mesh deka proti much\u00e1m je dostupn\u00e1 vo viacer\u00fdch ve\u013ekostiach, aby sa dokonale prisp\u00f4sobila ka\u017ed\u00e9mu ko\u0148ovi, jej klasick\u00fd tvar dosad\u00e1 na v\u0161etky kone. S pred\u013a\u017eenou chvostovou \u010das\u0165ou a odn\u00edmate\u013enou \u0161n\u00farkou pri chvoste, pre e\u0161te v\u00e4\u010d\u0161iu ochranu. Odn\u00edmate\u013en\u00e1 kr\u010dn\u00e1 \u010das\u0165 je posilnen\u00e1, v\u010faka \u010domu sa na krku nezo\u0161mykuje. Ke\u010f\u017ee posilnenie sa nach\u00e1dza po oboch stran\u00e1ch krku, nevyv\u00edja bezprostredn\u00fd tlak na hrivu.<\/p>\n<p style=\"font-weight: 400;\">Mo\u017eno ju pra\u0165 v pr\u00e1\u010dke na 30\u00b0C. Odpor\u00fa\u010dame ju v\u0161ak pra\u0165 pod\u013ea mo\u017enosti \u010do najmenej \u010dasto, pou\u017e\u00edvajte vreck\u00e1 na pranie pre dlhodob\u00e9 zachovanie kvality. Su\u0161te ju jednoducho vo\u013ene v pr\u00edrode na slnku. Neodpor\u00fa\u010da sa pou\u017e\u00edvanie su\u0161i\u010dky.<\/p>\n","protected":false},"excerpt":{"rendered":"<h3>Kentucky Classic Mesh deja proti much\u00e1m je nepostr\u00e1date\u013en\u00fdm doplnkom po\u010das leta. Dokonal\u00e1 ochrana proti much\u00e1m s maxim\u00e1lnym pohodl\u00edm.<\/h3>\n<ul style=\"font-weight: 400;\">\n<li>V\u010faka sie\u0165ovan\u00e9mu materi\u00e1lu je mimoriadne priedu\u0161n\u00e1<\/li>\n<li>Obsahuje odn\u00edmate\u013en\u00fa kr\u010dn\u00fa \u010das\u0165<\/li>\n<li>Z \u013eahkej tkaniny<\/li>\n<li>Pred\u013a\u017een\u00e1 chvostov\u00e1 \u010das\u0165<\/li>\n<\/ul>\n","protected":false},"featured_media":92089,"template":"","meta":{"_acf_changed":false},"product_cat":[75,99],"product_tag":[184,499],"acf":[],"yoast_head":"<!-- This site is optimized with the Yoast SEO plugin v21.4 - https:\/\/yoast.com\/wordpress\/plugins\/seo\/ -->\n<title>Kentucky Classic Mesh deka proti much\u00e1m - Spicehorse<\/title>\n<meta name=\"description\" content=\"spicehorse.eu | Kentucky Horsewear Classic Mesh deka proti much\u00e1m je nepostr\u00e1date\u013en\u00fdm doplnkom po\u010das leta, v\u00fdrobok s vynikaj\u00facim pomerom ceny a kvality.\" \/>\n<meta name=\"robots\" content=\"index, follow, max-snippet:-1, max-image-preview:large, max-video-preview:-1\" \/>\n<link rel=\"canonical\" href=\"https:\/\/arak.spicehorse.eu\/sk\/produkt\/kentucky-classic-mesh-deka-proti-mucham\/\" \/>\n<meta property=\"og:locale\" content=\"sk_SK\" \/>\n<meta property=\"og:type\" content=\"article\" \/>\n<meta property=\"og:title\" content=\"Kentucky Classic Mesh deka proti much\u00e1m - Spicehorse\" \/>\n<meta property=\"og:description\" content=\"spicehorse.eu | Kentucky Horsewear Classic Mesh deka proti much\u00e1m je nepostr\u00e1date\u013en\u00fdm doplnkom po\u010das leta, v\u00fdrobok s vynikaj\u00facim pomerom ceny a kvality.\" \/>\n<meta property=\"og:url\" content=\"https:\/\/arak.spicehorse.eu\/sk\/produkt\/kentucky-classic-mesh-deka-proti-mucham\/\" \/>\n<meta property=\"og:site_name\" content=\"Spicehorse\" \/>\n<meta property=\"article:publisher\" content=\"https:\/\/www.facebook.com\/SPICEHORSE-550385625402457\/\" \/>\n<meta property=\"article:modified_time\" content=\"2025-03-02T12:53:30+00:00\" \/>\n<meta property=\"og:image\" content=\"https:\/\/arak.spicehorse.eu\/wp-content\/uploads\/2023\/04\/485A3877-scaled.jpg\" \/>\n\t<meta property=\"og:image:width\" content=\"2560\" \/>\n\t<meta property=\"og:image:height\" content=\"1707\" \/>\n\t<meta property=\"og:image:type\" content=\"image\/jpeg\" \/>\n<meta name=\"twitter:card\" content=\"summary_large_image\" \/>\n<meta name=\"twitter:label1\" content=\"Predpokladan\u00fd \u010das \u010d\u00edtania\" \/>\n\t<meta name=\"twitter:data1\" content=\"2 min\u00faty\" \/>\n<script type=\"application\/ld+json\" class=\"yoast-schema-graph\">{\"@context\":\"https:\/\/schema.org\",\"@graph\":[{\"@type\":\"WebPage\",\"@id\":\"https:\/\/arak.spicehorse.eu\/sk\/produkt\/kentucky-classic-mesh-deka-proti-mucham\/\",\"url\":\"https:\/\/arak.spicehorse.eu\/sk\/produkt\/kentucky-classic-mesh-deka-proti-mucham\/\",\"name\":\"Kentucky Classic Mesh deka proti much\u00e1m - Spicehorse\",\"isPartOf\":{\"@id\":\"https:\/\/arak.spicehorse.eu\/en\/#website\"},\"datePublished\":\"2023-04-20T15:55:57+00:00\",\"dateModified\":\"2025-03-02T12:53:30+00:00\",\"description\":\"spicehorse.eu | Kentucky Horsewear Classic Mesh deka proti much\u00e1m je nepostr\u00e1date\u013en\u00fdm doplnkom po\u010das leta, v\u00fdrobok s vynikaj\u00facim pomerom ceny a kvality.\",\"breadcrumb\":{\"@id\":\"https:\/\/arak.spicehorse.eu\/sk\/produkt\/kentucky-classic-mesh-deka-proti-mucham\/#breadcrumb\"},\"inLanguage\":\"sk-SK\",\"potentialAction\":[{\"@type\":\"ReadAction\",\"target\":[\"https:\/\/arak.spicehorse.eu\/sk\/produkt\/kentucky-classic-mesh-deka-proti-mucham\/\"]}]},{\"@type\":\"BreadcrumbList\",\"@id\":\"https:\/\/arak.spicehorse.eu\/sk\/produkt\/kentucky-classic-mesh-deka-proti-mucham\/#breadcrumb\",\"itemListElement\":[{\"@type\":\"ListItem\",\"position\":1,\"name\":\"Home\",\"item\":\"https:\/\/arak.spicehorse.eu\/sk\/\"},{\"@type\":\"ListItem\",\"position\":2,\"name\":\"Predaj\u0148a\",\"item\":\"https:\/\/arak.spicehorse.eu\/sk\/predajna\/\"},{\"@type\":\"ListItem\",\"position\":3,\"name\":\"Kentucky Classic Mesh deka proti much\u00e1m\"}]},{\"@type\":\"WebSite\",\"@id\":\"https:\/\/arak.spicehorse.eu\/en\/#website\",\"url\":\"https:\/\/arak.spicehorse.eu\/en\/\",\"name\":\"Spicehorse\",\"description\":\"UNDER DEVELOPMENT -\",\"potentialAction\":[{\"@type\":\"SearchAction\",\"target\":{\"@type\":\"EntryPoint\",\"urlTemplate\":\"https:\/\/arak.spicehorse.eu\/en\/?s={search_term_string}\"},\"query-input\":\"required name=search_term_string\"}],\"inLanguage\":\"sk-SK\"}]}<\/script>\n<!-- \/ Yoast SEO plugin. -->","yoast_head_json":{"title":"Kentucky Classic Mesh deka proti much\u00e1m - Spicehorse","description":"spicehorse.eu | Kentucky Horsewear Classic Mesh deka proti much\u00e1m je nepostr\u00e1date\u013en\u00fdm doplnkom po\u010das leta, v\u00fdrobok s vynikaj\u00facim pomerom ceny a kvality.","robots":{"index":"index","follow":"follow","max-snippet":"max-snippet:-1","max-image-preview":"max-image-preview:large","max-video-preview":"max-video-preview:-1"},"canonical":"https:\/\/arak.spicehorse.eu\/sk\/produkt\/kentucky-classic-mesh-deka-proti-mucham\/","og_locale":"sk_SK","og_type":"article","og_title":"Kentucky Classic Mesh deka proti much\u00e1m - Spicehorse","og_description":"spicehorse.eu | Kentucky Horsewear Classic Mesh deka proti much\u00e1m je nepostr\u00e1date\u013en\u00fdm doplnkom po\u010das leta, v\u00fdrobok s vynikaj\u00facim pomerom ceny a kvality.","og_url":"https:\/\/arak.spicehorse.eu\/sk\/produkt\/kentucky-classic-mesh-deka-proti-mucham\/","og_site_name":"Spicehorse","article_publisher":"https:\/\/www.facebook.com\/SPICEHORSE-550385625402457\/","article_modified_time":"2025-03-02T12:53:30+00:00","og_image":[{"width":2560,"height":1707,"url":"https:\/\/arak.spicehorse.eu\/wp-content\/uploads\/2023\/04\/485A3877-scaled.jpg","type":"image\/jpeg"}],"twitter_card":"summary_large_image","twitter_misc":{"Predpokladan\u00fd \u010das \u010d\u00edtania":"2 min\u00faty"},"schema":{"@context":"https:\/\/schema.org","@graph":[{"@type":"WebPage","@id":"https:\/\/arak.spicehorse.eu\/sk\/produkt\/kentucky-classic-mesh-deka-proti-mucham\/","url":"https:\/\/arak.spicehorse.eu\/sk\/produkt\/kentucky-classic-mesh-deka-proti-mucham\/","name":"Kentucky Classic Mesh deka proti much\u00e1m - Spicehorse","isPartOf":{"@id":"https:\/\/arak.spicehorse.eu\/en\/#website"},"datePublished":"2023-04-20T15:55:57+00:00","dateModified":"2025-03-02T12:53:30+00:00","description":"spicehorse.eu | Kentucky Horsewear Classic Mesh deka proti much\u00e1m je nepostr\u00e1date\u013en\u00fdm doplnkom po\u010das leta, v\u00fdrobok s vynikaj\u00facim pomerom ceny a kvality.","breadcrumb":{"@id":"https:\/\/arak.spicehorse.eu\/sk\/produkt\/kentucky-classic-mesh-deka-proti-mucham\/#breadcrumb"},"inLanguage":"sk-SK","potentialAction":[{"@type":"ReadAction","target":["https:\/\/arak.spicehorse.eu\/sk\/produkt\/kentucky-classic-mesh-deka-proti-mucham\/"]}]},{"@type":"BreadcrumbList","@id":"https:\/\/arak.spicehorse.eu\/sk\/produkt\/kentucky-classic-mesh-deka-proti-mucham\/#breadcrumb","itemListElement":[{"@type":"ListItem","position":1,"name":"Home","item":"https:\/\/arak.spicehorse.eu\/sk\/"},{"@type":"ListItem","position":2,"name":"Predaj\u0148a","item":"https:\/\/arak.spicehorse.eu\/sk\/predajna\/"},{"@type":"ListItem","position":3,"name":"Kentucky Classic Mesh deka proti much\u00e1m"}]},{"@type":"WebSite","@id":"https:\/\/arak.spicehorse.eu\/en\/#website","url":"https:\/\/arak.spicehorse.eu\/en\/","name":"Spicehorse","description":"UNDER DEVELOPMENT -","potentialAction":[{"@type":"SearchAction","target":{"@type":"EntryPoint","urlTemplate":"https:\/\/arak.spicehorse.eu\/en\/?s={search_term_string}"},"query-input":"required name=search_term_string"}],"inLanguage":"sk-SK"}]}},"_links":{"self":[{"href":"https:\/\/arak.spicehorse.eu\/sk\/wp-json\/wp\/v2\/product\/92080"}],"collection":[{"href":"https:\/\/arak.spicehorse.eu\/sk\/wp-json\/wp\/v2\/product"}],"about":[{"href":"https:\/\/arak.spicehorse.eu\/sk\/wp-json\/wp\/v2\/types\/product"}],"wp:featuredmedia":[{"embeddable":true,"href":"https:\/\/arak.spicehorse.eu\/sk\/wp-json\/wp\/v2\/media\/92089"}],"wp:attachment":[{"href":"https:\/\/arak.spicehorse.eu\/sk\/wp-json\/wp\/v2\/media?parent=92080"}],"wp:term":[{"taxonomy":"product_cat","embeddable":true,"href":"https:\/\/arak.spicehorse.eu\/sk\/wp-json\/wp\/v2\/product_cat?post=92080"},{"taxonomy":"product_tag","embeddable":true,"href":"https:\/\/arak.spicehorse.eu\/sk\/wp-json\/wp\/v2\/product_tag?post=92080"}],"curies":[{"name":"wp","href":"https:\/\/api.w.org\/{rel}","templated":true}]}}