{"id":93466,"date":"2023-05-02T20:28:21","date_gmt":"2023-05-02T18:28:23","guid":{"rendered":"https:\/\/arak.spicehorse.eu\/?post_type=product&#038;p=93466"},"modified":"2025-11-30T20:25:40","modified_gmt":"2025-11-30T19:25:40","slug":"lemieux-sedlo-pre-hracku-ponik-cierna","status":"publish","type":"product","link":"https:\/\/arak.spicehorse.eu\/sk\/produkt\/lemieux-sedlo-pre-hracku-ponik-cierna\/","title":{"rendered":"LeMieux sedlo pre hra\u010dku pon\u00edk \u010dierna"},"content":{"rendered":"<p>N\u00e1ro\u010dne vypracovan\u00e9 miniat\u00farne LeMieux sedlo z\u00a0kr\u00e1snej a\u00a0jemnej ko\u017ee. P\u00f4vodn\u00fd dizajn, dvojit\u00e9 kr\u00eddla, tri popruhy s\u00a0reme\u0148om a\u00a0chr\u00e1ni\u010dom spony.<\/p>\n<p>Odn\u00edmate\u013en\u00fd popruh a\u00a0kovov\u00e9 strmene, sedlo je ide\u00e1lne na to, aby sa detsk\u00ed jazdci dokonale obozn\u00e1mili s\u00a0\u010das\u0165ami sedla, nacvi\u010dili si osedlanie ko\u0148a a\u00a0\u010distenie v\u00fdstroja.<\/p>\n<p>Odpor\u00fa\u010dan\u00fd vek: od 8 rokov<\/p>\n<p>Utrite ho handrou do \u010dista. Sedlo je vyr\u00e1ban\u00e9 ru\u010dne, preto sa m\u00f4\u017ee l\u00ed\u0161i\u0165 od ilustra\u010dnej fotografie.<\/p>\n","protected":false},"excerpt":{"rendered":"<p>N\u00e1ro\u010dne vypracovan\u00e9 miniat\u00farne LeMieux sedlo z\u00a0kr\u00e1snej a\u00a0jemnej ko\u017ee. P\u00f4vodn\u00fd dizajn, dvojit\u00e9 kr\u00eddla, tri popruhy s\u00a0reme\u0148om a\u00a0chr\u00e1ni\u010dom spony. Odn\u00edmate\u013en\u00fd popruh a\u00a0kovov\u00e9 strmene, sedlo je ide\u00e1lne na to, aby sa detsk\u00ed jazdci dokonale obozn\u00e1mili s\u00a0\u010das\u0165ami sedla, nacvi\u010dili si osedlanie ko\u0148a a\u00a0\u010distenie v\u00fdstroja. Odpor\u00fa\u010dan\u00fd vek: od 8 rokov Utrite ho handrou do \u010dista. Sedlo je vyr\u00e1ban\u00e9 ru\u010dne, preto [&hellip;]<\/p>\n","protected":false},"featured_media":93478,"template":"","meta":{"_acf_changed":false},"product_cat":[2534,76,312],"product_tag":[227,2369,2589,422,2460,2389],"acf":[],"yoast_head":"<!-- This site is optimized with the Yoast SEO plugin v21.4 - https:\/\/yoast.com\/wordpress\/plugins\/seo\/ -->\n<title>LeMieux sedlo pre hra\u010dku pon\u00edk \u010dierna - Spicehorse<\/title>\n<meta name=\"description\" content=\"spicehorse.eu | N\u00e1ro\u010dne vypracovan\u00e9 miniat\u00farne LeMieux sedlo z\u00a0kr\u00e1snej a\u00a0jemnej ko\u017ee. P\u00f4vodn\u00fd dizajn, dvojit\u00e9 kr\u00eddla, tri popruhy s\u00a0reme\u0148om a\u00a0chr\u00e1ni\u010dom spony.\u00a0\" \/>\n<meta name=\"robots\" content=\"index, follow, max-snippet:-1, max-image-preview:large, max-video-preview:-1\" \/>\n<link rel=\"canonical\" href=\"https:\/\/arak.spicehorse.eu\/sk\/produkt\/lemieux-sedlo-pre-hracku-ponik-cierna\/\" \/>\n<meta property=\"og:locale\" content=\"sk_SK\" \/>\n<meta property=\"og:type\" content=\"article\" \/>\n<meta property=\"og:title\" content=\"LeMieux sedlo pre hra\u010dku pon\u00edk \u010dierna - Spicehorse\" \/>\n<meta property=\"og:description\" content=\"spicehorse.eu | N\u00e1ro\u010dne vypracovan\u00e9 miniat\u00farne LeMieux sedlo z\u00a0kr\u00e1snej a\u00a0jemnej ko\u017ee. P\u00f4vodn\u00fd dizajn, dvojit\u00e9 kr\u00eddla, tri popruhy s\u00a0reme\u0148om a\u00a0chr\u00e1ni\u010dom spony.\u00a0\" \/>\n<meta property=\"og:url\" content=\"https:\/\/arak.spicehorse.eu\/sk\/produkt\/lemieux-sedlo-pre-hracku-ponik-cierna\/\" \/>\n<meta property=\"og:site_name\" content=\"Spicehorse\" \/>\n<meta property=\"article:publisher\" content=\"https:\/\/www.facebook.com\/SPICEHORSE-550385625402457\/\" \/>\n<meta property=\"article:modified_time\" content=\"2025-11-30T19:25:40+00:00\" \/>\n<meta property=\"og:image\" content=\"https:\/\/arak.spicehorse.eu\/wp-content\/uploads\/2023\/05\/lm-minipony-saddle2-hr.jpg\" \/>\n\t<meta property=\"og:image:width\" content=\"769\" \/>\n\t<meta property=\"og:image:height\" content=\"1025\" \/>\n\t<meta property=\"og:image:type\" content=\"image\/jpeg\" \/>\n<meta name=\"twitter:card\" content=\"summary_large_image\" \/>\n<script type=\"application\/ld+json\" class=\"yoast-schema-graph\">{\"@context\":\"https:\/\/schema.org\",\"@graph\":[{\"@type\":\"WebPage\",\"@id\":\"https:\/\/arak.spicehorse.eu\/sk\/produkt\/lemieux-sedlo-pre-hracku-ponik-cierna\/\",\"url\":\"https:\/\/arak.spicehorse.eu\/sk\/produkt\/lemieux-sedlo-pre-hracku-ponik-cierna\/\",\"name\":\"LeMieux sedlo pre hra\u010dku pon\u00edk \u010dierna - Spicehorse\",\"isPartOf\":{\"@id\":\"https:\/\/arak.spicehorse.eu\/en\/#website\"},\"datePublished\":\"2023-05-02T18:28:23+00:00\",\"dateModified\":\"2025-11-30T19:25:40+00:00\",\"description\":\"spicehorse.eu | N\u00e1ro\u010dne vypracovan\u00e9 miniat\u00farne LeMieux sedlo z\u00a0kr\u00e1snej a\u00a0jemnej ko\u017ee. P\u00f4vodn\u00fd dizajn, dvojit\u00e9 kr\u00eddla, tri popruhy s\u00a0reme\u0148om a\u00a0chr\u00e1ni\u010dom spony.\u00a0\",\"breadcrumb\":{\"@id\":\"https:\/\/arak.spicehorse.eu\/sk\/produkt\/lemieux-sedlo-pre-hracku-ponik-cierna\/#breadcrumb\"},\"inLanguage\":\"sk-SK\",\"potentialAction\":[{\"@type\":\"ReadAction\",\"target\":[\"https:\/\/arak.spicehorse.eu\/sk\/produkt\/lemieux-sedlo-pre-hracku-ponik-cierna\/\"]}]},{\"@type\":\"BreadcrumbList\",\"@id\":\"https:\/\/arak.spicehorse.eu\/sk\/produkt\/lemieux-sedlo-pre-hracku-ponik-cierna\/#breadcrumb\",\"itemListElement\":[{\"@type\":\"ListItem\",\"position\":1,\"name\":\"Home\",\"item\":\"https:\/\/arak.spicehorse.eu\/sk\/\"},{\"@type\":\"ListItem\",\"position\":2,\"name\":\"Predaj\u0148a\",\"item\":\"https:\/\/arak.spicehorse.eu\/sk\/predajna\/\"},{\"@type\":\"ListItem\",\"position\":3,\"name\":\"LeMieux sedlo pre hra\u010dku pon\u00edk \u010dierna\"}]},{\"@type\":\"WebSite\",\"@id\":\"https:\/\/arak.spicehorse.eu\/en\/#website\",\"url\":\"https:\/\/arak.spicehorse.eu\/en\/\",\"name\":\"Spicehorse\",\"description\":\"UNDER DEVELOPMENT -\",\"potentialAction\":[{\"@type\":\"SearchAction\",\"target\":{\"@type\":\"EntryPoint\",\"urlTemplate\":\"https:\/\/arak.spicehorse.eu\/en\/?s={search_term_string}\"},\"query-input\":\"required name=search_term_string\"}],\"inLanguage\":\"sk-SK\"}]}<\/script>\n<!-- \/ Yoast SEO plugin. -->","yoast_head_json":{"title":"LeMieux sedlo pre hra\u010dku pon\u00edk \u010dierna - Spicehorse","description":"spicehorse.eu | N\u00e1ro\u010dne vypracovan\u00e9 miniat\u00farne LeMieux sedlo z\u00a0kr\u00e1snej a\u00a0jemnej ko\u017ee. P\u00f4vodn\u00fd dizajn, dvojit\u00e9 kr\u00eddla, tri popruhy s\u00a0reme\u0148om a\u00a0chr\u00e1ni\u010dom spony.\u00a0","robots":{"index":"index","follow":"follow","max-snippet":"max-snippet:-1","max-image-preview":"max-image-preview:large","max-video-preview":"max-video-preview:-1"},"canonical":"https:\/\/arak.spicehorse.eu\/sk\/produkt\/lemieux-sedlo-pre-hracku-ponik-cierna\/","og_locale":"sk_SK","og_type":"article","og_title":"LeMieux sedlo pre hra\u010dku pon\u00edk \u010dierna - Spicehorse","og_description":"spicehorse.eu | N\u00e1ro\u010dne vypracovan\u00e9 miniat\u00farne LeMieux sedlo z\u00a0kr\u00e1snej a\u00a0jemnej ko\u017ee. P\u00f4vodn\u00fd dizajn, dvojit\u00e9 kr\u00eddla, tri popruhy s\u00a0reme\u0148om a\u00a0chr\u00e1ni\u010dom spony.\u00a0","og_url":"https:\/\/arak.spicehorse.eu\/sk\/produkt\/lemieux-sedlo-pre-hracku-ponik-cierna\/","og_site_name":"Spicehorse","article_publisher":"https:\/\/www.facebook.com\/SPICEHORSE-550385625402457\/","article_modified_time":"2025-11-30T19:25:40+00:00","og_image":[{"width":769,"height":1025,"url":"https:\/\/arak.spicehorse.eu\/wp-content\/uploads\/2023\/05\/lm-minipony-saddle2-hr.jpg","type":"image\/jpeg"}],"twitter_card":"summary_large_image","schema":{"@context":"https:\/\/schema.org","@graph":[{"@type":"WebPage","@id":"https:\/\/arak.spicehorse.eu\/sk\/produkt\/lemieux-sedlo-pre-hracku-ponik-cierna\/","url":"https:\/\/arak.spicehorse.eu\/sk\/produkt\/lemieux-sedlo-pre-hracku-ponik-cierna\/","name":"LeMieux sedlo pre hra\u010dku pon\u00edk \u010dierna - Spicehorse","isPartOf":{"@id":"https:\/\/arak.spicehorse.eu\/en\/#website"},"datePublished":"2023-05-02T18:28:23+00:00","dateModified":"2025-11-30T19:25:40+00:00","description":"spicehorse.eu | N\u00e1ro\u010dne vypracovan\u00e9 miniat\u00farne LeMieux sedlo z\u00a0kr\u00e1snej a\u00a0jemnej ko\u017ee. P\u00f4vodn\u00fd dizajn, dvojit\u00e9 kr\u00eddla, tri popruhy s\u00a0reme\u0148om a\u00a0chr\u00e1ni\u010dom spony.\u00a0","breadcrumb":{"@id":"https:\/\/arak.spicehorse.eu\/sk\/produkt\/lemieux-sedlo-pre-hracku-ponik-cierna\/#breadcrumb"},"inLanguage":"sk-SK","potentialAction":[{"@type":"ReadAction","target":["https:\/\/arak.spicehorse.eu\/sk\/produkt\/lemieux-sedlo-pre-hracku-ponik-cierna\/"]}]},{"@type":"BreadcrumbList","@id":"https:\/\/arak.spicehorse.eu\/sk\/produkt\/lemieux-sedlo-pre-hracku-ponik-cierna\/#breadcrumb","itemListElement":[{"@type":"ListItem","position":1,"name":"Home","item":"https:\/\/arak.spicehorse.eu\/sk\/"},{"@type":"ListItem","position":2,"name":"Predaj\u0148a","item":"https:\/\/arak.spicehorse.eu\/sk\/predajna\/"},{"@type":"ListItem","position":3,"name":"LeMieux sedlo pre hra\u010dku pon\u00edk \u010dierna"}]},{"@type":"WebSite","@id":"https:\/\/arak.spicehorse.eu\/en\/#website","url":"https:\/\/arak.spicehorse.eu\/en\/","name":"Spicehorse","description":"UNDER DEVELOPMENT -","potentialAction":[{"@type":"SearchAction","target":{"@type":"EntryPoint","urlTemplate":"https:\/\/arak.spicehorse.eu\/en\/?s={search_term_string}"},"query-input":"required name=search_term_string"}],"inLanguage":"sk-SK"}]}},"_links":{"self":[{"href":"https:\/\/arak.spicehorse.eu\/sk\/wp-json\/wp\/v2\/product\/93466"}],"collection":[{"href":"https:\/\/arak.spicehorse.eu\/sk\/wp-json\/wp\/v2\/product"}],"about":[{"href":"https:\/\/arak.spicehorse.eu\/sk\/wp-json\/wp\/v2\/types\/product"}],"wp:featuredmedia":[{"embeddable":true,"href":"https:\/\/arak.spicehorse.eu\/sk\/wp-json\/wp\/v2\/media\/93478"}],"wp:attachment":[{"href":"https:\/\/arak.spicehorse.eu\/sk\/wp-json\/wp\/v2\/media?parent=93466"}],"wp:term":[{"taxonomy":"product_cat","embeddable":true,"href":"https:\/\/arak.spicehorse.eu\/sk\/wp-json\/wp\/v2\/product_cat?post=93466"},{"taxonomy":"product_tag","embeddable":true,"href":"https:\/\/arak.spicehorse.eu\/sk\/wp-json\/wp\/v2\/product_tag?post=93466"}],"curies":[{"name":"wp","href":"https:\/\/api.w.org\/{rel}","templated":true}]}}