{"id":93663,"date":"2023-05-03T08:43:41","date_gmt":"2023-05-03T06:43:43","guid":{"rendered":"https:\/\/arak.spicehorse.eu\/?post_type=product&#038;p=93663"},"modified":"2023-05-22T14:10:46","modified_gmt":"2023-05-22T12:10:46","slug":"lemieux-cold-water-chladiace-gamase","status":"publish","type":"product","link":"https:\/\/arak.spicehorse.eu\/sk\/produkt\/lemieux-cold-water-chladiace-gamase\/","title":{"rendered":"LeMieux Cold Water chladiace gama\u0161e"},"content":{"rendered":"<p>LeMieux Cold Water chladiace gama\u0161e s\u00fa jednoduchou a\u00a0\u013eahkou met\u00f3dou na chladenie n\u00f4h ko\u0148a po\u010das jazdenia, po\u010das s\u00fa\u0165a\u017e\u00ed alebo po \u00faraze. Namo\u010den\u00edm do vody jedine\u010dn\u00e9 kri\u0161t\u00e1le gama\u0161\u00ed, ktor\u00e9 s\u00fa reakt\u00edvne s vodou napu\u010dia, v\u010faka \u010domu udr\u017euj\u00fa nohy ko\u0148a v\u00a0chlade. V\u010faka tvarovaniu podporuj\u00fa a\u00a0chr\u00e1nia nohy a\u00a0\u0161\u013eachy, nezo\u0161mykuj\u00fa sa.<\/p>\n<p>Ak sa pr\u00edznaky nestratia, obr\u00e1\u0165te sa na veterin\u00e1ra.<\/p>\n<p>Mo\u017eno ich pou\u017ei\u0165 opakovane.<\/p>\n<p>Dostupn\u00e9 v\u00a0p\u00e1roch.<\/p>\n","protected":false},"excerpt":{"rendered":"<ul>\n<li>Pred prv\u00fdm pou\u017eit\u00edm alebo po ich dlh\u0161om skladovan\u00ed na suchom mieste ich na 2-4 hodiny namo\u010dte do vody<\/li>\n<li>Ak sa na povrchu chladiacich gama\u0161\u00ed objav\u00ed sfarbenie, je to prirodzen\u00e9 a\u00a0m\u00f4\u017ee zv\u00fd\u0161i\u0165 ich chladiaci \u00fa\u010dinok<\/li>\n<li>Pred pou\u017eit\u00edm ich namo\u010dte do vody minim\u00e1lne na 1 hodinu (chr\u00e1\u0148te pred priamym slne\u010dn\u00fdm svetlom)<\/li>\n<li>Do vody m\u00f4\u017eeme prida\u0165 aj \u013ead, \u010d\u00edm je voda studen\u0161ia, t\u00fdm je \u00fa\u010dinok lep\u0161\u00ed<\/li>\n<li>Do chladni\u010dky ich m\u00f4\u017eeme da\u0165 aj mokr\u00e9, ale NIKDY ich nevkladajte do mrazni\u010dky<\/li>\n<li>Za\u010dnite od vrchu a\u00a0stabilne ich upevnite such\u00e9 zipsy, ak s\u00fa gama\u0161e na svojom mieste, znovu ich nastavte<\/li>\n<li>Najlep\u0161ie terapeutick\u00e9 \u00fa\u010dinky mo\u017eno dosiahnu\u0165 po 20-30 min\u00fatovom o\u0161etren\u00ed<\/li>\n<li>Pred uskladnen\u00edm ich nechajte uschn\u00fa\u0165<\/li>\n<li>Po dlh\u0161ej inaktivite ich nam\u00e1\u010dajte vo vode 2-3 hodiny<\/li>\n<\/ul>\n","protected":false},"featured_media":122421,"template":"","meta":{"_acf_changed":false},"product_cat":[75,118],"product_tag":[544,2369,444],"acf":[],"yoast_head":"<!-- This site is optimized with the Yoast SEO plugin v21.4 - https:\/\/yoast.com\/wordpress\/plugins\/seo\/ -->\n<title>LeMieux Cold Water chladiace gama\u0161e - Spicehorse<\/title>\n<meta name=\"description\" content=\"spicehorse.eu | LeMieux Cold Water chladiace gama\u0161e s\u00fa jednoduchou a\u00a0\u013eahkou met\u00f3dou na chladenie n\u00f4h ko\u0148a po\u010das jazdenia, po\u010das s\u00fa\u0165a\u017e\u00ed alebo po \u00faraze.\" \/>\n<meta name=\"robots\" content=\"index, follow, max-snippet:-1, max-image-preview:large, max-video-preview:-1\" \/>\n<link rel=\"canonical\" href=\"https:\/\/arak.spicehorse.eu\/sk\/produkt\/lemieux-cold-water-chladiace-gamase\/\" \/>\n<meta property=\"og:locale\" content=\"sk_SK\" \/>\n<meta property=\"og:type\" content=\"article\" \/>\n<meta property=\"og:title\" content=\"LeMieux Cold Water chladiace gama\u0161e - Spicehorse\" \/>\n<meta property=\"og:description\" content=\"spicehorse.eu | LeMieux Cold Water chladiace gama\u0161e s\u00fa jednoduchou a\u00a0\u013eahkou met\u00f3dou na chladenie n\u00f4h ko\u0148a po\u010das jazdenia, po\u010das s\u00fa\u0165a\u017e\u00ed alebo po \u00faraze.\" \/>\n<meta property=\"og:url\" content=\"https:\/\/arak.spicehorse.eu\/sk\/produkt\/lemieux-cold-water-chladiace-gamase\/\" \/>\n<meta property=\"og:site_name\" content=\"Spicehorse\" \/>\n<meta property=\"article:publisher\" content=\"https:\/\/www.facebook.com\/SPICEHORSE-550385625402457\/\" \/>\n<meta property=\"article:modified_time\" content=\"2023-05-22T12:10:46+00:00\" \/>\n<meta property=\"og:image\" content=\"https:\/\/arak.spicehorse.eu\/wp-content\/uploads\/2023\/05\/LeMieux_ProCool_Cold_Water_Boots_Lifestyle_8737.jpg\" \/>\n\t<meta property=\"og:image:width\" content=\"2048\" \/>\n\t<meta property=\"og:image:height\" content=\"2048\" \/>\n\t<meta property=\"og:image:type\" content=\"image\/jpeg\" \/>\n<meta name=\"twitter:card\" content=\"summary_large_image\" \/>\n<script type=\"application\/ld+json\" class=\"yoast-schema-graph\">{\"@context\":\"https:\/\/schema.org\",\"@graph\":[{\"@type\":\"WebPage\",\"@id\":\"https:\/\/arak.spicehorse.eu\/sk\/produkt\/lemieux-cold-water-chladiace-gamase\/\",\"url\":\"https:\/\/arak.spicehorse.eu\/sk\/produkt\/lemieux-cold-water-chladiace-gamase\/\",\"name\":\"LeMieux Cold Water chladiace gama\u0161e - Spicehorse\",\"isPartOf\":{\"@id\":\"https:\/\/arak.spicehorse.eu\/en\/#website\"},\"datePublished\":\"2023-05-03T06:43:43+00:00\",\"dateModified\":\"2023-05-22T12:10:46+00:00\",\"description\":\"spicehorse.eu | LeMieux Cold Water chladiace gama\u0161e s\u00fa jednoduchou a\u00a0\u013eahkou met\u00f3dou na chladenie n\u00f4h ko\u0148a po\u010das jazdenia, po\u010das s\u00fa\u0165a\u017e\u00ed alebo po \u00faraze.\",\"breadcrumb\":{\"@id\":\"https:\/\/arak.spicehorse.eu\/sk\/produkt\/lemieux-cold-water-chladiace-gamase\/#breadcrumb\"},\"inLanguage\":\"sk-SK\",\"potentialAction\":[{\"@type\":\"ReadAction\",\"target\":[\"https:\/\/arak.spicehorse.eu\/sk\/produkt\/lemieux-cold-water-chladiace-gamase\/\"]}]},{\"@type\":\"BreadcrumbList\",\"@id\":\"https:\/\/arak.spicehorse.eu\/sk\/produkt\/lemieux-cold-water-chladiace-gamase\/#breadcrumb\",\"itemListElement\":[{\"@type\":\"ListItem\",\"position\":1,\"name\":\"Home\",\"item\":\"https:\/\/arak.spicehorse.eu\/sk\/\"},{\"@type\":\"ListItem\",\"position\":2,\"name\":\"Predaj\u0148a\",\"item\":\"https:\/\/arak.spicehorse.eu\/sk\/predajna\/\"},{\"@type\":\"ListItem\",\"position\":3,\"name\":\"LeMieux Cold Water chladiace gama\u0161e\"}]},{\"@type\":\"WebSite\",\"@id\":\"https:\/\/arak.spicehorse.eu\/en\/#website\",\"url\":\"https:\/\/arak.spicehorse.eu\/en\/\",\"name\":\"Spicehorse\",\"description\":\"UNDER DEVELOPMENT -\",\"potentialAction\":[{\"@type\":\"SearchAction\",\"target\":{\"@type\":\"EntryPoint\",\"urlTemplate\":\"https:\/\/arak.spicehorse.eu\/en\/?s={search_term_string}\"},\"query-input\":\"required name=search_term_string\"}],\"inLanguage\":\"sk-SK\"}]}<\/script>\n<!-- \/ Yoast SEO plugin. -->","yoast_head_json":{"title":"LeMieux Cold Water chladiace gama\u0161e - Spicehorse","description":"spicehorse.eu | LeMieux Cold Water chladiace gama\u0161e s\u00fa jednoduchou a\u00a0\u013eahkou met\u00f3dou na chladenie n\u00f4h ko\u0148a po\u010das jazdenia, po\u010das s\u00fa\u0165a\u017e\u00ed alebo po \u00faraze.","robots":{"index":"index","follow":"follow","max-snippet":"max-snippet:-1","max-image-preview":"max-image-preview:large","max-video-preview":"max-video-preview:-1"},"canonical":"https:\/\/arak.spicehorse.eu\/sk\/produkt\/lemieux-cold-water-chladiace-gamase\/","og_locale":"sk_SK","og_type":"article","og_title":"LeMieux Cold Water chladiace gama\u0161e - Spicehorse","og_description":"spicehorse.eu | LeMieux Cold Water chladiace gama\u0161e s\u00fa jednoduchou a\u00a0\u013eahkou met\u00f3dou na chladenie n\u00f4h ko\u0148a po\u010das jazdenia, po\u010das s\u00fa\u0165a\u017e\u00ed alebo po \u00faraze.","og_url":"https:\/\/arak.spicehorse.eu\/sk\/produkt\/lemieux-cold-water-chladiace-gamase\/","og_site_name":"Spicehorse","article_publisher":"https:\/\/www.facebook.com\/SPICEHORSE-550385625402457\/","article_modified_time":"2023-05-22T12:10:46+00:00","og_image":[{"width":2048,"height":2048,"url":"https:\/\/arak.spicehorse.eu\/wp-content\/uploads\/2023\/05\/LeMieux_ProCool_Cold_Water_Boots_Lifestyle_8737.jpg","type":"image\/jpeg"}],"twitter_card":"summary_large_image","schema":{"@context":"https:\/\/schema.org","@graph":[{"@type":"WebPage","@id":"https:\/\/arak.spicehorse.eu\/sk\/produkt\/lemieux-cold-water-chladiace-gamase\/","url":"https:\/\/arak.spicehorse.eu\/sk\/produkt\/lemieux-cold-water-chladiace-gamase\/","name":"LeMieux Cold Water chladiace gama\u0161e - Spicehorse","isPartOf":{"@id":"https:\/\/arak.spicehorse.eu\/en\/#website"},"datePublished":"2023-05-03T06:43:43+00:00","dateModified":"2023-05-22T12:10:46+00:00","description":"spicehorse.eu | LeMieux Cold Water chladiace gama\u0161e s\u00fa jednoduchou a\u00a0\u013eahkou met\u00f3dou na chladenie n\u00f4h ko\u0148a po\u010das jazdenia, po\u010das s\u00fa\u0165a\u017e\u00ed alebo po \u00faraze.","breadcrumb":{"@id":"https:\/\/arak.spicehorse.eu\/sk\/produkt\/lemieux-cold-water-chladiace-gamase\/#breadcrumb"},"inLanguage":"sk-SK","potentialAction":[{"@type":"ReadAction","target":["https:\/\/arak.spicehorse.eu\/sk\/produkt\/lemieux-cold-water-chladiace-gamase\/"]}]},{"@type":"BreadcrumbList","@id":"https:\/\/arak.spicehorse.eu\/sk\/produkt\/lemieux-cold-water-chladiace-gamase\/#breadcrumb","itemListElement":[{"@type":"ListItem","position":1,"name":"Home","item":"https:\/\/arak.spicehorse.eu\/sk\/"},{"@type":"ListItem","position":2,"name":"Predaj\u0148a","item":"https:\/\/arak.spicehorse.eu\/sk\/predajna\/"},{"@type":"ListItem","position":3,"name":"LeMieux Cold Water chladiace gama\u0161e"}]},{"@type":"WebSite","@id":"https:\/\/arak.spicehorse.eu\/en\/#website","url":"https:\/\/arak.spicehorse.eu\/en\/","name":"Spicehorse","description":"UNDER DEVELOPMENT -","potentialAction":[{"@type":"SearchAction","target":{"@type":"EntryPoint","urlTemplate":"https:\/\/arak.spicehorse.eu\/en\/?s={search_term_string}"},"query-input":"required name=search_term_string"}],"inLanguage":"sk-SK"}]}},"_links":{"self":[{"href":"https:\/\/arak.spicehorse.eu\/sk\/wp-json\/wp\/v2\/product\/93663"}],"collection":[{"href":"https:\/\/arak.spicehorse.eu\/sk\/wp-json\/wp\/v2\/product"}],"about":[{"href":"https:\/\/arak.spicehorse.eu\/sk\/wp-json\/wp\/v2\/types\/product"}],"wp:featuredmedia":[{"embeddable":true,"href":"https:\/\/arak.spicehorse.eu\/sk\/wp-json\/wp\/v2\/media\/122421"}],"wp:attachment":[{"href":"https:\/\/arak.spicehorse.eu\/sk\/wp-json\/wp\/v2\/media?parent=93663"}],"wp:term":[{"taxonomy":"product_cat","embeddable":true,"href":"https:\/\/arak.spicehorse.eu\/sk\/wp-json\/wp\/v2\/product_cat?post=93663"},{"taxonomy":"product_tag","embeddable":true,"href":"https:\/\/arak.spicehorse.eu\/sk\/wp-json\/wp\/v2\/product_tag?post=93663"}],"curies":[{"name":"wp","href":"https:\/\/api.w.org\/{rel}","templated":true}]}}